{"id":21191,"date":"2023-08-24T10:16:30","date_gmt":"2023-08-24T08:16:30","guid":{"rendered":"https:\/\/cce.it\/?page_id=21191"},"modified":"2025-01-23T11:34:39","modified_gmt":"2025-01-23T10:34:39","slug":"%d1%81%d0%b5%d1%80%d1%82%d0%b8%d1%84%d0%b8%d0%ba%d0%b0%d1%82%d1%8b","status":"publish","type":"page","link":"https:\/\/cce.it\/ru\/%d1%81%d0%b5%d1%80%d1%82%d0%b8%d1%84%d0%b8%d0%ba%d0%b0%d1%82%d1%8b\/","title":{"rendered":"\u0421\u0435\u0440\u0442\u0438\u0444\u0438\u043a\u0430\u0442\u044b"},"content":{"rendered":"\n<div class=\"wp-container-3 wp-block-columns\">\n<div class=\"wp-container-1 wp-block-column\" style=\"flex-basis:33.33%\">\n<p><\/p>\n\n\n\n<p>\u041a\u043e\u043c\u043f\u0430\u043d\u0438\u044f \u0438\u043c\u0435\u0435\u0442 \u0441\u0435\u0440\u0442\u0438\u0444\u0438\u043a\u0430\u0442 \u0441\u043e\u043e\u0442\u0432\u0435\u0442\u0441\u0442\u0432\u0438\u044f \u0441\u0442\u0430\u043d\u0434\u0430\u0440\u0442\u0430\u043c ISO 9001 \/ ISO 45001, \u0438 \u043e\u043d\u0430 \u0443\u0434\u0435\u043b\u044f\u0435\u0442 \u0431\u043e\u043b\u044c\u0448\u043e\u0435 \u0432\u043d\u0438\u043c\u0430\u043d\u0438\u0435 \u0432\u043e\u043f\u0440\u043e\u0441\u0430\u043c \u043a\u0430\u0447\u0435\u0441\u0442\u0432\u0430 \u0438 \u0431\u0435\u0437\u043e\u043f\u0430\u0441\u043d\u043e\u0441\u0442\u0438 \u043a\u043e\u0440\u043f\u043e\u0440\u0430\u0442\u0438\u0432\u043d\u044b\u0445 \u043f\u0440\u043e\u0446\u0435\u0441\u0441\u043e\u0432.<\/p>\n\n\n\n<p>En 2022 tambi\u00e9n se complet\u00f3 el proceso de certificaci\u00f3n ISO 14001 con la implantaci\u00f3n de un sistema de gesti\u00f3n ambiental para apoyar las distintas acciones ya implementadas.<\/p>\n<\/div>\n\n\n\n<div class=\"wp-container-2 wp-block-column\" style=\"flex-basis:66.66%\"><div class=\"wp-block-image\">\n<figure class=\"aligncenter size-full is-resized\"><img loading=\"lazy\" src=\"https:\/\/cce.it\/wp-content\/uploads\/CCE-TR-Testmark_9105070522_EN.jpg\" alt=\"CCE - Certificazioni ISO tuv.com\" class=\"wp-image-21124\" width=\"500\" height=\"178\"\/><\/figure><\/div><\/div>\n<\/div>\n\n\n\n<div class=\"wp-container-7 wp-block-columns\">\n<div class=\"wp-container-4 wp-block-column\"><div class=\"wp-block-image\">\n<figure class=\"aligncenter size-full\"><a href=\"\/downloads\/CCE-certificato-ISO-9001_en.pdf\" target=\"_blank\" rel=\"noreferrer noopener\"><img loading=\"lazy\" width=\"81\" height=\"80\" src=\"https:\/\/cce.it\/wp-content\/uploads\/DS_cat_04-04.png\" alt=\"icona catalogo CCE\" class=\"wp-image-5938\"\/><\/a><\/figure><\/div>\n\n\n<p class=\"has-text-align-center\"><a href=\"\/downloads\/CCE-certificato-ISO-9001_en.pdf\" target=\"_blank\" rel=\"noreferrer noopener\"><strong>CERTIFICACI\u00d3N<\/strong><br \/>ISO 9001<\/a><\/p>\n<\/div>\n\n\n\n<div class=\"wp-container-5 wp-block-column\"><div class=\"wp-block-image\">\n<figure class=\"aligncenter size-full\"><a href=\"\/downloads\/CCE-certificato-ISO-45001.pdf\" target=\"_blank\" rel=\"noreferrer noopener\"><img loading=\"lazy\" width=\"81\" height=\"80\" src=\"https:\/\/cce.it\/wp-content\/uploads\/DS_cat_04-04.png\" alt=\"icona catalogo CCE\" class=\"wp-image-5938\"\/><\/a><\/figure><\/div>\n\n\n<p class=\"has-text-align-center\"><a href=\"\/downloads\/CCE-certificato-ISO-45001_en.pdf\" target=\"_blank\" rel=\"noreferrer noopener\"><strong>CERTIFICACI\u00d3N<\/strong><br \/>ISO 45001<\/a><\/p>\n<\/div>\n\n\n\n<div class=\"wp-container-6 wp-block-column\"><div class=\"wp-block-image\">\n<figure class=\"aligncenter size-full\"><a href=\"\/downloads\/CCE-certificato-ISO-14001_en.pdf\"><img loading=\"lazy\" width=\"81\" height=\"80\" src=\"https:\/\/cce.it\/wp-content\/uploads\/DS_cat_04-04.png\" alt=\"icona catalogo CCE\" class=\"wp-image-5938\"\/><\/a><\/figure><\/div>\n\n\n<p class=\"has-text-align-center\"><a href=\"\/downloads\/CCE-certificato-ISO-14001_en.pdf\" target=\"_blank\" rel=\"noreferrer noopener\"><strong>CERTIFICACI\u00d3N<\/strong><br \/>ISO 14001<\/a><\/p>\n<\/div>\n<\/div>\n\n\n\n<div style=\"height:40px\" aria-hidden=\"true\" class=\"wp-block-spacer\"><\/div>\n\n\n\n<h2>\u041f\u0420\u041e\u0424\u0418\u041b\u0418 \u0411\u0415\u0417\u041e\u041f\u0410\u0421\u041d\u041e\u0421\u0422\u0418 &#8211; Safety Division<\/h2>\n\n\n\n<div class=\"wp-container-11 wp-block-columns\">\n<div class=\"wp-container-8 wp-block-column\"><div class=\"wp-block-image\">\n<figure class=\"aligncenter size-full\"><a href=\"\/downloads\/IMQ-CR-466-DM_rev-3-CCE.pdf\" target=\"_blank\" rel=\"noreferrer noopener\"><img loading=\"lazy\" width=\"81\" height=\"80\" src=\"https:\/\/cce.it\/wp-content\/uploads\/DS_cat_04-04.png\" alt=\"icona catalogo CCE\" class=\"wp-image-5938\"\/><\/a><\/figure><\/div>\n\n\n<p class=\"has-text-align-center\"><a href=\"https:\/\/cdn.scrigno.com\/cce\/download\/IMQ-CT-496-DM_rev-1-CCE.pdf\" target=\"_blank\" rel=\"noreferrer noopener\"><\/a><a href=\"\/downloads\/IMQ-CR-466-DM_rev-3-CCE.pdf\" target=\"_blank\" rel=\"noreferrer noopener\"><strong>CERTIFICACI\u00d3N<\/strong><br \/>EN 12978 &#8211; Categoria 2<\/a><\/p>\n<\/div>\n\n\n\n<div class=\"wp-container-9 wp-block-column\"><div class=\"wp-block-image\">\n<figure class=\"aligncenter size-full\"><a href=\"\/downloads\/IMQ-CT-496-DM_rev-1-CCE.pdf\"><img loading=\"lazy\" width=\"81\" height=\"80\" src=\"https:\/\/cce.it\/wp-content\/uploads\/DS_cat_04-04.png\" alt=\"icona catalogo CCE\" class=\"wp-image-5938\"\/><\/a><\/figure><\/div>\n\n\n<p class=\"has-text-align-center\"><a href=\"\/downloads\/IMQ-CT-496-DM_rev-1-CCE.pdf\" target=\"_blank\" rel=\"noreferrer noopener\"><strong>CERTIFICACI\u00d3N<\/strong><br \/>EN 12978 &#8211; Categoria 3<\/a><\/p>\n<\/div>\n\n\n\n<div class=\"wp-container-10 wp-block-column\"><\/div>\n<\/div>\n","protected":false},"excerpt":{"rendered":"<p>\u041a\u043e\u043c\u043f\u0430\u043d\u0438\u044f \u0438\u043c\u0435\u0435\u0442 \u0441\u0435\u0440\u0442\u0438\u0444\u0438\u043a\u0430\u0442 \u0441\u043e\u043e\u0442\u0432\u0435\u0442\u0441\u0442\u0432\u0438\u044f \u0441\u0442\u0430\u043d\u0434\u0430\u0440\u0442\u0430\u043c ISO 9001 \/ ISO 45001, \u0438 \u043e\u043d\u0430 \u0443\u0434\u0435\u043b\u044f\u0435\u0442 \u0431\u043e\u043b\u044c\u0448\u043e\u0435 \u0432\u043d\u0438\u043c\u0430\u043d\u0438\u0435 \u0432\u043e\u043f\u0440\u043e\u0441\u0430\u043c \u043a\u0430\u0447\u0435\u0441\u0442\u0432\u0430 \u0438 \u0431\u0435\u0437\u043e\u043f\u0430\u0441\u043d\u043e\u0441\u0442\u0438 \u043a\u043e\u0440\u043f\u043e\u0440\u0430\u0442\u0438\u0432\u043d\u044b\u0445 \u043f\u0440\u043e\u0446\u0435\u0441\u0441\u043e\u0432. En 2022 tambi\u00e9n se complet\u00f3 el proceso de certificaci\u00f3n ISO 14001 con la implantaci\u00f3n de un sistema de gesti\u00f3n ambiental para apoyar las distintas acciones ya implementadas. CERTIFICACI\u00d3NISO 9001 CERTIFICACI\u00d3NISO 45001 CERTIFICACI\u00d3NISO 14001 \u041f\u0420\u041e\u0424\u0418\u041b\u0418 &hellip; <a href=\"https:\/\/cce.it\/ru\/%d1%81%d0%b5%d1%80%d1%82%d0%b8%d1%84%d0%b8%d0%ba%d0%b0%d1%82%d1%8b\/\">Continua<\/a><\/p>\n","protected":false},"author":2,"featured_media":0,"parent":0,"menu_order":15,"comment_status":"closed","ping_status":"closed","template":"","meta":[],"acf":[],"yoast_head":"<!-- This site is optimized with the Yoast SEO plugin v15.0 - https:\/\/yoast.com\/wordpress\/plugins\/seo\/ -->\n<title>\u0421\u0435\u0440\u0442\u0438\u0444\u0438\u043a\u0430\u0442\u044b - CCE<\/title>\n<meta name=\"robots\" content=\"index, follow, max-snippet:-1, max-image-preview:large, max-video-preview:-1\" \/>\n<link rel=\"canonical\" href=\"https:\/\/cce.it\/ru\/\u0441\u0435\u0440\u0442\u0438\u0444\u0438\u043a\u0430\u0442\u044b\/\" \/>\n<meta property=\"og:locale\" content=\"it_IT\" \/>\n<meta property=\"og:type\" content=\"article\" \/>\n<meta property=\"og:title\" content=\"\u0421\u0435\u0440\u0442\u0438\u0444\u0438\u043a\u0430\u0442\u044b - CCE\" \/>\n<meta property=\"og:description\" content=\"\u041a\u043e\u043c\u043f\u0430\u043d\u0438\u044f \u0438\u043c\u0435\u0435\u0442 \u0441\u0435\u0440\u0442\u0438\u0444\u0438\u043a\u0430\u0442 \u0441\u043e\u043e\u0442\u0432\u0435\u0442\u0441\u0442\u0432\u0438\u044f \u0441\u0442\u0430\u043d\u0434\u0430\u0440\u0442\u0430\u043c ISO 9001 \/ ISO 45001, \u0438 \u043e\u043d\u0430 \u0443\u0434\u0435\u043b\u044f\u0435\u0442 \u0431\u043e\u043b\u044c\u0448\u043e\u0435 \u0432\u043d\u0438\u043c\u0430\u043d\u0438\u0435 \u0432\u043e\u043f\u0440\u043e\u0441\u0430\u043c \u043a\u0430\u0447\u0435\u0441\u0442\u0432\u0430 \u0438 \u0431\u0435\u0437\u043e\u043f\u0430\u0441\u043d\u043e\u0441\u0442\u0438 \u043a\u043e\u0440\u043f\u043e\u0440\u0430\u0442\u0438\u0432\u043d\u044b\u0445 \u043f\u0440\u043e\u0446\u0435\u0441\u0441\u043e\u0432. En 2022 tambi\u00e9n se complet\u00f3 el proceso de certificaci\u00f3n ISO 14001 con la implantaci\u00f3n de un sistema de gesti\u00f3n ambiental para apoyar las distintas acciones ya implementadas. CERTIFICACI\u00d3NISO 9001 CERTIFICACI\u00d3NISO 45001 CERTIFICACI\u00d3NISO 14001 \u041f\u0420\u041e\u0424\u0418\u041b\u0418 &hellip; Continua\" \/>\n<meta property=\"og:url\" content=\"https:\/\/cce.it\/ru\/\u0441\u0435\u0440\u0442\u0438\u0444\u0438\u043a\u0430\u0442\u044b\/\" \/>\n<meta property=\"og:site_name\" content=\"CCE\" \/>\n<meta property=\"article:modified_time\" content=\"2025-01-23T10:34:39+00:00\" \/>\n<meta property=\"og:image\" content=\"https:\/\/cce.it\/wp-content\/uploads\/CCE-TR-Testmark_9105070522_EN.jpg\" \/>\n<script type=\"application\/ld+json\" class=\"yoast-schema-graph\">{\"@context\":\"https:\/\/schema.org\",\"@graph\":[{\"@type\":\"WebSite\",\"@id\":\"https:\/\/cce.it\/ru\/#website\",\"url\":\"https:\/\/cce.it\/ru\/\",\"name\":\"CCE\",\"description\":\"\",\"potentialAction\":[{\"@type\":\"SearchAction\",\"target\":\"https:\/\/cce.it\/ru\/?s={search_term_string}\",\"query-input\":\"required name=search_term_string\"}],\"inLanguage\":\"it-IT\"},{\"@type\":\"ImageObject\",\"@id\":\"https:\/\/cce.it\/ru\/%d1%81%d0%b5%d1%80%d1%82%d0%b8%d1%84%d0%b8%d0%ba%d0%b0%d1%82%d1%8b\/#primaryimage\",\"inLanguage\":\"it-IT\",\"url\":\"https:\/\/cce.it\/wp-content\/uploads\/CCE-TR-Testmark_9105070522_EN.jpg\",\"width\":800,\"height\":295,\"caption\":\"CCE - Certificazioni ISO tuv.com\"},{\"@type\":\"WebPage\",\"@id\":\"https:\/\/cce.it\/ru\/%d1%81%d0%b5%d1%80%d1%82%d0%b8%d1%84%d0%b8%d0%ba%d0%b0%d1%82%d1%8b\/#webpage\",\"url\":\"https:\/\/cce.it\/ru\/%d1%81%d0%b5%d1%80%d1%82%d0%b8%d1%84%d0%b8%d0%ba%d0%b0%d1%82%d1%8b\/\",\"name\":\"\\u0421\\u0435\\u0440\\u0442\\u0438\\u0444\\u0438\\u043a\\u0430\\u0442\\u044b - CCE\",\"isPartOf\":{\"@id\":\"https:\/\/cce.it\/ru\/#website\"},\"primaryImageOfPage\":{\"@id\":\"https:\/\/cce.it\/ru\/%d1%81%d0%b5%d1%80%d1%82%d0%b8%d1%84%d0%b8%d0%ba%d0%b0%d1%82%d1%8b\/#primaryimage\"},\"datePublished\":\"2023-08-24T08:16:30+00:00\",\"dateModified\":\"2025-01-23T10:34:39+00:00\",\"breadcrumb\":{\"@id\":\"https:\/\/cce.it\/ru\/%d1%81%d0%b5%d1%80%d1%82%d0%b8%d1%84%d0%b8%d0%ba%d0%b0%d1%82%d1%8b\/#breadcrumb\"},\"inLanguage\":\"it-IT\",\"potentialAction\":[{\"@type\":\"ReadAction\",\"target\":[\"https:\/\/cce.it\/ru\/%d1%81%d0%b5%d1%80%d1%82%d0%b8%d1%84%d0%b8%d0%ba%d0%b0%d1%82%d1%8b\/\"]}]},{\"@type\":\"BreadcrumbList\",\"@id\":\"https:\/\/cce.it\/ru\/%d1%81%d0%b5%d1%80%d1%82%d0%b8%d1%84%d0%b8%d0%ba%d0%b0%d1%82%d1%8b\/#breadcrumb\",\"itemListElement\":[{\"@type\":\"ListItem\",\"position\":1,\"item\":{\"@type\":\"WebPage\",\"@id\":\"https:\/\/cce.it\/\",\"url\":\"https:\/\/cce.it\/\",\"name\":\"Home\"}},{\"@type\":\"ListItem\",\"position\":2,\"item\":{\"@type\":\"WebPage\",\"@id\":\"https:\/\/cce.it\/ru\/%d1%81%d0%b5%d1%80%d1%82%d0%b8%d1%84%d0%b8%d0%ba%d0%b0%d1%82%d1%8b\/\",\"url\":\"https:\/\/cce.it\/ru\/%d1%81%d0%b5%d1%80%d1%82%d0%b8%d1%84%d0%b8%d0%ba%d0%b0%d1%82%d1%8b\/\",\"name\":\"\\u0421\\u0435\\u0440\\u0442\\u0438\\u0444\\u0438\\u043a\\u0430\\u0442\\u044b\"}}]}]}<\/script>\n<!-- \/ Yoast SEO plugin. -->","_links":{"self":[{"href":"https:\/\/cce.it\/ru\/wp-json\/wp\/v2\/pages\/21191"}],"collection":[{"href":"https:\/\/cce.it\/ru\/wp-json\/wp\/v2\/pages"}],"about":[{"href":"https:\/\/cce.it\/ru\/wp-json\/wp\/v2\/types\/page"}],"author":[{"embeddable":true,"href":"https:\/\/cce.it\/ru\/wp-json\/wp\/v2\/users\/2"}],"replies":[{"embeddable":true,"href":"https:\/\/cce.it\/ru\/wp-json\/wp\/v2\/comments?post=21191"}],"version-history":[{"count":2,"href":"https:\/\/cce.it\/ru\/wp-json\/wp\/v2\/pages\/21191\/revisions"}],"predecessor-version":[{"id":22074,"href":"https:\/\/cce.it\/ru\/wp-json\/wp\/v2\/pages\/21191\/revisions\/22074"}],"wp:attachment":[{"href":"https:\/\/cce.it\/ru\/wp-json\/wp\/v2\/media?parent=21191"}],"curies":[{"name":"wp","href":"https:\/\/api.w.org\/{rel}","templated":true}]}}