{"id":7921,"date":"2015-11-03T12:53:32","date_gmt":"2015-11-03T11:53:32","guid":{"rendered":"https:\/\/cce.it\/\/?page_id=7921"},"modified":"2023-07-25T11:05:41","modified_gmt":"2023-07-25T09:05:41","slug":"perche-cce","status":"publish","type":"page","link":"https:\/\/cce.it\/it\/divisione-antispifferi\/perche-cce\/","title":{"rendered":"Perch\u00e8 scegliere CCE"},"content":{"rendered":"<div class=\"row\"><div class=\"col-sm-6\">\n<div style=\"padding: 35px;\">\n<p><img loading=\"lazy\" class=\"alignnone\" src=\"https:\/\/cce.it\/wp-content\/uploads\/qualita.jpg\" alt=\"Qualit\u00e0 CCE\" width=\"70\" height=\"70\" \/><\/p>\n<p><span style=\"font-size: 30px;\">Qualit\u00e0<\/span><\/p>\n<p>&#8211; CCE \u00e8 una azienda che opera nel settore delle guarnizioni automatiche sotto-porta da pi\u00f9 di 30 anni.<br \/>\n&#8211; L\u2019azienda \u00e8 certificata ISO 9001 \/ ISO 45001 e pone grande attenzione alla qualit\u00e0 ed alla sicurezza dei processi aziendali.<br \/>\n&#8211; Le guarnizioni automatiche per porte acustiche e tagliafuoco sono certificate da prestigiosi enti internazionali come IFT Rosenheim, Exova, Cambridge Fire Research, IFC Group.<br \/>\n&#8211; CCE utilizza materiali di prima qualit\u00e0 ed altamente riciclabili, come l\u2019alluminio in lega T6 6060. Le materie plastiche utilizzate per stampaggio ed estrusioni sono di prima scelta.<br \/>\n&#8211; Tutti i processi produttivi sono sottoposti ad un severo Controllo di Qualit\u00e0 interno, dai materiali in ingresso fino alla spedizione.<\/p>\n<\/div>\n<p><\/p><\/div><div class=\"col-sm-6\">\n<div style=\"padding: 35px;\">\n<p><img loading=\"lazy\" class=\"alignnone\" src=\"https:\/\/cce.it\/wp-content\/uploads\/tecnologia.jpg\" alt=\"Tecnologia CCE\" width=\"70\" height=\"70\" \/><\/p>\n<p><span style=\"font-size: 30px;\">Tecnologia<\/span><\/p>\n<p>&#8211; CCE \u00e8 in continua evoluzione a livello progettuale e dispone di numerosi brevetti, tra i quali il movimento basculante autolivellante e l\u2019esclusivo movimento a discesa idraulica ritardata.<br \/>\n&#8211; L\u2019azienda \u00e8 dotata di un reparto interno di Ricerca e Sviluppo che comprende una officina stampi per stampaggio ad iniezione ed un reparto di prototipazione 3D. Questo permette di ridurre tempi e costi di ogni progetto.<br \/>\n&#8211; L\u2019azienda \u00e8 dotata di un impianto per test Aria\/Acqua\/Vento per verificare e migliorare le prestazioni dei sistemi di tenuta prima che vengano mandati agli enti certificatori.<br \/>\n&#8211; Le guarnizioni automatiche sotto-porta sono costruite con un sistema di bielle rigide in nylon caricato in fibra di vetro, per garantire una massima efficienza ed una uniforme pressione su pavimenti di ogni tipo.<\/p>\n<\/div>\n<p><\/p><\/div><\/div>\n<div class=\"row\"><div class=\"col-sm-6\">\n<div style=\"padding: 35px;\">\n<p><img loading=\"lazy\" class=\"alignnone\" src=\"https:\/\/cce.it\/wp-content\/uploads\/gamma.jpg\" alt=\"Gamma CCE\" width=\"70\" height=\"70\" \/><\/p>\n<p><span style=\"font-size: 30px;\">Gamma<\/span><\/p>\n<p>&#8211; CCE produce pi\u00f9 di 50 diversi modelli, che variano per dimensione ed utilizzo per soddisfare le esigenze costruttive di qualsiasi tipo di porta, blindata, in legno, PVC.<br \/>\n&#8211; Molti prodotti sono disponibili con diversi tipi di pulsante di spinta, guarnizione e sistema di fissaggio, che pu\u00f2 essere fatto con viti premontate o squadrette laterali.<br \/>\n&#8211; La gamma CCE comprende una serie di prodotti esclusivamente dedicata al mondo delle porte in vetro ed una serie di prodotti dotati del rivoluzionario sistema a chiusura idraulica ritardata.<br \/>\n&#8211; Oltre alle guarnizioni automatiche sotto-porta, CCE produce una serie di accessori per aumentare l\u2019efficienza della tenuta sui serramenti.<\/p>\n<\/div>\n<p><\/p><\/div><div class=\"col-sm-6\">\n<div style=\"padding: 35px;\">\n<p><img loading=\"lazy\" class=\"alignnone\" src=\"https:\/\/cce.it\/wp-content\/uploads\/ricerca_2.jpg\" alt=\"Ricerca CCE\" width=\"70\" height=\"70\" \/> <img loading=\"lazy\" class=\"alignnone\" src=\"https:\/\/cce.it\/wp-content\/uploads\/idee.jpg\" alt=\"Idee CCE\" width=\"70\" height=\"70\" \/><img loading=\"lazy\" class=\"alignnone\" src=\"https:\/\/cce.it\/wp-content\/uploads\/spedizione.jpg\" alt=\"Spedizione CCE\" width=\"70\" height=\"70\" \/><\/p>\n<p><span style=\"font-size: 30px;\">Servizi<\/span><\/p>\n<p>&#8211; Grazie al suo reparto Ricerca e Sviluppo, CCE \u00e8 in grado di studiare soluzioni personalizzate per i clienti, riducendo tempi e costi grazie alla filiera tutta interna all\u2019azienda.<br \/>\n&#8211; La flessibilit\u00e0 produttiva e la filiera corta, danno la possibilit\u00e0 di consegne in tempi rapidi con possibilit\u00e0 di personalizzazione degli imballi.<br \/>\n&#8211; CCE \u00e8 presente in oltre 55 paesi nel mondo e la sua rete commerciale \u00e8 in continua espansione.<\/p>\n<\/div>\n<p><\/p><\/div><\/div>\n","protected":false},"excerpt":{"rendered":"","protected":false},"author":12,"featured_media":0,"parent":21,"menu_order":815,"comment_status":"closed","ping_status":"closed","template":"","meta":[],"acf":[],"yoast_head":"<!-- This site is optimized with the Yoast SEO plugin v15.0 - https:\/\/yoast.com\/wordpress\/plugins\/seo\/ -->\n<title>Perch\u00e8 scegliere CCE - CCE<\/title>\n<meta name=\"robots\" content=\"index, follow, max-snippet:-1, max-image-preview:large, max-video-preview:-1\" \/>\n<link rel=\"canonical\" href=\"https:\/\/cce.it\/divisione-antispifferi\/perche-cce\/\" \/>\n<meta property=\"og:locale\" content=\"it_IT\" \/>\n<meta property=\"og:type\" content=\"article\" \/>\n<meta property=\"og:title\" content=\"Perch\u00e8 scegliere CCE - CCE\" \/>\n<meta property=\"og:url\" content=\"https:\/\/cce.it\/divisione-antispifferi\/perche-cce\/\" \/>\n<meta property=\"og:site_name\" content=\"CCE\" \/>\n<meta property=\"article:modified_time\" content=\"2023-07-25T09:05:41+00:00\" \/>\n<meta property=\"og:image\" content=\"https:\/\/cce.it\/wp-content\/uploads\/qualita.jpg\" \/>\n<script type=\"application\/ld+json\" class=\"yoast-schema-graph\">{\"@context\":\"https:\/\/schema.org\",\"@graph\":[{\"@type\":\"WebSite\",\"@id\":\"https:\/\/cce.it\/it\/#website\",\"url\":\"https:\/\/cce.it\/it\/\",\"name\":\"CCE\",\"description\":\"\",\"potentialAction\":[{\"@type\":\"SearchAction\",\"target\":\"https:\/\/cce.it\/it\/?s={search_term_string}\",\"query-input\":\"required name=search_term_string\"}],\"inLanguage\":\"it-IT\"},{\"@type\":\"ImageObject\",\"@id\":\"https:\/\/cce.it\/divisione-antispifferi\/perche-cce\/#primaryimage\",\"inLanguage\":\"it-IT\",\"url\":\"https:\/\/cce.it\/wp-content\/uploads\/qualita.jpg\",\"width\":70,\"height\":70,\"caption\":\"Qualit\\u00e0 CCE\"},{\"@type\":\"WebPage\",\"@id\":\"https:\/\/cce.it\/divisione-antispifferi\/perche-cce\/#webpage\",\"url\":\"https:\/\/cce.it\/divisione-antispifferi\/perche-cce\/\",\"name\":\"Perch\\u00e8 scegliere CCE - CCE\",\"isPartOf\":{\"@id\":\"https:\/\/cce.it\/it\/#website\"},\"primaryImageOfPage\":{\"@id\":\"https:\/\/cce.it\/divisione-antispifferi\/perche-cce\/#primaryimage\"},\"datePublished\":\"2015-11-03T11:53:32+00:00\",\"dateModified\":\"2023-07-25T09:05:41+00:00\",\"breadcrumb\":{\"@id\":\"https:\/\/cce.it\/divisione-antispifferi\/perche-cce\/#breadcrumb\"},\"inLanguage\":\"it-IT\",\"potentialAction\":[{\"@type\":\"ReadAction\",\"target\":[\"https:\/\/cce.it\/divisione-antispifferi\/perche-cce\/\"]}]},{\"@type\":\"BreadcrumbList\",\"@id\":\"https:\/\/cce.it\/divisione-antispifferi\/perche-cce\/#breadcrumb\",\"itemListElement\":[{\"@type\":\"ListItem\",\"position\":1,\"item\":{\"@type\":\"WebPage\",\"@id\":\"https:\/\/cce.it\/\",\"url\":\"https:\/\/cce.it\/\",\"name\":\"Home\"}},{\"@type\":\"ListItem\",\"position\":2,\"item\":{\"@type\":\"WebPage\",\"@id\":\"https:\/\/cce.it\/divisione-antispifferi\/\",\"url\":\"https:\/\/cce.it\/divisione-antispifferi\/\",\"name\":\"Divisione Antispifferi\"}},{\"@type\":\"ListItem\",\"position\":3,\"item\":{\"@type\":\"WebPage\",\"@id\":\"https:\/\/cce.it\/divisione-antispifferi\/perche-cce\/\",\"url\":\"https:\/\/cce.it\/divisione-antispifferi\/perche-cce\/\",\"name\":\"Perch\\u00e8 scegliere CCE\"}}]}]}<\/script>\n<!-- \/ Yoast SEO plugin. -->","_links":{"self":[{"href":"https:\/\/cce.it\/it\/wp-json\/wp\/v2\/pages\/7921"}],"collection":[{"href":"https:\/\/cce.it\/it\/wp-json\/wp\/v2\/pages"}],"about":[{"href":"https:\/\/cce.it\/it\/wp-json\/wp\/v2\/types\/page"}],"author":[{"embeddable":true,"href":"https:\/\/cce.it\/it\/wp-json\/wp\/v2\/users\/12"}],"replies":[{"embeddable":true,"href":"https:\/\/cce.it\/it\/wp-json\/wp\/v2\/comments?post=7921"}],"version-history":[{"count":8,"href":"https:\/\/cce.it\/it\/wp-json\/wp\/v2\/pages\/7921\/revisions"}],"predecessor-version":[{"id":21178,"href":"https:\/\/cce.it\/it\/wp-json\/wp\/v2\/pages\/7921\/revisions\/21178"}],"up":[{"embeddable":true,"href":"https:\/\/cce.it\/it\/wp-json\/wp\/v2\/pages\/21"}],"wp:attachment":[{"href":"https:\/\/cce.it\/it\/wp-json\/wp\/v2\/media?parent=7921"}],"curies":[{"name":"wp","href":"https:\/\/api.w.org\/{rel}","templated":true}]}}