{"id":734,"date":"2015-04-13T17:27:12","date_gmt":"2015-04-13T15:27:12","guid":{"rendered":"https:\/\/cce.it\/\/?page_id=734"},"modified":"2022-02-08T08:40:53","modified_gmt":"2022-02-08T07:40:53","slug":"alu-plus","status":"publish","type":"page","link":"https:\/\/cce.it\/it\/divisione-antispifferi\/famiglie\/comfort-fire\/alu-plus\/","title":{"rendered":"Alu Plus"},"content":{"rendered":"<h5><span style=\"color: #000;\"> INFORMAZIONI<\/span><\/h5>\n<hr \/>\n<p>Il modello acustico di dimensioni pi\u00f9 contenute, certificato per 46 dB di abbattimento acustico da IFT Rosenheim. Pu\u00f2 essere utilizzato anche con l&#8217;accessorio Doppio Pulsante, che permette una chiusura a terra ancora pi\u00f9 efficace. Possibile utilizzo anche su porte pivotanti, con l&#8217;accessorio Actuator Pivot.<\/p>\n","protected":false},"excerpt":{"rendered":"<p>INFORMAZIONI Il modello acustico di dimensioni pi\u00f9 contenute, certificato per 46 dB di abbattimento acustico da IFT Rosenheim. Pu\u00f2 essere utilizzato anche con l&#8217;accessorio Doppio Pulsante, che permette una chiusura a terra ancora pi\u00f9 efficace. Possibile utilizzo anche su porte pivotanti, con l&#8217;accessorio Actuator Pivot.<\/p>\n","protected":false},"author":12,"featured_media":8863,"parent":577,"menu_order":551,"comment_status":"closed","ping_status":"open","template":"template-antis-product.php","meta":[],"acf":[],"yoast_head":"<!-- This site is optimized with the Yoast SEO plugin v15.0 - https:\/\/yoast.com\/wordpress\/plugins\/seo\/ -->\n<title>Alu Plus - CCE<\/title>\n<meta name=\"robots\" content=\"index, follow, max-snippet:-1, max-image-preview:large, max-video-preview:-1\" \/>\n<link rel=\"canonical\" href=\"https:\/\/cce.it\/divisione-antispifferi\/famiglie\/comfort-fire\/alu-plus\/\" \/>\n<meta property=\"og:locale\" content=\"it_IT\" \/>\n<meta property=\"og:type\" content=\"article\" \/>\n<meta property=\"og:title\" content=\"Alu Plus - CCE\" \/>\n<meta property=\"og:description\" content=\"INFORMAZIONI Il modello acustico di dimensioni pi\u00f9 contenute, certificato per 46 dB di abbattimento acustico da IFT Rosenheim. Pu\u00f2 essere utilizzato anche con l&#8217;accessorio Doppio Pulsante, che permette una chiusura a terra ancora pi\u00f9 efficace. Possibile utilizzo anche su porte pivotanti, con l&#8217;accessorio Actuator Pivot.\" \/>\n<meta property=\"og:url\" content=\"https:\/\/cce.it\/divisione-antispifferi\/famiglie\/comfort-fire\/alu-plus\/\" \/>\n<meta property=\"og:site_name\" content=\"CCE\" \/>\n<meta property=\"article:modified_time\" content=\"2022-02-08T07:40:53+00:00\" \/>\n<meta property=\"og:image\" content=\"https:\/\/cce.it\/wp-content\/uploads\/aspal-prodotto_rev2.jpg\" \/>\n\t<meta property=\"og:image:width\" content=\"1920\" \/>\n\t<meta property=\"og:image:height\" content=\"726\" \/>\n<script type=\"application\/ld+json\" class=\"yoast-schema-graph\">{\"@context\":\"https:\/\/schema.org\",\"@graph\":[{\"@type\":\"WebSite\",\"@id\":\"https:\/\/cce.it\/it\/#website\",\"url\":\"https:\/\/cce.it\/it\/\",\"name\":\"CCE\",\"description\":\"\",\"potentialAction\":[{\"@type\":\"SearchAction\",\"target\":\"https:\/\/cce.it\/it\/?s={search_term_string}\",\"query-input\":\"required name=search_term_string\"}],\"inLanguage\":\"it-IT\"},{\"@type\":\"ImageObject\",\"@id\":\"https:\/\/cce.it\/divisione-antispifferi\/famiglie\/comfort-fire\/alu-plus\/#primaryimage\",\"inLanguage\":\"it-IT\",\"url\":\"https:\/\/cce.it\/wp-content\/uploads\/aspal-prodotto_rev2.jpg\",\"width\":1920,\"height\":726},{\"@type\":\"WebPage\",\"@id\":\"https:\/\/cce.it\/divisione-antispifferi\/famiglie\/comfort-fire\/alu-plus\/#webpage\",\"url\":\"https:\/\/cce.it\/divisione-antispifferi\/famiglie\/comfort-fire\/alu-plus\/\",\"name\":\"Alu Plus - CCE\",\"isPartOf\":{\"@id\":\"https:\/\/cce.it\/it\/#website\"},\"primaryImageOfPage\":{\"@id\":\"https:\/\/cce.it\/divisione-antispifferi\/famiglie\/comfort-fire\/alu-plus\/#primaryimage\"},\"datePublished\":\"2015-04-13T15:27:12+00:00\",\"dateModified\":\"2022-02-08T07:40:53+00:00\",\"breadcrumb\":{\"@id\":\"https:\/\/cce.it\/divisione-antispifferi\/famiglie\/comfort-fire\/alu-plus\/#breadcrumb\"},\"inLanguage\":\"it-IT\",\"potentialAction\":[{\"@type\":\"ReadAction\",\"target\":[\"https:\/\/cce.it\/divisione-antispifferi\/famiglie\/comfort-fire\/alu-plus\/\"]}]},{\"@type\":\"BreadcrumbList\",\"@id\":\"https:\/\/cce.it\/divisione-antispifferi\/famiglie\/comfort-fire\/alu-plus\/#breadcrumb\",\"itemListElement\":[{\"@type\":\"ListItem\",\"position\":1,\"item\":{\"@type\":\"WebPage\",\"@id\":\"https:\/\/cce.it\/\",\"url\":\"https:\/\/cce.it\/\",\"name\":\"Home\"}},{\"@type\":\"ListItem\",\"position\":2,\"item\":{\"@type\":\"WebPage\",\"@id\":\"https:\/\/cce.it\/divisione-antispifferi\/\",\"url\":\"https:\/\/cce.it\/divisione-antispifferi\/\",\"name\":\"Divisione Antispifferi\"}},{\"@type\":\"ListItem\",\"position\":3,\"item\":{\"@type\":\"WebPage\",\"@id\":\"https:\/\/cce.it\/divisione-antispifferi\/famiglie\/\",\"url\":\"https:\/\/cce.it\/divisione-antispifferi\/famiglie\/\",\"name\":\"Famiglie\"}},{\"@type\":\"ListItem\",\"position\":4,\"item\":{\"@type\":\"WebPage\",\"@id\":\"https:\/\/cce.it\/divisione-antispifferi\/famiglie\/comfort-fire\/\",\"url\":\"https:\/\/cce.it\/divisione-antispifferi\/famiglie\/comfort-fire\/\",\"name\":\"Comfort Fire\"}},{\"@type\":\"ListItem\",\"position\":5,\"item\":{\"@type\":\"WebPage\",\"@id\":\"https:\/\/cce.it\/divisione-antispifferi\/famiglie\/comfort-fire\/alu-plus\/\",\"url\":\"https:\/\/cce.it\/divisione-antispifferi\/famiglie\/comfort-fire\/alu-plus\/\",\"name\":\"Alu Plus\"}}]}]}<\/script>\n<!-- \/ Yoast SEO plugin. -->","_links":{"self":[{"href":"https:\/\/cce.it\/it\/wp-json\/wp\/v2\/pages\/734"}],"collection":[{"href":"https:\/\/cce.it\/it\/wp-json\/wp\/v2\/pages"}],"about":[{"href":"https:\/\/cce.it\/it\/wp-json\/wp\/v2\/types\/page"}],"author":[{"embeddable":true,"href":"https:\/\/cce.it\/it\/wp-json\/wp\/v2\/users\/12"}],"replies":[{"embeddable":true,"href":"https:\/\/cce.it\/it\/wp-json\/wp\/v2\/comments?post=734"}],"version-history":[{"count":9,"href":"https:\/\/cce.it\/it\/wp-json\/wp\/v2\/pages\/734\/revisions"}],"predecessor-version":[{"id":11301,"href":"https:\/\/cce.it\/it\/wp-json\/wp\/v2\/pages\/734\/revisions\/11301"}],"up":[{"embeddable":true,"href":"https:\/\/cce.it\/it\/wp-json\/wp\/v2\/pages\/577"}],"wp:featuredmedia":[{"embeddable":true,"href":"https:\/\/cce.it\/it\/wp-json\/wp\/v2\/media\/8863"}],"wp:attachment":[{"href":"https:\/\/cce.it\/it\/wp-json\/wp\/v2\/media?parent=734"}],"curies":[{"name":"wp","href":"https:\/\/api.w.org\/{rel}","templated":true}]}}