{"id":362,"date":"2015-03-09T17:34:57","date_gmt":"2015-03-09T16:34:57","guid":{"rendered":"https:\/\/cce.it\/\/?page_id=362"},"modified":"2025-02-28T11:25:43","modified_gmt":"2025-02-28T10:25:43","slug":"azienda","status":"publish","type":"page","link":"https:\/\/cce.it\/it\/azienda\/","title":{"rendered":"Azienda"},"content":{"rendered":"<p>La C.C.E. Costruzioni Chiusure Ermetiche Srl viene fondata nel 1980, iniziando la sua attivit\u00e0 con la costruzione di guarnizioni automatiche sottoporta, un accessorio indispensabile ad eliminare la fastidiosa fessura che si crea tra porta e pavimento. L\u2019utilit\u00e0 dell\u2019applicazione e la sorprendente tecnologia applicata a questo accessorio hanno da subito determinato il successo del prodotto.<\/p>\n<p>Al settore delle guarnizioni automatiche si affianca nel tempo il settore dei dispositivi di sicurezza, focalizzato sulla produzione di bordi sensibili per la protezione contro gli urti sulle aperture automatiche. L\u2019attenzione al rispetto delle pi\u00f9 recenti normative e l\u2019utilizzo di materiali di prima qualit\u00e0 affermano rapidamente i bordi sensibili C.C.E. tra i migliori sul mercato. La rete commerciale si espande a livello mondiale, grazie anche alla costante presenza alle manifestazioni di settore.<\/p>\n<p>Il punto di forza della C.C.E. \u00e8 la capacit\u00e0 di sviluppare prodotti personalizzati per i clienti dall\u2019ideazione alla realizzazione. Per far ci\u00f2 si affida ad un ufficio tecnico dedicato a ricerca e sviluppo con la possibilit\u00e0 di produrre prototipi 3D in stereolitografia, grazie ai quali \u00e8 possibile analizzare in anticipo gli oggetti che si andranno a produrre. La C.C.E. \u00e8 inoltre dotata di una officina interna e di un reparto di stampaggio ad iniezione che le permette di accorciare la filiera di produzione, con grandi vantaggi sulle tempistiche di consegna al cliente.<\/p>\n<div class=\"row\"><div class=\"col-sm-12\"><a class=\"zoom\" href=\"\/wp-content\/uploads\/2022_cce_timeline-scaled.jpg\" rel=\"attachment wp-att-8455\"><img loading=\"lazy\" class=\"img-responsive alignnone\" src=\"\/wp-content\/uploads\/2022_cce_timeline-scaled.jpg\" alt=\"storyCCE1\" width=\"1500\" height=\"750\" \/><\/a><\/div><\/div>\n<p>C.C.E. inoltre si affida da sempre a fornitori radicati sul territorio, supportando la creazione di una rete di aziende con vocazione internazionale ed attenzione alle realt\u00e0 produttive locali.<\/p>\n<p>Le certificazioni alle normative ISO 9001 ed ISO 45001 non sono solamente questioni burocratiche per l\u2019azienda, ma una conseguenza di una filosofia professionale, che parte dal creare un ambiente di lavoro sicuro, dinamico ed efficiente, per poter garantire prodotti di alto livello ai propri clienti in tutto il mondo.<\/p>\n<p>C.C.E. \u00e8 sensibile alle questioni ambientali e di risparmio energetico, utilizza materiali che non contengono sostanze dannose per la salute, usa energie rinnovabili e preferisce affidarsi ad una rete di fornitori con uguale sensibilit\u00e0. Nel 2022 C.C.E. ha completato la certificazione ISO 14001 e dal 2023 ha intrapreso un percorso di valutazione ESG per il quale ha ottenuto la medaglia di bronzo.<br \/>\nPer vocazione aziendale, C.C.E. pensa oggi a quello che il mercato potr\u00e0 richiedere domani, cercando sempre di favorire la creativit\u00e0 in fase di ideazione di nuovi prodotti che possano migliorare le cose che ci circondano.<\/p>\n<div class=\"gallery gallery-362-1\"><div class=\"row gallery-row\"><div class=\"col-sm-6 col-lg-6\"><a class=\"thumbnail img-thumbnail\" href='https:\/\/cce.it\/wp-content\/uploads\/azienda_cce1-e1531487132996.jpg'><img width=\"1024\" height=\"589\" src=\"https:\/\/cce.it\/wp-content\/uploads\/azienda_cce1-e1531487132996-1024x589.jpg\" class=\"attachment-large size-large\" alt=\"\" loading=\"lazy\" srcset=\"https:\/\/cce.it\/wp-content\/uploads\/azienda_cce1-e1531487132996-1024x589.jpg 1024w, https:\/\/cce.it\/wp-content\/uploads\/azienda_cce1-e1531487132996-300x173.jpg 300w, https:\/\/cce.it\/wp-content\/uploads\/azienda_cce1-e1531487132996-768x442.jpg 768w, https:\/\/cce.it\/wp-content\/uploads\/azienda_cce1-e1531487132996-350x201.jpg 350w\" sizes=\"(max-width: 1024px) 100vw, 1024px\" \/><\/a><\/div><div class=\"col-sm-6 col-lg-6\"><a class=\"thumbnail img-thumbnail\" href='https:\/\/cce.it\/wp-content\/uploads\/azienda_cce2-e1531486576955.png'><img width=\"1024\" height=\"590\" src=\"https:\/\/cce.it\/wp-content\/uploads\/azienda_cce2-1024x590.png\" class=\"attachment-large size-large\" alt=\"\" loading=\"lazy\" srcset=\"https:\/\/cce.it\/wp-content\/uploads\/azienda_cce2-1024x590.png 1024w, https:\/\/cce.it\/wp-content\/uploads\/azienda_cce2-300x173.png 300w, https:\/\/cce.it\/wp-content\/uploads\/azienda_cce2-768x442.png 768w, https:\/\/cce.it\/wp-content\/uploads\/azienda_cce2-350x202.png 350w, https:\/\/cce.it\/wp-content\/uploads\/azienda_cce2-e1531486576955.png 940w\" sizes=\"(max-width: 1024px) 100vw, 1024px\" \/><\/a><\/div><\/div><\/div>\n","protected":false},"excerpt":{"rendered":"<p>La C.C.E. Costruzioni Chiusure Ermetiche Srl viene fondata nel 1980, iniziando la sua attivit\u00e0 con la costruzione di guarnizioni automatiche sottoporta, un accessorio indispensabile ad eliminare la fastidiosa fessura che si crea tra porta e pavimento. L\u2019utilit\u00e0 dell\u2019applicazione e la sorprendente tecnologia applicata a questo accessorio hanno da subito determinato il successo del prodotto. Al &hellip; <a href=\"https:\/\/cce.it\/it\/azienda\/\">Continua<\/a><\/p>\n","protected":false},"author":2,"featured_media":368,"parent":0,"menu_order":129,"comment_status":"closed","ping_status":"open","template":"","meta":[],"acf":[],"yoast_head":"<!-- This site is optimized with the Yoast SEO plugin v15.0 - https:\/\/yoast.com\/wordpress\/plugins\/seo\/ -->\n<title>Azienda - CCE<\/title>\n<meta name=\"robots\" content=\"index, follow, max-snippet:-1, max-image-preview:large, max-video-preview:-1\" \/>\n<link rel=\"canonical\" href=\"https:\/\/cce.it\/azienda\/\" \/>\n<meta property=\"og:locale\" content=\"it_IT\" \/>\n<meta property=\"og:type\" content=\"article\" \/>\n<meta property=\"og:title\" content=\"Azienda - CCE\" \/>\n<meta property=\"og:description\" content=\"La C.C.E. Costruzioni Chiusure Ermetiche Srl viene fondata nel 1980, iniziando la sua attivit\u00e0 con la costruzione di guarnizioni automatiche sottoporta, un accessorio indispensabile ad eliminare la fastidiosa fessura che si crea tra porta e pavimento. L\u2019utilit\u00e0 dell\u2019applicazione e la sorprendente tecnologia applicata a questo accessorio hanno da subito determinato il successo del prodotto. Al &hellip; Continua\" \/>\n<meta property=\"og:url\" content=\"https:\/\/cce.it\/azienda\/\" \/>\n<meta property=\"og:site_name\" content=\"CCE\" \/>\n<meta property=\"article:modified_time\" content=\"2025-02-28T10:25:43+00:00\" \/>\n<meta property=\"og:image\" content=\"https:\/\/cce.it\/wp-content\/uploads\/azienda_cover.jpg\" \/>\n\t<meta property=\"og:image:width\" content=\"1920\" \/>\n\t<meta property=\"og:image:height\" content=\"932\" \/>\n<script type=\"application\/ld+json\" class=\"yoast-schema-graph\">{\"@context\":\"https:\/\/schema.org\",\"@graph\":[{\"@type\":\"WebSite\",\"@id\":\"https:\/\/cce.it\/it\/#website\",\"url\":\"https:\/\/cce.it\/it\/\",\"name\":\"CCE\",\"description\":\"\",\"potentialAction\":[{\"@type\":\"SearchAction\",\"target\":\"https:\/\/cce.it\/it\/?s={search_term_string}\",\"query-input\":\"required name=search_term_string\"}],\"inLanguage\":\"it-IT\"},{\"@type\":\"ImageObject\",\"@id\":\"https:\/\/cce.it\/azienda\/#primaryimage\",\"inLanguage\":\"it-IT\",\"url\":\"https:\/\/cce.it\/wp-content\/uploads\/azienda_cover.jpg\",\"width\":1920,\"height\":932},{\"@type\":\"WebPage\",\"@id\":\"https:\/\/cce.it\/azienda\/#webpage\",\"url\":\"https:\/\/cce.it\/azienda\/\",\"name\":\"Azienda - CCE\",\"isPartOf\":{\"@id\":\"https:\/\/cce.it\/it\/#website\"},\"primaryImageOfPage\":{\"@id\":\"https:\/\/cce.it\/azienda\/#primaryimage\"},\"datePublished\":\"2015-03-09T16:34:57+00:00\",\"dateModified\":\"2025-02-28T10:25:43+00:00\",\"breadcrumb\":{\"@id\":\"https:\/\/cce.it\/azienda\/#breadcrumb\"},\"inLanguage\":\"it-IT\",\"potentialAction\":[{\"@type\":\"ReadAction\",\"target\":[\"https:\/\/cce.it\/azienda\/\"]}]},{\"@type\":\"BreadcrumbList\",\"@id\":\"https:\/\/cce.it\/azienda\/#breadcrumb\",\"itemListElement\":[{\"@type\":\"ListItem\",\"position\":1,\"item\":{\"@type\":\"WebPage\",\"@id\":\"https:\/\/cce.it\/\",\"url\":\"https:\/\/cce.it\/\",\"name\":\"Home\"}},{\"@type\":\"ListItem\",\"position\":2,\"item\":{\"@type\":\"WebPage\",\"@id\":\"https:\/\/cce.it\/azienda\/\",\"url\":\"https:\/\/cce.it\/azienda\/\",\"name\":\"Azienda\"}}]}]}<\/script>\n<!-- \/ Yoast SEO plugin. -->","_links":{"self":[{"href":"https:\/\/cce.it\/it\/wp-json\/wp\/v2\/pages\/362"}],"collection":[{"href":"https:\/\/cce.it\/it\/wp-json\/wp\/v2\/pages"}],"about":[{"href":"https:\/\/cce.it\/it\/wp-json\/wp\/v2\/types\/page"}],"author":[{"embeddable":true,"href":"https:\/\/cce.it\/it\/wp-json\/wp\/v2\/users\/2"}],"replies":[{"embeddable":true,"href":"https:\/\/cce.it\/it\/wp-json\/wp\/v2\/comments?post=362"}],"version-history":[{"count":15,"href":"https:\/\/cce.it\/it\/wp-json\/wp\/v2\/pages\/362\/revisions"}],"predecessor-version":[{"id":22138,"href":"https:\/\/cce.it\/it\/wp-json\/wp\/v2\/pages\/362\/revisions\/22138"}],"wp:featuredmedia":[{"embeddable":true,"href":"https:\/\/cce.it\/it\/wp-json\/wp\/v2\/media\/368"}],"wp:attachment":[{"href":"https:\/\/cce.it\/it\/wp-json\/wp\/v2\/media?parent=362"}],"curies":[{"name":"wp","href":"https:\/\/api.w.org\/{rel}","templated":true}]}}