{"id":1848,"date":"2015-05-06T10:50:15","date_gmt":"2015-05-06T08:50:15","guid":{"rendered":"https:\/\/cce.it\/\/?page_id=1848"},"modified":"2022-01-24T12:04:59","modified_gmt":"2022-01-24T11:04:59","slug":"staffa-piu","status":"publish","type":"page","link":"https:\/\/cce.it\/it\/divisione-sicurezza-3\/famiglie\/accessori\/staffa-piu\/","title":{"rendered":"Staffa Pi\u00f9"},"content":{"rendered":"<h5><span style=\"color: #000;\"> INFORMAZIONI<\/span><\/h5>\n<hr \/>\n<p>STAFFA PI\u00d9 \u00e8 un sistema di bloccaggio in nylon di alta qualit\u00e0, per cremagliere in ferro. Ha la possibilit\u00e0 di essere installata verso l\u2019alto oppure verso il basso.<\/p>\n","protected":false},"excerpt":{"rendered":"<p>INFORMAZIONI STAFFA PI\u00d9 \u00e8 un sistema di bloccaggio in nylon di alta qualit\u00e0, per cremagliere in ferro. Ha la possibilit\u00e0 di essere installata verso l\u2019alto oppure verso il basso.<\/p>\n","protected":false},"author":12,"featured_media":1855,"parent":20304,"menu_order":1167,"comment_status":"closed","ping_status":"open","template":"template-sicurezza-product.php","meta":[],"acf":[],"yoast_head":"<!-- This site is optimized with the Yoast SEO plugin v15.0 - https:\/\/yoast.com\/wordpress\/plugins\/seo\/ -->\n<title>Staffa Pi\u00f9 - CCE<\/title>\n<meta name=\"robots\" content=\"index, follow, max-snippet:-1, max-image-preview:large, max-video-preview:-1\" \/>\n<link rel=\"canonical\" href=\"https:\/\/cce.it\/divisione-sicurezza-3\/famiglie\/accessori\/staffa-piu\/\" \/>\n<meta property=\"og:locale\" content=\"it_IT\" \/>\n<meta property=\"og:type\" content=\"article\" \/>\n<meta property=\"og:title\" content=\"Staffa Pi\u00f9 - CCE\" \/>\n<meta property=\"og:description\" content=\"INFORMAZIONI STAFFA PI\u00d9 \u00e8 un sistema di bloccaggio in nylon di alta qualit\u00e0, per cremagliere in ferro. Ha la possibilit\u00e0 di essere installata verso l\u2019alto oppure verso il basso.\" \/>\n<meta property=\"og:url\" content=\"https:\/\/cce.it\/divisione-sicurezza-3\/famiglie\/accessori\/staffa-piu\/\" \/>\n<meta property=\"og:site_name\" content=\"CCE\" \/>\n<meta property=\"article:modified_time\" content=\"2022-01-24T11:04:59+00:00\" \/>\n<meta property=\"og:image\" content=\"https:\/\/cce.it\/wp-content\/uploads\/staffapiu-prodotto.jpg\" \/>\n\t<meta property=\"og:image:width\" content=\"1920\" \/>\n\t<meta property=\"og:image:height\" content=\"726\" \/>\n<script type=\"application\/ld+json\" class=\"yoast-schema-graph\">{\"@context\":\"https:\/\/schema.org\",\"@graph\":[{\"@type\":\"WebSite\",\"@id\":\"https:\/\/cce.it\/it\/#website\",\"url\":\"https:\/\/cce.it\/it\/\",\"name\":\"CCE\",\"description\":\"\",\"potentialAction\":[{\"@type\":\"SearchAction\",\"target\":\"https:\/\/cce.it\/it\/?s={search_term_string}\",\"query-input\":\"required name=search_term_string\"}],\"inLanguage\":\"it-IT\"},{\"@type\":\"ImageObject\",\"@id\":\"https:\/\/cce.it\/divisione-sicurezza-3\/famiglie\/accessori\/staffa-piu\/#primaryimage\",\"inLanguage\":\"it-IT\",\"url\":\"https:\/\/cce.it\/wp-content\/uploads\/staffapiu-prodotto.jpg\",\"width\":1920,\"height\":726},{\"@type\":\"WebPage\",\"@id\":\"https:\/\/cce.it\/divisione-sicurezza-3\/famiglie\/accessori\/staffa-piu\/#webpage\",\"url\":\"https:\/\/cce.it\/divisione-sicurezza-3\/famiglie\/accessori\/staffa-piu\/\",\"name\":\"Staffa Pi\\u00f9 - CCE\",\"isPartOf\":{\"@id\":\"https:\/\/cce.it\/it\/#website\"},\"primaryImageOfPage\":{\"@id\":\"https:\/\/cce.it\/divisione-sicurezza-3\/famiglie\/accessori\/staffa-piu\/#primaryimage\"},\"datePublished\":\"2015-05-06T08:50:15+00:00\",\"dateModified\":\"2022-01-24T11:04:59+00:00\",\"breadcrumb\":{\"@id\":\"https:\/\/cce.it\/divisione-sicurezza-3\/famiglie\/accessori\/staffa-piu\/#breadcrumb\"},\"inLanguage\":\"it-IT\",\"potentialAction\":[{\"@type\":\"ReadAction\",\"target\":[\"https:\/\/cce.it\/divisione-sicurezza-3\/famiglie\/accessori\/staffa-piu\/\"]}]},{\"@type\":\"BreadcrumbList\",\"@id\":\"https:\/\/cce.it\/divisione-sicurezza-3\/famiglie\/accessori\/staffa-piu\/#breadcrumb\",\"itemListElement\":[{\"@type\":\"ListItem\",\"position\":1,\"item\":{\"@type\":\"WebPage\",\"@id\":\"https:\/\/cce.it\/\",\"url\":\"https:\/\/cce.it\/\",\"name\":\"Home\"}},{\"@type\":\"ListItem\",\"position\":2,\"item\":{\"@type\":\"WebPage\",\"@id\":\"https:\/\/cce.it\/divisione-sicurezza-3\/\",\"url\":\"https:\/\/cce.it\/divisione-sicurezza-3\/\",\"name\":\"Divisione Sicurezza\"}},{\"@type\":\"ListItem\",\"position\":3,\"item\":{\"@type\":\"WebPage\",\"@id\":\"https:\/\/cce.it\/divisione-sicurezza-3\/famiglie\/\",\"url\":\"https:\/\/cce.it\/divisione-sicurezza-3\/famiglie\/\",\"name\":\"Famiglie\"}},{\"@type\":\"ListItem\",\"position\":4,\"item\":{\"@type\":\"WebPage\",\"@id\":\"https:\/\/cce.it\/divisione-sicurezza-3\/famiglie\/accessori\/\",\"url\":\"https:\/\/cce.it\/divisione-sicurezza-3\/famiglie\/accessori\/\",\"name\":\"Accessori\"}},{\"@type\":\"ListItem\",\"position\":5,\"item\":{\"@type\":\"WebPage\",\"@id\":\"https:\/\/cce.it\/divisione-sicurezza-3\/famiglie\/accessori\/staffa-piu\/\",\"url\":\"https:\/\/cce.it\/divisione-sicurezza-3\/famiglie\/accessori\/staffa-piu\/\",\"name\":\"Staffa Pi\\u00f9\"}}]}]}<\/script>\n<!-- \/ Yoast SEO plugin. -->","_links":{"self":[{"href":"https:\/\/cce.it\/it\/wp-json\/wp\/v2\/pages\/1848"}],"collection":[{"href":"https:\/\/cce.it\/it\/wp-json\/wp\/v2\/pages"}],"about":[{"href":"https:\/\/cce.it\/it\/wp-json\/wp\/v2\/types\/page"}],"author":[{"embeddable":true,"href":"https:\/\/cce.it\/it\/wp-json\/wp\/v2\/users\/12"}],"replies":[{"embeddable":true,"href":"https:\/\/cce.it\/it\/wp-json\/wp\/v2\/comments?post=1848"}],"version-history":[{"count":10,"href":"https:\/\/cce.it\/it\/wp-json\/wp\/v2\/pages\/1848\/revisions"}],"predecessor-version":[{"id":16413,"href":"https:\/\/cce.it\/it\/wp-json\/wp\/v2\/pages\/1848\/revisions\/16413"}],"up":[{"embeddable":true,"href":"https:\/\/cce.it\/it\/wp-json\/wp\/v2\/pages\/20304"}],"wp:featuredmedia":[{"embeddable":true,"href":"https:\/\/cce.it\/it\/wp-json\/wp\/v2\/media\/1855"}],"wp:attachment":[{"href":"https:\/\/cce.it\/it\/wp-json\/wp\/v2\/media?parent=1848"}],"curies":[{"name":"wp","href":"https:\/\/api.w.org\/{rel}","templated":true}]}}