{"id":18424,"date":"2018-07-25T11:37:57","date_gmt":"2018-07-25T09:37:57","guid":{"rendered":"https:\/\/cce.it\/\/?page_id=18424"},"modified":"2021-10-25T08:23:18","modified_gmt":"2021-10-25T06:23:18","slug":"condizioni-generali-di-vendita","status":"publish","type":"page","link":"https:\/\/cce.it\/it\/condizioni-generali-di-vendita\/","title":{"rendered":"Condizioni Generali di Vendita"},"content":{"rendered":"<style>\n    ol { counter-reset: item;<br \/>\n    \tpadding-left: 10px;<br \/>\n}<br \/>\n   .condizioni {<br \/>\n   \tdisplay: block;<br \/>\nlist-style-position: inside;<br \/>\n    text-indent: -2em;<br \/>\n    padding-left: 2em;<br \/>\n}<br \/>\n   .condizioni:before {<br \/>\n   \tcontent: counters(item, \".\") \" \";<br \/>\n   \tcounter-increment: item;<br \/>\n}<br \/>\n<\/style>\n<ol>\n<li class=\"condizioni\"><strong>Definizione<\/strong>\n<ol>\n<li class=\"condizioni\">Ai fini delle presenti condizioni generali di vendita (di seguito denominate \u201cCondizioni di Vendita\u201d), i seguenti termini avranno il significato di seguito ad essi attribuiti:<br \/>\n\u201cC.C.E.\u201d: C.C.E. COSTRUZIONI CHIUSURE ERMETICHE S.R.L.;<br \/>\n\u201cCliente\u201d: qualunque societ\u00e0, ente o entit\u00e0 giuridica che acquisti i Prodotti di C.C.E. da quest\u2019ultima;<br \/>\n\u201cProdotti\u201d: i beni prodotti, assemblati e\/o venduti da C.C.E.;<br \/>\n\u201cOrdine\/i\u201d: ciascuna proposta di acquisto dei Prodotti inoltrata dal Cliente a C.C.E..<br \/>\n\u201cVendita\/e\u201d: ciascun contratto di vendita concluso tra C.C.E. e il Cliente a seguito del ricevimento da parte del Cliente dell\u2019accettazione scritta dell\u2019Ordine da parte di C.C.E.;<br \/>\n\u201cMarchi\u201d: tutti i marchi di cui C.C.E. \u00e8 proprietaria o licenziataria;<br \/>\n\u201cDiritti di Propriet\u00e0 Intellettuale\u201d: tutti i diritti di propriet\u00e0 intellettuale ed industriale di C.C.E., ivi inclusi, senza limitazione alcuna, i diritti relativi a: brevetti per invenzioni, disegni o modelli, modelli di utilit\u00e0, Marchi, know-how, specifiche tecniche, dati, siano stati tali diritti registrati o meno, nonch\u00e9 qualsivoglia domanda o registrazione relativa a tali diritti ed ogni altro diritto o forma di protezione di natura similare o avente effetto equivalente.<\/li>\n<\/ol>\n<\/li>\n<li class=\"condizioni\"><strong>Validit\u00e0 delle Condizioni di Vendita<\/strong>\n<ol>\n<li class=\"condizioni\">Le presenti Condizioni di Vendita si applicano a tutte le Vendite di Prodotti. Nel caso di contrasto tra le condizioni e i termini di cui alle presenti Condizioni di Vendita e le condizioni e i termini pattuiti nella singola Vendita, quest\u2019ultimi prevarranno. C.C.E. non sar\u00e0 vincolata da condizioni generali di acquisto del Cliente (di seguito, \u201cCGA\u201d), neanche nell\u2019ipotesi in cui si faccia loro riferimento o siano contenute negli ordini o in qualsiasi altra documentazione di provenienza del Cliente, senza il preventivo consenso scritto di C.C.E.. Le CGA non saranno vincolanti per C.C.E. neppure per effetto di tacito consenso.<\/li>\n<li class=\"condizioni\">C.C.E. si riserva il diritto di aggiungere, modificare o eliminare qualsiasi previsione delle presenti Condizioni di Vendita, restando inteso che tali aggiunte, modifiche o cancellazioni si applicheranno a tutte le Vendite concluse a partire dal trentesimo giorno successivo alla comunicazione delle nuove Condizioni di Vendita.<\/li>\n<li class=\"condizioni\">Il Cliente, con l\u2019invio del proprio ordine d\u2019acquisto, con l\u2019accettazione di proposte d\u2019acquisto di C.C.E. e pi\u00f9 in generale in ogni caso in cui concluda un contratto di vendita con C.C.E., indipendentemente dalla forma dell\u2019accettazione, accetta incondizionatamente e si obbliga ad osservare nei suoi rapporti con C.C.E. le condizioni generali, dichiarando di aver preso visione ed accettato tutte le indicazioni a lui fornite, prendendo altres\u00ec atto che C.C.E. non si ritiene vincolata a condizioni diverse se non preventivamente concordate per iscritto.<\/li>\n<li class=\"condizioni\">Le presenti Condizioni Generali si applicano, in quanto compatibili, a tutti gli accordi commerciali stipulati da C.C.E., indipendentemente dalla loro qualificazione giuridica.<\/li>\n<\/ol>\n<\/li>\n<li class=\"condizioni\"><strong>Stipula del Contratto di Vendita<\/strong>\n<ol>\n<li class=\"condizioni\">La Vendita dovr\u00e0 ritenersi conclusa: (I) nel momento in cui il Cliente riceva da parte di C.C.E. una conferma scritta (tale conferma potr\u00e0 essere inviata via e-mail, fax o mezzi telematici) conforme ai termini e alle condizioni dell\u2019Ordine (II) o, nel caso in cui il Cliente riceva da parte di C.C.E. una conferma scritta contenente termini difformi da quelli contenuti nell\u2019Ordine, decorsi due giorni lavorativi dalla data di ricezione della conferma contenente termini difformi senza che nel suddetto periodo pervenga a C.C.E. contestazione scritta da parte del Cliente; (III) o, in assenza di conferma scritta da parte di C.C.E., nel primo tra il momento in cui sar\u00e0 iniziata la produzione dei Prodotti o in cui sar\u00e0 emessa la relativa fattura.<\/li>\n<li class=\"condizioni\">Gli ordini conclusi telefonicamente avranno piena validit\u00e0 tra le parti. L\u2019acquirente che non invier\u00e0 a C.C.E. il riepilogo scritto dell\u2019ordine telefonico, prima della data di inizio della produzione dei Prodotti o dell\u2019emissione della relativa fattura, decade dal diritto di contestare l\u2019oggetto dell\u2019accordo.<\/li>\n<li class=\"condizioni\">Gli Ordini regolarmente accettati da C.C.E. non potranno essere annullati o modificati dal cliente senza il consenso scritto di C.C.E..<\/li>\n<\/ol>\n<\/li>\n<li class=\"condizioni\"><strong>Termini di Consegna<\/strong>\n<ol>\n<li class=\"condizioni\">I termini di consegna sono indicativi e non sono termini essenziali ai sensi dell\u2019art. 1457 del Codice Civile. C.C.E. si riserva la facolt\u00e0 di effettuare consegne parziali.<br \/>\nIn ogni caso il ritardo della consegna da parte di C.C.E. non comporta alcun obbligo di risarcimento del danno.<\/li>\n<li class=\"condizioni\">Salvo quanto previsto dal precedente art. 4.1, C.C.E. non sar\u00e0 considerata responsabile dei ritardi o della mancata consegna ascrivibili a circostanze che siano fuori dal suo controllo quali a titolo meramente esemplificativo e senza pretesa di esaustivit\u00e0:<br \/>\na) dati tecnici inadeguati o imprecisioni o ritardi del Cliente nella trasmissione a C.C.E. di informazioni o dati necessari alla spedizione dei Prodotti;<br \/>\nb)    richiesta di personalizzazioni da parte del Cliente. Qualora il Cliente sia autorizzato a richiedere personalizzazioni sui Prodotti il termine di consegna previsto nella Vendita decorrer\u00e0 automaticamente dall\u2019accettazione delle modifiche da parte di C.C.E.;<br \/>\nc)  difficolt\u00e0 nell\u2019ottenere rifornimenti delle materie prime;<br \/>\nd) problemi legati alla produzione o alla pianificazione degli ordini;<br \/>\ne)  scioperi parziali o totali, mancanza di energia elettrica, calamita naturali, misure imposte dalle autorit\u00e0 pubbliche, difficolt\u00e0 nel trasporto, cause di forza maggiore, disordini, attacchi terroristici e tutte le altre cause di forza maggiore.<\/li>\n<li class=\"condizioni\">II verificarsi di alcuni degli eventi sopra elencati non dar\u00e0 diritto al Cliente di richiedere il risarcimento degli eventuali danni o indennizzi di alcun genere.<\/li>\n<li class=\"condizioni\">La produzione e consegna dei Prodotti potr\u00e0 essere sospesa a seguito di modifiche delle condizioni patrimoniali del cliente (art. 1461 del Codice Civile).<\/li>\n<\/ol>\n<\/li>\n<li class=\"condizioni\"><strong>Trasporto<\/strong>\n<ol>\n<li class=\"condizioni\">Nel caso in cui il trasporto dei Prodotti sia a carico di C.C.E., quest\u2019ultima sceglier\u00e0, a sua totale discrezione, il mezzo di trasporto che riterr\u00e0 pi\u00f9 appropriato.<\/li>\n<li class=\"condizioni\">E\u2019 fatto espresso obbligo per il Cliente di verificare l\u2019accessibilit\u00e0 del luogo di consegna dei Prodotti ai mezzi di trasporto e di intraprendere tutte le azioni necessarie per permettere la consegna. In caso di inadempimento il Cliente sar\u00e0 responsabile di tutti i danni e costi connessi.<\/li>\n<\/ol>\n<\/li>\n<li class=\"condizioni\"><strong>Prezzo e termini di Pagamento<\/strong>\n<ol>\n<li class=\"condizioni\">I prezzi, salvo diversa e specifica indicazione devono intendersi relativi al solo prezzo della merce.<\/li>\n<li class=\"condizioni\">I pagamenti dovranno essere effettuati in Euro ed entro il termine indicato nell\u2019offerta o nella fattura.<\/li>\n<li class=\"condizioni\">II mancato pagamento nel tempo concordato dar\u00e0 diritto a C.C.E. di chiedere al Cliente il pagamento degli interessi scaduti al tasso stabilito dal Decreto Legislativo n. 231\/02 s.m.i., maggiorati di sette punti.<\/li>\n<li class=\"condizioni\">II mancato pagamento nel termine stabilito conferisce a C.C.E. il diritto di sospendere la consegna dei Prodotti e risolvere ogni singola e diversa Vendita sottoscritta.<\/li>\n<li class=\"condizioni\">In nessun caso il Cliente potr\u00e0 sospendere o ritardare il pagamento ai sensi dell\u2019art. 1462 del Codice Civile.<\/li>\n<\/ol>\n<\/li>\n<li class=\"condizioni\"><strong>Disciplina relativa agli Incoterms, alla Riserva di Propriet\u00e0 e al passaggio dei rischi da C.C.E. al Cliente<\/strong>\n<ol>\n<li class=\"condizioni\">Qualsiasi riferimento ad eventuali termini commerciali (ad es. Franco Fabbrica, FOB, CIF. ecc.) s\u00ec intender\u00e0 fatto agli Incoterms della Camera di Commercio Internazionale, nel lesto in vigore al momento della conclusione del contratto di vendita.<\/li>\n<li class=\"condizioni\">Anche in deroga al termine commerciale Incoterms scelto nel contratto si applicheranno le seguenti regole. Il momento del passaggio di propriet\u00e0 dei Prodotti da C.C.E. al Cliente \u00e8 quello dell\u2019integrale pagamento delle somme stabilite nel contratto. Nel caso in cui la fornitura di Prodotti sia oggetto di consegne e pagamenti ripartiti la propriet\u00e0 dei singoli Prodotti passer\u00e0 solo con il pagamento integrale di tutta la fornitura. Fino al completo pagamento la propriet\u00e0 dei Prodotti sar\u00e0 di C.C.E. con espresso divieto da parte del Cliente di cedere, alienare i prodotti sino all\u2019effettivo totale pagamento. \u00c8 espressamente escluso dalle parti che i Prodotti possano considerarsi incorporati in un immobile o pertinenza dello stesso prima del completo pagamento anche in deroga alle contrarie norme degli art. 935-936-937 del codice civile.<\/li>\n<li class=\"condizioni\">C.C.E., in caso di risoluzione del contratto, potr\u00e0 rivendicare e asportare i Prodotti in qualunque tempo ed ovunque essi si trovino.<\/li>\n<li class=\"condizioni\">Il rischio di perimento dei Prodotti passa al Cliente con la consegna dei Prodotti al primo trasportatore. Se la spedizione viene ritardata o impedita per cause non imputabili al Venditore, il Prodotto verr\u00e0 immagazzinato a rischio, pericolo e spese del Cliente, a decorrere dalla data prevista per la consegna comunicata tempestivamente al Compratore.<\/li>\n<\/ol>\n<\/li>\n<li class=\"condizioni\"><strong>Verifica dei beni consegnati e denuncia<\/strong>\n<ol>\n<li class=\"condizioni\">Il Cliente ha l\u2019onere di verificare i beni consegnati al momento della loro consegna e rilevare le difformit\u00e0 relative all\u2019imballaggio, quantit\u00e0, tipo ed integrit\u00e0 dei Prodotti con denuncia al vettore e indicazione della riserva nella nota di consegna.<\/li>\n<li class=\"condizioni\">Qualsiasi difformit\u00e0 dei Prodotti consegnati al Cliente rispetto all\u2019imballaggio, al tipo ed alla quantit\u00e0 indicata nell\u2019Ordine dovr\u00e0 essere denunciata per iscritto a C.C.E. entro cinque giorni dalla data di consegna. Qualora la denuncia non venga comunicata entro il predetto termine, i Prodotti consegnati verranno considerati come conformi a quelli ordinati dal Cliente, costituendo tale comportamento rinuncia a qualsiasi azione volta al suo disconoscimento.<\/li>\n<\/ol>\n<\/li>\n<li class=\"condizioni\"><strong>Garanzia<\/strong>\n<ol>\n<li class=\"condizioni\">C.C.E. garantisce che i Prodotti sono esenti da vizi\/difetti per un periodo di due anni decorrenti dalla data di consegna dei medesimi al Cliente o a terzi incaricati.<\/li>\n<li class=\"condizioni\">La garanzia non operer\u00e0 con riferimento a quei Prodotti i cui difetti sono dovuti a (I) danni causati durante il trasporto, stoccaggio, installazione; (II) installazione in maniera difforme rispetto al manuale di istruzioni, disegni e altri documenti forniti da C.C.E. nonch\u00e9 a regolamenti e standard tecnici relativi all\u2019installazione; (III) un uso negligente o improprio degli stessi; (IV) inosservanza delle istruzioni di C.C.E. relative al funzionamento, manutenzione ed alla conservazione dei Prodotti; (V) riparazioni o modifiche apportate dal Cliente o da soggetti terzi senza la previa autorizzazione scritta di C.C.E..<\/li>\n<li class=\"condizioni\">A condizione che il reclamo del Cliente sia coperto dalla garanzia e notificato nei termini di cui al presente articolo, C.C.E. si impegner\u00e0, a sua discrezione, a sostituire o riparare ciascun Prodotto o le parti di questo che presentino vizi o difetti.<\/li>\n<li class=\"condizioni\">II Cliente dovr\u00e0 denunciare per iscritto a C.C.E., la presenza di vizi o difetti entro 8 giorni dalla consegna dei Prodotti se si tratta di vizi o difetti palesi, oppure, entro 8 giorni dalla scoperta in caso di vizi o difetti occulti o non rilevabili da una persona di media diligenza.<\/li>\n<li class=\"condizioni\">I Prodotti oggetto di denuncia dovranno essere immediatamente inviati presso la fabbrica di C.C.E., o in qualsiasi altro luogo che quest\u2019ultima indicher\u00e0 di volta in volta, a costi e spese a carico del Cliente salvo diverso accordo tra le parti, al fine di consentire a C.C.E. l\u2019espletamento dei necessari controlli. La garanzia non copre danni e\/o difetti dei Prodotti derivanti da anomalie causate da, o connesse a, parti assemblate\/aggiunte direttamente dal Cliente o dal consumatore finale.<\/li>\n<li class=\"condizioni\">In ogni caso il Cliente non potr\u00e0 far valere i diritti di garanzia verso C.C.E. se il prezzo dei Prodotti non sia stato corrisposto alle condizioni e nei termini pattuiti, anche nel caso in cui la mancata corresponsione del prezzo alle condizioni e nei termini pattuiti si riferisca a Prodotti diversi da quelli per i quali il Cliente intende far valere la garanzia.<\/li>\n<li class=\"condizioni\">Senza pregiudizio a quanto indicato nel precedente art. 9.3 e salvo il caso di dolo o colpa grave, C.C.E. non sar\u00e0 responsabile per qualsivoglia danno derivante e\/connesso ai vizi dei Prodotti, anche nei confronti di terzi. In ogni caso, C.C.E. non sar\u00e0 ritenuto responsabile per danni indiretti o consequenziali di qualsiasi natura.<\/li>\n<li class=\"condizioni\">In ogni caso, il diritto del Cliente al risarcimento dei danni sar\u00e0 limitato ad un importo massimo pan al valore dei Prodotti che presentino difetti o vizi.<\/li>\n<\/ol>\n<\/li>\n<li class=\"condizioni\"><strong>Diritti di Propriet\u00e0 Intellettuale e riservatezza<\/strong>\n<ol>\n<li class=\"condizioni\">Diritti di Propriet\u00e0 Intellettuale sono di totale ed esclusiva propriet\u00e0 di C.C.E. e la loro comunicazione o utilizzo nell\u2019ambito delle presenti Condizioni di Vendita non crea, in relazione ad essi, alcun diritto o pretesa in capo al Cliente. II Cliente si obbliga a non compiere alcun atto incompatibile con la titolarit\u00e0 dei Diritti di Propriet\u00e0 Intellettuale.<\/li>\n<li class=\"condizioni\">II Cliente dichiara che: (I) C.C.E. \u00e8 l\u2019esclusiva titolare dei Marchi; (II) si asterr\u00e0 dall\u2019utilizzare e dal registrare marchi simili e\/o confondibili con i Marchi; (III) utilizzer\u00e0 i Marchi esclusivamente in ottemperanza alle istruzioni di C.C.E. ed esclusivamente per i fini di cui alle presenti Condizioni di Vendita; (IV) si obbliga a non modificare, alterare, rimuovere, cancellare, coprire i marchi o gli altri segni distintivi di C.C.E. apposti sui Prodotti n\u00e9 ad aggiungere a questi altri marchi o segni distintivi.<\/li>\n<li class=\"condizioni\">Il Cliente si impegna, per s\u00e9 ed i propri collaboratori e\/o dipendenti, a mantenere riservati ed a non divulgare, anche dopo la cessazione del presente accordo, tutte le notizie riservate attinenti in qualsiasi modo al contratto in oggetto, di cui siano venuti per qualunque ragione a conoscenza.<\/li>\n<\/ol>\n<\/li>\n<li class=\"condizioni\"><strong>Clausola risolutiva espressa<\/strong>\n<ol>\n<li class=\"condizioni\">C.C.E. avr\u00e0 facolt\u00e0 di risolvere, ai sensi e per gli effetti dell\u2019art. 1456 del Codice Civile, in qualsiasi momento mediante comunicazione scritta da inviare al Cliente, la singola Vendita nel caso di inadempimento delle obbligazioni previste dagli articoli: 6 (Pagamenti); 10 (Diritti di Propriet\u00e0 Intellettuale).<\/li>\n<\/ol>\n<\/li>\n<li class=\"condizioni\"><strong>Domicilio legale, foro competente, legge applicabile<\/strong>\n<ol>\n<li class=\"condizioni\">C.C.E. \u00e8 legalmente domiciliata presso la sua sede principale<\/li>\n<li class=\"condizioni\">Tutte le controversie derivanti o connesse alle presenti Condizioni di Vendita e\/o ad ogni Vendita saranno soggette alla esclusiva giurisdizione del Tribunale di Padova.<\/li>\n<li class=\"condizioni\">Salvo quanto pattuito nel precedente art. 11.2, C.C.E. si riserva il diritto, quando promotore di una azione legale in qualit\u00e0 di attore, di promuovere tale azione nel luogo di residenza del Cliente, in Italia o all\u2019estero.<\/li>\n<\/ol>\n<\/li>\n<p><strong>Privacy:<\/strong><br \/>\nIl trattamento di eventuali dati personali avverr\u00e0 nel rispetto della normativa di cui al Regolamento UE 2016\/679. A questo proposito, le Parti si danno reciprocamente atto della legittimit\u00e0 dei rispettivi trattamenti di dati personali eventualmente coinvolti nell\u2019esecuzione del contratto e di essere debitamente autorizzate a comunicarseli reciprocamente e trasmetterli a terzi per finalit\u00e0 attinenti e connesse alla corretta e completa esecuzione del presente contratto.<br \/>\n<strong>Download<\/strong><a href=\"https:\/\/cce.it\/\/wp-content\/uploads\/CondizioniGeneraliVendita.pdf\"><br \/>\n<img border=\"0\" alt=\"W3Schools\" src=\"https:\/\/cce.it\/\/wp-content\/uploads\/scheda_tecnica.png\" width=\"50\"\/><br \/>\n<\/a><\/ol>\n","protected":false},"excerpt":{"rendered":"<p>Definizione Ai fini delle presenti condizioni generali di vendita (di seguito denominate \u201cCondizioni di Vendita\u201d), i seguenti termini avranno il significato di seguito ad essi attribuiti: \u201cC.C.E.\u201d: C.C.E. COSTRUZIONI CHIUSURE ERMETICHE S.R.L.; \u201cCliente\u201d: qualunque societ\u00e0, ente o entit\u00e0 giuridica che acquisti i Prodotti di C.C.E. da quest\u2019ultima; \u201cProdotti\u201d: i beni prodotti, assemblati e\/o venduti da &hellip; <a href=\"https:\/\/cce.it\/it\/condizioni-generali-di-vendita\/\">Continua<\/a><\/p>\n","protected":false},"author":12,"featured_media":0,"parent":0,"menu_order":142,"comment_status":"closed","ping_status":"closed","template":"","meta":[],"acf":[],"yoast_head":"<!-- This site is optimized with the Yoast SEO plugin v15.0 - https:\/\/yoast.com\/wordpress\/plugins\/seo\/ -->\n<title>Condizioni Generali di Vendita - CCE<\/title>\n<meta name=\"robots\" content=\"noindex, nofollow\" \/>\n<meta property=\"og:locale\" content=\"it_IT\" \/>\n<meta property=\"og:type\" content=\"article\" \/>\n<meta property=\"og:title\" content=\"Condizioni Generali di Vendita - CCE\" \/>\n<meta property=\"og:description\" content=\"Definizione Ai fini delle presenti condizioni generali di vendita (di seguito denominate \u201cCondizioni di Vendita\u201d), i seguenti termini avranno il significato di seguito ad essi attribuiti: \u201cC.C.E.\u201d: C.C.E. COSTRUZIONI CHIUSURE ERMETICHE S.R.L.; \u201cCliente\u201d: qualunque societ\u00e0, ente o entit\u00e0 giuridica che acquisti i Prodotti di C.C.E. da quest\u2019ultima; \u201cProdotti\u201d: i beni prodotti, assemblati e\/o venduti da &hellip; Continua\" \/>\n<meta property=\"og:url\" content=\"https:\/\/cce.it\/condizioni-generali-di-vendita\/\" \/>\n<meta property=\"og:site_name\" content=\"CCE\" \/>\n<meta property=\"article:modified_time\" content=\"2021-10-25T06:23:18+00:00\" \/>\n<meta property=\"og:image\" content=\"https:\/\/cce.it\/\/wp-content\/uploads\/scheda_tecnica.png\" \/>\n<script type=\"application\/ld+json\" class=\"yoast-schema-graph\">{\"@context\":\"https:\/\/schema.org\",\"@graph\":[{\"@type\":\"WebSite\",\"@id\":\"https:\/\/cce.it\/it\/#website\",\"url\":\"https:\/\/cce.it\/it\/\",\"name\":\"CCE\",\"description\":\"\",\"potentialAction\":[{\"@type\":\"SearchAction\",\"target\":\"https:\/\/cce.it\/it\/?s={search_term_string}\",\"query-input\":\"required name=search_term_string\"}],\"inLanguage\":\"it-IT\"},{\"@type\":\"ImageObject\",\"@id\":\"https:\/\/cce.it\/condizioni-generali-di-vendita\/#primaryimage\",\"inLanguage\":\"it-IT\",\"url\":\"https:\/\/cce.it\/\/wp-content\/uploads\/scheda_tecnica.png\"},{\"@type\":\"WebPage\",\"@id\":\"https:\/\/cce.it\/condizioni-generali-di-vendita\/#webpage\",\"url\":\"https:\/\/cce.it\/condizioni-generali-di-vendita\/\",\"name\":\"Condizioni Generali di Vendita - CCE\",\"isPartOf\":{\"@id\":\"https:\/\/cce.it\/it\/#website\"},\"primaryImageOfPage\":{\"@id\":\"https:\/\/cce.it\/condizioni-generali-di-vendita\/#primaryimage\"},\"datePublished\":\"2018-07-25T09:37:57+00:00\",\"dateModified\":\"2021-10-25T06:23:18+00:00\",\"breadcrumb\":{\"@id\":\"https:\/\/cce.it\/condizioni-generali-di-vendita\/#breadcrumb\"},\"inLanguage\":\"it-IT\",\"potentialAction\":[{\"@type\":\"ReadAction\",\"target\":[\"https:\/\/cce.it\/condizioni-generali-di-vendita\/\"]}]},{\"@type\":\"BreadcrumbList\",\"@id\":\"https:\/\/cce.it\/condizioni-generali-di-vendita\/#breadcrumb\",\"itemListElement\":[{\"@type\":\"ListItem\",\"position\":1,\"item\":{\"@type\":\"WebPage\",\"@id\":\"https:\/\/cce.it\/\",\"url\":\"https:\/\/cce.it\/\",\"name\":\"Home\"}},{\"@type\":\"ListItem\",\"position\":2,\"item\":{\"@type\":\"WebPage\",\"@id\":\"https:\/\/cce.it\/condizioni-generali-di-vendita\/\",\"url\":\"https:\/\/cce.it\/condizioni-generali-di-vendita\/\",\"name\":\"Condizioni Generali di Vendita\"}}]}]}<\/script>\n<!-- \/ Yoast SEO plugin. -->","_links":{"self":[{"href":"https:\/\/cce.it\/it\/wp-json\/wp\/v2\/pages\/18424"}],"collection":[{"href":"https:\/\/cce.it\/it\/wp-json\/wp\/v2\/pages"}],"about":[{"href":"https:\/\/cce.it\/it\/wp-json\/wp\/v2\/types\/page"}],"author":[{"embeddable":true,"href":"https:\/\/cce.it\/it\/wp-json\/wp\/v2\/users\/12"}],"replies":[{"embeddable":true,"href":"https:\/\/cce.it\/it\/wp-json\/wp\/v2\/comments?post=18424"}],"version-history":[{"count":17,"href":"https:\/\/cce.it\/it\/wp-json\/wp\/v2\/pages\/18424\/revisions"}],"predecessor-version":[{"id":20199,"href":"https:\/\/cce.it\/it\/wp-json\/wp\/v2\/pages\/18424\/revisions\/20199"}],"wp:attachment":[{"href":"https:\/\/cce.it\/it\/wp-json\/wp\/v2\/media?parent=18424"}],"curies":[{"name":"wp","href":"https:\/\/api.w.org\/{rel}","templated":true}]}}