{"id":10356,"date":"2018-04-18T15:49:28","date_gmt":"2018-04-18T13:49:28","guid":{"rendered":"https:\/\/cce.it\/\/?page_id=10356"},"modified":"2018-07-25T14:44:10","modified_gmt":"2018-07-25T12:44:10","slug":"stop-proto","status":"publish","type":"page","link":"https:\/\/cce.it\/it\/divisione-sicurezza-3\/famiglie\/stop\/stop-proto\/","title":{"rendered":"Stop proto"},"content":{"rendered":"<h5><span style=\"color: #000;\"> INFORMAZIONI<\/span><\/h5>\n<hr \/>\n<p>Un grande classico nel settore della sicurezza, STOP \u00e8 un bordo sensibile in alluminio molto versatile, pu\u00f2 essere utilizzato su porte basculanti, serrande ed in campi industriali. Utilizza microinterruttori stagni ed \u00e8 dotato di una serie di accessori, inclusa la gomma maggiorata \u201cTartaruga\u201d, che permettono varie combinazioni ed utilizzi.<\/p>\n","protected":false},"excerpt":{"rendered":"<p>INFORMAZIONI Un grande classico nel settore della sicurezza, STOP \u00e8 un bordo sensibile in alluminio molto versatile, pu\u00f2 essere utilizzato su porte basculanti, serrande ed in campi industriali. Utilizza microinterruttori stagni ed \u00e8 dotato di una serie di accessori, inclusa la gomma maggiorata \u201cTartaruga\u201d, che permettono varie combinazioni ed utilizzi.<\/p>\n","protected":false},"author":12,"featured_media":16174,"parent":1244,"menu_order":1052,"comment_status":"closed","ping_status":"closed","template":"template-sicurezza-product.php","meta":[],"acf":[],"yoast_head":"<!-- This site is optimized with the Yoast SEO plugin v15.0 - https:\/\/yoast.com\/wordpress\/plugins\/seo\/ -->\n<title>Stop proto - CCE<\/title>\n<meta name=\"robots\" content=\"index, follow, max-snippet:-1, max-image-preview:large, max-video-preview:-1\" \/>\n<link rel=\"canonical\" href=\"https:\/\/cce.it\/divisione-sicurezza-3\/famiglie\/stop\/stop-proto\/\" \/>\n<meta property=\"og:locale\" content=\"it_IT\" \/>\n<meta property=\"og:type\" content=\"article\" \/>\n<meta property=\"og:title\" content=\"Stop proto - CCE\" \/>\n<meta property=\"og:description\" content=\"INFORMAZIONI Un grande classico nel settore della sicurezza, STOP \u00e8 un bordo sensibile in alluminio molto versatile, pu\u00f2 essere utilizzato su porte basculanti, serrande ed in campi industriali. Utilizza microinterruttori stagni ed \u00e8 dotato di una serie di accessori, inclusa la gomma maggiorata \u201cTartaruga\u201d, che permettono varie combinazioni ed utilizzi.\" \/>\n<meta property=\"og:url\" content=\"https:\/\/cce.it\/divisione-sicurezza-3\/famiglie\/stop\/stop-proto\/\" \/>\n<meta property=\"og:site_name\" content=\"CCE\" \/>\n<meta property=\"article:modified_time\" content=\"2018-07-25T12:44:10+00:00\" \/>\n<meta property=\"og:image\" content=\"https:\/\/cce.it\/wp-content\/uploads\/stopproto_testata.jpg\" \/>\n\t<meta property=\"og:image:width\" content=\"1920\" \/>\n\t<meta property=\"og:image:height\" content=\"726\" \/>\n<script type=\"application\/ld+json\" class=\"yoast-schema-graph\">{\"@context\":\"https:\/\/schema.org\",\"@graph\":[{\"@type\":\"WebSite\",\"@id\":\"https:\/\/cce.it\/it\/#website\",\"url\":\"https:\/\/cce.it\/it\/\",\"name\":\"CCE\",\"description\":\"\",\"potentialAction\":[{\"@type\":\"SearchAction\",\"target\":\"https:\/\/cce.it\/it\/?s={search_term_string}\",\"query-input\":\"required name=search_term_string\"}],\"inLanguage\":\"it-IT\"},{\"@type\":\"ImageObject\",\"@id\":\"https:\/\/cce.it\/divisione-sicurezza-3\/famiglie\/stop\/stop-proto\/#primaryimage\",\"inLanguage\":\"it-IT\",\"url\":\"https:\/\/cce.it\/wp-content\/uploads\/stopproto_testata.jpg\",\"width\":1920,\"height\":726},{\"@type\":\"WebPage\",\"@id\":\"https:\/\/cce.it\/divisione-sicurezza-3\/famiglie\/stop\/stop-proto\/#webpage\",\"url\":\"https:\/\/cce.it\/divisione-sicurezza-3\/famiglie\/stop\/stop-proto\/\",\"name\":\"Stop proto - CCE\",\"isPartOf\":{\"@id\":\"https:\/\/cce.it\/it\/#website\"},\"primaryImageOfPage\":{\"@id\":\"https:\/\/cce.it\/divisione-sicurezza-3\/famiglie\/stop\/stop-proto\/#primaryimage\"},\"datePublished\":\"2018-04-18T13:49:28+00:00\",\"dateModified\":\"2018-07-25T12:44:10+00:00\",\"breadcrumb\":{\"@id\":\"https:\/\/cce.it\/divisione-sicurezza-3\/famiglie\/stop\/stop-proto\/#breadcrumb\"},\"inLanguage\":\"it-IT\",\"potentialAction\":[{\"@type\":\"ReadAction\",\"target\":[\"https:\/\/cce.it\/divisione-sicurezza-3\/famiglie\/stop\/stop-proto\/\"]}]},{\"@type\":\"BreadcrumbList\",\"@id\":\"https:\/\/cce.it\/divisione-sicurezza-3\/famiglie\/stop\/stop-proto\/#breadcrumb\",\"itemListElement\":[{\"@type\":\"ListItem\",\"position\":1,\"item\":{\"@type\":\"WebPage\",\"@id\":\"https:\/\/cce.it\/\",\"url\":\"https:\/\/cce.it\/\",\"name\":\"Home\"}},{\"@type\":\"ListItem\",\"position\":2,\"item\":{\"@type\":\"WebPage\",\"@id\":\"https:\/\/cce.it\/divisione-sicurezza-3\/\",\"url\":\"https:\/\/cce.it\/divisione-sicurezza-3\/\",\"name\":\"Divisione Sicurezza\"}},{\"@type\":\"ListItem\",\"position\":3,\"item\":{\"@type\":\"WebPage\",\"@id\":\"https:\/\/cce.it\/divisione-sicurezza-3\/famiglie\/\",\"url\":\"https:\/\/cce.it\/divisione-sicurezza-3\/famiglie\/\",\"name\":\"Famiglie\"}},{\"@type\":\"ListItem\",\"position\":4,\"item\":{\"@type\":\"WebPage\",\"@id\":\"https:\/\/cce.it\/divisione-sicurezza-3\/famiglie\/stop\/\",\"url\":\"https:\/\/cce.it\/divisione-sicurezza-3\/famiglie\/stop\/\",\"name\":\"Stop\"}},{\"@type\":\"ListItem\",\"position\":5,\"item\":{\"@type\":\"WebPage\",\"@id\":\"https:\/\/cce.it\/divisione-sicurezza-3\/famiglie\/stop\/stop-proto\/\",\"url\":\"https:\/\/cce.it\/divisione-sicurezza-3\/famiglie\/stop\/stop-proto\/\",\"name\":\"Stop proto\"}}]}]}<\/script>\n<!-- \/ Yoast SEO plugin. -->","_links":{"self":[{"href":"https:\/\/cce.it\/it\/wp-json\/wp\/v2\/pages\/10356"}],"collection":[{"href":"https:\/\/cce.it\/it\/wp-json\/wp\/v2\/pages"}],"about":[{"href":"https:\/\/cce.it\/it\/wp-json\/wp\/v2\/types\/page"}],"author":[{"embeddable":true,"href":"https:\/\/cce.it\/it\/wp-json\/wp\/v2\/users\/12"}],"replies":[{"embeddable":true,"href":"https:\/\/cce.it\/it\/wp-json\/wp\/v2\/comments?post=10356"}],"version-history":[{"count":9,"href":"https:\/\/cce.it\/it\/wp-json\/wp\/v2\/pages\/10356\/revisions"}],"predecessor-version":[{"id":18528,"href":"https:\/\/cce.it\/it\/wp-json\/wp\/v2\/pages\/10356\/revisions\/18528"}],"up":[{"embeddable":true,"href":"https:\/\/cce.it\/it\/wp-json\/wp\/v2\/pages\/1244"}],"wp:featuredmedia":[{"embeddable":true,"href":"https:\/\/cce.it\/it\/wp-json\/wp\/v2\/media\/16174"}],"wp:attachment":[{"href":"https:\/\/cce.it\/it\/wp-json\/wp\/v2\/media?parent=10356"}],"curies":[{"name":"wp","href":"https:\/\/api.w.org\/{rel}","templated":true}]}}