{"id":10344,"date":"2018-04-18T14:42:54","date_gmt":"2018-04-18T12:42:54","guid":{"rendered":"https:\/\/cce.it\/\/?page_id=10344"},"modified":"2018-07-25T14:36:49","modified_gmt":"2018-07-25T12:36:49","slug":"sicurstop-proto","status":"publish","type":"page","link":"https:\/\/cce.it\/it\/divisione-sicurezza-3\/famiglie\/sicurstop\/sicurstop-proto\/","title":{"rendered":"Sicurstop Proto"},"content":{"rendered":"<h5><span style=\"color: #000;\"> INFORMAZIONI<\/span><\/h5>\n<hr \/>\n<p>SICURSTOP \u00e8 il pi\u00f9 classico dei bordi sensibili per cancelli scorrevoli e portoni sezionali ed uno dei pi\u00f9 utilizzati. Struttura in alluminio e gomma triestrusa, utilizza un sistema a microinterruttori stagni. E\u2019 disponibile anche con trasmettitore wireless integrato e nella versione per portoni sezionali (KITSEZ).<\/p>\n","protected":false},"excerpt":{"rendered":"<p>INFORMAZIONI SICURSTOP \u00e8 il pi\u00f9 classico dei bordi sensibili per cancelli scorrevoli e portoni sezionali ed uno dei pi\u00f9 utilizzati. Struttura in alluminio e gomma triestrusa, utilizza un sistema a microinterruttori stagni. E\u2019 disponibile anche con trasmettitore wireless integrato e nella versione per portoni sezionali (KITSEZ).<\/p>\n","protected":false},"author":12,"featured_media":16152,"parent":1239,"menu_order":1011,"comment_status":"closed","ping_status":"closed","template":"template-sicurezza-product.php","meta":[],"acf":[],"yoast_head":"<!-- This site is optimized with the Yoast SEO plugin v15.0 - https:\/\/yoast.com\/wordpress\/plugins\/seo\/ -->\n<title>Sicurstop Proto - CCE<\/title>\n<meta name=\"robots\" content=\"index, follow, max-snippet:-1, max-image-preview:large, max-video-preview:-1\" \/>\n<link rel=\"canonical\" href=\"https:\/\/cce.it\/divisione-sicurezza-3\/famiglie\/sicurstop\/sicurstop-proto\/\" \/>\n<meta property=\"og:locale\" content=\"it_IT\" \/>\n<meta property=\"og:type\" content=\"article\" \/>\n<meta property=\"og:title\" content=\"Sicurstop Proto - CCE\" \/>\n<meta property=\"og:description\" content=\"INFORMAZIONI SICURSTOP \u00e8 il pi\u00f9 classico dei bordi sensibili per cancelli scorrevoli e portoni sezionali ed uno dei pi\u00f9 utilizzati. Struttura in alluminio e gomma triestrusa, utilizza un sistema a microinterruttori stagni. E\u2019 disponibile anche con trasmettitore wireless integrato e nella versione per portoni sezionali (KITSEZ).\" \/>\n<meta property=\"og:url\" content=\"https:\/\/cce.it\/divisione-sicurezza-3\/famiglie\/sicurstop\/sicurstop-proto\/\" \/>\n<meta property=\"og:site_name\" content=\"CCE\" \/>\n<meta property=\"article:modified_time\" content=\"2018-07-25T12:36:49+00:00\" \/>\n<meta property=\"og:image\" content=\"https:\/\/cce.it\/wp-content\/uploads\/sicurstopproto_testata.jpg\" \/>\n\t<meta property=\"og:image:width\" content=\"1920\" \/>\n\t<meta property=\"og:image:height\" content=\"726\" \/>\n<script type=\"application\/ld+json\" class=\"yoast-schema-graph\">{\"@context\":\"https:\/\/schema.org\",\"@graph\":[{\"@type\":\"WebSite\",\"@id\":\"https:\/\/cce.it\/it\/#website\",\"url\":\"https:\/\/cce.it\/it\/\",\"name\":\"CCE\",\"description\":\"\",\"potentialAction\":[{\"@type\":\"SearchAction\",\"target\":\"https:\/\/cce.it\/it\/?s={search_term_string}\",\"query-input\":\"required name=search_term_string\"}],\"inLanguage\":\"it-IT\"},{\"@type\":\"ImageObject\",\"@id\":\"https:\/\/cce.it\/divisione-sicurezza-3\/famiglie\/sicurstop\/sicurstop-proto\/#primaryimage\",\"inLanguage\":\"it-IT\",\"url\":\"https:\/\/cce.it\/wp-content\/uploads\/sicurstopproto_testata.jpg\",\"width\":1920,\"height\":726},{\"@type\":\"WebPage\",\"@id\":\"https:\/\/cce.it\/divisione-sicurezza-3\/famiglie\/sicurstop\/sicurstop-proto\/#webpage\",\"url\":\"https:\/\/cce.it\/divisione-sicurezza-3\/famiglie\/sicurstop\/sicurstop-proto\/\",\"name\":\"Sicurstop Proto - CCE\",\"isPartOf\":{\"@id\":\"https:\/\/cce.it\/it\/#website\"},\"primaryImageOfPage\":{\"@id\":\"https:\/\/cce.it\/divisione-sicurezza-3\/famiglie\/sicurstop\/sicurstop-proto\/#primaryimage\"},\"datePublished\":\"2018-04-18T12:42:54+00:00\",\"dateModified\":\"2018-07-25T12:36:49+00:00\",\"breadcrumb\":{\"@id\":\"https:\/\/cce.it\/divisione-sicurezza-3\/famiglie\/sicurstop\/sicurstop-proto\/#breadcrumb\"},\"inLanguage\":\"it-IT\",\"potentialAction\":[{\"@type\":\"ReadAction\",\"target\":[\"https:\/\/cce.it\/divisione-sicurezza-3\/famiglie\/sicurstop\/sicurstop-proto\/\"]}]},{\"@type\":\"BreadcrumbList\",\"@id\":\"https:\/\/cce.it\/divisione-sicurezza-3\/famiglie\/sicurstop\/sicurstop-proto\/#breadcrumb\",\"itemListElement\":[{\"@type\":\"ListItem\",\"position\":1,\"item\":{\"@type\":\"WebPage\",\"@id\":\"https:\/\/cce.it\/\",\"url\":\"https:\/\/cce.it\/\",\"name\":\"Home\"}},{\"@type\":\"ListItem\",\"position\":2,\"item\":{\"@type\":\"WebPage\",\"@id\":\"https:\/\/cce.it\/divisione-sicurezza-3\/\",\"url\":\"https:\/\/cce.it\/divisione-sicurezza-3\/\",\"name\":\"Divisione Sicurezza\"}},{\"@type\":\"ListItem\",\"position\":3,\"item\":{\"@type\":\"WebPage\",\"@id\":\"https:\/\/cce.it\/divisione-sicurezza-3\/famiglie\/\",\"url\":\"https:\/\/cce.it\/divisione-sicurezza-3\/famiglie\/\",\"name\":\"Famiglie\"}},{\"@type\":\"ListItem\",\"position\":4,\"item\":{\"@type\":\"WebPage\",\"@id\":\"https:\/\/cce.it\/divisione-sicurezza-3\/famiglie\/sicurstop\/\",\"url\":\"https:\/\/cce.it\/divisione-sicurezza-3\/famiglie\/sicurstop\/\",\"name\":\"Sicurstop\"}},{\"@type\":\"ListItem\",\"position\":5,\"item\":{\"@type\":\"WebPage\",\"@id\":\"https:\/\/cce.it\/divisione-sicurezza-3\/famiglie\/sicurstop\/sicurstop-proto\/\",\"url\":\"https:\/\/cce.it\/divisione-sicurezza-3\/famiglie\/sicurstop\/sicurstop-proto\/\",\"name\":\"Sicurstop Proto\"}}]}]}<\/script>\n<!-- \/ Yoast SEO plugin. -->","_links":{"self":[{"href":"https:\/\/cce.it\/it\/wp-json\/wp\/v2\/pages\/10344"}],"collection":[{"href":"https:\/\/cce.it\/it\/wp-json\/wp\/v2\/pages"}],"about":[{"href":"https:\/\/cce.it\/it\/wp-json\/wp\/v2\/types\/page"}],"author":[{"embeddable":true,"href":"https:\/\/cce.it\/it\/wp-json\/wp\/v2\/users\/12"}],"replies":[{"embeddable":true,"href":"https:\/\/cce.it\/it\/wp-json\/wp\/v2\/comments?post=10344"}],"version-history":[{"count":12,"href":"https:\/\/cce.it\/it\/wp-json\/wp\/v2\/pages\/10344\/revisions"}],"predecessor-version":[{"id":18501,"href":"https:\/\/cce.it\/it\/wp-json\/wp\/v2\/pages\/10344\/revisions\/18501"}],"up":[{"embeddable":true,"href":"https:\/\/cce.it\/it\/wp-json\/wp\/v2\/pages\/1239"}],"wp:featuredmedia":[{"embeddable":true,"href":"https:\/\/cce.it\/it\/wp-json\/wp\/v2\/media\/16152"}],"wp:attachment":[{"href":"https:\/\/cce.it\/it\/wp-json\/wp\/v2\/media?parent=10344"}],"curies":[{"name":"wp","href":"https:\/\/api.w.org\/{rel}","templated":true}]}}