{"id":8472,"date":"2017-05-19T15:22:12","date_gmt":"2017-05-19T13:22:12","guid":{"rendered":"https:\/\/cce.it\/\/fr\/division-plinthes-automatiques\/che-cose-lantispiffero\/"},"modified":"2018-06-26T12:19:26","modified_gmt":"2018-06-26T10:19:26","slug":"che-cose-lantispiffero","status":"publish","type":"page","link":"https:\/\/cce.it\/fr\/division-plinthes-automatiques\/che-cose-lantispiffero\/","title":{"rendered":"Quels sont les Plinthes Automatiques?"},"content":{"rendered":"<p>Une plinthe automatique est compos&eacute;e d\u2019un <strong>profil&eacute; externe en aluminium<\/strong> <span style=\"color: #ff0000;\">(1)<\/span>, qui peut avoir diff&eacute;rentes dimensions en fonction des mod\u00e8les et du type de porte sur lequel il est install&eacute;. A l\u2019int&eacute;rieur de celui-ci se trouve un <strong>profil&eacute; en aluminium mobile<\/strong> <span style=\"color: #ff0000;\">(2)<\/span> qui est pouss&eacute; vers le sol gr\u00e2ce \u00e0 des bielles rigides en mati\u00e8re plastique. Ces bielles sont actionn&eacute;es par un <strong>bouton poussoir<\/strong> <span style=\"color: #ff0000;\">(3)<\/span> lorsque celui-ci est comprim&eacute; contre le cadre de la porte ou une but&eacute;e externe. Lorsque la porte est ferm&eacute;e, le bouton poussoir actionne les bielles de pouss&eacute;e qui font descendre le profil&eacute; mobile interne avec un mouvement de guillotine, d\u2019abord sur le c\u00f4t&eacute; du bouton puis sur le c\u00f4t&eacute; oppos&eacute;,\u00a0 jusqu\u2019\u00e0 la descente compl\u00e8te. Un <strong>joint<\/strong> <span style=\"color: #ff0000;\">(4)<\/span>, qui peut &ecirc;tre de diff&eacute;rents types en\u00a0 fonction du mod\u00e8le, est install&eacute; sur ce profil&eacute; interne ; il adh\u00e8re au sol sur toute la longueur de la porte, en permettant de calfeutrer l\u2019interstice entre la porte et le sol.<\/p>\n<p><a class=\"zoom\" href=\"https:\/\/cce.it\/\/media\/cheCoseAS-1.jpg\" rel=\"attachment wp-att-8385\"><img loading=\"lazy\" class=\"img-responsive aligncenter\" src=\"https:\/\/cce.it\/\/media\/cheCoseAS-1.jpg\" alt=\"what-is-automatic-drop-down\" width=\"1667\" height=\"1042\" \/><\/a><\/p>\n<p>Les plinthes automatiques sont utilis&eacute;s afin de calfeutrer l\u2019&eacute;cart entre le vantail de porte et le sol. En fermant la fente lorsque la porte est ferm&eacute;e, <strong>ils permettent de tenir la poussi\u00e8re et les insectes \u00e0 l\u2019ext&eacute;rieur et vous prot\u00e8ge de l\u2019air, l\u2019eau, le vent et le bruit, am&eacute;liorant ainsi le confort et la s&eacute;curit&eacute; de l\u2019environnement dans lequel nous vivons.<\/strong><br \/>\nCCE srl propose de nombreux mod\u00e8les avec des niveaux de performance diff&eacute;rents, pour toutes les applications.<\/p>\n<p>&nbsp;<\/p>\n<div class=\"row\"><div class=\"col-sm-6\"><a class=\"zoom\" href=\"https:\/\/cce.it\/\/media\/withorwithoutCCE.jpg\" rel=\"attachment wp-att-8426\"><img loading=\"lazy\" class=\"img-responsive aligncenter\" src=\"https:\/\/cce.it\/\/media\/withorwithoutCCE.jpg\" alt=\"withorwithoutCCE\" width=\"1292\" height=\"875\" \/><\/a>\n<p style=\"text-align: center;\"><span class=\"label label-primary\">WITHOUT DROP DOWN SEAL<\/span><\/p>\n<p><\/p><\/div><div class=\"col-sm-6\"><a class=\"zoom\" href=\"https:\/\/cce.it\/\/media\/withorwithoutCCE2.jpg\" rel=\"attachment wp-att-8427\"><img loading=\"lazy\" class=\"img-responsive aligncenter\" src=\"https:\/\/cce.it\/\/media\/withorwithoutCCE2.jpg\" alt=\"withorwithoutCCE2\" width=\"1292\" height=\"875\" \/><\/a>\n<p style=\"text-align: center;\"><span class=\"label label-primary\">WITH DROP DOWN SEAL<\/span><\/p>\n<p><\/p><\/div><\/div>\n<p>&nbsp;<\/p>\n<p>&nbsp;<\/p>\n<p>&nbsp;<\/p>\n","protected":false},"excerpt":{"rendered":"<p>Une plinthe automatique est compos&eacute;e d\u2019un profil&eacute; externe en aluminium (1), qui peut avoir diff&eacute;rentes dimensions en fonction des mod\u00e8les et du type de porte sur lequel il est install&eacute;. A l\u2019int&eacute;rieur de celui-ci se trouve un profil&eacute; en aluminium mobile (2) qui est pouss&eacute; vers le sol gr\u00e2ce \u00e0 des bielles rigides en mati\u00e8re &hellip; <a href=\"https:\/\/cce.it\/fr\/division-plinthes-automatiques\/che-cose-lantispiffero\/\">Continua<\/a><\/p>\n","protected":false},"author":12,"featured_media":0,"parent":25,"menu_order":1027,"comment_status":"closed","ping_status":"closed","template":"","meta":[],"acf":[],"yoast_head":"<!-- This site is optimized with the Yoast SEO plugin v15.0 - https:\/\/yoast.com\/wordpress\/plugins\/seo\/ -->\n<title>Quels sont les Plinthes Automatiques? - CCE<\/title>\n<meta name=\"robots\" content=\"index, follow, max-snippet:-1, max-image-preview:large, max-video-preview:-1\" \/>\n<link rel=\"canonical\" href=\"https:\/\/cce.it\/fr\/division-plinthes-automatiques\/che-cose-lantispiffero\/\" \/>\n<meta property=\"og:locale\" content=\"it_IT\" \/>\n<meta property=\"og:type\" content=\"article\" \/>\n<meta property=\"og:title\" content=\"Quels sont les Plinthes Automatiques? - CCE\" \/>\n<meta property=\"og:description\" content=\"Une plinthe automatique est compos&eacute;e d\u2019un profil&eacute; externe en aluminium (1), qui peut avoir diff&eacute;rentes dimensions en fonction des mod\u00e8les et du type de porte sur lequel il est install&eacute;. A l\u2019int&eacute;rieur de celui-ci se trouve un profil&eacute; en aluminium mobile (2) qui est pouss&eacute; vers le sol gr\u00e2ce \u00e0 des bielles rigides en mati\u00e8re &hellip; Continua\" \/>\n<meta property=\"og:url\" content=\"https:\/\/cce.it\/fr\/division-plinthes-automatiques\/che-cose-lantispiffero\/\" \/>\n<meta property=\"og:site_name\" content=\"CCE\" \/>\n<meta property=\"article:modified_time\" content=\"2018-06-26T10:19:26+00:00\" \/>\n<meta property=\"og:image\" content=\"https:\/\/cce.it\/\/media\/cheCoseAS-1.jpg\" \/>\n<script type=\"application\/ld+json\" class=\"yoast-schema-graph\">{\"@context\":\"https:\/\/schema.org\",\"@graph\":[{\"@type\":\"WebSite\",\"@id\":\"https:\/\/cce.it\/fr\/#website\",\"url\":\"https:\/\/cce.it\/fr\/\",\"name\":\"CCE\",\"description\":\"\",\"potentialAction\":[{\"@type\":\"SearchAction\",\"target\":\"https:\/\/cce.it\/fr\/?s={search_term_string}\",\"query-input\":\"required name=search_term_string\"}],\"inLanguage\":\"it-IT\"},{\"@type\":\"ImageObject\",\"@id\":\"https:\/\/cce.it\/fr\/division-plinthes-automatiques\/che-cose-lantispiffero\/#primaryimage\",\"inLanguage\":\"it-IT\",\"url\":\"https:\/\/cce.it\/\/media\/cheCoseAS-1.jpg\"},{\"@type\":\"WebPage\",\"@id\":\"https:\/\/cce.it\/fr\/division-plinthes-automatiques\/che-cose-lantispiffero\/#webpage\",\"url\":\"https:\/\/cce.it\/fr\/division-plinthes-automatiques\/che-cose-lantispiffero\/\",\"name\":\"Quels sont les Plinthes Automatiques? - CCE\",\"isPartOf\":{\"@id\":\"https:\/\/cce.it\/fr\/#website\"},\"primaryImageOfPage\":{\"@id\":\"https:\/\/cce.it\/fr\/division-plinthes-automatiques\/che-cose-lantispiffero\/#primaryimage\"},\"datePublished\":\"2017-05-19T13:22:12+00:00\",\"dateModified\":\"2018-06-26T10:19:26+00:00\",\"breadcrumb\":{\"@id\":\"https:\/\/cce.it\/fr\/division-plinthes-automatiques\/che-cose-lantispiffero\/#breadcrumb\"},\"inLanguage\":\"it-IT\",\"potentialAction\":[{\"@type\":\"ReadAction\",\"target\":[\"https:\/\/cce.it\/fr\/division-plinthes-automatiques\/che-cose-lantispiffero\/\"]}]},{\"@type\":\"BreadcrumbList\",\"@id\":\"https:\/\/cce.it\/fr\/division-plinthes-automatiques\/che-cose-lantispiffero\/#breadcrumb\",\"itemListElement\":[{\"@type\":\"ListItem\",\"position\":1,\"item\":{\"@type\":\"WebPage\",\"@id\":\"https:\/\/cce.it\/\",\"url\":\"https:\/\/cce.it\/\",\"name\":\"Home\"}},{\"@type\":\"ListItem\",\"position\":2,\"item\":{\"@type\":\"WebPage\",\"@id\":\"https:\/\/cce.it\/fr\/division-plinthes-automatiques\/\",\"url\":\"https:\/\/cce.it\/fr\/division-plinthes-automatiques\/\",\"name\":\"Division Plinthes Automatiques\"}},{\"@type\":\"ListItem\",\"position\":3,\"item\":{\"@type\":\"WebPage\",\"@id\":\"https:\/\/cce.it\/fr\/division-plinthes-automatiques\/che-cose-lantispiffero\/\",\"url\":\"https:\/\/cce.it\/fr\/division-plinthes-automatiques\/che-cose-lantispiffero\/\",\"name\":\"Quels sont les Plinthes Automatiques?\"}}]}]}<\/script>\n<!-- \/ Yoast SEO plugin. -->","_links":{"self":[{"href":"https:\/\/cce.it\/fr\/wp-json\/wp\/v2\/pages\/8472"}],"collection":[{"href":"https:\/\/cce.it\/fr\/wp-json\/wp\/v2\/pages"}],"about":[{"href":"https:\/\/cce.it\/fr\/wp-json\/wp\/v2\/types\/page"}],"author":[{"embeddable":true,"href":"https:\/\/cce.it\/fr\/wp-json\/wp\/v2\/users\/12"}],"replies":[{"embeddable":true,"href":"https:\/\/cce.it\/fr\/wp-json\/wp\/v2\/comments?post=8472"}],"version-history":[{"count":3,"href":"https:\/\/cce.it\/fr\/wp-json\/wp\/v2\/pages\/8472\/revisions"}],"predecessor-version":[{"id":17785,"href":"https:\/\/cce.it\/fr\/wp-json\/wp\/v2\/pages\/8472\/revisions\/17785"}],"up":[{"embeddable":true,"href":"https:\/\/cce.it\/fr\/wp-json\/wp\/v2\/pages\/25"}],"wp:attachment":[{"href":"https:\/\/cce.it\/fr\/wp-json\/wp\/v2\/media?parent=8472"}],"curies":[{"name":"wp","href":"https:\/\/api.w.org\/{rel}","templated":true}]}}