{"id":8363,"date":"2015-11-03T12:53:32","date_gmt":"2015-11-03T11:53:32","guid":{"rendered":"https:\/\/cce.it\/\/fr\/division-plinthes-automatiques\/perche-cce\/"},"modified":"2023-08-23T13:42:42","modified_gmt":"2023-08-23T11:42:42","slug":"perche-cce","status":"publish","type":"page","link":"https:\/\/cce.it\/fr\/division-plinthes-automatiques\/perche-cce\/","title":{"rendered":"Pourquoi choisir CCE"},"content":{"rendered":"<div class=\"row\"><div class=\"col-sm-6\">\n<div style=\"padding: 35px;\">\n<p><img loading=\"lazy\" class=\"alignnone\" src=\"https:\/\/cce.it\/wp-content\/uploads\/qualita.jpg\" alt=\"Qualit\u00e0 CCE\" width=\"70\" height=\"70\" \/><\/p>\n<p><span style=\"font-size: 30px;\">Quality<\/span><\/p>\n<p>&#8211; CCE est une entreprise qui op\u00e8re sur le secteur des plinthes automatiques depuis plus de 30 ans.<br \/>\n&#8211; L\u2019entreprise est certifi\u00e9e ISO 9001 \/ ISO 45001 et accorde une grande attention \u00e0 la qualit\u00e9 et la s\u00e9curit\u00e9 des m\u00e9thodes et processus.<br \/>\n&#8211; Nos plinthes automatiques pour portes acoustiques et coupe-feu sont certifi\u00e9es par les plus prestigieux instituts internationaux comme l\u2019IFT de Rosenheim, Exova, Cambridge Fire Research, IFC Group.<br \/>\n&#8211; CCE utilise des mati\u00e8res premi\u00e8res de premier choix et grandement recyclable, comme l\u2019aluminium en alliage T6 6060. Les mati\u00e8res plastiques utilis\u00e9es pour le moulage et les extrusions sont de premier choix.<br \/>\n&#8211; Tous les processus de production sont soumis \u00e0 un strict contr\u00f4le de qualit\u00e9 interne, \u00e0 partir de la r\u00e9ception des mati\u00e8res premi\u00e8res jusqu\u2019\u00e0\u00a0 l\u2019exp\u00e9dition.<\/p>\n<\/div>\n<p><\/p><\/div><div class=\"col-sm-6\">\n<div style=\"padding: 35px;\">\n<p><img loading=\"lazy\" class=\"alignnone\" src=\"https:\/\/cce.it\/wp-content\/uploads\/tecnologia.jpg\" alt=\"Tecnologia CCE\" width=\"70\" height=\"70\" \/><\/p>\n<p><span style=\"font-size: 30px;\">Tecnology<\/span><\/p>\n<p>&#8211; CCE est en constante recherche dans son d\u00e9veloppement et dispose de nombreux brevets, parmi lesquels le mouvement basculant auto-nivelant ou l\u2019exclusif mouvement \u00e0 descente retard\u00e9e.<br \/>\n-L\u2019entreprise est dot\u00e9e d\u2019un d\u00e9partement de Recherche et D\u00e9veloppement interne qui comprend\u00a0\u00a0 un atelier de r\u00e9alisation de moules pour moulage \u00e0 injection et un service de prototypage 3D. Ceci permet une r\u00e9duction de co\u00fbts et de temps pour chaque projet.<br \/>\n&#8211; L\u2019entreprise dispose d\u2019une installation d\u2019essai pour les tests Air \/ Eau \/ Vent afin de v\u00e9rifier et am\u00e9liorer les performances des syst\u00e8mes d\u2019\u00e9tanch\u00e9it\u00e9 avant qu\u2019ils ne soient envoy\u00e9s aux organismes certificateurs.<br \/>\n&#8211; Nos plinthes automatiques sont fabriqu\u00e9es avec un syst\u00e8me de bielles rigides en nylon renforc\u00e9es en fibre de verre afin d\u2019assurer une efficacit\u00e9 maximale et une pression uniforme sur tous types de sols.<\/p>\n<\/div>\n<p><\/p><\/div><\/div>\n<div class=\"row\"><div class=\"col-sm-6\">\n<div style=\"padding: 35px;\">\n<p><img loading=\"lazy\" class=\"alignnone\" src=\"https:\/\/cce.it\/wp-content\/uploads\/gamma.jpg\" alt=\"Gamma CCE\" width=\"70\" height=\"70\" \/><\/p>\n<p><span style=\"font-size: 30px;\">Products Range<br \/>\n<\/span><\/p>\n<p>&#8211; CCE produit plus de 50 mod\u00e8les diff\u00e9rents qui varient par leur dimensions et leur usage afin de satisfaire les exigences de construction de tous types de portes, blind\u00e9es, en bois, PVC.<br \/>\n&#8211; De nombreux produits sont disponibles avec un vaste choix de bouton poussoir, de joints et de syst\u00e8me de fixation, par vis pr\u00e9 mont\u00e9es ou \u00e9querres lat\u00e9rales.<br \/>\n&#8211; La gamme CCE comprend une s\u00e9rie de produits exclusivement d\u00e9di\u00e9s au monde des portes en verre et une s\u00e9rie de produits incluant le syst\u00e8me r\u00e9volutionnaire de fermeture hydraulique retard\u00e9e.<br \/>\n&#8211; En plus des plinthes automatiques, CCE produit une gamme d\u2019accessoires pour am\u00e9liorer l\u2019efficacit\u00e9 de l\u2019\u00e9tanch\u00e9it\u00e9 des portes.<\/p>\n<\/div>\n<p><\/p><\/div><div class=\"col-sm-6\">\n<div style=\"padding: 35px;\">\n<p><img loading=\"lazy\" class=\"alignnone\" src=\"https:\/\/cce.it\/wp-content\/uploads\/ricerca_2.jpg\" alt=\"Ricerca CCE\" width=\"70\" height=\"70\" \/> <img loading=\"lazy\" class=\"alignnone\" src=\"https:\/\/cce.it\/wp-content\/uploads\/idee.jpg\" alt=\"Idee CCE\" width=\"70\" height=\"70\" \/><img loading=\"lazy\" class=\"alignnone\" src=\"https:\/\/cce.it\/wp-content\/uploads\/spedizione.jpg\" alt=\"Spedizione CCE\" width=\"70\" height=\"70\" \/><\/p>\n<p><span style=\"font-size: 30px;\">Services<\/span><\/p>\n<p>&#8211; Gr\u00e2ce \u00e8 son d\u00e9partement de Recherche et D\u00e9veloppement, CCE est en mesure d\u2019\u00e9tudier des solutions personnalis\u00e9es pour ces clients, en r\u00e9duisant les temps de d\u00e9veloppement et les co\u00fbts au travers de la maitrise de toutes les phases en interne.<br \/>\n&#8211; La flexibilit\u00e9 de la production et la fili\u00e8re courte offrent la possibilit\u00e9 de livraisons rapides combin\u00e9s \u00e0 la personnalisation des produits.<br \/>\n&#8211; CCE est pr\u00e9sent dans plus de 55 pays dans le monde et son r\u00e9seau commercial est en constante expansion.<\/p>\n<\/div>\n<p><\/p><\/div><\/div>\n","protected":false},"excerpt":{"rendered":"","protected":false},"author":12,"featured_media":0,"parent":25,"menu_order":817,"comment_status":"closed","ping_status":"closed","template":"","meta":[],"acf":[],"yoast_head":"<!-- This site is optimized with the Yoast SEO plugin v15.0 - https:\/\/yoast.com\/wordpress\/plugins\/seo\/ -->\n<title>Pourquoi choisir CCE - CCE<\/title>\n<meta name=\"robots\" content=\"index, follow, max-snippet:-1, max-image-preview:large, max-video-preview:-1\" \/>\n<link rel=\"canonical\" href=\"https:\/\/cce.it\/fr\/division-plinthes-automatiques\/perche-cce\/\" \/>\n<meta property=\"og:locale\" content=\"it_IT\" \/>\n<meta property=\"og:type\" content=\"article\" \/>\n<meta property=\"og:title\" content=\"Pourquoi choisir CCE - CCE\" \/>\n<meta property=\"og:url\" content=\"https:\/\/cce.it\/fr\/division-plinthes-automatiques\/perche-cce\/\" \/>\n<meta property=\"og:site_name\" content=\"CCE\" \/>\n<meta property=\"article:modified_time\" content=\"2023-08-23T11:42:42+00:00\" \/>\n<meta property=\"og:image\" content=\"https:\/\/cce.it\/wp-content\/uploads\/qualita.jpg\" \/>\n<script type=\"application\/ld+json\" class=\"yoast-schema-graph\">{\"@context\":\"https:\/\/schema.org\",\"@graph\":[{\"@type\":\"WebSite\",\"@id\":\"https:\/\/cce.it\/fr\/#website\",\"url\":\"https:\/\/cce.it\/fr\/\",\"name\":\"CCE\",\"description\":\"\",\"potentialAction\":[{\"@type\":\"SearchAction\",\"target\":\"https:\/\/cce.it\/fr\/?s={search_term_string}\",\"query-input\":\"required name=search_term_string\"}],\"inLanguage\":\"it-IT\"},{\"@type\":\"ImageObject\",\"@id\":\"https:\/\/cce.it\/fr\/division-plinthes-automatiques\/perche-cce\/#primaryimage\",\"inLanguage\":\"it-IT\",\"url\":\"https:\/\/cce.it\/wp-content\/uploads\/qualita.jpg\",\"width\":70,\"height\":70,\"caption\":\"Qualit\\u00e0 CCE\"},{\"@type\":\"WebPage\",\"@id\":\"https:\/\/cce.it\/fr\/division-plinthes-automatiques\/perche-cce\/#webpage\",\"url\":\"https:\/\/cce.it\/fr\/division-plinthes-automatiques\/perche-cce\/\",\"name\":\"Pourquoi choisir CCE - CCE\",\"isPartOf\":{\"@id\":\"https:\/\/cce.it\/fr\/#website\"},\"primaryImageOfPage\":{\"@id\":\"https:\/\/cce.it\/fr\/division-plinthes-automatiques\/perche-cce\/#primaryimage\"},\"datePublished\":\"2015-11-03T11:53:32+00:00\",\"dateModified\":\"2023-08-23T11:42:42+00:00\",\"breadcrumb\":{\"@id\":\"https:\/\/cce.it\/fr\/division-plinthes-automatiques\/perche-cce\/#breadcrumb\"},\"inLanguage\":\"it-IT\",\"potentialAction\":[{\"@type\":\"ReadAction\",\"target\":[\"https:\/\/cce.it\/fr\/division-plinthes-automatiques\/perche-cce\/\"]}]},{\"@type\":\"BreadcrumbList\",\"@id\":\"https:\/\/cce.it\/fr\/division-plinthes-automatiques\/perche-cce\/#breadcrumb\",\"itemListElement\":[{\"@type\":\"ListItem\",\"position\":1,\"item\":{\"@type\":\"WebPage\",\"@id\":\"https:\/\/cce.it\/\",\"url\":\"https:\/\/cce.it\/\",\"name\":\"Home\"}},{\"@type\":\"ListItem\",\"position\":2,\"item\":{\"@type\":\"WebPage\",\"@id\":\"https:\/\/cce.it\/fr\/division-plinthes-automatiques\/\",\"url\":\"https:\/\/cce.it\/fr\/division-plinthes-automatiques\/\",\"name\":\"Division Plinthes Automatiques\"}},{\"@type\":\"ListItem\",\"position\":3,\"item\":{\"@type\":\"WebPage\",\"@id\":\"https:\/\/cce.it\/fr\/division-plinthes-automatiques\/perche-cce\/\",\"url\":\"https:\/\/cce.it\/fr\/division-plinthes-automatiques\/perche-cce\/\",\"name\":\"Pourquoi choisir CCE\"}}]}]}<\/script>\n<!-- \/ Yoast SEO plugin. -->","_links":{"self":[{"href":"https:\/\/cce.it\/fr\/wp-json\/wp\/v2\/pages\/8363"}],"collection":[{"href":"https:\/\/cce.it\/fr\/wp-json\/wp\/v2\/pages"}],"about":[{"href":"https:\/\/cce.it\/fr\/wp-json\/wp\/v2\/types\/page"}],"author":[{"embeddable":true,"href":"https:\/\/cce.it\/fr\/wp-json\/wp\/v2\/users\/12"}],"replies":[{"embeddable":true,"href":"https:\/\/cce.it\/fr\/wp-json\/wp\/v2\/comments?post=8363"}],"version-history":[{"count":5,"href":"https:\/\/cce.it\/fr\/wp-json\/wp\/v2\/pages\/8363\/revisions"}],"predecessor-version":[{"id":21186,"href":"https:\/\/cce.it\/fr\/wp-json\/wp\/v2\/pages\/8363\/revisions\/21186"}],"up":[{"embeddable":true,"href":"https:\/\/cce.it\/fr\/wp-json\/wp\/v2\/pages\/25"}],"wp:attachment":[{"href":"https:\/\/cce.it\/fr\/wp-json\/wp\/v2\/media?parent=8363"}],"curies":[{"name":"wp","href":"https:\/\/api.w.org\/{rel}","templated":true}]}}