{"id":6102,"date":"2015-03-09T17:34:57","date_gmt":"2015-03-09T16:34:57","guid":{"rendered":"https:\/\/cce.it\/\/azienda-2\/"},"modified":"2022-02-16T10:55:53","modified_gmt":"2022-02-16T09:55:53","slug":"entreprise","status":"publish","type":"page","link":"https:\/\/cce.it\/fr\/entreprise\/","title":{"rendered":"Entreprise"},"content":{"rendered":"<p>L\u2019entreprise C.C.E. Costruzioni Chiusure Ermetiche Srl a \u00e9t\u00e9 fond\u00e9e en 1980, d\u00e9marrant son activit\u00e9 avec la fabrication de plinthes automatiques, un accessoire indispensable pour \u00e9liminer la fente g\u00eanante cr\u00e9\u00e9e entre la porte et le sol. L\u2019utilit\u00e9 de son application et la surprenante technologie appliqu\u00e9e \u00e0 cet accessoire ont d\u00e8s le d\u00e9but d\u00e9termin\u00e9 le succ\u00e8s de ce produit.<\/p>\n<p>A l\u2019activit\u00e9 des plinthes automatiques s\u2019est ajout\u00e9e celle des dispositifs de s\u00e9curit\u00e9, ax\u00e9e sur la production de bords sensibles pour la protection contre les impacts sur les ouvertures automatiques. L\u2019attention port\u00e9e au respect de la conformit\u00e9 avec les derni\u00e8res r\u00e9glementations et l\u2019utilisation de mat\u00e9riaux haut de gamme ont rapidement permis aux bords sensibles C.C.E. de s\u2019installer parmi les meilleurs sur le march\u00e9. Le r\u00e9seau de vente s\u2019\u00e9tend au niveau mondial, gr\u00e2ce notamment \u00e0 une pr\u00e9sence constante aux salons de ce secteur.<\/p>\n<p>Le point fort de C.C.E. est sa capacit\u00e9 \u00e0 d\u00e9velopper des produits personnalis\u00e9s pour les clients depuis la conception jusqu\u2019\u00e0 la r\u00e9alisation. Pour ce faire, C.C.E. s\u2019appuie sur un bureau d\u2019\u00e9tudes d\u00e9di\u00e9 \u00e0 la recherche et au d\u00e9veloppement avec la capacit\u00e9 de r\u00e9aliser des prototypes 3D en st\u00e9r\u00e9olithographie, gr\u00e2ce \u00e0 laquelle il est possible d\u2019analyser \u00e0 l\u2019avance les produits qui seront fabriqu\u00e9s. C.C.E. est \u00e9galement pourvue d\u2019un atelier interne et d\u2019un d\u00e9partement de moulage par injection qui lui permet de raccourcir la cha\u00eene de production, avec de grands avantages sur les d\u00e9lais de livraison au client.<\/p>\n<div class=\"row\"><br class=\"nc\"\/><div class=\"col-sm-12\"><a class=\"zoom\" href=\"\/wp-content\/uploads\/2022_cce_timeline-scaled.jpg\" rel=\"attachment wp-att-8455\"><img loading=\"lazy\" class=\"img-responsive alignnone\" src=\"\/wp-content\/uploads\/2022_cce_timeline-scaled.jpg\" alt=\"storyCCE1\" width=\"1500\" height=\"750\"\/><\/a><\/div><br class=\"nc\"\/><\/div>\n<p>En outre C.C.E. s\u2019appuie depuis toujours sur des fournisseurs ancr\u00e9s r\u00e9gionalement, en soutenant la cr\u00e9ation d\u2019un r\u00e9seau d\u2019entreprises \u00e0 vocation internationale et en supportant les fabricants locaux.<br \/>\nLes certifications aux normes ISO 9001 et ISO 45001 ne rel\u00e8vent pas seulement des aspects bureaucratiques pour l\u2019entreprise, mais sont une cons\u00e9quence d\u2019une philosophie professionnelle qui prend racine depuis la cr\u00e9ation d\u2019un environnement de travail s\u00fbr, dynamique et efficace, afin de garantir des produits de haut niveau \u00e0 ses clients partout dans le monde.<\/p>\n<p>Sensible aux questions d\u2019environnement et aux \u00e9conomies d\u2019\u00e9nergie, C.C.E. utilise des mat\u00e9riaux qui ne contiennent par de substances dangereuses pour la sant\u00e9, exploite les \u00e9nergies renouvelables et pr\u00e9f\u00e8re s\u2019appuyer sur un r\u00e9seau de fournisseurs avec une sensibilit\u00e9 \u00e9gale. L&#8217;entreprise s\u2019est engag\u00e9 dans une d\u00e9marche de certification ISO 14001 qui s&#8217;ach\u00e8vera en 2022.<br \/>\nPar vocation, C.C.E. pense aujourd\u2019hui \u00e0 ce que le march\u00e9 pourra demander demain, en essayant toujours de favoriser la cr\u00e9ativit\u00e9 en phase de conception de nouveaux produits qui peuvent am\u00e9liorer les choses qui nous entourent.<\/p>\n<div class=\"gallery gallery-6102-1\"><div class=\"row gallery-row\"><div class=\"col-sm-6 col-lg-6\"><a class=\"thumbnail img-thumbnail\" href='https:\/\/cce.it\/wp-content\/uploads\/azienda_cce1-e1531487132996.jpg'><img width=\"1024\" height=\"589\" src=\"https:\/\/cce.it\/wp-content\/uploads\/azienda_cce1-e1531487132996-1024x589.jpg\" class=\"attachment-large size-large\" alt=\"\" loading=\"lazy\" srcset=\"https:\/\/cce.it\/wp-content\/uploads\/azienda_cce1-e1531487132996-1024x589.jpg 1024w, https:\/\/cce.it\/wp-content\/uploads\/azienda_cce1-e1531487132996-300x173.jpg 300w, https:\/\/cce.it\/wp-content\/uploads\/azienda_cce1-e1531487132996-768x442.jpg 768w, https:\/\/cce.it\/wp-content\/uploads\/azienda_cce1-e1531487132996-350x201.jpg 350w\" sizes=\"(max-width: 1024px) 100vw, 1024px\" \/><\/a><\/div><div class=\"col-sm-6 col-lg-6\"><a class=\"thumbnail img-thumbnail\" href='https:\/\/cce.it\/wp-content\/uploads\/azienda_cce2-e1531486576955.png'><img width=\"1024\" height=\"590\" src=\"https:\/\/cce.it\/wp-content\/uploads\/azienda_cce2-1024x590.png\" class=\"attachment-large size-large\" alt=\"\" loading=\"lazy\" srcset=\"https:\/\/cce.it\/wp-content\/uploads\/azienda_cce2-1024x590.png 1024w, https:\/\/cce.it\/wp-content\/uploads\/azienda_cce2-300x173.png 300w, https:\/\/cce.it\/wp-content\/uploads\/azienda_cce2-768x442.png 768w, https:\/\/cce.it\/wp-content\/uploads\/azienda_cce2-350x202.png 350w, https:\/\/cce.it\/wp-content\/uploads\/azienda_cce2-e1531486576955.png 940w\" sizes=\"(max-width: 1024px) 100vw, 1024px\" \/><\/a><\/div><\/div><\/div>\n","protected":false},"excerpt":{"rendered":"<p>L\u2019entreprise C.C.E. Costruzioni Chiusure Ermetiche Srl a \u00e9t\u00e9 fond\u00e9e en 1980, d\u00e9marrant son activit\u00e9 avec la fabrication de plinthes automatiques, un accessoire indispensable pour \u00e9liminer la fente g\u00eanante cr\u00e9\u00e9e entre la porte et le sol. L\u2019utilit\u00e9 de son application et la surprenante technologie appliqu\u00e9e \u00e0 cet accessoire ont d\u00e8s le d\u00e9but d\u00e9termin\u00e9 le succ\u00e8s de &hellip; <a href=\"https:\/\/cce.it\/fr\/entreprise\/\">Continua<\/a><\/p>\n","protected":false},"author":2,"featured_media":368,"parent":0,"menu_order":129,"comment_status":"closed","ping_status":"open","template":"","meta":[],"acf":[],"yoast_head":"<!-- This site is optimized with the Yoast SEO plugin v15.0 - https:\/\/yoast.com\/wordpress\/plugins\/seo\/ -->\n<title>Entreprise - CCE<\/title>\n<meta name=\"robots\" content=\"index, follow, max-snippet:-1, max-image-preview:large, max-video-preview:-1\" \/>\n<link rel=\"canonical\" href=\"https:\/\/cce.it\/fr\/entreprise\/\" \/>\n<meta property=\"og:locale\" content=\"it_IT\" \/>\n<meta property=\"og:type\" content=\"article\" \/>\n<meta property=\"og:title\" content=\"Entreprise - CCE\" \/>\n<meta property=\"og:description\" content=\"L\u2019entreprise C.C.E. Costruzioni Chiusure Ermetiche Srl a \u00e9t\u00e9 fond\u00e9e en 1980, d\u00e9marrant son activit\u00e9 avec la fabrication de plinthes automatiques, un accessoire indispensable pour \u00e9liminer la fente g\u00eanante cr\u00e9\u00e9e entre la porte et le sol. L\u2019utilit\u00e9 de son application et la surprenante technologie appliqu\u00e9e \u00e0 cet accessoire ont d\u00e8s le d\u00e9but d\u00e9termin\u00e9 le succ\u00e8s de &hellip; Continua\" \/>\n<meta property=\"og:url\" content=\"https:\/\/cce.it\/fr\/entreprise\/\" \/>\n<meta property=\"og:site_name\" content=\"CCE\" \/>\n<meta property=\"article:modified_time\" content=\"2022-02-16T09:55:53+00:00\" \/>\n<meta property=\"og:image\" content=\"https:\/\/cce.it\/wp-content\/uploads\/azienda_cover.jpg\" \/>\n\t<meta property=\"og:image:width\" content=\"1920\" \/>\n\t<meta property=\"og:image:height\" content=\"932\" \/>\n<script type=\"application\/ld+json\" class=\"yoast-schema-graph\">{\"@context\":\"https:\/\/schema.org\",\"@graph\":[{\"@type\":\"WebSite\",\"@id\":\"https:\/\/cce.it\/fr\/#website\",\"url\":\"https:\/\/cce.it\/fr\/\",\"name\":\"CCE\",\"description\":\"\",\"potentialAction\":[{\"@type\":\"SearchAction\",\"target\":\"https:\/\/cce.it\/fr\/?s={search_term_string}\",\"query-input\":\"required name=search_term_string\"}],\"inLanguage\":\"it-IT\"},{\"@type\":\"ImageObject\",\"@id\":\"https:\/\/cce.it\/fr\/entreprise\/#primaryimage\",\"inLanguage\":\"it-IT\",\"url\":\"https:\/\/cce.it\/wp-content\/uploads\/azienda_cover.jpg\",\"width\":1920,\"height\":932},{\"@type\":\"WebPage\",\"@id\":\"https:\/\/cce.it\/fr\/entreprise\/#webpage\",\"url\":\"https:\/\/cce.it\/fr\/entreprise\/\",\"name\":\"Entreprise - CCE\",\"isPartOf\":{\"@id\":\"https:\/\/cce.it\/fr\/#website\"},\"primaryImageOfPage\":{\"@id\":\"https:\/\/cce.it\/fr\/entreprise\/#primaryimage\"},\"datePublished\":\"2015-03-09T16:34:57+00:00\",\"dateModified\":\"2022-02-16T09:55:53+00:00\",\"breadcrumb\":{\"@id\":\"https:\/\/cce.it\/fr\/entreprise\/#breadcrumb\"},\"inLanguage\":\"it-IT\",\"potentialAction\":[{\"@type\":\"ReadAction\",\"target\":[\"https:\/\/cce.it\/fr\/entreprise\/\"]}]},{\"@type\":\"BreadcrumbList\",\"@id\":\"https:\/\/cce.it\/fr\/entreprise\/#breadcrumb\",\"itemListElement\":[{\"@type\":\"ListItem\",\"position\":1,\"item\":{\"@type\":\"WebPage\",\"@id\":\"https:\/\/cce.it\/\",\"url\":\"https:\/\/cce.it\/\",\"name\":\"Home\"}},{\"@type\":\"ListItem\",\"position\":2,\"item\":{\"@type\":\"WebPage\",\"@id\":\"https:\/\/cce.it\/fr\/entreprise\/\",\"url\":\"https:\/\/cce.it\/fr\/entreprise\/\",\"name\":\"Entreprise\"}}]}]}<\/script>\n<!-- \/ Yoast SEO plugin. -->","_links":{"self":[{"href":"https:\/\/cce.it\/fr\/wp-json\/wp\/v2\/pages\/6102"}],"collection":[{"href":"https:\/\/cce.it\/fr\/wp-json\/wp\/v2\/pages"}],"about":[{"href":"https:\/\/cce.it\/fr\/wp-json\/wp\/v2\/types\/page"}],"author":[{"embeddable":true,"href":"https:\/\/cce.it\/fr\/wp-json\/wp\/v2\/users\/2"}],"replies":[{"embeddable":true,"href":"https:\/\/cce.it\/fr\/wp-json\/wp\/v2\/comments?post=6102"}],"version-history":[{"count":7,"href":"https:\/\/cce.it\/fr\/wp-json\/wp\/v2\/pages\/6102\/revisions"}],"predecessor-version":[{"id":21002,"href":"https:\/\/cce.it\/fr\/wp-json\/wp\/v2\/pages\/6102\/revisions\/21002"}],"wp:featuredmedia":[{"embeddable":true,"href":"https:\/\/cce.it\/fr\/wp-json\/wp\/v2\/media\/368"}],"wp:attachment":[{"href":"https:\/\/cce.it\/fr\/wp-json\/wp\/v2\/media?parent=6102"}],"curies":[{"name":"wp","href":"https:\/\/api.w.org\/{rel}","templated":true}]}}