{"id":47,"date":"2015-02-18T15:28:05","date_gmt":"2015-02-18T14:28:05","guid":{"rendered":"https:\/\/cce.it\/\/safety-division-2\/"},"modified":"2024-04-24T13:30:27","modified_gmt":"2024-04-24T11:30:27","slug":"division-securite","status":"publish","type":"page","link":"https:\/\/cce.it\/fr\/division-securite\/","title":{"rendered":"Division S\u00e9curit\u00e9"},"content":{"rendered":"<h2>Prot\u00e9gez-vous contre les accidents<\/h2>\n<p>Chaque ann\u00e9e, l&#8217;\u00e9crasement des doigts sur les portes sont la cause de centaines d&#8217;accidents, qui impliquent \u00e9galement des enfants ou des personnes \u00e2g\u00e9es dans des lieux publics ou dans l\u2019enceinte de la maison. Dans de nombreux pays existe d\u00e9j\u00e0 l\u2019obligation pour les lieux publics de se doter de syst\u00e8mes pour la pr\u00e9vention des accidents, C.C.E. regarde au-del\u00e0 et propose un ensemble d&#8217;outils id\u00e9al pour la s\u00e9curit\u00e9 de tous les espaces domestiques ou ouvert au public, tels que les h\u00f4tels, les h\u00f4pitaux, les administrations et les \u00e9coles.<\/p>\n<p>Le syst\u00e8me Digisafe se compose de profil\u00e9s en aluminium qui permettent la protection compl\u00e8te du point de cisaillement entre la porte et son cadre.<\/p>\n<p>\u00c9l\u00e9gant et essentiel, le syst\u00e8me DIGISAFE comporte diff\u00e9rents mod\u00e8les et peut s&#8217;adapter de mani\u00e8re discr\u00e8te \u00e0 tous les types de portes, tout en conservant les qualit\u00e9s techniques combin\u00e9s \u00e0 une esth\u00e9tique agr\u00e9able.<\/p>\n","protected":false},"excerpt":{"rendered":"<p>Prot\u00e9gez-vous contre les accidents Chaque ann\u00e9e, l&#8217;\u00e9crasement des doigts sur les portes sont la cause de centaines d&#8217;accidents, qui impliquent \u00e9galement des enfants ou des personnes \u00e2g\u00e9es dans des lieux publics ou dans l\u2019enceinte de la maison. Dans de nombreux pays existe d\u00e9j\u00e0 l\u2019obligation pour les lieux publics de se doter de syst\u00e8mes pour la &hellip; <a href=\"https:\/\/cce.it\/fr\/division-securite\/\">Continua<\/a><\/p>\n","protected":false},"author":2,"featured_media":21304,"parent":0,"menu_order":839,"comment_status":"closed","ping_status":"open","template":"template-divisione-sicurezza.php","meta":[],"acf":[],"yoast_head":"<!-- This site is optimized with the Yoast SEO plugin v15.0 - https:\/\/yoast.com\/wordpress\/plugins\/seo\/ -->\n<title>Division S\u00e9curit\u00e9 - CCE<\/title>\n<meta name=\"robots\" content=\"index, follow, max-snippet:-1, max-image-preview:large, max-video-preview:-1\" \/>\n<link rel=\"canonical\" href=\"https:\/\/cce.it\/fr\/division-securite\/\" \/>\n<meta property=\"og:locale\" content=\"it_IT\" \/>\n<meta property=\"og:type\" content=\"article\" \/>\n<meta property=\"og:title\" content=\"Division S\u00e9curit\u00e9 - CCE\" \/>\n<meta property=\"og:description\" content=\"Prot\u00e9gez-vous contre les accidents Chaque ann\u00e9e, l&#8217;\u00e9crasement des doigts sur les portes sont la cause de centaines d&#8217;accidents, qui impliquent \u00e9galement des enfants ou des personnes \u00e2g\u00e9es dans des lieux publics ou dans l\u2019enceinte de la maison. Dans de nombreux pays existe d\u00e9j\u00e0 l\u2019obligation pour les lieux publics de se doter de syst\u00e8mes pour la &hellip; Continua\" \/>\n<meta property=\"og:url\" content=\"https:\/\/cce.it\/fr\/division-securite\/\" \/>\n<meta property=\"og:site_name\" content=\"CCE\" \/>\n<meta property=\"article:modified_time\" content=\"2024-04-24T11:30:27+00:00\" \/>\n<meta property=\"og:image\" content=\"https:\/\/cce.it\/wp-content\/uploads\/CCE-srl-divisione-sicurezza.jpg\" \/>\n\t<meta property=\"og:image:width\" content=\"700\" \/>\n\t<meta property=\"og:image:height\" content=\"530\" \/>\n<script type=\"application\/ld+json\" class=\"yoast-schema-graph\">{\"@context\":\"https:\/\/schema.org\",\"@graph\":[{\"@type\":\"WebSite\",\"@id\":\"https:\/\/cce.it\/fr\/#website\",\"url\":\"https:\/\/cce.it\/fr\/\",\"name\":\"CCE\",\"description\":\"\",\"potentialAction\":[{\"@type\":\"SearchAction\",\"target\":\"https:\/\/cce.it\/fr\/?s={search_term_string}\",\"query-input\":\"required name=search_term_string\"}],\"inLanguage\":\"it-IT\"},{\"@type\":\"ImageObject\",\"@id\":\"https:\/\/cce.it\/fr\/division-securite\/#primaryimage\",\"inLanguage\":\"it-IT\",\"url\":\"https:\/\/cce.it\/wp-content\/uploads\/CCE-srl-divisione-sicurezza.jpg\",\"width\":700,\"height\":530,\"caption\":\"CCE srl divisione sicurezza\"},{\"@type\":\"WebPage\",\"@id\":\"https:\/\/cce.it\/fr\/division-securite\/#webpage\",\"url\":\"https:\/\/cce.it\/fr\/division-securite\/\",\"name\":\"Division S\\u00e9curit\\u00e9 - CCE\",\"isPartOf\":{\"@id\":\"https:\/\/cce.it\/fr\/#website\"},\"primaryImageOfPage\":{\"@id\":\"https:\/\/cce.it\/fr\/division-securite\/#primaryimage\"},\"datePublished\":\"2015-02-18T14:28:05+00:00\",\"dateModified\":\"2024-04-24T11:30:27+00:00\",\"breadcrumb\":{\"@id\":\"https:\/\/cce.it\/fr\/division-securite\/#breadcrumb\"},\"inLanguage\":\"it-IT\",\"potentialAction\":[{\"@type\":\"ReadAction\",\"target\":[\"https:\/\/cce.it\/fr\/division-securite\/\"]}]},{\"@type\":\"BreadcrumbList\",\"@id\":\"https:\/\/cce.it\/fr\/division-securite\/#breadcrumb\",\"itemListElement\":[{\"@type\":\"ListItem\",\"position\":1,\"item\":{\"@type\":\"WebPage\",\"@id\":\"https:\/\/cce.it\/\",\"url\":\"https:\/\/cce.it\/\",\"name\":\"Home\"}},{\"@type\":\"ListItem\",\"position\":2,\"item\":{\"@type\":\"WebPage\",\"@id\":\"https:\/\/cce.it\/fr\/division-securite\/\",\"url\":\"https:\/\/cce.it\/fr\/division-securite\/\",\"name\":\"Division S\\u00e9curit\\u00e9\"}}]}]}<\/script>\n<!-- \/ Yoast SEO plugin. -->","_links":{"self":[{"href":"https:\/\/cce.it\/fr\/wp-json\/wp\/v2\/pages\/47"}],"collection":[{"href":"https:\/\/cce.it\/fr\/wp-json\/wp\/v2\/pages"}],"about":[{"href":"https:\/\/cce.it\/fr\/wp-json\/wp\/v2\/types\/page"}],"author":[{"embeddable":true,"href":"https:\/\/cce.it\/fr\/wp-json\/wp\/v2\/users\/2"}],"replies":[{"embeddable":true,"href":"https:\/\/cce.it\/fr\/wp-json\/wp\/v2\/comments?post=47"}],"version-history":[{"count":5,"href":"https:\/\/cce.it\/fr\/wp-json\/wp\/v2\/pages\/47\/revisions"}],"predecessor-version":[{"id":21309,"href":"https:\/\/cce.it\/fr\/wp-json\/wp\/v2\/pages\/47\/revisions\/21309"}],"wp:featuredmedia":[{"embeddable":true,"href":"https:\/\/cce.it\/fr\/wp-json\/wp\/v2\/media\/21304"}],"wp:attachment":[{"href":"https:\/\/cce.it\/fr\/wp-json\/wp\/v2\/media?parent=47"}],"curies":[{"name":"wp","href":"https:\/\/api.w.org\/{rel}","templated":true}]}}