{"id":3541,"date":"2015-04-16T10:43:05","date_gmt":"2015-04-16T08:43:05","guid":{"rendered":"https:\/\/cce.it\/\/automatic-dropdowns-division\/prodotti\/easy\/con-guarnizione-sfilabile\/"},"modified":"2018-07-19T09:33:26","modified_gmt":"2018-07-19T07:33:26","slug":"con-guarnizione-sfilabile","status":"publish","type":"page","link":"https:\/\/cce.it\/fr\/division-plinthes-automatiques\/categories\/easy\/con-guarnizione-sfilabile\/","title":{"rendered":"Con Guarnizione Sfilabile"},"content":{"rendered":"<h5><span>INFORMATION<\/span><\/h5>\n<hr \/>\n<p>Un des mod\u00e8les historiques de CCE, disponible dans de nombreuses combinaisons de boutons poussoir et de joints. Incroyablement fonctionnel, son m\u00e9canisme est amovible aussi bien du c\u00f4t\u00e9 charni\u00e8re que du c\u00f4t\u00e9 poign\u00e9e (syst\u00e8me brevet\u00e9 CCE). Il peut \u00e9galement \u00eatre utilis\u00e9 sur les portes pivot avec l&#8217;accessoire Actuator Pivot.<\/p>\n","protected":false},"excerpt":{"rendered":"<p>INFORMATION Un des mod\u00e8les historiques de CCE, disponible dans de nombreuses combinaisons de boutons poussoir et de joints. Incroyablement fonctionnel, son m\u00e9canisme est amovible aussi bien du c\u00f4t\u00e9 charni\u00e8re que du c\u00f4t\u00e9 poign\u00e9e (syst\u00e8me brevet\u00e9 CCE). Il peut \u00e9galement \u00eatre utilis\u00e9 sur les portes pivot avec l&#8217;accessoire Actuator Pivot.<\/p>\n","protected":false},"author":12,"featured_media":15721,"parent":3534,"menu_order":399,"comment_status":"closed","ping_status":"open","template":"template-antis-product.php","meta":[],"acf":[],"yoast_head":"<!-- This site is optimized with the Yoast SEO plugin v15.0 - https:\/\/yoast.com\/wordpress\/plugins\/seo\/ -->\n<title>Con Guarnizione Sfilabile - CCE<\/title>\n<meta name=\"robots\" content=\"index, follow, max-snippet:-1, max-image-preview:large, max-video-preview:-1\" \/>\n<link rel=\"canonical\" href=\"https:\/\/cce.it\/fr\/division-plinthes-automatiques\/categories\/easy\/con-guarnizione-sfilabile\/\" \/>\n<meta property=\"og:locale\" content=\"it_IT\" \/>\n<meta property=\"og:type\" content=\"article\" \/>\n<meta property=\"og:title\" content=\"Con Guarnizione Sfilabile - CCE\" \/>\n<meta property=\"og:description\" content=\"INFORMATION Un des mod\u00e8les historiques de CCE, disponible dans de nombreuses combinaisons de boutons poussoir et de joints. Incroyablement fonctionnel, son m\u00e9canisme est amovible aussi bien du c\u00f4t\u00e9 charni\u00e8re que du c\u00f4t\u00e9 poign\u00e9e (syst\u00e8me brevet\u00e9 CCE). Il peut \u00e9galement \u00eatre utilis\u00e9 sur les portes pivot avec l&#8217;accessoire Actuator Pivot.\" \/>\n<meta property=\"og:url\" content=\"https:\/\/cce.it\/fr\/division-plinthes-automatiques\/categories\/easy\/con-guarnizione-sfilabile\/\" \/>\n<meta property=\"og:site_name\" content=\"CCE\" \/>\n<meta property=\"article:modified_time\" content=\"2018-07-19T07:33:26+00:00\" \/>\n<meta property=\"og:image\" content=\"https:\/\/cce.it\/wp-content\/uploads\/asgsf_solo_cat.jpg\" \/>\n\t<meta property=\"og:image:width\" content=\"1920\" \/>\n\t<meta property=\"og:image:height\" content=\"726\" \/>\n<script type=\"application\/ld+json\" class=\"yoast-schema-graph\">{\"@context\":\"https:\/\/schema.org\",\"@graph\":[{\"@type\":\"WebSite\",\"@id\":\"https:\/\/cce.it\/fr\/#website\",\"url\":\"https:\/\/cce.it\/fr\/\",\"name\":\"CCE\",\"description\":\"\",\"potentialAction\":[{\"@type\":\"SearchAction\",\"target\":\"https:\/\/cce.it\/fr\/?s={search_term_string}\",\"query-input\":\"required name=search_term_string\"}],\"inLanguage\":\"it-IT\"},{\"@type\":\"ImageObject\",\"@id\":\"https:\/\/cce.it\/fr\/division-plinthes-automatiques\/categories\/easy\/con-guarnizione-sfilabile\/#primaryimage\",\"inLanguage\":\"it-IT\",\"url\":\"https:\/\/cce.it\/wp-content\/uploads\/asgsf_solo_cat.jpg\",\"width\":1920,\"height\":726},{\"@type\":\"WebPage\",\"@id\":\"https:\/\/cce.it\/fr\/division-plinthes-automatiques\/categories\/easy\/con-guarnizione-sfilabile\/#webpage\",\"url\":\"https:\/\/cce.it\/fr\/division-plinthes-automatiques\/categories\/easy\/con-guarnizione-sfilabile\/\",\"name\":\"Con Guarnizione Sfilabile - CCE\",\"isPartOf\":{\"@id\":\"https:\/\/cce.it\/fr\/#website\"},\"primaryImageOfPage\":{\"@id\":\"https:\/\/cce.it\/fr\/division-plinthes-automatiques\/categories\/easy\/con-guarnizione-sfilabile\/#primaryimage\"},\"datePublished\":\"2015-04-16T08:43:05+00:00\",\"dateModified\":\"2018-07-19T07:33:26+00:00\",\"breadcrumb\":{\"@id\":\"https:\/\/cce.it\/fr\/division-plinthes-automatiques\/categories\/easy\/con-guarnizione-sfilabile\/#breadcrumb\"},\"inLanguage\":\"it-IT\",\"potentialAction\":[{\"@type\":\"ReadAction\",\"target\":[\"https:\/\/cce.it\/fr\/division-plinthes-automatiques\/categories\/easy\/con-guarnizione-sfilabile\/\"]}]},{\"@type\":\"BreadcrumbList\",\"@id\":\"https:\/\/cce.it\/fr\/division-plinthes-automatiques\/categories\/easy\/con-guarnizione-sfilabile\/#breadcrumb\",\"itemListElement\":[{\"@type\":\"ListItem\",\"position\":1,\"item\":{\"@type\":\"WebPage\",\"@id\":\"https:\/\/cce.it\/\",\"url\":\"https:\/\/cce.it\/\",\"name\":\"Home\"}},{\"@type\":\"ListItem\",\"position\":2,\"item\":{\"@type\":\"WebPage\",\"@id\":\"https:\/\/cce.it\/fr\/division-plinthes-automatiques\/\",\"url\":\"https:\/\/cce.it\/fr\/division-plinthes-automatiques\/\",\"name\":\"Division Plinthes Automatiques\"}},{\"@type\":\"ListItem\",\"position\":3,\"item\":{\"@type\":\"WebPage\",\"@id\":\"https:\/\/cce.it\/fr\/division-plinthes-automatiques\/categories\/\",\"url\":\"https:\/\/cce.it\/fr\/division-plinthes-automatiques\/categories\/\",\"name\":\"Cat\\u00e9gories\"}},{\"@type\":\"ListItem\",\"position\":4,\"item\":{\"@type\":\"WebPage\",\"@id\":\"https:\/\/cce.it\/fr\/division-plinthes-automatiques\/categories\/easy\/\",\"url\":\"https:\/\/cce.it\/fr\/division-plinthes-automatiques\/categories\/easy\/\",\"name\":\"Easy\"}},{\"@type\":\"ListItem\",\"position\":5,\"item\":{\"@type\":\"WebPage\",\"@id\":\"https:\/\/cce.it\/fr\/division-plinthes-automatiques\/categories\/easy\/con-guarnizione-sfilabile\/\",\"url\":\"https:\/\/cce.it\/fr\/division-plinthes-automatiques\/categories\/easy\/con-guarnizione-sfilabile\/\",\"name\":\"Con Guarnizione Sfilabile\"}}]}]}<\/script>\n<!-- \/ Yoast SEO plugin. -->","_links":{"self":[{"href":"https:\/\/cce.it\/fr\/wp-json\/wp\/v2\/pages\/3541"}],"collection":[{"href":"https:\/\/cce.it\/fr\/wp-json\/wp\/v2\/pages"}],"about":[{"href":"https:\/\/cce.it\/fr\/wp-json\/wp\/v2\/types\/page"}],"author":[{"embeddable":true,"href":"https:\/\/cce.it\/fr\/wp-json\/wp\/v2\/users\/12"}],"replies":[{"embeddable":true,"href":"https:\/\/cce.it\/fr\/wp-json\/wp\/v2\/comments?post=3541"}],"version-history":[{"count":12,"href":"https:\/\/cce.it\/fr\/wp-json\/wp\/v2\/pages\/3541\/revisions"}],"predecessor-version":[{"id":18289,"href":"https:\/\/cce.it\/fr\/wp-json\/wp\/v2\/pages\/3541\/revisions\/18289"}],"up":[{"embeddable":true,"href":"https:\/\/cce.it\/fr\/wp-json\/wp\/v2\/pages\/3534"}],"wp:featuredmedia":[{"embeddable":true,"href":"https:\/\/cce.it\/fr\/wp-json\/wp\/v2\/media\/15721"}],"wp:attachment":[{"href":"https:\/\/cce.it\/fr\/wp-json\/wp\/v2\/media?parent=3541"}],"curies":[{"name":"wp","href":"https:\/\/api.w.org\/{rel}","templated":true}]}}