{"id":3497,"date":"2015-04-09T18:28:08","date_gmt":"2015-04-09T16:28:08","guid":{"rendered":"https:\/\/cce.it\/\/automatic-dropdowns-division\/prodotti\/comfort-fire\/"},"modified":"2022-02-08T15:22:11","modified_gmt":"2022-02-08T14:22:11","slug":"comfort-fire","status":"publish","type":"page","link":"https:\/\/cce.it\/fr\/division-plinthes-automatiques\/categories\/comfort-fire\/","title":{"rendered":"Comfort Fire"},"content":{"rendered":"<p>Ligne de joints automatiques de cat\u00e9gorie sup\u00e9rieure; il s\u2019agit de joints faisant partie de la gamme Comfort mais qui sont essentiellement con\u00e7us pour satisfaire toute exigence d\u2019\u00e9tanch\u00e9it\u00e9 au feu. L\u2019\u00e9tude des mat\u00e9riaux a permis de passer le test d\u2019\u00e9tanch\u00e9it\u00e9 au feu pendant 60 ou 120 minutes, conform\u00e9ment aux derni\u00e8res normes BS EN 1634-1-:2000.<\/p>\n","protected":false},"excerpt":{"rendered":"<p>Ligne de joints automatiques de cat\u00e9gorie sup\u00e9rieure; il s\u2019agit de joints faisant partie de la gamme Comfort mais qui sont essentiellement con\u00e7us pour satisfaire toute exigence d\u2019\u00e9tanch\u00e9it\u00e9 au feu. L\u2019\u00e9tude des mat\u00e9riaux a permis de passer le test d\u2019\u00e9tanch\u00e9it\u00e9 au feu pendant 60 ou 120 minutes, conform\u00e9ment aux derni\u00e8res normes BS EN 1634-1-:2000.<\/p>\n","protected":false},"author":12,"featured_media":595,"parent":3227,"menu_order":66,"comment_status":"closed","ping_status":"closed","template":"template-antis-family.php","meta":[],"acf":[],"yoast_head":"<!-- This site is optimized with the Yoast SEO plugin v15.0 - https:\/\/yoast.com\/wordpress\/plugins\/seo\/ -->\n<title>Comfort Fire - CCE<\/title>\n<meta name=\"robots\" content=\"index, follow, max-snippet:-1, max-image-preview:large, max-video-preview:-1\" \/>\n<link rel=\"canonical\" href=\"https:\/\/cce.it\/fr\/division-plinthes-automatiques\/categories\/comfort-fire\/\" \/>\n<meta property=\"og:locale\" content=\"it_IT\" \/>\n<meta property=\"og:type\" content=\"article\" \/>\n<meta property=\"og:title\" content=\"Comfort Fire - CCE\" \/>\n<meta property=\"og:description\" content=\"Ligne de joints automatiques de cat\u00e9gorie sup\u00e9rieure; il s\u2019agit de joints faisant partie de la gamme Comfort mais qui sont essentiellement con\u00e7us pour satisfaire toute exigence d\u2019\u00e9tanch\u00e9it\u00e9 au feu. L\u2019\u00e9tude des mat\u00e9riaux a permis de passer le test d\u2019\u00e9tanch\u00e9it\u00e9 au feu pendant 60 ou 120 minutes, conform\u00e9ment aux derni\u00e8res normes BS EN 1634-1-:2000.\" \/>\n<meta property=\"og:url\" content=\"https:\/\/cce.it\/fr\/division-plinthes-automatiques\/categories\/comfort-fire\/\" \/>\n<meta property=\"og:site_name\" content=\"CCE\" \/>\n<meta property=\"article:modified_time\" content=\"2022-02-08T14:22:11+00:00\" \/>\n<meta property=\"og:image\" content=\"https:\/\/cce.it\/wp-content\/uploads\/visual-comfort-fire.jpg\" \/>\n\t<meta property=\"og:image:width\" content=\"1769\" \/>\n\t<meta property=\"og:image:height\" content=\"947\" \/>\n<script type=\"application\/ld+json\" class=\"yoast-schema-graph\">{\"@context\":\"https:\/\/schema.org\",\"@graph\":[{\"@type\":\"WebSite\",\"@id\":\"https:\/\/cce.it\/fr\/#website\",\"url\":\"https:\/\/cce.it\/fr\/\",\"name\":\"CCE\",\"description\":\"\",\"potentialAction\":[{\"@type\":\"SearchAction\",\"target\":\"https:\/\/cce.it\/fr\/?s={search_term_string}\",\"query-input\":\"required name=search_term_string\"}],\"inLanguage\":\"it-IT\"},{\"@type\":\"ImageObject\",\"@id\":\"https:\/\/cce.it\/fr\/division-plinthes-automatiques\/categories\/comfort-fire\/#primaryimage\",\"inLanguage\":\"it-IT\",\"url\":\"https:\/\/cce.it\/wp-content\/uploads\/visual-comfort-fire.jpg\",\"width\":1769,\"height\":947},{\"@type\":\"WebPage\",\"@id\":\"https:\/\/cce.it\/fr\/division-plinthes-automatiques\/categories\/comfort-fire\/#webpage\",\"url\":\"https:\/\/cce.it\/fr\/division-plinthes-automatiques\/categories\/comfort-fire\/\",\"name\":\"Comfort Fire - CCE\",\"isPartOf\":{\"@id\":\"https:\/\/cce.it\/fr\/#website\"},\"primaryImageOfPage\":{\"@id\":\"https:\/\/cce.it\/fr\/division-plinthes-automatiques\/categories\/comfort-fire\/#primaryimage\"},\"datePublished\":\"2015-04-09T16:28:08+00:00\",\"dateModified\":\"2022-02-08T14:22:11+00:00\",\"breadcrumb\":{\"@id\":\"https:\/\/cce.it\/fr\/division-plinthes-automatiques\/categories\/comfort-fire\/#breadcrumb\"},\"inLanguage\":\"it-IT\",\"potentialAction\":[{\"@type\":\"ReadAction\",\"target\":[\"https:\/\/cce.it\/fr\/division-plinthes-automatiques\/categories\/comfort-fire\/\"]}]},{\"@type\":\"BreadcrumbList\",\"@id\":\"https:\/\/cce.it\/fr\/division-plinthes-automatiques\/categories\/comfort-fire\/#breadcrumb\",\"itemListElement\":[{\"@type\":\"ListItem\",\"position\":1,\"item\":{\"@type\":\"WebPage\",\"@id\":\"https:\/\/cce.it\/\",\"url\":\"https:\/\/cce.it\/\",\"name\":\"Home\"}},{\"@type\":\"ListItem\",\"position\":2,\"item\":{\"@type\":\"WebPage\",\"@id\":\"https:\/\/cce.it\/fr\/division-plinthes-automatiques\/\",\"url\":\"https:\/\/cce.it\/fr\/division-plinthes-automatiques\/\",\"name\":\"Division Plinthes Automatiques\"}},{\"@type\":\"ListItem\",\"position\":3,\"item\":{\"@type\":\"WebPage\",\"@id\":\"https:\/\/cce.it\/fr\/division-plinthes-automatiques\/categories\/\",\"url\":\"https:\/\/cce.it\/fr\/division-plinthes-automatiques\/categories\/\",\"name\":\"Cat\\u00e9gories\"}},{\"@type\":\"ListItem\",\"position\":4,\"item\":{\"@type\":\"WebPage\",\"@id\":\"https:\/\/cce.it\/fr\/division-plinthes-automatiques\/categories\/comfort-fire\/\",\"url\":\"https:\/\/cce.it\/fr\/division-plinthes-automatiques\/categories\/comfort-fire\/\",\"name\":\"Comfort Fire\"}}]}]}<\/script>\n<!-- \/ Yoast SEO plugin. -->","_links":{"self":[{"href":"https:\/\/cce.it\/fr\/wp-json\/wp\/v2\/pages\/3497"}],"collection":[{"href":"https:\/\/cce.it\/fr\/wp-json\/wp\/v2\/pages"}],"about":[{"href":"https:\/\/cce.it\/fr\/wp-json\/wp\/v2\/types\/page"}],"author":[{"embeddable":true,"href":"https:\/\/cce.it\/fr\/wp-json\/wp\/v2\/users\/12"}],"replies":[{"embeddable":true,"href":"https:\/\/cce.it\/fr\/wp-json\/wp\/v2\/comments?post=3497"}],"version-history":[{"count":6,"href":"https:\/\/cce.it\/fr\/wp-json\/wp\/v2\/pages\/3497\/revisions"}],"predecessor-version":[{"id":20901,"href":"https:\/\/cce.it\/fr\/wp-json\/wp\/v2\/pages\/3497\/revisions\/20901"}],"up":[{"embeddable":true,"href":"https:\/\/cce.it\/fr\/wp-json\/wp\/v2\/pages\/3227"}],"wp:featuredmedia":[{"embeddable":true,"href":"https:\/\/cce.it\/fr\/wp-json\/wp\/v2\/media\/595"}],"wp:attachment":[{"href":"https:\/\/cce.it\/fr\/wp-json\/wp\/v2\/media?parent=3497"}],"curies":[{"name":"wp","href":"https:\/\/api.w.org\/{rel}","templated":true}]}}