{"id":3480,"date":"2015-04-13T17:45:40","date_gmt":"2015-04-13T15:45:40","guid":{"rendered":"https:\/\/cce.it\/\/automatic-dropdowns-division\/prodotti\/comfort\/biexit\/"},"modified":"2018-07-19T09:20:42","modified_gmt":"2018-07-19T07:20:42","slug":"biexit","status":"publish","type":"page","link":"https:\/\/cce.it\/fr\/division-plinthes-automatiques\/categories\/comfort\/biexit\/","title":{"rendered":"Biexit"},"content":{"rendered":"<h5><span>INFORMATION<\/span><\/h5>\n<hr \/>\n<p>Version sp\u00e9ciale du mod\u00e8le Eurogroove avec fixation au travers d\u2019un rail d\u00e9di\u00e9 qui est fix\u00e9 sur le c\u00f4t\u00e9, permettant le retrait complet de la plinthe automatique. Convient \u00e9galement aux portes pivot avec l\u2019accessoire Actuator Pivot.<\/p>\n","protected":false},"excerpt":{"rendered":"<p>INFORMATION Version sp\u00e9ciale du mod\u00e8le Eurogroove avec fixation au travers d\u2019un rail d\u00e9di\u00e9 qui est fix\u00e9 sur le c\u00f4t\u00e9, permettant le retrait complet de la plinthe automatique. Convient \u00e9galement aux portes pivot avec l\u2019accessoire Actuator Pivot.<\/p>\n","protected":false},"author":12,"featured_media":15703,"parent":3300,"menu_order":229,"comment_status":"closed","ping_status":"open","template":"template-antis-product.php","meta":[],"acf":[],"yoast_head":"<!-- This site is optimized with the Yoast SEO plugin v15.0 - https:\/\/yoast.com\/wordpress\/plugins\/seo\/ -->\n<title>Biexit - CCE<\/title>\n<meta name=\"robots\" content=\"index, follow, max-snippet:-1, max-image-preview:large, max-video-preview:-1\" \/>\n<link rel=\"canonical\" href=\"https:\/\/cce.it\/fr\/division-plinthes-automatiques\/categories\/comfort\/biexit\/\" \/>\n<meta property=\"og:locale\" content=\"fr_FR\" \/>\n<meta property=\"og:type\" content=\"article\" \/>\n<meta property=\"og:title\" content=\"Biexit - CCE\" \/>\n<meta property=\"og:description\" content=\"INFORMATION Version sp\u00e9ciale du mod\u00e8le Eurogroove avec fixation au travers d\u2019un rail d\u00e9di\u00e9 qui est fix\u00e9 sur le c\u00f4t\u00e9, permettant le retrait complet de la plinthe automatique. Convient \u00e9galement aux portes pivot avec l\u2019accessoire Actuator Pivot.\" \/>\n<meta property=\"og:url\" content=\"https:\/\/cce.it\/fr\/division-plinthes-automatiques\/categories\/comfort\/biexit\/\" \/>\n<meta property=\"og:site_name\" content=\"CCE\" \/>\n<meta property=\"article:modified_time\" content=\"2018-07-19T07:20:42+00:00\" \/>\n<meta property=\"og:image\" content=\"https:\/\/cce.it\/wp-content\/uploads\/asbiex_solo_rev2_cat.jpg\" \/>\n\t<meta property=\"og:image:width\" content=\"1920\" \/>\n\t<meta property=\"og:image:height\" content=\"726\" \/>\n<script type=\"application\/ld+json\" class=\"yoast-schema-graph\">{\"@context\":\"https:\/\/schema.org\",\"@graph\":[{\"@type\":\"WebSite\",\"@id\":\"https:\/\/cce.it\/fr\/#website\",\"url\":\"https:\/\/cce.it\/fr\/\",\"name\":\"CCE\",\"description\":\"\",\"potentialAction\":[{\"@type\":\"SearchAction\",\"target\":\"https:\/\/cce.it\/fr\/?s={search_term_string}\",\"query-input\":\"required name=search_term_string\"}],\"inLanguage\":\"fr-FR\"},{\"@type\":\"ImageObject\",\"@id\":\"https:\/\/cce.it\/fr\/division-plinthes-automatiques\/categories\/comfort\/biexit\/#primaryimage\",\"inLanguage\":\"fr-FR\",\"url\":\"https:\/\/cce.it\/wp-content\/uploads\/asbiex_solo_rev2_cat.jpg\",\"width\":1920,\"height\":726},{\"@type\":\"WebPage\",\"@id\":\"https:\/\/cce.it\/fr\/division-plinthes-automatiques\/categories\/comfort\/biexit\/#webpage\",\"url\":\"https:\/\/cce.it\/fr\/division-plinthes-automatiques\/categories\/comfort\/biexit\/\",\"name\":\"Biexit - CCE\",\"isPartOf\":{\"@id\":\"https:\/\/cce.it\/fr\/#website\"},\"primaryImageOfPage\":{\"@id\":\"https:\/\/cce.it\/fr\/division-plinthes-automatiques\/categories\/comfort\/biexit\/#primaryimage\"},\"datePublished\":\"2015-04-13T15:45:40+00:00\",\"dateModified\":\"2018-07-19T07:20:42+00:00\",\"breadcrumb\":{\"@id\":\"https:\/\/cce.it\/fr\/division-plinthes-automatiques\/categories\/comfort\/biexit\/#breadcrumb\"},\"inLanguage\":\"fr-FR\",\"potentialAction\":[{\"@type\":\"ReadAction\",\"target\":[\"https:\/\/cce.it\/fr\/division-plinthes-automatiques\/categories\/comfort\/biexit\/\"]}]},{\"@type\":\"BreadcrumbList\",\"@id\":\"https:\/\/cce.it\/fr\/division-plinthes-automatiques\/categories\/comfort\/biexit\/#breadcrumb\",\"itemListElement\":[{\"@type\":\"ListItem\",\"position\":1,\"item\":{\"@type\":\"WebPage\",\"@id\":\"https:\/\/cce.it\/fr\/\",\"url\":\"https:\/\/cce.it\/fr\/\",\"name\":\"Home\"}},{\"@type\":\"ListItem\",\"position\":2,\"item\":{\"@type\":\"WebPage\",\"@id\":\"https:\/\/cce.it\/fr\/division-plinthes-automatiques\/\",\"url\":\"https:\/\/cce.it\/fr\/division-plinthes-automatiques\/\",\"name\":\"Division Plinthes Automatiques\"}},{\"@type\":\"ListItem\",\"position\":3,\"item\":{\"@type\":\"WebPage\",\"@id\":\"https:\/\/cce.it\/fr\/division-plinthes-automatiques\/categories\/\",\"url\":\"https:\/\/cce.it\/fr\/division-plinthes-automatiques\/categories\/\",\"name\":\"Cat\\u00e9gories\"}},{\"@type\":\"ListItem\",\"position\":4,\"item\":{\"@type\":\"WebPage\",\"@id\":\"https:\/\/cce.it\/fr\/division-plinthes-automatiques\/categories\/comfort\/\",\"url\":\"https:\/\/cce.it\/fr\/division-plinthes-automatiques\/categories\/comfort\/\",\"name\":\"Comfort\"}},{\"@type\":\"ListItem\",\"position\":5,\"item\":{\"@type\":\"WebPage\",\"@id\":\"https:\/\/cce.it\/fr\/division-plinthes-automatiques\/categories\/comfort\/biexit\/\",\"url\":\"https:\/\/cce.it\/fr\/division-plinthes-automatiques\/categories\/comfort\/biexit\/\",\"name\":\"Biexit\"}}]}]}<\/script>\n<!-- \/ Yoast SEO plugin. -->","_links":{"self":[{"href":"https:\/\/cce.it\/fr\/wp-json\/wp\/v2\/pages\/3480"}],"collection":[{"href":"https:\/\/cce.it\/fr\/wp-json\/wp\/v2\/pages"}],"about":[{"href":"https:\/\/cce.it\/fr\/wp-json\/wp\/v2\/types\/page"}],"author":[{"embeddable":true,"href":"https:\/\/cce.it\/fr\/wp-json\/wp\/v2\/users\/12"}],"replies":[{"embeddable":true,"href":"https:\/\/cce.it\/fr\/wp-json\/wp\/v2\/comments?post=3480"}],"version-history":[{"count":11,"href":"https:\/\/cce.it\/fr\/wp-json\/wp\/v2\/pages\/3480\/revisions"}],"predecessor-version":[{"id":18261,"href":"https:\/\/cce.it\/fr\/wp-json\/wp\/v2\/pages\/3480\/revisions\/18261"}],"up":[{"embeddable":true,"href":"https:\/\/cce.it\/fr\/wp-json\/wp\/v2\/pages\/3300"}],"wp:featuredmedia":[{"embeddable":true,"href":"https:\/\/cce.it\/fr\/wp-json\/wp\/v2\/media\/15703"}],"wp:attachment":[{"href":"https:\/\/cce.it\/fr\/wp-json\/wp\/v2\/media?parent=3480"}],"curies":[{"name":"wp","href":"https:\/\/api.w.org\/{rel}","templated":true}]}}