{"id":3448,"date":"2015-03-04T12:55:01","date_gmt":"2015-03-04T11:55:01","guid":{"rendered":"https:\/\/cce.it\/\/automatic-dropdowns-division\/prodotti\/chrono\/"},"modified":"2022-02-08T15:20:31","modified_gmt":"2022-02-08T14:20:31","slug":"chrono","status":"publish","type":"page","link":"https:\/\/cce.it\/fr\/division-plinthes-automatiques\/categories\/chrono\/","title":{"rendered":"Chrono"},"content":{"rendered":"<p>Ligne de plinthes automatiques dot\u00e9es d\u2019un syst\u00e8me r\u00e9volutionnaire d\u2019abaissement hydraulique retard\u00e9. Le joint descend quelques secondes apr\u00e8s que la porte soit compl\u00e8tement ferm\u00e9e, \u00e9vitant les frottements et le bruit lors de la phase de fermeture. La famille Chronoseal inclut deux versions (Soft et Click) avec des fonctionnements diff\u00e9rents, maintenant les m\u00eames performances de haut niveau.<\/p>\n","protected":false},"excerpt":{"rendered":"<p>Ligne de plinthes automatiques dot\u00e9es d\u2019un syst\u00e8me r\u00e9volutionnaire d\u2019abaissement hydraulique retard\u00e9. Le joint descend quelques secondes apr\u00e8s que la porte soit compl\u00e8tement ferm\u00e9e, \u00e9vitant les frottements et le bruit lors de la phase de fermeture. La famille Chronoseal inclut deux versions (Soft et Click) avec des fonctionnements diff\u00e9rents, maintenant les m\u00eames performances de haut niveau.<\/p>\n","protected":false},"author":2,"featured_media":593,"parent":3227,"menu_order":26,"comment_status":"closed","ping_status":"closed","template":"template-antis-family.php","meta":[],"acf":[],"yoast_head":"<!-- This site is optimized with the Yoast SEO plugin v15.0 - https:\/\/yoast.com\/wordpress\/plugins\/seo\/ -->\n<title>Chrono - CCE<\/title>\n<meta name=\"robots\" content=\"index, follow, max-snippet:-1, max-image-preview:large, max-video-preview:-1\" \/>\n<link rel=\"canonical\" href=\"https:\/\/cce.it\/fr\/division-plinthes-automatiques\/categories\/chrono\/\" \/>\n<meta property=\"og:locale\" content=\"fr_FR\" \/>\n<meta property=\"og:type\" content=\"article\" \/>\n<meta property=\"og:title\" content=\"Chrono - CCE\" \/>\n<meta property=\"og:description\" content=\"Ligne de plinthes automatiques dot\u00e9es d\u2019un syst\u00e8me r\u00e9volutionnaire d\u2019abaissement hydraulique retard\u00e9. Le joint descend quelques secondes apr\u00e8s que la porte soit compl\u00e8tement ferm\u00e9e, \u00e9vitant les frottements et le bruit lors de la phase de fermeture. La famille Chronoseal inclut deux versions (Soft et Click) avec des fonctionnements diff\u00e9rents, maintenant les m\u00eames performances de haut niveau.\" \/>\n<meta property=\"og:url\" content=\"https:\/\/cce.it\/fr\/division-plinthes-automatiques\/categories\/chrono\/\" \/>\n<meta property=\"og:site_name\" content=\"CCE\" \/>\n<meta property=\"article:modified_time\" content=\"2022-02-08T14:20:31+00:00\" \/>\n<meta property=\"og:image\" content=\"https:\/\/cce.it\/wp-content\/uploads\/visual-chrono.jpg\" \/>\n\t<meta property=\"og:image:width\" content=\"1769\" \/>\n\t<meta property=\"og:image:height\" content=\"947\" \/>\n<script type=\"application\/ld+json\" class=\"yoast-schema-graph\">{\"@context\":\"https:\/\/schema.org\",\"@graph\":[{\"@type\":\"WebSite\",\"@id\":\"https:\/\/cce.it\/fr\/#website\",\"url\":\"https:\/\/cce.it\/fr\/\",\"name\":\"CCE\",\"description\":\"\",\"potentialAction\":[{\"@type\":\"SearchAction\",\"target\":\"https:\/\/cce.it\/fr\/?s={search_term_string}\",\"query-input\":\"required name=search_term_string\"}],\"inLanguage\":\"fr-FR\"},{\"@type\":\"ImageObject\",\"@id\":\"https:\/\/cce.it\/fr\/division-plinthes-automatiques\/categories\/chrono\/#primaryimage\",\"inLanguage\":\"fr-FR\",\"url\":\"https:\/\/cce.it\/wp-content\/uploads\/visual-chrono.jpg\",\"width\":1769,\"height\":947},{\"@type\":\"WebPage\",\"@id\":\"https:\/\/cce.it\/fr\/division-plinthes-automatiques\/categories\/chrono\/#webpage\",\"url\":\"https:\/\/cce.it\/fr\/division-plinthes-automatiques\/categories\/chrono\/\",\"name\":\"Chrono - CCE\",\"isPartOf\":{\"@id\":\"https:\/\/cce.it\/fr\/#website\"},\"primaryImageOfPage\":{\"@id\":\"https:\/\/cce.it\/fr\/division-plinthes-automatiques\/categories\/chrono\/#primaryimage\"},\"datePublished\":\"2015-03-04T11:55:01+00:00\",\"dateModified\":\"2022-02-08T14:20:31+00:00\",\"breadcrumb\":{\"@id\":\"https:\/\/cce.it\/fr\/division-plinthes-automatiques\/categories\/chrono\/#breadcrumb\"},\"inLanguage\":\"fr-FR\",\"potentialAction\":[{\"@type\":\"ReadAction\",\"target\":[\"https:\/\/cce.it\/fr\/division-plinthes-automatiques\/categories\/chrono\/\"]}]},{\"@type\":\"BreadcrumbList\",\"@id\":\"https:\/\/cce.it\/fr\/division-plinthes-automatiques\/categories\/chrono\/#breadcrumb\",\"itemListElement\":[{\"@type\":\"ListItem\",\"position\":1,\"item\":{\"@type\":\"WebPage\",\"@id\":\"https:\/\/cce.it\/fr\/\",\"url\":\"https:\/\/cce.it\/fr\/\",\"name\":\"Home\"}},{\"@type\":\"ListItem\",\"position\":2,\"item\":{\"@type\":\"WebPage\",\"@id\":\"https:\/\/cce.it\/fr\/division-plinthes-automatiques\/\",\"url\":\"https:\/\/cce.it\/fr\/division-plinthes-automatiques\/\",\"name\":\"Division Plinthes Automatiques\"}},{\"@type\":\"ListItem\",\"position\":3,\"item\":{\"@type\":\"WebPage\",\"@id\":\"https:\/\/cce.it\/fr\/division-plinthes-automatiques\/categories\/\",\"url\":\"https:\/\/cce.it\/fr\/division-plinthes-automatiques\/categories\/\",\"name\":\"Cat\\u00e9gories\"}},{\"@type\":\"ListItem\",\"position\":4,\"item\":{\"@type\":\"WebPage\",\"@id\":\"https:\/\/cce.it\/fr\/division-plinthes-automatiques\/categories\/chrono\/\",\"url\":\"https:\/\/cce.it\/fr\/division-plinthes-automatiques\/categories\/chrono\/\",\"name\":\"Chrono\"}}]}]}<\/script>\n<!-- \/ Yoast SEO plugin. -->","_links":{"self":[{"href":"https:\/\/cce.it\/fr\/wp-json\/wp\/v2\/pages\/3448"}],"collection":[{"href":"https:\/\/cce.it\/fr\/wp-json\/wp\/v2\/pages"}],"about":[{"href":"https:\/\/cce.it\/fr\/wp-json\/wp\/v2\/types\/page"}],"author":[{"embeddable":true,"href":"https:\/\/cce.it\/fr\/wp-json\/wp\/v2\/users\/2"}],"replies":[{"embeddable":true,"href":"https:\/\/cce.it\/fr\/wp-json\/wp\/v2\/comments?post=3448"}],"version-history":[{"count":8,"href":"https:\/\/cce.it\/fr\/wp-json\/wp\/v2\/pages\/3448\/revisions"}],"predecessor-version":[{"id":20897,"href":"https:\/\/cce.it\/fr\/wp-json\/wp\/v2\/pages\/3448\/revisions\/20897"}],"up":[{"embeddable":true,"href":"https:\/\/cce.it\/fr\/wp-json\/wp\/v2\/pages\/3227"}],"wp:featuredmedia":[{"embeddable":true,"href":"https:\/\/cce.it\/fr\/wp-json\/wp\/v2\/media\/593"}],"wp:attachment":[{"href":"https:\/\/cce.it\/fr\/wp-json\/wp\/v2\/media?parent=3448"}],"curies":[{"name":"wp","href":"https:\/\/api.w.org\/{rel}","templated":true}]}}