{"id":3431,"date":"2015-04-16T14:39:49","date_gmt":"2015-04-16T12:39:49","guid":{"rendered":"https:\/\/cce.it\/\/automatic-dropdowns-division\/prodotti\/glass\/glass-to-glass\/"},"modified":"2018-07-19T09:59:18","modified_gmt":"2018-07-19T07:59:18","slug":"glass-to-glass","status":"publish","type":"page","link":"https:\/\/cce.it\/fr\/division-plinthes-automatiques\/categories\/glass\/glass-to-glass\/","title":{"rendered":"Glass to Glass"},"content":{"rendered":"<h5><span> INFORMATION<\/span><\/h5>\n<hr \/>\n<p>En compl\u00e9ment du joint p\u00e9rim\u00e9trique GLASS FRAME, ces profil\u00e9s sont utilis\u00e9s pour r\u00e9aliser des jonctions entre deux parois en verres. Le profil\u00e9 en aluminium anodis\u00e9 poss\u00e8de dans son profil int\u00e9rieur des joints antivibratoires souples qui permettent de compenser les fentes d&#8217;un minimum de 4 mm \u00e0 un maximum de 8 mm. Disponible pour des verres d\u2019\u00e9paisseur 10 \/ 12 mm.<\/p>\n","protected":false},"excerpt":{"rendered":"<p>INFORMATION En compl\u00e9ment du joint p\u00e9rim\u00e9trique GLASS FRAME, ces profil\u00e9s sont utilis\u00e9s pour r\u00e9aliser des jonctions entre deux parois en verres. Le profil\u00e9 en aluminium anodis\u00e9 poss\u00e8de dans son profil int\u00e9rieur des joints antivibratoires souples qui permettent de compenser les fentes d&#8217;un minimum de 4 mm \u00e0 un maximum de 8 mm. Disponible pour des &hellip; <a href=\"https:\/\/cce.it\/fr\/division-plinthes-automatiques\/categories\/glass\/glass-to-glass\/\">Continua<\/a><\/p>\n","protected":false},"author":12,"featured_media":9074,"parent":3422,"menu_order":679,"comment_status":"closed","ping_status":"open","template":"template-antis-product.php","meta":[],"acf":[],"yoast_head":"<!-- This site is optimized with the Yoast SEO plugin v15.0 - https:\/\/yoast.com\/wordpress\/plugins\/seo\/ -->\n<title>Glass to Glass - CCE<\/title>\n<meta name=\"robots\" content=\"index, follow, max-snippet:-1, max-image-preview:large, max-video-preview:-1\" \/>\n<link rel=\"canonical\" href=\"https:\/\/cce.it\/fr\/division-plinthes-automatiques\/categories\/glass\/glass-to-glass\/\" \/>\n<meta property=\"og:locale\" content=\"it_IT\" \/>\n<meta property=\"og:type\" content=\"article\" \/>\n<meta property=\"og:title\" content=\"Glass to Glass - CCE\" \/>\n<meta property=\"og:description\" content=\"INFORMATION En compl\u00e9ment du joint p\u00e9rim\u00e9trique GLASS FRAME, ces profil\u00e9s sont utilis\u00e9s pour r\u00e9aliser des jonctions entre deux parois en verres. Le profil\u00e9 en aluminium anodis\u00e9 poss\u00e8de dans son profil int\u00e9rieur des joints antivibratoires souples qui permettent de compenser les fentes d&#8217;un minimum de 4 mm \u00e0 un maximum de 8 mm. Disponible pour des &hellip; Continua\" \/>\n<meta property=\"og:url\" content=\"https:\/\/cce.it\/fr\/division-plinthes-automatiques\/categories\/glass\/glass-to-glass\/\" \/>\n<meta property=\"og:site_name\" content=\"CCE\" \/>\n<meta property=\"article:modified_time\" content=\"2018-07-19T07:59:18+00:00\" \/>\n<meta property=\"og:image\" content=\"https:\/\/cce.it\/wp-content\/uploads\/glasstg-prodotto_rev2.jpg\" \/>\n\t<meta property=\"og:image:width\" content=\"1920\" \/>\n\t<meta property=\"og:image:height\" content=\"726\" \/>\n<script type=\"application\/ld+json\" class=\"yoast-schema-graph\">{\"@context\":\"https:\/\/schema.org\",\"@graph\":[{\"@type\":\"WebSite\",\"@id\":\"https:\/\/cce.it\/fr\/#website\",\"url\":\"https:\/\/cce.it\/fr\/\",\"name\":\"CCE\",\"description\":\"\",\"potentialAction\":[{\"@type\":\"SearchAction\",\"target\":\"https:\/\/cce.it\/fr\/?s={search_term_string}\",\"query-input\":\"required name=search_term_string\"}],\"inLanguage\":\"it-IT\"},{\"@type\":\"ImageObject\",\"@id\":\"https:\/\/cce.it\/fr\/division-plinthes-automatiques\/categories\/glass\/glass-to-glass\/#primaryimage\",\"inLanguage\":\"it-IT\",\"url\":\"https:\/\/cce.it\/wp-content\/uploads\/glasstg-prodotto_rev2.jpg\",\"width\":1920,\"height\":726},{\"@type\":\"WebPage\",\"@id\":\"https:\/\/cce.it\/fr\/division-plinthes-automatiques\/categories\/glass\/glass-to-glass\/#webpage\",\"url\":\"https:\/\/cce.it\/fr\/division-plinthes-automatiques\/categories\/glass\/glass-to-glass\/\",\"name\":\"Glass to Glass - CCE\",\"isPartOf\":{\"@id\":\"https:\/\/cce.it\/fr\/#website\"},\"primaryImageOfPage\":{\"@id\":\"https:\/\/cce.it\/fr\/division-plinthes-automatiques\/categories\/glass\/glass-to-glass\/#primaryimage\"},\"datePublished\":\"2015-04-16T12:39:49+00:00\",\"dateModified\":\"2018-07-19T07:59:18+00:00\",\"breadcrumb\":{\"@id\":\"https:\/\/cce.it\/fr\/division-plinthes-automatiques\/categories\/glass\/glass-to-glass\/#breadcrumb\"},\"inLanguage\":\"it-IT\",\"potentialAction\":[{\"@type\":\"ReadAction\",\"target\":[\"https:\/\/cce.it\/fr\/division-plinthes-automatiques\/categories\/glass\/glass-to-glass\/\"]}]},{\"@type\":\"BreadcrumbList\",\"@id\":\"https:\/\/cce.it\/fr\/division-plinthes-automatiques\/categories\/glass\/glass-to-glass\/#breadcrumb\",\"itemListElement\":[{\"@type\":\"ListItem\",\"position\":1,\"item\":{\"@type\":\"WebPage\",\"@id\":\"https:\/\/cce.it\/\",\"url\":\"https:\/\/cce.it\/\",\"name\":\"Home\"}},{\"@type\":\"ListItem\",\"position\":2,\"item\":{\"@type\":\"WebPage\",\"@id\":\"https:\/\/cce.it\/fr\/division-plinthes-automatiques\/\",\"url\":\"https:\/\/cce.it\/fr\/division-plinthes-automatiques\/\",\"name\":\"Division Plinthes Automatiques\"}},{\"@type\":\"ListItem\",\"position\":3,\"item\":{\"@type\":\"WebPage\",\"@id\":\"https:\/\/cce.it\/fr\/division-plinthes-automatiques\/categories\/\",\"url\":\"https:\/\/cce.it\/fr\/division-plinthes-automatiques\/categories\/\",\"name\":\"Cat\\u00e9gories\"}},{\"@type\":\"ListItem\",\"position\":4,\"item\":{\"@type\":\"WebPage\",\"@id\":\"https:\/\/cce.it\/fr\/division-plinthes-automatiques\/categories\/glass\/\",\"url\":\"https:\/\/cce.it\/fr\/division-plinthes-automatiques\/categories\/glass\/\",\"name\":\"Glass\"}},{\"@type\":\"ListItem\",\"position\":5,\"item\":{\"@type\":\"WebPage\",\"@id\":\"https:\/\/cce.it\/fr\/division-plinthes-automatiques\/categories\/glass\/glass-to-glass\/\",\"url\":\"https:\/\/cce.it\/fr\/division-plinthes-automatiques\/categories\/glass\/glass-to-glass\/\",\"name\":\"Glass to Glass\"}}]}]}<\/script>\n<!-- \/ Yoast SEO plugin. -->","_links":{"self":[{"href":"https:\/\/cce.it\/fr\/wp-json\/wp\/v2\/pages\/3431"}],"collection":[{"href":"https:\/\/cce.it\/fr\/wp-json\/wp\/v2\/pages"}],"about":[{"href":"https:\/\/cce.it\/fr\/wp-json\/wp\/v2\/types\/page"}],"author":[{"embeddable":true,"href":"https:\/\/cce.it\/fr\/wp-json\/wp\/v2\/users\/12"}],"replies":[{"embeddable":true,"href":"https:\/\/cce.it\/fr\/wp-json\/wp\/v2\/comments?post=3431"}],"version-history":[{"count":12,"href":"https:\/\/cce.it\/fr\/wp-json\/wp\/v2\/pages\/3431\/revisions"}],"predecessor-version":[{"id":18358,"href":"https:\/\/cce.it\/fr\/wp-json\/wp\/v2\/pages\/3431\/revisions\/18358"}],"up":[{"embeddable":true,"href":"https:\/\/cce.it\/fr\/wp-json\/wp\/v2\/pages\/3422"}],"wp:featuredmedia":[{"embeddable":true,"href":"https:\/\/cce.it\/fr\/wp-json\/wp\/v2\/media\/9074"}],"wp:attachment":[{"href":"https:\/\/cce.it\/fr\/wp-json\/wp\/v2\/media?parent=3431"}],"curies":[{"name":"wp","href":"https:\/\/api.w.org\/{rel}","templated":true}]}}