{"id":3428,"date":"2015-04-16T14:31:00","date_gmt":"2015-04-16T12:31:00","guid":{"rendered":"https:\/\/cce.it\/\/automatic-dropdowns-division\/prodotti\/glass\/horizontal-locker-brush\/"},"modified":"2018-07-19T09:58:49","modified_gmt":"2018-07-19T07:58:49","slug":"horizontal-locker-brush","status":"publish","type":"page","link":"https:\/\/cce.it\/fr\/division-plinthes-automatiques\/categories\/glass\/horizontal-locker-brush\/","title":{"rendered":"Horizontal Locker Brush"},"content":{"rendered":"<h5><span>INFORMATION<\/span><\/h5>\n<hr \/>\n<p>Syst\u00e8me pour portes en verre \u00e9quip\u00e9es d&#8217;un bloc de verrouillage horizontal. L&#8217;utilisation combin\u00e9e du joint brosse HORIZONTAL LOCKER BRUSH et du mod\u00e8le GLASS BRUSH (p. 103) permet de combler l\u2019int\u00e9gralit\u00e9 de l\u2019espace entre la porte et le sol, en r\u00e9cup\u00e9rant l&#8217;\u00e9cart entre la porte vitr\u00e9e et le bloc de verrouillage.<\/p>\n","protected":false},"excerpt":{"rendered":"<p>INFORMATION Syst\u00e8me pour portes en verre \u00e9quip\u00e9es d&#8217;un bloc de verrouillage horizontal. L&#8217;utilisation combin\u00e9e du joint brosse HORIZONTAL LOCKER BRUSH et du mod\u00e8le GLASS BRUSH (p. 103) permet de combler l\u2019int\u00e9gralit\u00e9 de l\u2019espace entre la porte et le sol, en r\u00e9cup\u00e9rant l&#8217;\u00e9cart entre la porte vitr\u00e9e et le bloc de verrouillage.<\/p>\n","protected":false},"author":12,"featured_media":9062,"parent":3422,"menu_order":691,"comment_status":"closed","ping_status":"open","template":"template-antis-product.php","meta":[],"acf":[],"yoast_head":"<!-- This site is optimized with the Yoast SEO plugin v15.0 - https:\/\/yoast.com\/wordpress\/plugins\/seo\/ -->\n<title>Horizontal Locker Brush - CCE<\/title>\n<meta name=\"robots\" content=\"index, follow, max-snippet:-1, max-image-preview:large, max-video-preview:-1\" \/>\n<link rel=\"canonical\" href=\"https:\/\/cce.it\/fr\/division-plinthes-automatiques\/categories\/glass\/horizontal-locker-brush\/\" \/>\n<meta property=\"og:locale\" content=\"it_IT\" \/>\n<meta property=\"og:type\" content=\"article\" \/>\n<meta property=\"og:title\" content=\"Horizontal Locker Brush - CCE\" \/>\n<meta property=\"og:description\" content=\"INFORMATION Syst\u00e8me pour portes en verre \u00e9quip\u00e9es d&#8217;un bloc de verrouillage horizontal. L&#8217;utilisation combin\u00e9e du joint brosse HORIZONTAL LOCKER BRUSH et du mod\u00e8le GLASS BRUSH (p. 103) permet de combler l\u2019int\u00e9gralit\u00e9 de l\u2019espace entre la porte et le sol, en r\u00e9cup\u00e9rant l&#8217;\u00e9cart entre la porte vitr\u00e9e et le bloc de verrouillage.\" \/>\n<meta property=\"og:url\" content=\"https:\/\/cce.it\/fr\/division-plinthes-automatiques\/categories\/glass\/horizontal-locker-brush\/\" \/>\n<meta property=\"og:site_name\" content=\"CCE\" \/>\n<meta property=\"article:modified_time\" content=\"2018-07-19T07:58:49+00:00\" \/>\n<meta property=\"og:image\" content=\"https:\/\/cce.it\/wp-content\/uploads\/holobr-prodotto_rev2.jpg\" \/>\n\t<meta property=\"og:image:width\" content=\"1920\" \/>\n\t<meta property=\"og:image:height\" content=\"726\" \/>\n<script type=\"application\/ld+json\" class=\"yoast-schema-graph\">{\"@context\":\"https:\/\/schema.org\",\"@graph\":[{\"@type\":\"WebSite\",\"@id\":\"https:\/\/cce.it\/fr\/#website\",\"url\":\"https:\/\/cce.it\/fr\/\",\"name\":\"CCE\",\"description\":\"\",\"potentialAction\":[{\"@type\":\"SearchAction\",\"target\":\"https:\/\/cce.it\/fr\/?s={search_term_string}\",\"query-input\":\"required name=search_term_string\"}],\"inLanguage\":\"it-IT\"},{\"@type\":\"ImageObject\",\"@id\":\"https:\/\/cce.it\/fr\/division-plinthes-automatiques\/categories\/glass\/horizontal-locker-brush\/#primaryimage\",\"inLanguage\":\"it-IT\",\"url\":\"https:\/\/cce.it\/wp-content\/uploads\/holobr-prodotto_rev2.jpg\",\"width\":1920,\"height\":726},{\"@type\":\"WebPage\",\"@id\":\"https:\/\/cce.it\/fr\/division-plinthes-automatiques\/categories\/glass\/horizontal-locker-brush\/#webpage\",\"url\":\"https:\/\/cce.it\/fr\/division-plinthes-automatiques\/categories\/glass\/horizontal-locker-brush\/\",\"name\":\"Horizontal Locker Brush - CCE\",\"isPartOf\":{\"@id\":\"https:\/\/cce.it\/fr\/#website\"},\"primaryImageOfPage\":{\"@id\":\"https:\/\/cce.it\/fr\/division-plinthes-automatiques\/categories\/glass\/horizontal-locker-brush\/#primaryimage\"},\"datePublished\":\"2015-04-16T12:31:00+00:00\",\"dateModified\":\"2018-07-19T07:58:49+00:00\",\"breadcrumb\":{\"@id\":\"https:\/\/cce.it\/fr\/division-plinthes-automatiques\/categories\/glass\/horizontal-locker-brush\/#breadcrumb\"},\"inLanguage\":\"it-IT\",\"potentialAction\":[{\"@type\":\"ReadAction\",\"target\":[\"https:\/\/cce.it\/fr\/division-plinthes-automatiques\/categories\/glass\/horizontal-locker-brush\/\"]}]},{\"@type\":\"BreadcrumbList\",\"@id\":\"https:\/\/cce.it\/fr\/division-plinthes-automatiques\/categories\/glass\/horizontal-locker-brush\/#breadcrumb\",\"itemListElement\":[{\"@type\":\"ListItem\",\"position\":1,\"item\":{\"@type\":\"WebPage\",\"@id\":\"https:\/\/cce.it\/\",\"url\":\"https:\/\/cce.it\/\",\"name\":\"Home\"}},{\"@type\":\"ListItem\",\"position\":2,\"item\":{\"@type\":\"WebPage\",\"@id\":\"https:\/\/cce.it\/fr\/division-plinthes-automatiques\/\",\"url\":\"https:\/\/cce.it\/fr\/division-plinthes-automatiques\/\",\"name\":\"Division Plinthes Automatiques\"}},{\"@type\":\"ListItem\",\"position\":3,\"item\":{\"@type\":\"WebPage\",\"@id\":\"https:\/\/cce.it\/fr\/division-plinthes-automatiques\/categories\/\",\"url\":\"https:\/\/cce.it\/fr\/division-plinthes-automatiques\/categories\/\",\"name\":\"Cat\\u00e9gories\"}},{\"@type\":\"ListItem\",\"position\":4,\"item\":{\"@type\":\"WebPage\",\"@id\":\"https:\/\/cce.it\/fr\/division-plinthes-automatiques\/categories\/glass\/\",\"url\":\"https:\/\/cce.it\/fr\/division-plinthes-automatiques\/categories\/glass\/\",\"name\":\"Glass\"}},{\"@type\":\"ListItem\",\"position\":5,\"item\":{\"@type\":\"WebPage\",\"@id\":\"https:\/\/cce.it\/fr\/division-plinthes-automatiques\/categories\/glass\/horizontal-locker-brush\/\",\"url\":\"https:\/\/cce.it\/fr\/division-plinthes-automatiques\/categories\/glass\/horizontal-locker-brush\/\",\"name\":\"Horizontal Locker Brush\"}}]}]}<\/script>\n<!-- \/ Yoast SEO plugin. -->","_links":{"self":[{"href":"https:\/\/cce.it\/fr\/wp-json\/wp\/v2\/pages\/3428"}],"collection":[{"href":"https:\/\/cce.it\/fr\/wp-json\/wp\/v2\/pages"}],"about":[{"href":"https:\/\/cce.it\/fr\/wp-json\/wp\/v2\/types\/page"}],"author":[{"embeddable":true,"href":"https:\/\/cce.it\/fr\/wp-json\/wp\/v2\/users\/12"}],"replies":[{"embeddable":true,"href":"https:\/\/cce.it\/fr\/wp-json\/wp\/v2\/comments?post=3428"}],"version-history":[{"count":8,"href":"https:\/\/cce.it\/fr\/wp-json\/wp\/v2\/pages\/3428\/revisions"}],"predecessor-version":[{"id":18353,"href":"https:\/\/cce.it\/fr\/wp-json\/wp\/v2\/pages\/3428\/revisions\/18353"}],"up":[{"embeddable":true,"href":"https:\/\/cce.it\/fr\/wp-json\/wp\/v2\/pages\/3422"}],"wp:featuredmedia":[{"embeddable":true,"href":"https:\/\/cce.it\/fr\/wp-json\/wp\/v2\/media\/9062"}],"wp:attachment":[{"href":"https:\/\/cce.it\/fr\/wp-json\/wp\/v2\/media?parent=3428"}],"curies":[{"name":"wp","href":"https:\/\/api.w.org\/{rel}","templated":true}]}}