{"id":3425,"date":"2015-04-16T14:16:28","date_gmt":"2015-04-16T12:16:28","guid":{"rendered":"https:\/\/cce.it\/\/automatic-dropdowns-division\/prodotti\/glass\/glass-lip\/"},"modified":"2018-07-19T09:53:41","modified_gmt":"2018-07-19T07:53:41","slug":"glass-lip","status":"publish","type":"page","link":"https:\/\/cce.it\/fr\/division-plinthes-automatiques\/categories\/glass\/glass-lip\/","title":{"rendered":"Glass Lip"},"content":{"rendered":"<h5><span> INFORMATION<\/span><\/h5>\n<hr \/>\n<p>GLASS LIP est un joint p\u00e9rim\u00e9trique adh\u00e9sif pour portes et parois en verre qui s\u2019installe facilement et rapidement an de calfeutrer les espaces autour des portes en verre. L\u2019\u00e9paisseur des l\u00e8vres souples peut \u00eatre retaill\u00e9e et permet d\u2019obturer des espaces de 2,5 \u00e0 7 mm, sur des vitrages de 8 \u00e0 14 mm d&#8217;\u00e9paisseur.<\/p>\n","protected":false},"excerpt":{"rendered":"<p>INFORMATION GLASS LIP est un joint p\u00e9rim\u00e9trique adh\u00e9sif pour portes et parois en verre qui s\u2019installe facilement et rapidement an de calfeutrer les espaces autour des portes en verre. L\u2019\u00e9paisseur des l\u00e8vres souples peut \u00eatre retaill\u00e9e et permet d\u2019obturer des espaces de 2,5 \u00e0 7 mm, sur des vitrages de 8 \u00e0 14 mm d&#8217;\u00e9paisseur.<\/p>\n","protected":false},"author":12,"featured_media":9054,"parent":3422,"menu_order":657,"comment_status":"closed","ping_status":"open","template":"template-antis-product.php","meta":[],"acf":[],"yoast_head":"<!-- This site is optimized with the Yoast SEO plugin v15.0 - https:\/\/yoast.com\/wordpress\/plugins\/seo\/ -->\n<title>Glass Lip - CCE<\/title>\n<meta name=\"robots\" content=\"index, follow, max-snippet:-1, max-image-preview:large, max-video-preview:-1\" \/>\n<link rel=\"canonical\" href=\"https:\/\/cce.it\/fr\/division-plinthes-automatiques\/categories\/glass\/glass-lip\/\" \/>\n<meta property=\"og:locale\" content=\"it_IT\" \/>\n<meta property=\"og:type\" content=\"article\" \/>\n<meta property=\"og:title\" content=\"Glass Lip - CCE\" \/>\n<meta property=\"og:description\" content=\"INFORMATION GLASS LIP est un joint p\u00e9rim\u00e9trique adh\u00e9sif pour portes et parois en verre qui s\u2019installe facilement et rapidement an de calfeutrer les espaces autour des portes en verre. L\u2019\u00e9paisseur des l\u00e8vres souples peut \u00eatre retaill\u00e9e et permet d\u2019obturer des espaces de 2,5 \u00e0 7 mm, sur des vitrages de 8 \u00e0 14 mm d&#8217;\u00e9paisseur.\" \/>\n<meta property=\"og:url\" content=\"https:\/\/cce.it\/fr\/division-plinthes-automatiques\/categories\/glass\/glass-lip\/\" \/>\n<meta property=\"og:site_name\" content=\"CCE\" \/>\n<meta property=\"article:modified_time\" content=\"2018-07-19T07:53:41+00:00\" \/>\n<meta property=\"og:image\" content=\"https:\/\/cce.it\/wp-content\/uploads\/glasslip-prodotto_rev2.jpg\" \/>\n\t<meta property=\"og:image:width\" content=\"1920\" \/>\n\t<meta property=\"og:image:height\" content=\"726\" \/>\n<script type=\"application\/ld+json\" class=\"yoast-schema-graph\">{\"@context\":\"https:\/\/schema.org\",\"@graph\":[{\"@type\":\"WebSite\",\"@id\":\"https:\/\/cce.it\/fr\/#website\",\"url\":\"https:\/\/cce.it\/fr\/\",\"name\":\"CCE\",\"description\":\"\",\"potentialAction\":[{\"@type\":\"SearchAction\",\"target\":\"https:\/\/cce.it\/fr\/?s={search_term_string}\",\"query-input\":\"required name=search_term_string\"}],\"inLanguage\":\"it-IT\"},{\"@type\":\"ImageObject\",\"@id\":\"https:\/\/cce.it\/fr\/division-plinthes-automatiques\/categories\/glass\/glass-lip\/#primaryimage\",\"inLanguage\":\"it-IT\",\"url\":\"https:\/\/cce.it\/wp-content\/uploads\/glasslip-prodotto_rev2.jpg\",\"width\":1920,\"height\":726},{\"@type\":\"WebPage\",\"@id\":\"https:\/\/cce.it\/fr\/division-plinthes-automatiques\/categories\/glass\/glass-lip\/#webpage\",\"url\":\"https:\/\/cce.it\/fr\/division-plinthes-automatiques\/categories\/glass\/glass-lip\/\",\"name\":\"Glass Lip - CCE\",\"isPartOf\":{\"@id\":\"https:\/\/cce.it\/fr\/#website\"},\"primaryImageOfPage\":{\"@id\":\"https:\/\/cce.it\/fr\/division-plinthes-automatiques\/categories\/glass\/glass-lip\/#primaryimage\"},\"datePublished\":\"2015-04-16T12:16:28+00:00\",\"dateModified\":\"2018-07-19T07:53:41+00:00\",\"breadcrumb\":{\"@id\":\"https:\/\/cce.it\/fr\/division-plinthes-automatiques\/categories\/glass\/glass-lip\/#breadcrumb\"},\"inLanguage\":\"it-IT\",\"potentialAction\":[{\"@type\":\"ReadAction\",\"target\":[\"https:\/\/cce.it\/fr\/division-plinthes-automatiques\/categories\/glass\/glass-lip\/\"]}]},{\"@type\":\"BreadcrumbList\",\"@id\":\"https:\/\/cce.it\/fr\/division-plinthes-automatiques\/categories\/glass\/glass-lip\/#breadcrumb\",\"itemListElement\":[{\"@type\":\"ListItem\",\"position\":1,\"item\":{\"@type\":\"WebPage\",\"@id\":\"https:\/\/cce.it\/\",\"url\":\"https:\/\/cce.it\/\",\"name\":\"Home\"}},{\"@type\":\"ListItem\",\"position\":2,\"item\":{\"@type\":\"WebPage\",\"@id\":\"https:\/\/cce.it\/fr\/division-plinthes-automatiques\/\",\"url\":\"https:\/\/cce.it\/fr\/division-plinthes-automatiques\/\",\"name\":\"Division Plinthes Automatiques\"}},{\"@type\":\"ListItem\",\"position\":3,\"item\":{\"@type\":\"WebPage\",\"@id\":\"https:\/\/cce.it\/fr\/division-plinthes-automatiques\/categories\/\",\"url\":\"https:\/\/cce.it\/fr\/division-plinthes-automatiques\/categories\/\",\"name\":\"Cat\\u00e9gories\"}},{\"@type\":\"ListItem\",\"position\":4,\"item\":{\"@type\":\"WebPage\",\"@id\":\"https:\/\/cce.it\/fr\/division-plinthes-automatiques\/categories\/glass\/\",\"url\":\"https:\/\/cce.it\/fr\/division-plinthes-automatiques\/categories\/glass\/\",\"name\":\"Glass\"}},{\"@type\":\"ListItem\",\"position\":5,\"item\":{\"@type\":\"WebPage\",\"@id\":\"https:\/\/cce.it\/fr\/division-plinthes-automatiques\/categories\/glass\/glass-lip\/\",\"url\":\"https:\/\/cce.it\/fr\/division-plinthes-automatiques\/categories\/glass\/glass-lip\/\",\"name\":\"Glass Lip\"}}]}]}<\/script>\n<!-- \/ Yoast SEO plugin. -->","_links":{"self":[{"href":"https:\/\/cce.it\/fr\/wp-json\/wp\/v2\/pages\/3425"}],"collection":[{"href":"https:\/\/cce.it\/fr\/wp-json\/wp\/v2\/pages"}],"about":[{"href":"https:\/\/cce.it\/fr\/wp-json\/wp\/v2\/types\/page"}],"author":[{"embeddable":true,"href":"https:\/\/cce.it\/fr\/wp-json\/wp\/v2\/users\/12"}],"replies":[{"embeddable":true,"href":"https:\/\/cce.it\/fr\/wp-json\/wp\/v2\/comments?post=3425"}],"version-history":[{"count":10,"href":"https:\/\/cce.it\/fr\/wp-json\/wp\/v2\/pages\/3425\/revisions"}],"predecessor-version":[{"id":18336,"href":"https:\/\/cce.it\/fr\/wp-json\/wp\/v2\/pages\/3425\/revisions\/18336"}],"up":[{"embeddable":true,"href":"https:\/\/cce.it\/fr\/wp-json\/wp\/v2\/pages\/3422"}],"wp:featuredmedia":[{"embeddable":true,"href":"https:\/\/cce.it\/fr\/wp-json\/wp\/v2\/media\/9054"}],"wp:attachment":[{"href":"https:\/\/cce.it\/fr\/wp-json\/wp\/v2\/media?parent=3425"}],"curies":[{"name":"wp","href":"https:\/\/api.w.org\/{rel}","templated":true}]}}