{"id":3406,"date":"2015-04-16T15:13:50","date_gmt":"2015-04-16T13:13:50","guid":{"rendered":"https:\/\/cce.it\/\/automatic-dropdowns-division\/prodotti\/threshold\/termo-ulisse-wood\/"},"modified":"2018-07-19T10:04:18","modified_gmt":"2018-07-19T08:04:18","slug":"termo-ulisse-wood","status":"publish","type":"page","link":"https:\/\/cce.it\/fr\/division-plinthes-automatiques\/categories\/threshold\/termo-ulisse-wood\/","title":{"rendered":"Termo Ulisse Wood"},"content":{"rendered":"<h5><span>INFORMATION<\/span><\/h5>\n<hr \/>\n<p>Id\u00e9al pour les portes d\u2019entr\u00e9e en bois, le syst\u00e8me Termo Ulisse Wood utilise le seuil \u00e0 pont thermique en PVC et des bases de sous-cadre qui peuvent \u00eatre ajust\u00e9s lors du montage sur les montants de chaque porte. Ceci permet d\u2019obtenir une tenue parfaite de la plinthe avec le seuil. Id\u00e9al pour une utilisation combin\u00e9e avec les accessoires NO AIR.<\/p>\n","protected":false},"excerpt":{"rendered":"<p>INFORMATION Id\u00e9al pour les portes d\u2019entr\u00e9e en bois, le syst\u00e8me Termo Ulisse Wood utilise le seuil \u00e0 pont thermique en PVC et des bases de sous-cadre qui peuvent \u00eatre ajust\u00e9s lors du montage sur les montants de chaque porte. Ceci permet d\u2019obtenir une tenue parfaite de la plinthe avec le seuil. Id\u00e9al pour une utilisation &hellip; <a href=\"https:\/\/cce.it\/fr\/division-plinthes-automatiques\/categories\/threshold\/termo-ulisse-wood\/\">Continua<\/a><\/p>\n","protected":false},"author":12,"featured_media":9100,"parent":3401,"menu_order":1232,"comment_status":"closed","ping_status":"open","template":"template-antis-product.php","meta":[],"acf":[],"yoast_head":"<!-- This site is optimized with the Yoast SEO plugin v15.0 - https:\/\/yoast.com\/wordpress\/plugins\/seo\/ -->\n<title>Termo Ulisse Wood - CCE<\/title>\n<meta name=\"robots\" content=\"index, follow, max-snippet:-1, max-image-preview:large, max-video-preview:-1\" \/>\n<link rel=\"canonical\" href=\"https:\/\/cce.it\/fr\/division-plinthes-automatiques\/categories\/threshold\/termo-ulisse-wood\/\" \/>\n<meta property=\"og:locale\" content=\"it_IT\" \/>\n<meta property=\"og:type\" content=\"article\" \/>\n<meta property=\"og:title\" content=\"Termo Ulisse Wood - CCE\" \/>\n<meta property=\"og:description\" content=\"INFORMATION Id\u00e9al pour les portes d\u2019entr\u00e9e en bois, le syst\u00e8me Termo Ulisse Wood utilise le seuil \u00e0 pont thermique en PVC et des bases de sous-cadre qui peuvent \u00eatre ajust\u00e9s lors du montage sur les montants de chaque porte. Ceci permet d\u2019obtenir une tenue parfaite de la plinthe avec le seuil. Id\u00e9al pour une utilisation &hellip; Continua\" \/>\n<meta property=\"og:url\" content=\"https:\/\/cce.it\/fr\/division-plinthes-automatiques\/categories\/threshold\/termo-ulisse-wood\/\" \/>\n<meta property=\"og:site_name\" content=\"CCE\" \/>\n<meta property=\"article:modified_time\" content=\"2018-07-19T08:04:18+00:00\" \/>\n<meta property=\"og:image\" content=\"https:\/\/cce.it\/wp-content\/uploads\/termoulissewood-prodotto_rev2.jpg\" \/>\n\t<meta property=\"og:image:width\" content=\"1920\" \/>\n\t<meta property=\"og:image:height\" content=\"726\" \/>\n<script type=\"application\/ld+json\" class=\"yoast-schema-graph\">{\"@context\":\"https:\/\/schema.org\",\"@graph\":[{\"@type\":\"WebSite\",\"@id\":\"https:\/\/cce.it\/fr\/#website\",\"url\":\"https:\/\/cce.it\/fr\/\",\"name\":\"CCE\",\"description\":\"\",\"potentialAction\":[{\"@type\":\"SearchAction\",\"target\":\"https:\/\/cce.it\/fr\/?s={search_term_string}\",\"query-input\":\"required name=search_term_string\"}],\"inLanguage\":\"it-IT\"},{\"@type\":\"ImageObject\",\"@id\":\"https:\/\/cce.it\/fr\/division-plinthes-automatiques\/categories\/threshold\/termo-ulisse-wood\/#primaryimage\",\"inLanguage\":\"it-IT\",\"url\":\"https:\/\/cce.it\/wp-content\/uploads\/termoulissewood-prodotto_rev2.jpg\",\"width\":1920,\"height\":726},{\"@type\":\"WebPage\",\"@id\":\"https:\/\/cce.it\/fr\/division-plinthes-automatiques\/categories\/threshold\/termo-ulisse-wood\/#webpage\",\"url\":\"https:\/\/cce.it\/fr\/division-plinthes-automatiques\/categories\/threshold\/termo-ulisse-wood\/\",\"name\":\"Termo Ulisse Wood - CCE\",\"isPartOf\":{\"@id\":\"https:\/\/cce.it\/fr\/#website\"},\"primaryImageOfPage\":{\"@id\":\"https:\/\/cce.it\/fr\/division-plinthes-automatiques\/categories\/threshold\/termo-ulisse-wood\/#primaryimage\"},\"datePublished\":\"2015-04-16T13:13:50+00:00\",\"dateModified\":\"2018-07-19T08:04:18+00:00\",\"breadcrumb\":{\"@id\":\"https:\/\/cce.it\/fr\/division-plinthes-automatiques\/categories\/threshold\/termo-ulisse-wood\/#breadcrumb\"},\"inLanguage\":\"it-IT\",\"potentialAction\":[{\"@type\":\"ReadAction\",\"target\":[\"https:\/\/cce.it\/fr\/division-plinthes-automatiques\/categories\/threshold\/termo-ulisse-wood\/\"]}]},{\"@type\":\"BreadcrumbList\",\"@id\":\"https:\/\/cce.it\/fr\/division-plinthes-automatiques\/categories\/threshold\/termo-ulisse-wood\/#breadcrumb\",\"itemListElement\":[{\"@type\":\"ListItem\",\"position\":1,\"item\":{\"@type\":\"WebPage\",\"@id\":\"https:\/\/cce.it\/\",\"url\":\"https:\/\/cce.it\/\",\"name\":\"Home\"}},{\"@type\":\"ListItem\",\"position\":2,\"item\":{\"@type\":\"WebPage\",\"@id\":\"https:\/\/cce.it\/fr\/division-plinthes-automatiques\/\",\"url\":\"https:\/\/cce.it\/fr\/division-plinthes-automatiques\/\",\"name\":\"Division Plinthes Automatiques\"}},{\"@type\":\"ListItem\",\"position\":3,\"item\":{\"@type\":\"WebPage\",\"@id\":\"https:\/\/cce.it\/fr\/division-plinthes-automatiques\/categories\/\",\"url\":\"https:\/\/cce.it\/fr\/division-plinthes-automatiques\/categories\/\",\"name\":\"Cat\\u00e9gories\"}},{\"@type\":\"ListItem\",\"position\":4,\"item\":{\"@type\":\"WebPage\",\"@id\":\"https:\/\/cce.it\/fr\/division-plinthes-automatiques\/categories\/threshold\/\",\"url\":\"https:\/\/cce.it\/fr\/division-plinthes-automatiques\/categories\/threshold\/\",\"name\":\"Threshold\"}},{\"@type\":\"ListItem\",\"position\":5,\"item\":{\"@type\":\"WebPage\",\"@id\":\"https:\/\/cce.it\/fr\/division-plinthes-automatiques\/categories\/threshold\/termo-ulisse-wood\/\",\"url\":\"https:\/\/cce.it\/fr\/division-plinthes-automatiques\/categories\/threshold\/termo-ulisse-wood\/\",\"name\":\"Termo Ulisse Wood\"}}]}]}<\/script>\n<!-- \/ Yoast SEO plugin. -->","_links":{"self":[{"href":"https:\/\/cce.it\/fr\/wp-json\/wp\/v2\/pages\/3406"}],"collection":[{"href":"https:\/\/cce.it\/fr\/wp-json\/wp\/v2\/pages"}],"about":[{"href":"https:\/\/cce.it\/fr\/wp-json\/wp\/v2\/types\/page"}],"author":[{"embeddable":true,"href":"https:\/\/cce.it\/fr\/wp-json\/wp\/v2\/users\/12"}],"replies":[{"embeddable":true,"href":"https:\/\/cce.it\/fr\/wp-json\/wp\/v2\/comments?post=3406"}],"version-history":[{"count":11,"href":"https:\/\/cce.it\/fr\/wp-json\/wp\/v2\/pages\/3406\/revisions"}],"predecessor-version":[{"id":18370,"href":"https:\/\/cce.it\/fr\/wp-json\/wp\/v2\/pages\/3406\/revisions\/18370"}],"up":[{"embeddable":true,"href":"https:\/\/cce.it\/fr\/wp-json\/wp\/v2\/pages\/3401"}],"wp:featuredmedia":[{"embeddable":true,"href":"https:\/\/cce.it\/fr\/wp-json\/wp\/v2\/media\/9100"}],"wp:attachment":[{"href":"https:\/\/cce.it\/fr\/wp-json\/wp\/v2\/media?parent=3406"}],"curies":[{"name":"wp","href":"https:\/\/api.w.org\/{rel}","templated":true}]}}