{"id":3405,"date":"2015-04-16T15:09:16","date_gmt":"2015-04-16T13:09:16","guid":{"rendered":"https:\/\/cce.it\/\/automatic-dropdowns-division\/prodotti\/threshold\/termo-ulisse\/"},"modified":"2018-07-19T10:03:59","modified_gmt":"2018-07-19T08:03:59","slug":"termo-ulisse","status":"publish","type":"page","link":"https:\/\/cce.it\/fr\/division-plinthes-automatiques\/categories\/threshold\/termo-ulisse\/","title":{"rendered":"Termo Ulisse"},"content":{"rendered":"<h5><span>INFORMATION<\/span><\/h5>\n<hr \/>\n<p>Certifier un ouvrant pour la tenue Air\/Eau\/ Vent et exploiter le pont thermique en PVC pour avoir une faible transmittance, sur porte \u00e0 simple ou double vantail. Tout cela avec un seul syst\u00e8me. Les bouchons lat\u00e9raux<br \/>\net centraux du seuil et de la plinthe sont con\u00e7us selon les sp\u00e9cifications techniques d\u2019ouvrant du client.<\/p>\n","protected":false},"excerpt":{"rendered":"<p>INFORMATION Certifier un ouvrant pour la tenue Air\/Eau\/ Vent et exploiter le pont thermique en PVC pour avoir une faible transmittance, sur porte \u00e0 simple ou double vantail. Tout cela avec un seul syst\u00e8me. Les bouchons lat\u00e9raux et centraux du seuil et de la plinthe sont con\u00e7us selon les sp\u00e9cifications techniques d\u2019ouvrant du client.<\/p>\n","protected":false},"author":12,"featured_media":9096,"parent":3401,"menu_order":1226,"comment_status":"closed","ping_status":"open","template":"template-antis-product.php","meta":[],"acf":[],"yoast_head":"<!-- This site is optimized with the Yoast SEO plugin v15.0 - https:\/\/yoast.com\/wordpress\/plugins\/seo\/ -->\n<title>Termo Ulisse - CCE<\/title>\n<meta name=\"robots\" content=\"index, follow, max-snippet:-1, max-image-preview:large, max-video-preview:-1\" \/>\n<link rel=\"canonical\" href=\"https:\/\/cce.it\/fr\/division-plinthes-automatiques\/categories\/threshold\/termo-ulisse\/\" \/>\n<meta property=\"og:locale\" content=\"it_IT\" \/>\n<meta property=\"og:type\" content=\"article\" \/>\n<meta property=\"og:title\" content=\"Termo Ulisse - CCE\" \/>\n<meta property=\"og:description\" content=\"INFORMATION Certifier un ouvrant pour la tenue Air\/Eau\/ Vent et exploiter le pont thermique en PVC pour avoir une faible transmittance, sur porte \u00e0 simple ou double vantail. Tout cela avec un seul syst\u00e8me. Les bouchons lat\u00e9raux et centraux du seuil et de la plinthe sont con\u00e7us selon les sp\u00e9cifications techniques d\u2019ouvrant du client.\" \/>\n<meta property=\"og:url\" content=\"https:\/\/cce.it\/fr\/division-plinthes-automatiques\/categories\/threshold\/termo-ulisse\/\" \/>\n<meta property=\"og:site_name\" content=\"CCE\" \/>\n<meta property=\"article:modified_time\" content=\"2018-07-19T08:03:59+00:00\" \/>\n<meta property=\"og:image\" content=\"https:\/\/cce.it\/wp-content\/uploads\/termoulisse-prodotto_rev2.jpg\" \/>\n\t<meta property=\"og:image:width\" content=\"1920\" \/>\n\t<meta property=\"og:image:height\" content=\"726\" \/>\n<script type=\"application\/ld+json\" class=\"yoast-schema-graph\">{\"@context\":\"https:\/\/schema.org\",\"@graph\":[{\"@type\":\"WebSite\",\"@id\":\"https:\/\/cce.it\/fr\/#website\",\"url\":\"https:\/\/cce.it\/fr\/\",\"name\":\"CCE\",\"description\":\"\",\"potentialAction\":[{\"@type\":\"SearchAction\",\"target\":\"https:\/\/cce.it\/fr\/?s={search_term_string}\",\"query-input\":\"required name=search_term_string\"}],\"inLanguage\":\"it-IT\"},{\"@type\":\"ImageObject\",\"@id\":\"https:\/\/cce.it\/fr\/division-plinthes-automatiques\/categories\/threshold\/termo-ulisse\/#primaryimage\",\"inLanguage\":\"it-IT\",\"url\":\"https:\/\/cce.it\/wp-content\/uploads\/termoulisse-prodotto_rev2.jpg\",\"width\":1920,\"height\":726},{\"@type\":\"WebPage\",\"@id\":\"https:\/\/cce.it\/fr\/division-plinthes-automatiques\/categories\/threshold\/termo-ulisse\/#webpage\",\"url\":\"https:\/\/cce.it\/fr\/division-plinthes-automatiques\/categories\/threshold\/termo-ulisse\/\",\"name\":\"Termo Ulisse - CCE\",\"isPartOf\":{\"@id\":\"https:\/\/cce.it\/fr\/#website\"},\"primaryImageOfPage\":{\"@id\":\"https:\/\/cce.it\/fr\/division-plinthes-automatiques\/categories\/threshold\/termo-ulisse\/#primaryimage\"},\"datePublished\":\"2015-04-16T13:09:16+00:00\",\"dateModified\":\"2018-07-19T08:03:59+00:00\",\"breadcrumb\":{\"@id\":\"https:\/\/cce.it\/fr\/division-plinthes-automatiques\/categories\/threshold\/termo-ulisse\/#breadcrumb\"},\"inLanguage\":\"it-IT\",\"potentialAction\":[{\"@type\":\"ReadAction\",\"target\":[\"https:\/\/cce.it\/fr\/division-plinthes-automatiques\/categories\/threshold\/termo-ulisse\/\"]}]},{\"@type\":\"BreadcrumbList\",\"@id\":\"https:\/\/cce.it\/fr\/division-plinthes-automatiques\/categories\/threshold\/termo-ulisse\/#breadcrumb\",\"itemListElement\":[{\"@type\":\"ListItem\",\"position\":1,\"item\":{\"@type\":\"WebPage\",\"@id\":\"https:\/\/cce.it\/\",\"url\":\"https:\/\/cce.it\/\",\"name\":\"Home\"}},{\"@type\":\"ListItem\",\"position\":2,\"item\":{\"@type\":\"WebPage\",\"@id\":\"https:\/\/cce.it\/fr\/division-plinthes-automatiques\/\",\"url\":\"https:\/\/cce.it\/fr\/division-plinthes-automatiques\/\",\"name\":\"Division Plinthes Automatiques\"}},{\"@type\":\"ListItem\",\"position\":3,\"item\":{\"@type\":\"WebPage\",\"@id\":\"https:\/\/cce.it\/fr\/division-plinthes-automatiques\/categories\/\",\"url\":\"https:\/\/cce.it\/fr\/division-plinthes-automatiques\/categories\/\",\"name\":\"Cat\\u00e9gories\"}},{\"@type\":\"ListItem\",\"position\":4,\"item\":{\"@type\":\"WebPage\",\"@id\":\"https:\/\/cce.it\/fr\/division-plinthes-automatiques\/categories\/threshold\/\",\"url\":\"https:\/\/cce.it\/fr\/division-plinthes-automatiques\/categories\/threshold\/\",\"name\":\"Threshold\"}},{\"@type\":\"ListItem\",\"position\":5,\"item\":{\"@type\":\"WebPage\",\"@id\":\"https:\/\/cce.it\/fr\/division-plinthes-automatiques\/categories\/threshold\/termo-ulisse\/\",\"url\":\"https:\/\/cce.it\/fr\/division-plinthes-automatiques\/categories\/threshold\/termo-ulisse\/\",\"name\":\"Termo Ulisse\"}}]}]}<\/script>\n<!-- \/ Yoast SEO plugin. -->","_links":{"self":[{"href":"https:\/\/cce.it\/fr\/wp-json\/wp\/v2\/pages\/3405"}],"collection":[{"href":"https:\/\/cce.it\/fr\/wp-json\/wp\/v2\/pages"}],"about":[{"href":"https:\/\/cce.it\/fr\/wp-json\/wp\/v2\/types\/page"}],"author":[{"embeddable":true,"href":"https:\/\/cce.it\/fr\/wp-json\/wp\/v2\/users\/12"}],"replies":[{"embeddable":true,"href":"https:\/\/cce.it\/fr\/wp-json\/wp\/v2\/comments?post=3405"}],"version-history":[{"count":9,"href":"https:\/\/cce.it\/fr\/wp-json\/wp\/v2\/pages\/3405\/revisions"}],"predecessor-version":[{"id":18367,"href":"https:\/\/cce.it\/fr\/wp-json\/wp\/v2\/pages\/3405\/revisions\/18367"}],"up":[{"embeddable":true,"href":"https:\/\/cce.it\/fr\/wp-json\/wp\/v2\/pages\/3401"}],"wp:featuredmedia":[{"embeddable":true,"href":"https:\/\/cce.it\/fr\/wp-json\/wp\/v2\/media\/9096"}],"wp:attachment":[{"href":"https:\/\/cce.it\/fr\/wp-json\/wp\/v2\/media?parent=3405"}],"curies":[{"name":"wp","href":"https:\/\/api.w.org\/{rel}","templated":true}]}}