{"id":3305,"date":"2015-04-13T16:20:40","date_gmt":"2015-04-13T14:20:40","guid":{"rendered":"https:\/\/cce.it\/\/automatic-dropdowns-division\/prodotti\/comfort\/acoustic-blindo\/"},"modified":"2018-07-31T14:39:10","modified_gmt":"2018-07-31T12:39:10","slug":"acoustic-blindo","status":"publish","type":"page","link":"https:\/\/cce.it\/fr\/division-plinthes-automatiques\/categories\/comfort\/acoustic-blindo\/","title":{"rendered":"Acoustic Blindo"},"content":{"rendered":"<h5><span style=\"color: #000;\"> INFORMATION <\/span><\/h5>\n<hr \/>\n<p>Solide et facile \u00e0 installer gr\u00e2ce aux ailettes du profil externe pr\u00e9-perc\u00e9es , il garantit une excellente tenue acoustique. Il existe diff\u00e9rentes variantes de bouton poussoir et son m\u00e9canisme peut \u00eatre retir\u00e9 du profil externe aussi bien du c\u00f4t\u00e9 charni\u00e8re que du c\u00f4t\u00e9 poign\u00e9e (syst\u00e8me brevet\u00e9 CCE)<\/p>\n","protected":false},"excerpt":{"rendered":"<p>INFORMATION Solide et facile \u00e0 installer gr\u00e2ce aux ailettes du profil externe pr\u00e9-perc\u00e9es , il garantit une excellente tenue acoustique. Il existe diff\u00e9rentes variantes de bouton poussoir et son m\u00e9canisme peut \u00eatre retir\u00e9 du profil externe aussi bien du c\u00f4t\u00e9 charni\u00e8re que du c\u00f4t\u00e9 poign\u00e9e (syst\u00e8me brevet\u00e9 CCE)<\/p>\n","protected":false},"author":12,"featured_media":8815,"parent":3300,"menu_order":167,"comment_status":"closed","ping_status":"open","template":"template-antis-product.php","meta":[],"acf":[],"yoast_head":"<!-- This site is optimized with the Yoast SEO plugin v15.0 - https:\/\/yoast.com\/wordpress\/plugins\/seo\/ -->\n<title>Acoustic Blindo - CCE<\/title>\n<meta name=\"robots\" content=\"index, follow, max-snippet:-1, max-image-preview:large, max-video-preview:-1\" \/>\n<link rel=\"canonical\" href=\"https:\/\/cce.it\/fr\/division-plinthes-automatiques\/categories\/comfort\/acoustic-blindo\/\" \/>\n<meta property=\"og:locale\" content=\"fr_FR\" \/>\n<meta property=\"og:type\" content=\"article\" \/>\n<meta property=\"og:title\" content=\"Acoustic Blindo - CCE\" \/>\n<meta property=\"og:description\" content=\"INFORMATION Solide et facile \u00e0 installer gr\u00e2ce aux ailettes du profil externe pr\u00e9-perc\u00e9es , il garantit une excellente tenue acoustique. Il existe diff\u00e9rentes variantes de bouton poussoir et son m\u00e9canisme peut \u00eatre retir\u00e9 du profil externe aussi bien du c\u00f4t\u00e9 charni\u00e8re que du c\u00f4t\u00e9 poign\u00e9e (syst\u00e8me brevet\u00e9 CCE)\" \/>\n<meta property=\"og:url\" content=\"https:\/\/cce.it\/fr\/division-plinthes-automatiques\/categories\/comfort\/acoustic-blindo\/\" \/>\n<meta property=\"og:site_name\" content=\"CCE\" \/>\n<meta property=\"article:modified_time\" content=\"2018-07-31T12:39:10+00:00\" \/>\n<meta property=\"og:image\" content=\"https:\/\/cce.it\/wp-content\/uploads\/asacubl-prodotto_rev2.jpg\" \/>\n\t<meta property=\"og:image:width\" content=\"1920\" \/>\n\t<meta property=\"og:image:height\" content=\"726\" \/>\n<script type=\"application\/ld+json\" class=\"yoast-schema-graph\">{\"@context\":\"https:\/\/schema.org\",\"@graph\":[{\"@type\":\"WebSite\",\"@id\":\"https:\/\/cce.it\/fr\/#website\",\"url\":\"https:\/\/cce.it\/fr\/\",\"name\":\"CCE\",\"description\":\"\",\"potentialAction\":[{\"@type\":\"SearchAction\",\"target\":\"https:\/\/cce.it\/fr\/?s={search_term_string}\",\"query-input\":\"required name=search_term_string\"}],\"inLanguage\":\"fr-FR\"},{\"@type\":\"ImageObject\",\"@id\":\"https:\/\/cce.it\/fr\/division-plinthes-automatiques\/categories\/comfort\/acoustic-blindo\/#primaryimage\",\"inLanguage\":\"fr-FR\",\"url\":\"https:\/\/cce.it\/wp-content\/uploads\/asacubl-prodotto_rev2.jpg\",\"width\":1920,\"height\":726},{\"@type\":\"WebPage\",\"@id\":\"https:\/\/cce.it\/fr\/division-plinthes-automatiques\/categories\/comfort\/acoustic-blindo\/#webpage\",\"url\":\"https:\/\/cce.it\/fr\/division-plinthes-automatiques\/categories\/comfort\/acoustic-blindo\/\",\"name\":\"Acoustic Blindo - CCE\",\"isPartOf\":{\"@id\":\"https:\/\/cce.it\/fr\/#website\"},\"primaryImageOfPage\":{\"@id\":\"https:\/\/cce.it\/fr\/division-plinthes-automatiques\/categories\/comfort\/acoustic-blindo\/#primaryimage\"},\"datePublished\":\"2015-04-13T14:20:40+00:00\",\"dateModified\":\"2018-07-31T12:39:10+00:00\",\"breadcrumb\":{\"@id\":\"https:\/\/cce.it\/fr\/division-plinthes-automatiques\/categories\/comfort\/acoustic-blindo\/#breadcrumb\"},\"inLanguage\":\"fr-FR\",\"potentialAction\":[{\"@type\":\"ReadAction\",\"target\":[\"https:\/\/cce.it\/fr\/division-plinthes-automatiques\/categories\/comfort\/acoustic-blindo\/\"]}]},{\"@type\":\"BreadcrumbList\",\"@id\":\"https:\/\/cce.it\/fr\/division-plinthes-automatiques\/categories\/comfort\/acoustic-blindo\/#breadcrumb\",\"itemListElement\":[{\"@type\":\"ListItem\",\"position\":1,\"item\":{\"@type\":\"WebPage\",\"@id\":\"https:\/\/cce.it\/fr\/\",\"url\":\"https:\/\/cce.it\/fr\/\",\"name\":\"Home\"}},{\"@type\":\"ListItem\",\"position\":2,\"item\":{\"@type\":\"WebPage\",\"@id\":\"https:\/\/cce.it\/fr\/division-plinthes-automatiques\/\",\"url\":\"https:\/\/cce.it\/fr\/division-plinthes-automatiques\/\",\"name\":\"Division Plinthes Automatiques\"}},{\"@type\":\"ListItem\",\"position\":3,\"item\":{\"@type\":\"WebPage\",\"@id\":\"https:\/\/cce.it\/fr\/division-plinthes-automatiques\/categories\/\",\"url\":\"https:\/\/cce.it\/fr\/division-plinthes-automatiques\/categories\/\",\"name\":\"Cat\\u00e9gories\"}},{\"@type\":\"ListItem\",\"position\":4,\"item\":{\"@type\":\"WebPage\",\"@id\":\"https:\/\/cce.it\/fr\/division-plinthes-automatiques\/categories\/comfort\/\",\"url\":\"https:\/\/cce.it\/fr\/division-plinthes-automatiques\/categories\/comfort\/\",\"name\":\"Comfort\"}},{\"@type\":\"ListItem\",\"position\":5,\"item\":{\"@type\":\"WebPage\",\"@id\":\"https:\/\/cce.it\/fr\/division-plinthes-automatiques\/categories\/comfort\/acoustic-blindo\/\",\"url\":\"https:\/\/cce.it\/fr\/division-plinthes-automatiques\/categories\/comfort\/acoustic-blindo\/\",\"name\":\"Acoustic Blindo\"}}]}]}<\/script>\n<!-- \/ Yoast SEO plugin. -->","_links":{"self":[{"href":"https:\/\/cce.it\/fr\/wp-json\/wp\/v2\/pages\/3305"}],"collection":[{"href":"https:\/\/cce.it\/fr\/wp-json\/wp\/v2\/pages"}],"about":[{"href":"https:\/\/cce.it\/fr\/wp-json\/wp\/v2\/types\/page"}],"author":[{"embeddable":true,"href":"https:\/\/cce.it\/fr\/wp-json\/wp\/v2\/users\/12"}],"replies":[{"embeddable":true,"href":"https:\/\/cce.it\/fr\/wp-json\/wp\/v2\/comments?post=3305"}],"version-history":[{"count":15,"href":"https:\/\/cce.it\/fr\/wp-json\/wp\/v2\/pages\/3305\/revisions"}],"predecessor-version":[{"id":18712,"href":"https:\/\/cce.it\/fr\/wp-json\/wp\/v2\/pages\/3305\/revisions\/18712"}],"up":[{"embeddable":true,"href":"https:\/\/cce.it\/fr\/wp-json\/wp\/v2\/pages\/3300"}],"wp:featuredmedia":[{"embeddable":true,"href":"https:\/\/cce.it\/fr\/wp-json\/wp\/v2\/media\/8815"}],"wp:attachment":[{"href":"https:\/\/cce.it\/fr\/wp-json\/wp\/v2\/media?parent=3305"}],"curies":[{"name":"wp","href":"https:\/\/api.w.org\/{rel}","templated":true}]}}