{"id":3276,"date":"2015-04-13T15:51:37","date_gmt":"2015-04-13T13:51:37","guid":{"rendered":"https:\/\/cce.it\/\/automatic-dropdowns-division\/prodotti\/comfort-filler\/12x30-filler\/"},"modified":"2018-07-19T08:58:53","modified_gmt":"2018-07-19T06:58:53","slug":"12x30-filler","status":"publish","type":"page","link":"https:\/\/cce.it\/fr\/division-plinthes-automatiques\/categories\/comfort-filler\/12x30-filler\/","title":{"rendered":"12X30 Filler"},"content":{"rendered":"<h5><span>INFORMATION<\/span><\/h5>\n<hr \/>\n<p>Le joint Filler s\u2019adapte \u00e0 toutes les imperfections du sol, joints de carrelage, irr\u00e9gularit\u00e9s, pour une fermeture parfaite. Ce mod\u00e8le, l\u00e9ger et \u00e9conomique, est dot\u00e9 du joint Filler pour sols irr\u00e9guliers.<\/p>\n","protected":false},"excerpt":{"rendered":"<p>INFORMATION Le joint Filler s\u2019adapte \u00e0 toutes les imperfections du sol, joints de carrelage, irr\u00e9gularit\u00e9s, pour une fermeture parfaite. Ce mod\u00e8le, l\u00e9ger et \u00e9conomique, est dot\u00e9 du joint Filler pour sols irr\u00e9guliers.<\/p>\n","protected":false},"author":12,"featured_media":8798,"parent":3229,"menu_order":490,"comment_status":"closed","ping_status":"open","template":"template-antis-product.php","meta":[],"acf":[],"yoast_head":"<!-- This site is optimized with the Yoast SEO plugin v15.0 - https:\/\/yoast.com\/wordpress\/plugins\/seo\/ -->\n<title>12X30 Filler - CCE<\/title>\n<meta name=\"robots\" content=\"index, follow, max-snippet:-1, max-image-preview:large, max-video-preview:-1\" \/>\n<link rel=\"canonical\" href=\"https:\/\/cce.it\/fr\/division-plinthes-automatiques\/categories\/comfort-filler\/12x30-filler\/\" \/>\n<meta property=\"og:locale\" content=\"it_IT\" \/>\n<meta property=\"og:type\" content=\"article\" \/>\n<meta property=\"og:title\" content=\"12X30 Filler - CCE\" \/>\n<meta property=\"og:description\" content=\"INFORMATION Le joint Filler s\u2019adapte \u00e0 toutes les imperfections du sol, joints de carrelage, irr\u00e9gularit\u00e9s, pour une fermeture parfaite. Ce mod\u00e8le, l\u00e9ger et \u00e9conomique, est dot\u00e9 du joint Filler pour sols irr\u00e9guliers.\" \/>\n<meta property=\"og:url\" content=\"https:\/\/cce.it\/fr\/division-plinthes-automatiques\/categories\/comfort-filler\/12x30-filler\/\" \/>\n<meta property=\"og:site_name\" content=\"CCE\" \/>\n<meta property=\"article:modified_time\" content=\"2018-07-19T06:58:53+00:00\" \/>\n<meta property=\"og:image\" content=\"https:\/\/cce.it\/wp-content\/uploads\/as1230fil-prodotto_rev2.jpg\" \/>\n\t<meta property=\"og:image:width\" content=\"1920\" \/>\n\t<meta property=\"og:image:height\" content=\"726\" \/>\n<script type=\"application\/ld+json\" class=\"yoast-schema-graph\">{\"@context\":\"https:\/\/schema.org\",\"@graph\":[{\"@type\":\"WebSite\",\"@id\":\"https:\/\/cce.it\/fr\/#website\",\"url\":\"https:\/\/cce.it\/fr\/\",\"name\":\"CCE\",\"description\":\"\",\"potentialAction\":[{\"@type\":\"SearchAction\",\"target\":\"https:\/\/cce.it\/fr\/?s={search_term_string}\",\"query-input\":\"required name=search_term_string\"}],\"inLanguage\":\"it-IT\"},{\"@type\":\"ImageObject\",\"@id\":\"https:\/\/cce.it\/fr\/division-plinthes-automatiques\/categories\/comfort-filler\/12x30-filler\/#primaryimage\",\"inLanguage\":\"it-IT\",\"url\":\"https:\/\/cce.it\/wp-content\/uploads\/as1230fil-prodotto_rev2.jpg\",\"width\":1920,\"height\":726},{\"@type\":\"WebPage\",\"@id\":\"https:\/\/cce.it\/fr\/division-plinthes-automatiques\/categories\/comfort-filler\/12x30-filler\/#webpage\",\"url\":\"https:\/\/cce.it\/fr\/division-plinthes-automatiques\/categories\/comfort-filler\/12x30-filler\/\",\"name\":\"12X30 Filler - CCE\",\"isPartOf\":{\"@id\":\"https:\/\/cce.it\/fr\/#website\"},\"primaryImageOfPage\":{\"@id\":\"https:\/\/cce.it\/fr\/division-plinthes-automatiques\/categories\/comfort-filler\/12x30-filler\/#primaryimage\"},\"datePublished\":\"2015-04-13T13:51:37+00:00\",\"dateModified\":\"2018-07-19T06:58:53+00:00\",\"breadcrumb\":{\"@id\":\"https:\/\/cce.it\/fr\/division-plinthes-automatiques\/categories\/comfort-filler\/12x30-filler\/#breadcrumb\"},\"inLanguage\":\"it-IT\",\"potentialAction\":[{\"@type\":\"ReadAction\",\"target\":[\"https:\/\/cce.it\/fr\/division-plinthes-automatiques\/categories\/comfort-filler\/12x30-filler\/\"]}]},{\"@type\":\"BreadcrumbList\",\"@id\":\"https:\/\/cce.it\/fr\/division-plinthes-automatiques\/categories\/comfort-filler\/12x30-filler\/#breadcrumb\",\"itemListElement\":[{\"@type\":\"ListItem\",\"position\":1,\"item\":{\"@type\":\"WebPage\",\"@id\":\"https:\/\/cce.it\/\",\"url\":\"https:\/\/cce.it\/\",\"name\":\"Home\"}},{\"@type\":\"ListItem\",\"position\":2,\"item\":{\"@type\":\"WebPage\",\"@id\":\"https:\/\/cce.it\/fr\/division-plinthes-automatiques\/\",\"url\":\"https:\/\/cce.it\/fr\/division-plinthes-automatiques\/\",\"name\":\"Division Plinthes Automatiques\"}},{\"@type\":\"ListItem\",\"position\":3,\"item\":{\"@type\":\"WebPage\",\"@id\":\"https:\/\/cce.it\/fr\/division-plinthes-automatiques\/categories\/\",\"url\":\"https:\/\/cce.it\/fr\/division-plinthes-automatiques\/categories\/\",\"name\":\"Cat\\u00e9gories\"}},{\"@type\":\"ListItem\",\"position\":4,\"item\":{\"@type\":\"WebPage\",\"@id\":\"https:\/\/cce.it\/fr\/?page_id=3229\",\"url\":\"https:\/\/cce.it\/fr\/?page_id=3229\",\"name\":\"Comfort Filler\"}},{\"@type\":\"ListItem\",\"position\":5,\"item\":{\"@type\":\"WebPage\",\"@id\":\"https:\/\/cce.it\/fr\/division-plinthes-automatiques\/categories\/comfort-filler\/12x30-filler\/\",\"url\":\"https:\/\/cce.it\/fr\/division-plinthes-automatiques\/categories\/comfort-filler\/12x30-filler\/\",\"name\":\"12X30 Filler\"}}]}]}<\/script>\n<!-- \/ Yoast SEO plugin. -->","_links":{"self":[{"href":"https:\/\/cce.it\/fr\/wp-json\/wp\/v2\/pages\/3276"}],"collection":[{"href":"https:\/\/cce.it\/fr\/wp-json\/wp\/v2\/pages"}],"about":[{"href":"https:\/\/cce.it\/fr\/wp-json\/wp\/v2\/types\/page"}],"author":[{"embeddable":true,"href":"https:\/\/cce.it\/fr\/wp-json\/wp\/v2\/users\/12"}],"replies":[{"embeddable":true,"href":"https:\/\/cce.it\/fr\/wp-json\/wp\/v2\/comments?post=3276"}],"version-history":[{"count":8,"href":"https:\/\/cce.it\/fr\/wp-json\/wp\/v2\/pages\/3276\/revisions"}],"predecessor-version":[{"id":18217,"href":"https:\/\/cce.it\/fr\/wp-json\/wp\/v2\/pages\/3276\/revisions\/18217"}],"up":[{"embeddable":true,"href":"https:\/\/cce.it\/fr\/wp-json\/wp\/v2\/pages\/3229"}],"wp:featuredmedia":[{"embeddable":true,"href":"https:\/\/cce.it\/fr\/wp-json\/wp\/v2\/media\/8798"}],"wp:attachment":[{"href":"https:\/\/cce.it\/fr\/wp-json\/wp\/v2\/media?parent=3276"}],"curies":[{"name":"wp","href":"https:\/\/api.w.org\/{rel}","templated":true}]}}