{"id":3221,"date":"2015-04-17T12:06:12","date_gmt":"2015-04-17T10:06:12","guid":{"rendered":"https:\/\/cce.it\/\/automatic-dropdowns-division\/accessori\/digimini\/"},"modified":"2018-05-17T14:15:13","modified_gmt":"2018-05-17T12:15:13","slug":"digimini","status":"publish","type":"page","link":"https:\/\/cce.it\/fr\/division-plinthes-automatiques\/categories\/accessoires\/digimini\/","title":{"rendered":"Digimini"},"content":{"rendered":"<h5><span>INFORMATION<\/span><\/h5>\n<hr \/>\n<p>DIGIMINI est le syst\u00e8me de protection anti-pincement des doigts pour portes battantes le plus l&eacute;ger et simple possible. Il s\u2019installe rapidement avec de l\u2019adh&eacute;sif double face et il prot\u00e8ge la zone de pliure entre la porte et le cadre sur le c\u00f4t&eacute; ext&eacute;rieur de la charni\u00e8re des portes en bois.<br \/>\nEn combinaison avec les mod\u00e8les DIGISAFE et DIGISAFE180, il garantit la protection totale contre le pincement des doigts et permet une ouverture de la porte de 180\u00b0.<\/p>\n","protected":false},"excerpt":{"rendered":"<p>INFORMATION DIGIMINI est le syst\u00e8me de protection anti-pincement des doigts pour portes battantes le plus l&eacute;ger et simple possible. Il s\u2019installe rapidement avec de l\u2019adh&eacute;sif double face et il prot\u00e8ge la zone de pliure entre la porte et le cadre sur le c\u00f4t&eacute; ext&eacute;rieur de la charni\u00e8re des portes en bois. En combinaison avec les &hellip; <a href=\"https:\/\/cce.it\/fr\/division-plinthes-automatiques\/categories\/accessoires\/digimini\/\">Continua<\/a><\/p>\n","protected":false},"author":12,"featured_media":9195,"parent":3147,"menu_order":438,"comment_status":"closed","ping_status":"open","template":"template-antis-product.php","meta":[],"acf":[],"yoast_head":"<!-- This site is optimized with the Yoast SEO plugin v15.0 - https:\/\/yoast.com\/wordpress\/plugins\/seo\/ -->\n<title>Digimini - CCE<\/title>\n<meta name=\"robots\" content=\"index, follow, max-snippet:-1, max-image-preview:large, max-video-preview:-1\" \/>\n<link rel=\"canonical\" href=\"https:\/\/cce.it\/fr\/division-plinthes-automatiques\/accessoires\/digimini\/\" \/>\n<meta property=\"og:locale\" content=\"it_IT\" \/>\n<meta property=\"og:type\" content=\"article\" \/>\n<meta property=\"og:title\" content=\"Digimini - CCE\" \/>\n<meta property=\"og:description\" content=\"INFORMATION DIGIMINI est le syst\u00e8me de protection anti-pincement des doigts pour portes battantes le plus l&eacute;ger et simple possible. Il s\u2019installe rapidement avec de l\u2019adh&eacute;sif double face et il prot\u00e8ge la zone de pliure entre la porte et le cadre sur le c\u00f4t&eacute; ext&eacute;rieur de la charni\u00e8re des portes en bois. En combinaison avec les &hellip; Continua\" \/>\n<meta property=\"og:url\" content=\"https:\/\/cce.it\/fr\/division-plinthes-automatiques\/accessoires\/digimini\/\" \/>\n<meta property=\"og:site_name\" content=\"CCE\" \/>\n<meta property=\"article:modified_time\" content=\"2018-05-17T12:15:13+00:00\" \/>\n<meta property=\"og:image\" content=\"https:\/\/cce.it\/wp-content\/uploads\/digimin-prodotto_rev2.jpg\" \/>\n\t<meta property=\"og:image:width\" content=\"1920\" \/>\n\t<meta property=\"og:image:height\" content=\"726\" \/>\n<script type=\"application\/ld+json\" class=\"yoast-schema-graph\">{\"@context\":\"https:\/\/schema.org\",\"@graph\":[{\"@type\":\"WebSite\",\"@id\":\"https:\/\/cce.it\/fr\/#website\",\"url\":\"https:\/\/cce.it\/fr\/\",\"name\":\"CCE\",\"description\":\"\",\"potentialAction\":[{\"@type\":\"SearchAction\",\"target\":\"https:\/\/cce.it\/fr\/?s={search_term_string}\",\"query-input\":\"required name=search_term_string\"}],\"inLanguage\":\"it-IT\"},{\"@type\":\"ImageObject\",\"@id\":\"https:\/\/cce.it\/fr\/division-plinthes-automatiques\/accessoires\/digimini\/#primaryimage\",\"inLanguage\":\"it-IT\",\"url\":\"https:\/\/cce.it\/wp-content\/uploads\/digimin-prodotto_rev2.jpg\",\"width\":1920,\"height\":726},{\"@type\":\"WebPage\",\"@id\":\"https:\/\/cce.it\/fr\/division-plinthes-automatiques\/accessoires\/digimini\/#webpage\",\"url\":\"https:\/\/cce.it\/fr\/division-plinthes-automatiques\/accessoires\/digimini\/\",\"name\":\"Digimini - CCE\",\"isPartOf\":{\"@id\":\"https:\/\/cce.it\/fr\/#website\"},\"primaryImageOfPage\":{\"@id\":\"https:\/\/cce.it\/fr\/division-plinthes-automatiques\/accessoires\/digimini\/#primaryimage\"},\"datePublished\":\"2015-04-17T10:06:12+00:00\",\"dateModified\":\"2018-05-17T12:15:13+00:00\",\"breadcrumb\":{\"@id\":\"https:\/\/cce.it\/fr\/division-plinthes-automatiques\/accessoires\/digimini\/#breadcrumb\"},\"inLanguage\":\"it-IT\",\"potentialAction\":[{\"@type\":\"ReadAction\",\"target\":[\"https:\/\/cce.it\/fr\/division-plinthes-automatiques\/accessoires\/digimini\/\"]}]},{\"@type\":\"BreadcrumbList\",\"@id\":\"https:\/\/cce.it\/fr\/division-plinthes-automatiques\/accessoires\/digimini\/#breadcrumb\",\"itemListElement\":[{\"@type\":\"ListItem\",\"position\":1,\"item\":{\"@type\":\"WebPage\",\"@id\":\"https:\/\/cce.it\/\",\"url\":\"https:\/\/cce.it\/\",\"name\":\"Home\"}},{\"@type\":\"ListItem\",\"position\":2,\"item\":{\"@type\":\"WebPage\",\"@id\":\"https:\/\/cce.it\/fr\/division-plinthes-automatiques\/\",\"url\":\"https:\/\/cce.it\/fr\/division-plinthes-automatiques\/\",\"name\":\"Division Plinthes Automatiques\"}},{\"@type\":\"ListItem\",\"position\":3,\"item\":{\"@type\":\"WebPage\",\"@id\":\"https:\/\/cce.it\/fr\/division-plinthes-automatiques\/accessoires\/\",\"url\":\"https:\/\/cce.it\/fr\/division-plinthes-automatiques\/accessoires\/\",\"name\":\"Accessoires\"}},{\"@type\":\"ListItem\",\"position\":4,\"item\":{\"@type\":\"WebPage\",\"@id\":\"https:\/\/cce.it\/fr\/division-plinthes-automatiques\/accessoires\/digimini\/\",\"url\":\"https:\/\/cce.it\/fr\/division-plinthes-automatiques\/accessoires\/digimini\/\",\"name\":\"Digimini\"}}]}]}<\/script>\n<!-- \/ Yoast SEO plugin. -->","_links":{"self":[{"href":"https:\/\/cce.it\/fr\/wp-json\/wp\/v2\/pages\/3221"}],"collection":[{"href":"https:\/\/cce.it\/fr\/wp-json\/wp\/v2\/pages"}],"about":[{"href":"https:\/\/cce.it\/fr\/wp-json\/wp\/v2\/types\/page"}],"author":[{"embeddable":true,"href":"https:\/\/cce.it\/fr\/wp-json\/wp\/v2\/users\/12"}],"replies":[{"embeddable":true,"href":"https:\/\/cce.it\/fr\/wp-json\/wp\/v2\/comments?post=3221"}],"version-history":[{"count":8,"href":"https:\/\/cce.it\/fr\/wp-json\/wp\/v2\/pages\/3221\/revisions"}],"predecessor-version":[{"id":16295,"href":"https:\/\/cce.it\/fr\/wp-json\/wp\/v2\/pages\/3221\/revisions\/16295"}],"up":[{"embeddable":true,"href":"https:\/\/cce.it\/fr\/wp-json\/wp\/v2\/pages\/3147"}],"wp:featuredmedia":[{"embeddable":true,"href":"https:\/\/cce.it\/fr\/wp-json\/wp\/v2\/media\/9195"}],"wp:attachment":[{"href":"https:\/\/cce.it\/fr\/wp-json\/wp\/v2\/media?parent=3221"}],"curies":[{"name":"wp","href":"https:\/\/api.w.org\/{rel}","templated":true}]}}