{"id":3208,"date":"2015-04-17T11:38:29","date_gmt":"2015-04-17T09:38:29","guid":{"rendered":"https:\/\/cce.it\/\/automatic-dropdowns-division\/accessori\/digisafe-180\/"},"modified":"2018-11-27T11:20:31","modified_gmt":"2018-11-27T10:20:31","slug":"digisafe-180","status":"publish","type":"page","link":"https:\/\/cce.it\/fr\/division-plinthes-automatiques\/categories\/accessoires\/digisafe-180\/","title":{"rendered":"Digisafe 180"},"content":{"rendered":"<h5><span> INFORMATION<\/span><\/h5>\n<hr \/>\n<p>Syst\u00e8me de protection contre l\u2019\u00e9crasement des doigts sur les portes battantes, prot\u00e8ge le point de cisaillement entre la porte et le cadre sur le c\u00f4t\u00e9 externe de la charni\u00e8re. Il est constitu\u00e9 de plusieurs pro l\u00e9s d\u2019aluminium articul\u00e9s entre eux permettant l&#8217;ouverture de la porte jusqu&#8217;\u00e0 180\u00b0 (DGSMAX180) et la protection totale du point de cisaillement interne entre la porte et le cadre.<\/p>\n","protected":false},"excerpt":{"rendered":"<p>INFORMATION Syst\u00e8me de protection contre l\u2019\u00e9crasement des doigts sur les portes battantes, prot\u00e8ge le point de cisaillement entre la porte et le cadre sur le c\u00f4t\u00e9 externe de la charni\u00e8re. Il est constitu\u00e9 de plusieurs pro l\u00e9s d\u2019aluminium articul\u00e9s entre eux permettant l&#8217;ouverture de la porte jusqu&#8217;\u00e0 180\u00b0 (DGSMAX180) et la protection totale du point &hellip; <a href=\"https:\/\/cce.it\/fr\/division-plinthes-automatiques\/categories\/accessoires\/digisafe-180\/\">Continua<\/a><\/p>\n","protected":false},"author":12,"featured_media":9183,"parent":3147,"menu_order":461,"comment_status":"closed","ping_status":"open","template":"template-antis-product.php","meta":[],"acf":[],"yoast_head":"<!-- This site is optimized with the Yoast SEO plugin v15.0 - https:\/\/yoast.com\/wordpress\/plugins\/seo\/ -->\n<title>Digisafe 180 - CCE<\/title>\n<meta name=\"robots\" content=\"index, follow, max-snippet:-1, max-image-preview:large, max-video-preview:-1\" \/>\n<link rel=\"canonical\" href=\"https:\/\/cce.it\/fr\/division-plinthes-automatiques\/accessoires\/digisafe-180\/\" \/>\n<meta property=\"og:locale\" content=\"it_IT\" \/>\n<meta property=\"og:type\" content=\"article\" \/>\n<meta property=\"og:title\" content=\"Digisafe 180 - CCE\" \/>\n<meta property=\"og:description\" content=\"INFORMATION Syst\u00e8me de protection contre l\u2019\u00e9crasement des doigts sur les portes battantes, prot\u00e8ge le point de cisaillement entre la porte et le cadre sur le c\u00f4t\u00e9 externe de la charni\u00e8re. Il est constitu\u00e9 de plusieurs pro l\u00e9s d\u2019aluminium articul\u00e9s entre eux permettant l&#8217;ouverture de la porte jusqu&#8217;\u00e0 180\u00b0 (DGSMAX180) et la protection totale du point &hellip; Continua\" \/>\n<meta property=\"og:url\" content=\"https:\/\/cce.it\/fr\/division-plinthes-automatiques\/accessoires\/digisafe-180\/\" \/>\n<meta property=\"og:site_name\" content=\"CCE\" \/>\n<meta property=\"article:modified_time\" content=\"2018-11-27T10:20:31+00:00\" \/>\n<meta property=\"og:image\" content=\"https:\/\/cce.it\/wp-content\/uploads\/digisafe180-prodotto_rev2.jpg\" \/>\n\t<meta property=\"og:image:width\" content=\"1920\" \/>\n\t<meta property=\"og:image:height\" content=\"726\" \/>\n<script type=\"application\/ld+json\" class=\"yoast-schema-graph\">{\"@context\":\"https:\/\/schema.org\",\"@graph\":[{\"@type\":\"WebSite\",\"@id\":\"https:\/\/cce.it\/fr\/#website\",\"url\":\"https:\/\/cce.it\/fr\/\",\"name\":\"CCE\",\"description\":\"\",\"potentialAction\":[{\"@type\":\"SearchAction\",\"target\":\"https:\/\/cce.it\/fr\/?s={search_term_string}\",\"query-input\":\"required name=search_term_string\"}],\"inLanguage\":\"it-IT\"},{\"@type\":\"ImageObject\",\"@id\":\"https:\/\/cce.it\/fr\/division-plinthes-automatiques\/accessoires\/digisafe-180\/#primaryimage\",\"inLanguage\":\"it-IT\",\"url\":\"https:\/\/cce.it\/wp-content\/uploads\/digisafe180-prodotto_rev2.jpg\",\"width\":1920,\"height\":726},{\"@type\":\"WebPage\",\"@id\":\"https:\/\/cce.it\/fr\/division-plinthes-automatiques\/accessoires\/digisafe-180\/#webpage\",\"url\":\"https:\/\/cce.it\/fr\/division-plinthes-automatiques\/accessoires\/digisafe-180\/\",\"name\":\"Digisafe 180 - CCE\",\"isPartOf\":{\"@id\":\"https:\/\/cce.it\/fr\/#website\"},\"primaryImageOfPage\":{\"@id\":\"https:\/\/cce.it\/fr\/division-plinthes-automatiques\/accessoires\/digisafe-180\/#primaryimage\"},\"datePublished\":\"2015-04-17T09:38:29+00:00\",\"dateModified\":\"2018-11-27T10:20:31+00:00\",\"breadcrumb\":{\"@id\":\"https:\/\/cce.it\/fr\/division-plinthes-automatiques\/accessoires\/digisafe-180\/#breadcrumb\"},\"inLanguage\":\"it-IT\",\"potentialAction\":[{\"@type\":\"ReadAction\",\"target\":[\"https:\/\/cce.it\/fr\/division-plinthes-automatiques\/accessoires\/digisafe-180\/\"]}]},{\"@type\":\"BreadcrumbList\",\"@id\":\"https:\/\/cce.it\/fr\/division-plinthes-automatiques\/accessoires\/digisafe-180\/#breadcrumb\",\"itemListElement\":[{\"@type\":\"ListItem\",\"position\":1,\"item\":{\"@type\":\"WebPage\",\"@id\":\"https:\/\/cce.it\/\",\"url\":\"https:\/\/cce.it\/\",\"name\":\"Home\"}},{\"@type\":\"ListItem\",\"position\":2,\"item\":{\"@type\":\"WebPage\",\"@id\":\"https:\/\/cce.it\/fr\/division-plinthes-automatiques\/\",\"url\":\"https:\/\/cce.it\/fr\/division-plinthes-automatiques\/\",\"name\":\"Division Plinthes Automatiques\"}},{\"@type\":\"ListItem\",\"position\":3,\"item\":{\"@type\":\"WebPage\",\"@id\":\"https:\/\/cce.it\/fr\/division-plinthes-automatiques\/accessoires\/\",\"url\":\"https:\/\/cce.it\/fr\/division-plinthes-automatiques\/accessoires\/\",\"name\":\"Accessoires\"}},{\"@type\":\"ListItem\",\"position\":4,\"item\":{\"@type\":\"WebPage\",\"@id\":\"https:\/\/cce.it\/fr\/division-plinthes-automatiques\/accessoires\/digisafe-180\/\",\"url\":\"https:\/\/cce.it\/fr\/division-plinthes-automatiques\/accessoires\/digisafe-180\/\",\"name\":\"Digisafe 180\"}}]}]}<\/script>\n<!-- \/ Yoast SEO plugin. -->","_links":{"self":[{"href":"https:\/\/cce.it\/fr\/wp-json\/wp\/v2\/pages\/3208"}],"collection":[{"href":"https:\/\/cce.it\/fr\/wp-json\/wp\/v2\/pages"}],"about":[{"href":"https:\/\/cce.it\/fr\/wp-json\/wp\/v2\/types\/page"}],"author":[{"embeddable":true,"href":"https:\/\/cce.it\/fr\/wp-json\/wp\/v2\/users\/12"}],"replies":[{"embeddable":true,"href":"https:\/\/cce.it\/fr\/wp-json\/wp\/v2\/comments?post=3208"}],"version-history":[{"count":11,"href":"https:\/\/cce.it\/fr\/wp-json\/wp\/v2\/pages\/3208\/revisions"}],"predecessor-version":[{"id":19006,"href":"https:\/\/cce.it\/fr\/wp-json\/wp\/v2\/pages\/3208\/revisions\/19006"}],"up":[{"embeddable":true,"href":"https:\/\/cce.it\/fr\/wp-json\/wp\/v2\/pages\/3147"}],"wp:featuredmedia":[{"embeddable":true,"href":"https:\/\/cce.it\/fr\/wp-json\/wp\/v2\/media\/9183"}],"wp:attachment":[{"href":"https:\/\/cce.it\/fr\/wp-json\/wp\/v2\/media?parent=3208"}],"curies":[{"name":"wp","href":"https:\/\/api.w.org\/{rel}","templated":true}]}}