{"id":3092,"date":"2015-04-21T17:29:10","date_gmt":"2015-04-21T15:29:10","guid":{"rendered":"https:\/\/cce.it\/\/divisione-sicurezza\/prodotti\/tecnostop\/"},"modified":"2018-07-19T08:39:43","modified_gmt":"2018-07-19T06:39:43","slug":"tecnostop","status":"publish","type":"page","link":"https:\/\/cce.it\/fr\/division-securite\/categories\/tecnostop\/","title":{"rendered":"Tecnostop"},"content":{"rendered":"<h5><span style=\"color: #000;\"> INFORMATION<\/span><\/h5>\n<hr \/>\n<p><strong>TECNOSTOP<\/strong> est un bord sensible int&eacute;gralement en plastique co extrud&eacute;, adapt&eacute; pour une utilisation sur les portes basculantes et les portillons. L&eacute;ger et facile \u00e0 installer, il utilise des micro interrupteurs &eacute;tanches et est particuli\u00e8rement indiqu&eacute; pour un usage externe &eacute;tant donn&eacute; sa grande r&eacute;sistance \u00e0 l\u2019eau.<\/p>\n","protected":false},"excerpt":{"rendered":"<p>INFORMATION TECNOSTOP est un bord sensible int&eacute;gralement en plastique co extrud&eacute;, adapt&eacute; pour une utilisation sur les portes basculantes et les portillons. L&eacute;ger et facile \u00e0 installer, il utilise des micro interrupteurs &eacute;tanches et est particuli\u00e8rement indiqu&eacute; pour un usage externe &eacute;tant donn&eacute; sa grande r&eacute;sistance \u00e0 l\u2019eau.<\/p>\n","protected":false},"author":12,"featured_media":1262,"parent":101,"menu_order":1209,"comment_status":"closed","ping_status":"closed","template":"template-family.php","meta":[],"acf":[],"yoast_head":"<!-- This site is optimized with the Yoast SEO plugin v15.0 - https:\/\/yoast.com\/wordpress\/plugins\/seo\/ -->\n<title>Tecnostop - CCE<\/title>\n<meta name=\"robots\" content=\"index, follow, max-snippet:-1, max-image-preview:large, max-video-preview:-1\" \/>\n<link rel=\"canonical\" href=\"https:\/\/cce.it\/fr\/division-securite\/categories\/tecnostop\/\" \/>\n<meta property=\"og:locale\" content=\"it_IT\" \/>\n<meta property=\"og:type\" content=\"article\" \/>\n<meta property=\"og:title\" content=\"Tecnostop - CCE\" \/>\n<meta property=\"og:description\" content=\"INFORMATION TECNOSTOP est un bord sensible int&eacute;gralement en plastique co extrud&eacute;, adapt&eacute; pour une utilisation sur les portes basculantes et les portillons. L&eacute;ger et facile \u00e0 installer, il utilise des micro interrupteurs &eacute;tanches et est particuli\u00e8rement indiqu&eacute; pour un usage externe &eacute;tant donn&eacute; sa grande r&eacute;sistance \u00e0 l\u2019eau.\" \/>\n<meta property=\"og:url\" content=\"https:\/\/cce.it\/fr\/division-securite\/categories\/tecnostop\/\" \/>\n<meta property=\"og:site_name\" content=\"CCE\" \/>\n<meta property=\"article:modified_time\" content=\"2018-07-19T06:39:43+00:00\" \/>\n<meta property=\"og:image\" content=\"https:\/\/cce.it\/wp-content\/uploads\/tecnostop-prodotto.jpg\" \/>\n\t<meta property=\"og:image:width\" content=\"1920\" \/>\n\t<meta property=\"og:image:height\" content=\"726\" \/>\n<script type=\"application\/ld+json\" class=\"yoast-schema-graph\">{\"@context\":\"https:\/\/schema.org\",\"@graph\":[{\"@type\":\"WebSite\",\"@id\":\"https:\/\/cce.it\/fr\/#website\",\"url\":\"https:\/\/cce.it\/fr\/\",\"name\":\"CCE\",\"description\":\"\",\"potentialAction\":[{\"@type\":\"SearchAction\",\"target\":\"https:\/\/cce.it\/fr\/?s={search_term_string}\",\"query-input\":\"required name=search_term_string\"}],\"inLanguage\":\"it-IT\"},{\"@type\":\"ImageObject\",\"@id\":\"https:\/\/cce.it\/fr\/division-securite\/categories\/tecnostop\/#primaryimage\",\"inLanguage\":\"it-IT\",\"url\":\"https:\/\/cce.it\/wp-content\/uploads\/tecnostop-prodotto.jpg\",\"width\":1920,\"height\":726},{\"@type\":\"WebPage\",\"@id\":\"https:\/\/cce.it\/fr\/division-securite\/categories\/tecnostop\/#webpage\",\"url\":\"https:\/\/cce.it\/fr\/division-securite\/categories\/tecnostop\/\",\"name\":\"Tecnostop - CCE\",\"isPartOf\":{\"@id\":\"https:\/\/cce.it\/fr\/#website\"},\"primaryImageOfPage\":{\"@id\":\"https:\/\/cce.it\/fr\/division-securite\/categories\/tecnostop\/#primaryimage\"},\"datePublished\":\"2015-04-21T15:29:10+00:00\",\"dateModified\":\"2018-07-19T06:39:43+00:00\",\"breadcrumb\":{\"@id\":\"https:\/\/cce.it\/fr\/division-securite\/categories\/tecnostop\/#breadcrumb\"},\"inLanguage\":\"it-IT\",\"potentialAction\":[{\"@type\":\"ReadAction\",\"target\":[\"https:\/\/cce.it\/fr\/division-securite\/categories\/tecnostop\/\"]}]},{\"@type\":\"BreadcrumbList\",\"@id\":\"https:\/\/cce.it\/fr\/division-securite\/categories\/tecnostop\/#breadcrumb\",\"itemListElement\":[{\"@type\":\"ListItem\",\"position\":1,\"item\":{\"@type\":\"WebPage\",\"@id\":\"https:\/\/cce.it\/\",\"url\":\"https:\/\/cce.it\/\",\"name\":\"Home\"}},{\"@type\":\"ListItem\",\"position\":2,\"item\":{\"@type\":\"WebPage\",\"@id\":\"https:\/\/cce.it\/fr\/division-securite\/\",\"url\":\"https:\/\/cce.it\/fr\/division-securite\/\",\"name\":\"Division S\\u00e9curit\\u00e9\"}},{\"@type\":\"ListItem\",\"position\":3,\"item\":{\"@type\":\"WebPage\",\"@id\":\"https:\/\/cce.it\/fr\/division-securite\/categories\/\",\"url\":\"https:\/\/cce.it\/fr\/division-securite\/categories\/\",\"name\":\"Cat\\u00e9gories\"}},{\"@type\":\"ListItem\",\"position\":4,\"item\":{\"@type\":\"WebPage\",\"@id\":\"https:\/\/cce.it\/fr\/division-securite\/categories\/tecnostop\/\",\"url\":\"https:\/\/cce.it\/fr\/division-securite\/categories\/tecnostop\/\",\"name\":\"Tecnostop\"}}]}]}<\/script>\n<!-- \/ Yoast SEO plugin. -->","_links":{"self":[{"href":"https:\/\/cce.it\/fr\/wp-json\/wp\/v2\/pages\/3092"}],"collection":[{"href":"https:\/\/cce.it\/fr\/wp-json\/wp\/v2\/pages"}],"about":[{"href":"https:\/\/cce.it\/fr\/wp-json\/wp\/v2\/types\/page"}],"author":[{"embeddable":true,"href":"https:\/\/cce.it\/fr\/wp-json\/wp\/v2\/users\/12"}],"replies":[{"embeddable":true,"href":"https:\/\/cce.it\/fr\/wp-json\/wp\/v2\/comments?post=3092"}],"version-history":[{"count":4,"href":"https:\/\/cce.it\/fr\/wp-json\/wp\/v2\/pages\/3092\/revisions"}],"predecessor-version":[{"id":18187,"href":"https:\/\/cce.it\/fr\/wp-json\/wp\/v2\/pages\/3092\/revisions\/18187"}],"up":[{"embeddable":true,"href":"https:\/\/cce.it\/fr\/wp-json\/wp\/v2\/pages\/101"}],"wp:featuredmedia":[{"embeddable":true,"href":"https:\/\/cce.it\/fr\/wp-json\/wp\/v2\/media\/1262"}],"wp:attachment":[{"href":"https:\/\/cce.it\/fr\/wp-json\/wp\/v2\/media?parent=3092"}],"curies":[{"name":"wp","href":"https:\/\/api.w.org\/{rel}","templated":true}]}}