{"id":25,"date":"2015-02-18T15:29:26","date_gmt":"2015-02-18T14:29:26","guid":{"rendered":"https:\/\/cce.it\/\/divisione-antispifferi-2\/"},"modified":"2024-04-24T13:20:47","modified_gmt":"2024-04-24T11:20:47","slug":"division-plinthes-automatiques","status":"publish","type":"page","link":"https:\/\/cce.it\/fr\/division-plinthes-automatiques\/","title":{"rendered":"Division Plinthes Automatiques"},"content":{"rendered":"<h2>\u00c9conomisez en laissant le froid \u00e0 l\u2019ext\u00e9rieur<\/h2>\n<p>Les joints automatiques sous porte, commun\u00e9ment appel\u00e9s plinthes automatiques, sont des dispositifs automatiques qui font s\u2019abaisser un joint sur le sol lorsque la porte se ferme. Ils sont actionn\u00e9s par un bouton qui est actionn\u00e9 par la pression qui se produit sur le chambranle de la porte et qui ferment parfaitement l\u2019espace qui se cr\u00e9e entre la porte et le plancher. Isoler une pi\u00e8ce des courants d&#8217;air froid, de la fum\u00e9e, de la poussi\u00e8re et du bruit, contribue \u00e0 un habitat plus confortable et assure \u00e9galement des \u00e9conomies d&#8217;\u00e9nergie<\/p>\n<p>[sg_popup id=3]<\/p>\n","protected":false},"excerpt":{"rendered":"<p>\u00c9conomisez en laissant le froid \u00e0 l\u2019ext\u00e9rieur Les joints automatiques sous porte, commun\u00e9ment appel\u00e9s plinthes automatiques, sont des dispositifs automatiques qui font s\u2019abaisser un joint sur le sol lorsque la porte se ferme. Ils sont actionn\u00e9s par un bouton qui est actionn\u00e9 par la pression qui se produit sur le chambranle de la porte et &hellip; <a href=\"https:\/\/cce.it\/fr\/division-plinthes-automatiques\/\">Continua<\/a><\/p>\n","protected":false},"author":2,"featured_media":21299,"parent":0,"menu_order":171,"comment_status":"closed","ping_status":"open","template":"template-divisione.php","meta":[],"acf":[],"yoast_head":"<!-- This site is optimized with the Yoast SEO plugin v15.0 - https:\/\/yoast.com\/wordpress\/plugins\/seo\/ -->\n<title>Division Plinthes Automatiques - CCE<\/title>\n<meta name=\"robots\" content=\"index, follow, max-snippet:-1, max-image-preview:large, max-video-preview:-1\" \/>\n<link rel=\"canonical\" href=\"https:\/\/cce.it\/fr\/division-plinthes-automatiques\/\" \/>\n<meta property=\"og:locale\" content=\"it_IT\" \/>\n<meta property=\"og:type\" content=\"article\" \/>\n<meta property=\"og:title\" content=\"Division Plinthes Automatiques - CCE\" \/>\n<meta property=\"og:description\" content=\"\u00c9conomisez en laissant le froid \u00e0 l\u2019ext\u00e9rieur Les joints automatiques sous porte, commun\u00e9ment appel\u00e9s plinthes automatiques, sont des dispositifs automatiques qui font s\u2019abaisser un joint sur le sol lorsque la porte se ferme. Ils sont actionn\u00e9s par un bouton qui est actionn\u00e9 par la pression qui se produit sur le chambranle de la porte et &hellip; Continua\" \/>\n<meta property=\"og:url\" content=\"https:\/\/cce.it\/fr\/division-plinthes-automatiques\/\" \/>\n<meta property=\"og:site_name\" content=\"CCE\" \/>\n<meta property=\"article:modified_time\" content=\"2024-04-24T11:20:47+00:00\" \/>\n<meta property=\"og:image\" content=\"https:\/\/cce.it\/wp-content\/uploads\/CCE-srl-divisione-antispifferi.jpg\" \/>\n\t<meta property=\"og:image:width\" content=\"700\" \/>\n\t<meta property=\"og:image:height\" content=\"530\" \/>\n<script type=\"application\/ld+json\" class=\"yoast-schema-graph\">{\"@context\":\"https:\/\/schema.org\",\"@graph\":[{\"@type\":\"WebSite\",\"@id\":\"https:\/\/cce.it\/fr\/#website\",\"url\":\"https:\/\/cce.it\/fr\/\",\"name\":\"CCE\",\"description\":\"\",\"potentialAction\":[{\"@type\":\"SearchAction\",\"target\":\"https:\/\/cce.it\/fr\/?s={search_term_string}\",\"query-input\":\"required name=search_term_string\"}],\"inLanguage\":\"it-IT\"},{\"@type\":\"ImageObject\",\"@id\":\"https:\/\/cce.it\/fr\/division-plinthes-automatiques\/#primaryimage\",\"inLanguage\":\"it-IT\",\"url\":\"https:\/\/cce.it\/wp-content\/uploads\/CCE-srl-divisione-antispifferi.jpg\",\"width\":700,\"height\":530,\"caption\":\"CCE srl Divisione antispifferi\"},{\"@type\":\"WebPage\",\"@id\":\"https:\/\/cce.it\/fr\/division-plinthes-automatiques\/#webpage\",\"url\":\"https:\/\/cce.it\/fr\/division-plinthes-automatiques\/\",\"name\":\"Division Plinthes Automatiques - CCE\",\"isPartOf\":{\"@id\":\"https:\/\/cce.it\/fr\/#website\"},\"primaryImageOfPage\":{\"@id\":\"https:\/\/cce.it\/fr\/division-plinthes-automatiques\/#primaryimage\"},\"datePublished\":\"2015-02-18T14:29:26+00:00\",\"dateModified\":\"2024-04-24T11:20:47+00:00\",\"breadcrumb\":{\"@id\":\"https:\/\/cce.it\/fr\/division-plinthes-automatiques\/#breadcrumb\"},\"inLanguage\":\"it-IT\",\"potentialAction\":[{\"@type\":\"ReadAction\",\"target\":[\"https:\/\/cce.it\/fr\/division-plinthes-automatiques\/\"]}]},{\"@type\":\"BreadcrumbList\",\"@id\":\"https:\/\/cce.it\/fr\/division-plinthes-automatiques\/#breadcrumb\",\"itemListElement\":[{\"@type\":\"ListItem\",\"position\":1,\"item\":{\"@type\":\"WebPage\",\"@id\":\"https:\/\/cce.it\/\",\"url\":\"https:\/\/cce.it\/\",\"name\":\"Home\"}},{\"@type\":\"ListItem\",\"position\":2,\"item\":{\"@type\":\"WebPage\",\"@id\":\"https:\/\/cce.it\/fr\/division-plinthes-automatiques\/\",\"url\":\"https:\/\/cce.it\/fr\/division-plinthes-automatiques\/\",\"name\":\"Division Plinthes Automatiques\"}}]}]}<\/script>\n<!-- \/ Yoast SEO plugin. -->","_links":{"self":[{"href":"https:\/\/cce.it\/fr\/wp-json\/wp\/v2\/pages\/25"}],"collection":[{"href":"https:\/\/cce.it\/fr\/wp-json\/wp\/v2\/pages"}],"about":[{"href":"https:\/\/cce.it\/fr\/wp-json\/wp\/v2\/types\/page"}],"author":[{"embeddable":true,"href":"https:\/\/cce.it\/fr\/wp-json\/wp\/v2\/users\/2"}],"replies":[{"embeddable":true,"href":"https:\/\/cce.it\/fr\/wp-json\/wp\/v2\/comments?post=25"}],"version-history":[{"count":4,"href":"https:\/\/cce.it\/fr\/wp-json\/wp\/v2\/pages\/25\/revisions"}],"predecessor-version":[{"id":21260,"href":"https:\/\/cce.it\/fr\/wp-json\/wp\/v2\/pages\/25\/revisions\/21260"}],"wp:featuredmedia":[{"embeddable":true,"href":"https:\/\/cce.it\/fr\/wp-json\/wp\/v2\/media\/21299"}],"wp:attachment":[{"href":"https:\/\/cce.it\/fr\/wp-json\/wp\/v2\/media?parent=25"}],"curies":[{"name":"wp","href":"https:\/\/api.w.org\/{rel}","templated":true}]}}