{"id":20926,"date":"2022-02-08T15:39:08","date_gmt":"2022-02-08T14:39:08","guid":{"rendered":"https:\/\/cce.it\/division-plinthes-automatiques\/categories\/easy\/slim\/"},"modified":"2022-02-08T15:44:05","modified_gmt":"2022-02-08T14:44:05","slug":"slim","status":"publish","type":"page","link":"https:\/\/cce.it\/fr\/division-plinthes-automatiques\/categories\/easy\/slim\/","title":{"rendered":"Slim"},"content":{"rendered":"<h5><span style=\"color: #000;\">INFORMATION<\/span><\/h5>\n<hr \/>\n<p>Le profil le plus fin de notre gamme, principalement \u00e9tudi\u00e9 pour les portes pivot et les coulissantes, mais pas uniquement. Le joint en silicone et les m\u00e9canismes soft offrent la combinaison parfaite pour les applications sp\u00e9ciales.<\/p>\n","protected":false},"excerpt":{"rendered":"<p>INFORMATION Le profil le plus fin de notre gamme, principalement \u00e9tudi\u00e9 pour les portes pivot et les coulissantes, mais pas uniquement. Le joint en silicone et les m\u00e9canismes soft offrent la combinaison parfaite pour les applications sp\u00e9ciales.<\/p>\n","protected":false},"author":12,"featured_media":20912,"parent":3534,"menu_order":62,"comment_status":"closed","ping_status":"closed","template":"template-antis-product.php","meta":[],"acf":[],"yoast_head":"<!-- This site is optimized with the Yoast SEO plugin v15.0 - https:\/\/yoast.com\/wordpress\/plugins\/seo\/ -->\n<title>Slim - CCE<\/title>\n<meta name=\"robots\" content=\"index, follow, max-snippet:-1, max-image-preview:large, max-video-preview:-1\" \/>\n<link rel=\"canonical\" href=\"https:\/\/cce.it\/fr\/division-plinthes-automatiques\/categories\/easy\/slim\/\" \/>\n<meta property=\"og:locale\" content=\"it_IT\" \/>\n<meta property=\"og:type\" content=\"article\" \/>\n<meta property=\"og:title\" content=\"Slim - CCE\" \/>\n<meta property=\"og:description\" content=\"INFORMATION Le profil le plus fin de notre gamme, principalement \u00e9tudi\u00e9 pour les portes pivot et les coulissantes, mais pas uniquement. Le joint en silicone et les m\u00e9canismes soft offrent la combinaison parfaite pour les applications sp\u00e9ciales.\" \/>\n<meta property=\"og:url\" content=\"https:\/\/cce.it\/fr\/division-plinthes-automatiques\/categories\/easy\/slim\/\" \/>\n<meta property=\"og:site_name\" content=\"CCE\" \/>\n<meta property=\"article:modified_time\" content=\"2022-02-08T14:44:05+00:00\" \/>\n<meta property=\"og:image\" content=\"https:\/\/cce.it\/wp-content\/uploads\/cce_prodotto_slim_testata.jpg\" \/>\n\t<meta property=\"og:image:width\" content=\"1920\" \/>\n\t<meta property=\"og:image:height\" content=\"726\" \/>\n<script type=\"application\/ld+json\" class=\"yoast-schema-graph\">{\"@context\":\"https:\/\/schema.org\",\"@graph\":[{\"@type\":\"WebSite\",\"@id\":\"https:\/\/cce.it\/fr\/#website\",\"url\":\"https:\/\/cce.it\/fr\/\",\"name\":\"CCE\",\"description\":\"\",\"potentialAction\":[{\"@type\":\"SearchAction\",\"target\":\"https:\/\/cce.it\/fr\/?s={search_term_string}\",\"query-input\":\"required name=search_term_string\"}],\"inLanguage\":\"it-IT\"},{\"@type\":\"ImageObject\",\"@id\":\"https:\/\/cce.it\/fr\/division-plinthes-automatiques\/categories\/easy\/slim\/#primaryimage\",\"inLanguage\":\"it-IT\",\"url\":\"https:\/\/cce.it\/wp-content\/uploads\/cce_prodotto_slim_testata.jpg\",\"width\":1920,\"height\":726},{\"@type\":\"WebPage\",\"@id\":\"https:\/\/cce.it\/fr\/division-plinthes-automatiques\/categories\/easy\/slim\/#webpage\",\"url\":\"https:\/\/cce.it\/fr\/division-plinthes-automatiques\/categories\/easy\/slim\/\",\"name\":\"Slim - CCE\",\"isPartOf\":{\"@id\":\"https:\/\/cce.it\/fr\/#website\"},\"primaryImageOfPage\":{\"@id\":\"https:\/\/cce.it\/fr\/division-plinthes-automatiques\/categories\/easy\/slim\/#primaryimage\"},\"datePublished\":\"2022-02-08T14:39:08+00:00\",\"dateModified\":\"2022-02-08T14:44:05+00:00\",\"breadcrumb\":{\"@id\":\"https:\/\/cce.it\/fr\/division-plinthes-automatiques\/categories\/easy\/slim\/#breadcrumb\"},\"inLanguage\":\"it-IT\",\"potentialAction\":[{\"@type\":\"ReadAction\",\"target\":[\"https:\/\/cce.it\/fr\/division-plinthes-automatiques\/categories\/easy\/slim\/\"]}]},{\"@type\":\"BreadcrumbList\",\"@id\":\"https:\/\/cce.it\/fr\/division-plinthes-automatiques\/categories\/easy\/slim\/#breadcrumb\",\"itemListElement\":[{\"@type\":\"ListItem\",\"position\":1,\"item\":{\"@type\":\"WebPage\",\"@id\":\"https:\/\/cce.it\/\",\"url\":\"https:\/\/cce.it\/\",\"name\":\"Home\"}},{\"@type\":\"ListItem\",\"position\":2,\"item\":{\"@type\":\"WebPage\",\"@id\":\"https:\/\/cce.it\/fr\/division-plinthes-automatiques\/\",\"url\":\"https:\/\/cce.it\/fr\/division-plinthes-automatiques\/\",\"name\":\"Division Plinthes Automatiques\"}},{\"@type\":\"ListItem\",\"position\":3,\"item\":{\"@type\":\"WebPage\",\"@id\":\"https:\/\/cce.it\/fr\/division-plinthes-automatiques\/categories\/\",\"url\":\"https:\/\/cce.it\/fr\/division-plinthes-automatiques\/categories\/\",\"name\":\"Cat\\u00e9gories\"}},{\"@type\":\"ListItem\",\"position\":4,\"item\":{\"@type\":\"WebPage\",\"@id\":\"https:\/\/cce.it\/fr\/division-plinthes-automatiques\/categories\/easy\/\",\"url\":\"https:\/\/cce.it\/fr\/division-plinthes-automatiques\/categories\/easy\/\",\"name\":\"Easy\"}},{\"@type\":\"ListItem\",\"position\":5,\"item\":{\"@type\":\"WebPage\",\"@id\":\"https:\/\/cce.it\/fr\/division-plinthes-automatiques\/categories\/easy\/slim\/\",\"url\":\"https:\/\/cce.it\/fr\/division-plinthes-automatiques\/categories\/easy\/slim\/\",\"name\":\"Slim\"}}]}]}<\/script>\n<!-- \/ Yoast SEO plugin. -->","_links":{"self":[{"href":"https:\/\/cce.it\/fr\/wp-json\/wp\/v2\/pages\/20926"}],"collection":[{"href":"https:\/\/cce.it\/fr\/wp-json\/wp\/v2\/pages"}],"about":[{"href":"https:\/\/cce.it\/fr\/wp-json\/wp\/v2\/types\/page"}],"author":[{"embeddable":true,"href":"https:\/\/cce.it\/fr\/wp-json\/wp\/v2\/users\/12"}],"replies":[{"embeddable":true,"href":"https:\/\/cce.it\/fr\/wp-json\/wp\/v2\/comments?post=20926"}],"version-history":[{"count":2,"href":"https:\/\/cce.it\/fr\/wp-json\/wp\/v2\/pages\/20926\/revisions"}],"predecessor-version":[{"id":20943,"href":"https:\/\/cce.it\/fr\/wp-json\/wp\/v2\/pages\/20926\/revisions\/20943"}],"up":[{"embeddable":true,"href":"https:\/\/cce.it\/fr\/wp-json\/wp\/v2\/pages\/3534"}],"wp:featuredmedia":[{"embeddable":true,"href":"https:\/\/cce.it\/fr\/wp-json\/wp\/v2\/media\/20912"}],"wp:attachment":[{"href":"https:\/\/cce.it\/fr\/wp-json\/wp\/v2\/media?parent=20926"}],"curies":[{"name":"wp","href":"https:\/\/api.w.org\/{rel}","templated":true}]}}