{"id":19532,"date":"2020-06-12T10:48:10","date_gmt":"2020-06-12T08:48:10","guid":{"rendered":"https:\/\/cce.it\/?page_id=19532"},"modified":"2020-06-12T10:48:10","modified_gmt":"2020-06-12T08:48:10","slug":"idromini-wood-178x28","status":"publish","type":"page","link":"https:\/\/cce.it\/fr\/division-plinthes-automatiques\/categories\/idrozero\/idromini-wood-178x28\/","title":{"rendered":"Idromini Wood 17,8&#215;28"},"content":{"rendered":"<h5>INFORMATION<\/h5>\n<hr \/>\n<p>Idrozero Mini 17,8&#215;28 Wood est con\u00e7u pour \u00eatre utilis\u00e9 avec des portes en bois \u00e0 simple vantail. Le joint d&#8217;\u00e9tanch\u00e9it\u00e9 lat\u00e9ral sp\u00e9cial, appliqu\u00e9 au cadre, est dimensionn\u00e9 de mani\u00e8re \u00e0 assurer une parfaite \u00e9tanch\u00e9it\u00e9 des ouvrants avec un jeu de 10 mm entre la porte et le cadre. Il est test\u00e9 pour une tenue jusque classe 9\u00b0 en conformit\u00e9 \u00e0 la norme UNI EN 12208.<\/p>\n","protected":false},"excerpt":{"rendered":"<p>INFORMATION Idrozero Mini 17,8&#215;28 Wood est con\u00e7u pour \u00eatre utilis\u00e9 avec des portes en bois \u00e0 simple vantail. Le joint d&#8217;\u00e9tanch\u00e9it\u00e9 lat\u00e9ral sp\u00e9cial, appliqu\u00e9 au cadre, est dimensionn\u00e9 de mani\u00e8re \u00e0 assurer une parfaite \u00e9tanch\u00e9it\u00e9 des ouvrants avec un jeu de 10 mm entre la porte et le cadre. Il est test\u00e9 pour une tenue &hellip; <a href=\"https:\/\/cce.it\/fr\/division-plinthes-automatiques\/categories\/idrozero\/idromini-wood-178x28\/\">Continua<\/a><\/p>\n","protected":false},"author":12,"featured_media":19996,"parent":19461,"menu_order":705,"comment_status":"closed","ping_status":"closed","template":"template-antis-product.php","meta":[],"acf":[],"yoast_head":"<!-- This site is optimized with the Yoast SEO plugin v15.0 - https:\/\/yoast.com\/wordpress\/plugins\/seo\/ -->\n<title>Idromini Wood 17,8x28 - CCE<\/title>\n<meta name=\"robots\" content=\"index, follow, max-snippet:-1, max-image-preview:large, max-video-preview:-1\" \/>\n<link rel=\"canonical\" href=\"https:\/\/cce.it\/fr\/division-plinthes-automatiques\/categories\/idrozero\/idromini-wood-178x28\/\" \/>\n<meta property=\"og:locale\" content=\"it_IT\" \/>\n<meta property=\"og:type\" content=\"article\" \/>\n<meta property=\"og:title\" content=\"Idromini Wood 17,8x28 - CCE\" \/>\n<meta property=\"og:description\" content=\"INFORMATION Idrozero Mini 17,8&#215;28 Wood est con\u00e7u pour \u00eatre utilis\u00e9 avec des portes en bois \u00e0 simple vantail. Le joint d&#8217;\u00e9tanch\u00e9it\u00e9 lat\u00e9ral sp\u00e9cial, appliqu\u00e9 au cadre, est dimensionn\u00e9 de mani\u00e8re \u00e0 assurer une parfaite \u00e9tanch\u00e9it\u00e9 des ouvrants avec un jeu de 10 mm entre la porte et le cadre. Il est test\u00e9 pour une tenue &hellip; Continua\" \/>\n<meta property=\"og:url\" content=\"https:\/\/cce.it\/fr\/division-plinthes-automatiques\/categories\/idrozero\/idromini-wood-178x28\/\" \/>\n<meta property=\"og:site_name\" content=\"CCE\" \/>\n<meta property=\"og:image\" content=\"https:\/\/cce.it\/wp-content\/uploads\/prodotto-as1828idzw-testata.jpg\" \/>\n\t<meta property=\"og:image:width\" content=\"1920\" \/>\n\t<meta property=\"og:image:height\" content=\"726\" \/>\n<script type=\"application\/ld+json\" class=\"yoast-schema-graph\">{\"@context\":\"https:\/\/schema.org\",\"@graph\":[{\"@type\":\"WebSite\",\"@id\":\"https:\/\/cce.it\/fr\/#website\",\"url\":\"https:\/\/cce.it\/fr\/\",\"name\":\"CCE\",\"description\":\"\",\"potentialAction\":[{\"@type\":\"SearchAction\",\"target\":\"https:\/\/cce.it\/fr\/?s={search_term_string}\",\"query-input\":\"required name=search_term_string\"}],\"inLanguage\":\"it-IT\"},{\"@type\":\"ImageObject\",\"@id\":\"https:\/\/cce.it\/fr\/division-plinthes-automatiques\/categories\/idrozero\/idromini-wood-178x28\/#primaryimage\",\"inLanguage\":\"it-IT\",\"url\":\"https:\/\/cce.it\/wp-content\/uploads\/prodotto-as1828idzw-testata.jpg\",\"width\":1920,\"height\":726},{\"@type\":\"WebPage\",\"@id\":\"https:\/\/cce.it\/fr\/division-plinthes-automatiques\/categories\/idrozero\/idromini-wood-178x28\/#webpage\",\"url\":\"https:\/\/cce.it\/fr\/division-plinthes-automatiques\/categories\/idrozero\/idromini-wood-178x28\/\",\"name\":\"Idromini Wood 17,8x28 - CCE\",\"isPartOf\":{\"@id\":\"https:\/\/cce.it\/fr\/#website\"},\"primaryImageOfPage\":{\"@id\":\"https:\/\/cce.it\/fr\/division-plinthes-automatiques\/categories\/idrozero\/idromini-wood-178x28\/#primaryimage\"},\"datePublished\":\"2020-06-12T08:48:10+00:00\",\"dateModified\":\"2020-06-12T08:48:10+00:00\",\"breadcrumb\":{\"@id\":\"https:\/\/cce.it\/fr\/division-plinthes-automatiques\/categories\/idrozero\/idromini-wood-178x28\/#breadcrumb\"},\"inLanguage\":\"it-IT\",\"potentialAction\":[{\"@type\":\"ReadAction\",\"target\":[\"https:\/\/cce.it\/fr\/division-plinthes-automatiques\/categories\/idrozero\/idromini-wood-178x28\/\"]}]},{\"@type\":\"BreadcrumbList\",\"@id\":\"https:\/\/cce.it\/fr\/division-plinthes-automatiques\/categories\/idrozero\/idromini-wood-178x28\/#breadcrumb\",\"itemListElement\":[{\"@type\":\"ListItem\",\"position\":1,\"item\":{\"@type\":\"WebPage\",\"@id\":\"https:\/\/cce.it\/\",\"url\":\"https:\/\/cce.it\/\",\"name\":\"Home\"}},{\"@type\":\"ListItem\",\"position\":2,\"item\":{\"@type\":\"WebPage\",\"@id\":\"https:\/\/cce.it\/fr\/division-plinthes-automatiques\/\",\"url\":\"https:\/\/cce.it\/fr\/division-plinthes-automatiques\/\",\"name\":\"Division Plinthes Automatiques\"}},{\"@type\":\"ListItem\",\"position\":3,\"item\":{\"@type\":\"WebPage\",\"@id\":\"https:\/\/cce.it\/fr\/division-plinthes-automatiques\/categories\/\",\"url\":\"https:\/\/cce.it\/fr\/division-plinthes-automatiques\/categories\/\",\"name\":\"Cat\\u00e9gories\"}},{\"@type\":\"ListItem\",\"position\":4,\"item\":{\"@type\":\"WebPage\",\"@id\":\"https:\/\/cce.it\/fr\/division-plinthes-automatiques\/categories\/idrozero\/\",\"url\":\"https:\/\/cce.it\/fr\/division-plinthes-automatiques\/categories\/idrozero\/\",\"name\":\"Idrozero\"}},{\"@type\":\"ListItem\",\"position\":5,\"item\":{\"@type\":\"WebPage\",\"@id\":\"https:\/\/cce.it\/fr\/division-plinthes-automatiques\/categories\/idrozero\/idromini-wood-178x28\/\",\"url\":\"https:\/\/cce.it\/fr\/division-plinthes-automatiques\/categories\/idrozero\/idromini-wood-178x28\/\",\"name\":\"Idromini Wood 17,8&#215;28\"}}]}]}<\/script>\n<!-- \/ Yoast SEO plugin. -->","_links":{"self":[{"href":"https:\/\/cce.it\/fr\/wp-json\/wp\/v2\/pages\/19532"}],"collection":[{"href":"https:\/\/cce.it\/fr\/wp-json\/wp\/v2\/pages"}],"about":[{"href":"https:\/\/cce.it\/fr\/wp-json\/wp\/v2\/types\/page"}],"author":[{"embeddable":true,"href":"https:\/\/cce.it\/fr\/wp-json\/wp\/v2\/users\/12"}],"replies":[{"embeddable":true,"href":"https:\/\/cce.it\/fr\/wp-json\/wp\/v2\/comments?post=19532"}],"version-history":[{"count":1,"href":"https:\/\/cce.it\/fr\/wp-json\/wp\/v2\/pages\/19532\/revisions"}],"predecessor-version":[{"id":19931,"href":"https:\/\/cce.it\/fr\/wp-json\/wp\/v2\/pages\/19532\/revisions\/19931"}],"up":[{"embeddable":true,"href":"https:\/\/cce.it\/fr\/wp-json\/wp\/v2\/pages\/19461"}],"wp:featuredmedia":[{"embeddable":true,"href":"https:\/\/cce.it\/fr\/wp-json\/wp\/v2\/media\/19996"}],"wp:attachment":[{"href":"https:\/\/cce.it\/fr\/wp-json\/wp\/v2\/media?parent=19532"}],"curies":[{"name":"wp","href":"https:\/\/api.w.org\/{rel}","templated":true}]}}