{"id":18836,"date":"2018-11-15T09:23:50","date_gmt":"2018-11-15T08:23:50","guid":{"rendered":"https:\/\/cce.it\/radio-mobile-tx-evo-868-mhz\/"},"modified":"2018-11-15T09:37:04","modified_gmt":"2018-11-15T08:37:04","slug":"radio-mobile-tx-evo-868-mhz","status":"publish","type":"page","link":"https:\/\/cce.it\/fr\/division-securite\/categories\/radio\/radio-mobile-tx-evo-868-mhz\/","title":{"rendered":"RADIO MOBILE TX EVO 868 MHz"},"content":{"rendered":"<h5><span style=\"color: #000;\"> INFORMAZIONI<\/span><\/h5>\n<hr \/>\n<p>RADIO EVO est la troisi\u00e8me g\u00e9n\u00e9ration du syst\u00e8me de communication sans fil CCE, avec des prestations am\u00e9lior\u00e9es et de nouvelles fonctionnalit\u00e9s.<\/p>\n","protected":false},"excerpt":{"rendered":"<p>INFORMAZIONI RADIO EVO est la troisi\u00e8me g\u00e9n\u00e9ration du syst\u00e8me de communication sans fil CCE, avec des prestations am\u00e9lior\u00e9es et de nouvelles fonctionnalit\u00e9s.<\/p>\n","protected":false},"author":12,"featured_media":0,"parent":20603,"menu_order":1066,"comment_status":"closed","ping_status":"closed","template":"template-sicurezza-product.php","meta":[],"acf":[],"yoast_head":"<!-- This site is optimized with the Yoast SEO plugin v15.0 - https:\/\/yoast.com\/wordpress\/plugins\/seo\/ -->\n<title>RADIO MOBILE TX EVO 868 MHz - CCE<\/title>\n<meta name=\"robots\" content=\"index, follow, max-snippet:-1, max-image-preview:large, max-video-preview:-1\" \/>\n<link rel=\"canonical\" href=\"https:\/\/cce.it\/fr\/radio-mobile-tx-evo-868-mhz\/\" \/>\n<meta property=\"og:locale\" content=\"it_IT\" \/>\n<meta property=\"og:type\" content=\"article\" \/>\n<meta property=\"og:title\" content=\"RADIO MOBILE TX EVO 868 MHz - CCE\" \/>\n<meta property=\"og:description\" content=\"INFORMAZIONI RADIO EVO est la troisi\u00e8me g\u00e9n\u00e9ration du syst\u00e8me de communication sans fil CCE, avec des prestations am\u00e9lior\u00e9es et de nouvelles fonctionnalit\u00e9s.\" \/>\n<meta property=\"og:url\" content=\"https:\/\/cce.it\/fr\/radio-mobile-tx-evo-868-mhz\/\" \/>\n<meta property=\"og:site_name\" content=\"CCE\" \/>\n<meta property=\"article:modified_time\" content=\"2018-11-15T08:37:04+00:00\" \/>\n<script type=\"application\/ld+json\" class=\"yoast-schema-graph\">{\"@context\":\"https:\/\/schema.org\",\"@graph\":[{\"@type\":\"WebSite\",\"@id\":\"https:\/\/cce.it\/fr\/#website\",\"url\":\"https:\/\/cce.it\/fr\/\",\"name\":\"CCE\",\"description\":\"\",\"potentialAction\":[{\"@type\":\"SearchAction\",\"target\":\"https:\/\/cce.it\/fr\/?s={search_term_string}\",\"query-input\":\"required name=search_term_string\"}],\"inLanguage\":\"it-IT\"},{\"@type\":\"WebPage\",\"@id\":\"https:\/\/cce.it\/fr\/radio-mobile-tx-evo-868-mhz\/#webpage\",\"url\":\"https:\/\/cce.it\/fr\/radio-mobile-tx-evo-868-mhz\/\",\"name\":\"RADIO MOBILE TX EVO 868 MHz - CCE\",\"isPartOf\":{\"@id\":\"https:\/\/cce.it\/fr\/#website\"},\"datePublished\":\"2018-11-15T08:23:50+00:00\",\"dateModified\":\"2018-11-15T08:37:04+00:00\",\"breadcrumb\":{\"@id\":\"https:\/\/cce.it\/fr\/radio-mobile-tx-evo-868-mhz\/#breadcrumb\"},\"inLanguage\":\"it-IT\",\"potentialAction\":[{\"@type\":\"ReadAction\",\"target\":[\"https:\/\/cce.it\/fr\/radio-mobile-tx-evo-868-mhz\/\"]}]},{\"@type\":\"BreadcrumbList\",\"@id\":\"https:\/\/cce.it\/fr\/radio-mobile-tx-evo-868-mhz\/#breadcrumb\",\"itemListElement\":[{\"@type\":\"ListItem\",\"position\":1,\"item\":{\"@type\":\"WebPage\",\"@id\":\"https:\/\/cce.it\/\",\"url\":\"https:\/\/cce.it\/\",\"name\":\"Home\"}},{\"@type\":\"ListItem\",\"position\":2,\"item\":{\"@type\":\"WebPage\",\"@id\":\"https:\/\/cce.it\/fr\/division-securite\/\",\"url\":\"https:\/\/cce.it\/fr\/division-securite\/\",\"name\":\"Division S\\u00e9curit\\u00e9\"}},{\"@type\":\"ListItem\",\"position\":3,\"item\":{\"@type\":\"WebPage\",\"@id\":\"https:\/\/cce.it\/fr\/division-securite\/categories\/\",\"url\":\"https:\/\/cce.it\/fr\/division-securite\/categories\/\",\"name\":\"Cat\\u00e9gories\"}},{\"@type\":\"ListItem\",\"position\":4,\"item\":{\"@type\":\"WebPage\",\"@id\":\"https:\/\/cce.it\/fr\/division-securite\/categories\/radio\/\",\"url\":\"https:\/\/cce.it\/fr\/division-securite\/categories\/radio\/\",\"name\":\"Radio\"}},{\"@type\":\"ListItem\",\"position\":5,\"item\":{\"@type\":\"WebPage\",\"@id\":\"https:\/\/cce.it\/fr\/radio-mobile-tx-evo-868-mhz\/\",\"url\":\"https:\/\/cce.it\/fr\/radio-mobile-tx-evo-868-mhz\/\",\"name\":\"RADIO MOBILE TX EVO 868 MHz\"}}]}]}<\/script>\n<!-- \/ Yoast SEO plugin. -->","_links":{"self":[{"href":"https:\/\/cce.it\/fr\/wp-json\/wp\/v2\/pages\/18836"}],"collection":[{"href":"https:\/\/cce.it\/fr\/wp-json\/wp\/v2\/pages"}],"about":[{"href":"https:\/\/cce.it\/fr\/wp-json\/wp\/v2\/types\/page"}],"author":[{"embeddable":true,"href":"https:\/\/cce.it\/fr\/wp-json\/wp\/v2\/users\/12"}],"replies":[{"embeddable":true,"href":"https:\/\/cce.it\/fr\/wp-json\/wp\/v2\/comments?post=18836"}],"version-history":[{"count":1,"href":"https:\/\/cce.it\/fr\/wp-json\/wp\/v2\/pages\/18836\/revisions"}],"predecessor-version":[{"id":18837,"href":"https:\/\/cce.it\/fr\/wp-json\/wp\/v2\/pages\/18836\/revisions\/18837"}],"up":[{"embeddable":true,"href":"https:\/\/cce.it\/fr\/wp-json\/wp\/v2\/pages\/20603"}],"wp:attachment":[{"href":"https:\/\/cce.it\/fr\/wp-json\/wp\/v2\/media?parent=18836"}],"curies":[{"name":"wp","href":"https:\/\/api.w.org\/{rel}","templated":true}]}}