{"id":17378,"date":"2017-06-06T16:14:54","date_gmt":"2017-06-06T14:14:54","guid":{"rendered":"https:\/\/cce.it\/\/division-securite\/categories\/mini-lip-cnd\/"},"modified":"2018-07-18T17:29:59","modified_gmt":"2018-07-18T15:29:59","slug":"mini-lip-cnd","status":"publish","type":"page","link":"https:\/\/cce.it\/fr\/division-securite\/categories\/mini-lip-cnd\/","title":{"rendered":"Mini Lip CND"},"content":{"rendered":"<h5><span style=\"color: #000;\"> INFORMATION<\/span><\/h5>\n<hr \/>\n<p>Le mod\u00e8le <strong>MINI LIP CND<\/strong> est l\u2019id&eacute;al pour une application horizontale sur portes sectionnelles et portes rideaux. Gr\u00e2ce \u00e0 ses embouts lat&eacute;raux avec fixation incluse, il est tr\u00e8s facile \u00e0 r&eacute;gler en phase d\u2019installation. Il est disponible en kit pratiques et con&ccedil;us pour r&eacute;aliser plusieurs palpeurs de longueurs vari&eacute;es.<\/p>\n","protected":false},"excerpt":{"rendered":"<p>INFORMATION Le mod\u00e8le MINI LIP CND est l\u2019id&eacute;al pour une application horizontale sur portes sectionnelles et portes rideaux. Gr\u00e2ce \u00e0 ses embouts lat&eacute;raux avec fixation incluse, il est tr\u00e8s facile \u00e0 r&eacute;gler en phase d\u2019installation. Il est disponible en kit pratiques et con&ccedil;us pour r&eacute;aliser plusieurs palpeurs de longueurs vari&eacute;es.<\/p>\n","protected":false},"author":12,"featured_media":9246,"parent":101,"menu_order":834,"comment_status":"closed","ping_status":"closed","template":"template-family.php","meta":[],"acf":[],"yoast_head":"<!-- This site is optimized with the Yoast SEO plugin v15.0 - https:\/\/yoast.com\/wordpress\/plugins\/seo\/ -->\n<title>Mini Lip CND - CCE<\/title>\n<meta name=\"robots\" content=\"index, follow, max-snippet:-1, max-image-preview:large, max-video-preview:-1\" \/>\n<link rel=\"canonical\" href=\"https:\/\/cce.it\/fr\/division-securite\/categories\/mini-lip-cnd\/\" \/>\n<meta property=\"og:locale\" content=\"it_IT\" \/>\n<meta property=\"og:type\" content=\"article\" \/>\n<meta property=\"og:title\" content=\"Mini Lip CND - CCE\" \/>\n<meta property=\"og:description\" content=\"INFORMATION Le mod\u00e8le MINI LIP CND est l\u2019id&eacute;al pour une application horizontale sur portes sectionnelles et portes rideaux. Gr\u00e2ce \u00e0 ses embouts lat&eacute;raux avec fixation incluse, il est tr\u00e8s facile \u00e0 r&eacute;gler en phase d\u2019installation. Il est disponible en kit pratiques et con&ccedil;us pour r&eacute;aliser plusieurs palpeurs de longueurs vari&eacute;es.\" \/>\n<meta property=\"og:url\" content=\"https:\/\/cce.it\/fr\/division-securite\/categories\/mini-lip-cnd\/\" \/>\n<meta property=\"og:site_name\" content=\"CCE\" \/>\n<meta property=\"article:modified_time\" content=\"2018-07-18T15:29:59+00:00\" \/>\n<meta property=\"og:image\" content=\"https:\/\/cce.it\/wp-content\/uploads\/minilip-prodotto.jpg\" \/>\n\t<meta property=\"og:image:width\" content=\"1920\" \/>\n\t<meta property=\"og:image:height\" content=\"726\" \/>\n<script type=\"application\/ld+json\" class=\"yoast-schema-graph\">{\"@context\":\"https:\/\/schema.org\",\"@graph\":[{\"@type\":\"WebSite\",\"@id\":\"https:\/\/cce.it\/fr\/#website\",\"url\":\"https:\/\/cce.it\/fr\/\",\"name\":\"CCE\",\"description\":\"\",\"potentialAction\":[{\"@type\":\"SearchAction\",\"target\":\"https:\/\/cce.it\/fr\/?s={search_term_string}\",\"query-input\":\"required name=search_term_string\"}],\"inLanguage\":\"it-IT\"},{\"@type\":\"ImageObject\",\"@id\":\"https:\/\/cce.it\/fr\/division-securite\/categories\/mini-lip-cnd\/#primaryimage\",\"inLanguage\":\"it-IT\",\"url\":\"https:\/\/cce.it\/wp-content\/uploads\/minilip-prodotto.jpg\",\"width\":1920,\"height\":726},{\"@type\":\"WebPage\",\"@id\":\"https:\/\/cce.it\/fr\/division-securite\/categories\/mini-lip-cnd\/#webpage\",\"url\":\"https:\/\/cce.it\/fr\/division-securite\/categories\/mini-lip-cnd\/\",\"name\":\"Mini Lip CND - CCE\",\"isPartOf\":{\"@id\":\"https:\/\/cce.it\/fr\/#website\"},\"primaryImageOfPage\":{\"@id\":\"https:\/\/cce.it\/fr\/division-securite\/categories\/mini-lip-cnd\/#primaryimage\"},\"datePublished\":\"2017-06-06T14:14:54+00:00\",\"dateModified\":\"2018-07-18T15:29:59+00:00\",\"breadcrumb\":{\"@id\":\"https:\/\/cce.it\/fr\/division-securite\/categories\/mini-lip-cnd\/#breadcrumb\"},\"inLanguage\":\"it-IT\",\"potentialAction\":[{\"@type\":\"ReadAction\",\"target\":[\"https:\/\/cce.it\/fr\/division-securite\/categories\/mini-lip-cnd\/\"]}]},{\"@type\":\"BreadcrumbList\",\"@id\":\"https:\/\/cce.it\/fr\/division-securite\/categories\/mini-lip-cnd\/#breadcrumb\",\"itemListElement\":[{\"@type\":\"ListItem\",\"position\":1,\"item\":{\"@type\":\"WebPage\",\"@id\":\"https:\/\/cce.it\/\",\"url\":\"https:\/\/cce.it\/\",\"name\":\"Home\"}},{\"@type\":\"ListItem\",\"position\":2,\"item\":{\"@type\":\"WebPage\",\"@id\":\"https:\/\/cce.it\/fr\/division-securite\/\",\"url\":\"https:\/\/cce.it\/fr\/division-securite\/\",\"name\":\"Division S\\u00e9curit\\u00e9\"}},{\"@type\":\"ListItem\",\"position\":3,\"item\":{\"@type\":\"WebPage\",\"@id\":\"https:\/\/cce.it\/fr\/division-securite\/categories\/\",\"url\":\"https:\/\/cce.it\/fr\/division-securite\/categories\/\",\"name\":\"Cat\\u00e9gories\"}},{\"@type\":\"ListItem\",\"position\":4,\"item\":{\"@type\":\"WebPage\",\"@id\":\"https:\/\/cce.it\/fr\/division-securite\/categories\/mini-lip-cnd\/\",\"url\":\"https:\/\/cce.it\/fr\/division-securite\/categories\/mini-lip-cnd\/\",\"name\":\"Mini Lip CND\"}}]}]}<\/script>\n<!-- \/ Yoast SEO plugin. -->","_links":{"self":[{"href":"https:\/\/cce.it\/fr\/wp-json\/wp\/v2\/pages\/17378"}],"collection":[{"href":"https:\/\/cce.it\/fr\/wp-json\/wp\/v2\/pages"}],"about":[{"href":"https:\/\/cce.it\/fr\/wp-json\/wp\/v2\/types\/page"}],"author":[{"embeddable":true,"href":"https:\/\/cce.it\/fr\/wp-json\/wp\/v2\/users\/12"}],"replies":[{"embeddable":true,"href":"https:\/\/cce.it\/fr\/wp-json\/wp\/v2\/comments?post=17378"}],"version-history":[{"count":4,"href":"https:\/\/cce.it\/fr\/wp-json\/wp\/v2\/pages\/17378\/revisions"}],"predecessor-version":[{"id":18184,"href":"https:\/\/cce.it\/fr\/wp-json\/wp\/v2\/pages\/17378\/revisions\/18184"}],"up":[{"embeddable":true,"href":"https:\/\/cce.it\/fr\/wp-json\/wp\/v2\/pages\/101"}],"wp:featuredmedia":[{"embeddable":true,"href":"https:\/\/cce.it\/fr\/wp-json\/wp\/v2\/media\/9246"}],"wp:attachment":[{"href":"https:\/\/cce.it\/fr\/wp-json\/wp\/v2\/media?parent=17378"}],"curies":[{"name":"wp","href":"https:\/\/api.w.org\/{rel}","templated":true}]}}