{"id":16061,"date":"2018-05-15T09:59:29","date_gmt":"2018-05-15T07:59:29","guid":{"rendered":"https:\/\/cce.it\/\/division-securite\/produits\/mini-roll-cnd-2\/"},"modified":"2018-07-18T17:29:45","modified_gmt":"2018-07-18T15:29:45","slug":"mini-roll-cnd-2","status":"publish","type":"page","link":"https:\/\/cce.it\/fr\/division-securite\/categories\/mini-roll-cnd-2\/","title":{"rendered":"Mini roll CND"},"content":{"rendered":"<h5><span style=\"color: #000;\"> INFORMAZIONI<\/span><\/h5>\n<hr \/>\n<p>Le mod\u00e8le <strong>MINI ROLL CND<\/strong> a \u00e9t\u00e9 pens\u00e9 pour \u00eatre install\u00e9e sur le p\u00e9rim\u00e8tre du portail aussi bien en position verticale qu\u2019horizontale. Il utilise un caoutchouc conductif en TPE co-extrud\u00e9 qui garantit un temps de r\u00e9ponse rapide \u00e0 l\u2019impact et est recoupable ind\u00e9finiment. MINI ROLL CND Il est disponible en kit pratiques et con\u00e7us pour r\u00e9aliser plusieurs palpeurs de longueurs vari\u00e9es.<\/p>\n","protected":false},"excerpt":{"rendered":"<p>INFORMAZIONI Le mod\u00e8le MINI ROLL CND a \u00e9t\u00e9 pens\u00e9 pour \u00eatre install\u00e9e sur le p\u00e9rim\u00e8tre du portail aussi bien en position verticale qu\u2019horizontale. Il utilise un caoutchouc conductif en TPE co-extrud\u00e9 qui garantit un temps de r\u00e9ponse rapide \u00e0 l\u2019impact et est recoupable ind\u00e9finiment. MINI ROLL CND Il est disponible en kit pratiques et con\u00e7us &hellip; <a href=\"https:\/\/cce.it\/fr\/division-securite\/categories\/mini-roll-cnd-2\/\">Continua<\/a><\/p>\n","protected":false},"author":12,"featured_media":9241,"parent":101,"menu_order":870,"comment_status":"closed","ping_status":"closed","template":"template-family.php","meta":[],"acf":[],"yoast_head":"<!-- This site is optimized with the Yoast SEO plugin v15.0 - https:\/\/yoast.com\/wordpress\/plugins\/seo\/ -->\n<title>Mini roll CND - CCE<\/title>\n<meta name=\"robots\" content=\"index, follow, max-snippet:-1, max-image-preview:large, max-video-preview:-1\" \/>\n<link rel=\"canonical\" href=\"https:\/\/cce.it\/fr\/division-securite\/categories\/mini-roll-cnd-2\/\" \/>\n<meta property=\"og:locale\" content=\"it_IT\" \/>\n<meta property=\"og:type\" content=\"article\" \/>\n<meta property=\"og:title\" content=\"Mini roll CND - CCE\" \/>\n<meta property=\"og:description\" content=\"INFORMAZIONI Le mod\u00e8le MINI ROLL CND a \u00e9t\u00e9 pens\u00e9 pour \u00eatre install\u00e9e sur le p\u00e9rim\u00e8tre du portail aussi bien en position verticale qu\u2019horizontale. Il utilise un caoutchouc conductif en TPE co-extrud\u00e9 qui garantit un temps de r\u00e9ponse rapide \u00e0 l\u2019impact et est recoupable ind\u00e9finiment. MINI ROLL CND Il est disponible en kit pratiques et con\u00e7us &hellip; Continua\" \/>\n<meta property=\"og:url\" content=\"https:\/\/cce.it\/fr\/division-securite\/categories\/mini-roll-cnd-2\/\" \/>\n<meta property=\"og:site_name\" content=\"CCE\" \/>\n<meta property=\"article:modified_time\" content=\"2018-07-18T15:29:45+00:00\" \/>\n<meta property=\"og:image\" content=\"https:\/\/cce.it\/wp-content\/uploads\/mini-prodotto.jpg\" \/>\n\t<meta property=\"og:image:width\" content=\"1920\" \/>\n\t<meta property=\"og:image:height\" content=\"726\" \/>\n<script type=\"application\/ld+json\" class=\"yoast-schema-graph\">{\"@context\":\"https:\/\/schema.org\",\"@graph\":[{\"@type\":\"WebSite\",\"@id\":\"https:\/\/cce.it\/fr\/#website\",\"url\":\"https:\/\/cce.it\/fr\/\",\"name\":\"CCE\",\"description\":\"\",\"potentialAction\":[{\"@type\":\"SearchAction\",\"target\":\"https:\/\/cce.it\/fr\/?s={search_term_string}\",\"query-input\":\"required name=search_term_string\"}],\"inLanguage\":\"it-IT\"},{\"@type\":\"ImageObject\",\"@id\":\"https:\/\/cce.it\/fr\/division-securite\/categories\/mini-roll-cnd-2\/#primaryimage\",\"inLanguage\":\"it-IT\",\"url\":\"https:\/\/cce.it\/wp-content\/uploads\/mini-prodotto.jpg\",\"width\":1920,\"height\":726},{\"@type\":\"WebPage\",\"@id\":\"https:\/\/cce.it\/fr\/division-securite\/categories\/mini-roll-cnd-2\/#webpage\",\"url\":\"https:\/\/cce.it\/fr\/division-securite\/categories\/mini-roll-cnd-2\/\",\"name\":\"Mini roll CND - CCE\",\"isPartOf\":{\"@id\":\"https:\/\/cce.it\/fr\/#website\"},\"primaryImageOfPage\":{\"@id\":\"https:\/\/cce.it\/fr\/division-securite\/categories\/mini-roll-cnd-2\/#primaryimage\"},\"datePublished\":\"2018-05-15T07:59:29+00:00\",\"dateModified\":\"2018-07-18T15:29:45+00:00\",\"breadcrumb\":{\"@id\":\"https:\/\/cce.it\/fr\/division-securite\/categories\/mini-roll-cnd-2\/#breadcrumb\"},\"inLanguage\":\"it-IT\",\"potentialAction\":[{\"@type\":\"ReadAction\",\"target\":[\"https:\/\/cce.it\/fr\/division-securite\/categories\/mini-roll-cnd-2\/\"]}]},{\"@type\":\"BreadcrumbList\",\"@id\":\"https:\/\/cce.it\/fr\/division-securite\/categories\/mini-roll-cnd-2\/#breadcrumb\",\"itemListElement\":[{\"@type\":\"ListItem\",\"position\":1,\"item\":{\"@type\":\"WebPage\",\"@id\":\"https:\/\/cce.it\/\",\"url\":\"https:\/\/cce.it\/\",\"name\":\"Home\"}},{\"@type\":\"ListItem\",\"position\":2,\"item\":{\"@type\":\"WebPage\",\"@id\":\"https:\/\/cce.it\/fr\/division-securite\/\",\"url\":\"https:\/\/cce.it\/fr\/division-securite\/\",\"name\":\"Division S\\u00e9curit\\u00e9\"}},{\"@type\":\"ListItem\",\"position\":3,\"item\":{\"@type\":\"WebPage\",\"@id\":\"https:\/\/cce.it\/fr\/division-securite\/categories\/\",\"url\":\"https:\/\/cce.it\/fr\/division-securite\/categories\/\",\"name\":\"Cat\\u00e9gories\"}},{\"@type\":\"ListItem\",\"position\":4,\"item\":{\"@type\":\"WebPage\",\"@id\":\"https:\/\/cce.it\/fr\/division-securite\/categories\/mini-roll-cnd-2\/\",\"url\":\"https:\/\/cce.it\/fr\/division-securite\/categories\/mini-roll-cnd-2\/\",\"name\":\"Mini roll CND\"}}]}]}<\/script>\n<!-- \/ Yoast SEO plugin. -->","_links":{"self":[{"href":"https:\/\/cce.it\/fr\/wp-json\/wp\/v2\/pages\/16061"}],"collection":[{"href":"https:\/\/cce.it\/fr\/wp-json\/wp\/v2\/pages"}],"about":[{"href":"https:\/\/cce.it\/fr\/wp-json\/wp\/v2\/types\/page"}],"author":[{"embeddable":true,"href":"https:\/\/cce.it\/fr\/wp-json\/wp\/v2\/users\/12"}],"replies":[{"embeddable":true,"href":"https:\/\/cce.it\/fr\/wp-json\/wp\/v2\/comments?post=16061"}],"version-history":[{"count":3,"href":"https:\/\/cce.it\/fr\/wp-json\/wp\/v2\/pages\/16061\/revisions"}],"predecessor-version":[{"id":18182,"href":"https:\/\/cce.it\/fr\/wp-json\/wp\/v2\/pages\/16061\/revisions\/18182"}],"up":[{"embeddable":true,"href":"https:\/\/cce.it\/fr\/wp-json\/wp\/v2\/pages\/101"}],"wp:featuredmedia":[{"embeddable":true,"href":"https:\/\/cce.it\/fr\/wp-json\/wp\/v2\/media\/9241"}],"wp:attachment":[{"href":"https:\/\/cce.it\/fr\/wp-json\/wp\/v2\/media?parent=16061"}],"curies":[{"name":"wp","href":"https:\/\/api.w.org\/{rel}","templated":true}]}}