{"id":14160,"date":"2015-04-27T09:03:32","date_gmt":"2015-04-27T07:03:32","guid":{"rendered":"https:\/\/cce.it\/\/division-plinthes-automatiques\/produits\/threshold\/ulisse-drip\/"},"modified":"2020-06-12T14:28:32","modified_gmt":"2020-06-12T12:28:32","slug":"ulisse-drip","status":"publish","type":"page","link":"https:\/\/cce.it\/fr\/division-plinthes-automatiques\/categories\/threshold\/ulisse-drip\/","title":{"rendered":"Ulisse Drip"},"content":{"rendered":"<h5><span>INFORMATION<\/span><\/h5>\n<hr \/>\n<p>Syst\u00e8me pens\u00e9 pour l\u2019installation sur des portes d\u00e9j\u00e0 mont\u00e9es o\u00f9 il est n\u00e9cessaire d\u2019ins\u00e9rer un seuil drainant. Le seuil Ulisse Light prend appui sur la porte avec un joint souple en silicone auto-extinguible. Le syst\u00e8me peut \u00eatre compl\u00e9t\u00e9 par l&#8217;utilisation du l\u00e8che-goutte d&#8217;Ulysse Drip qui, gr\u00e2ce \u00e0 la brosse en polypropyl\u00e8ne avec ailettes, contribue \u00e0 augmenter l&#8217;\u00e9tanch\u00e9it\u00e9 \u00e0 l\u2019eau.<\/p>\n","protected":false},"excerpt":{"rendered":"<p>INFORMATION Syst\u00e8me pens\u00e9 pour l\u2019installation sur des portes d\u00e9j\u00e0 mont\u00e9es o\u00f9 il est n\u00e9cessaire d\u2019ins\u00e9rer un seuil drainant. Le seuil Ulisse Light prend appui sur la porte avec un joint souple en silicone auto-extinguible. Le syst\u00e8me peut \u00eatre compl\u00e9t\u00e9 par l&#8217;utilisation du l\u00e8che-goutte d&#8217;Ulysse Drip qui, gr\u00e2ce \u00e0 la brosse en polypropyl\u00e8ne avec ailettes, contribue &hellip; <a href=\"https:\/\/cce.it\/fr\/division-plinthes-automatiques\/categories\/threshold\/ulisse-drip\/\">Continua<\/a><\/p>\n","protected":false},"author":12,"featured_media":17685,"parent":3401,"menu_order":1292,"comment_status":"closed","ping_status":"closed","template":"template-antis-product.php","meta":[],"acf":[],"yoast_head":"<!-- This site is optimized with the Yoast SEO plugin v15.0 - https:\/\/yoast.com\/wordpress\/plugins\/seo\/ -->\n<title>Ulisse Drip - CCE<\/title>\n<meta name=\"robots\" content=\"index, follow, max-snippet:-1, max-image-preview:large, max-video-preview:-1\" \/>\n<link rel=\"canonical\" href=\"https:\/\/cce.it\/fr\/division-plinthes-automatiques\/categories\/threshold\/ulisse-drip\/\" \/>\n<meta property=\"og:locale\" content=\"it_IT\" \/>\n<meta property=\"og:type\" content=\"article\" \/>\n<meta property=\"og:title\" content=\"Ulisse Drip - CCE\" \/>\n<meta property=\"og:description\" content=\"INFORMATION Syst\u00e8me pens\u00e9 pour l\u2019installation sur des portes d\u00e9j\u00e0 mont\u00e9es o\u00f9 il est n\u00e9cessaire d\u2019ins\u00e9rer un seuil drainant. Le seuil Ulisse Light prend appui sur la porte avec un joint souple en silicone auto-extinguible. Le syst\u00e8me peut \u00eatre compl\u00e9t\u00e9 par l&#8217;utilisation du l\u00e8che-goutte d&#8217;Ulysse Drip qui, gr\u00e2ce \u00e0 la brosse en polypropyl\u00e8ne avec ailettes, contribue &hellip; Continua\" \/>\n<meta property=\"og:url\" content=\"https:\/\/cce.it\/fr\/division-plinthes-automatiques\/categories\/threshold\/ulisse-drip\/\" \/>\n<meta property=\"og:site_name\" content=\"CCE\" \/>\n<meta property=\"article:modified_time\" content=\"2020-06-12T12:28:32+00:00\" \/>\n<meta property=\"og:image\" content=\"https:\/\/cce.it\/wp-content\/uploads\/ulisse_drip_testata.jpg\" \/>\n\t<meta property=\"og:image:width\" content=\"1920\" \/>\n\t<meta property=\"og:image:height\" content=\"726\" \/>\n<script type=\"application\/ld+json\" class=\"yoast-schema-graph\">{\"@context\":\"https:\/\/schema.org\",\"@graph\":[{\"@type\":\"WebSite\",\"@id\":\"https:\/\/cce.it\/fr\/#website\",\"url\":\"https:\/\/cce.it\/fr\/\",\"name\":\"CCE\",\"description\":\"\",\"potentialAction\":[{\"@type\":\"SearchAction\",\"target\":\"https:\/\/cce.it\/fr\/?s={search_term_string}\",\"query-input\":\"required name=search_term_string\"}],\"inLanguage\":\"it-IT\"},{\"@type\":\"ImageObject\",\"@id\":\"https:\/\/cce.it\/fr\/division-plinthes-automatiques\/categories\/threshold\/ulisse-drip\/#primaryimage\",\"inLanguage\":\"it-IT\",\"url\":\"https:\/\/cce.it\/wp-content\/uploads\/ulisse_drip_testata.jpg\",\"width\":1920,\"height\":726},{\"@type\":\"WebPage\",\"@id\":\"https:\/\/cce.it\/fr\/division-plinthes-automatiques\/categories\/threshold\/ulisse-drip\/#webpage\",\"url\":\"https:\/\/cce.it\/fr\/division-plinthes-automatiques\/categories\/threshold\/ulisse-drip\/\",\"name\":\"Ulisse Drip - CCE\",\"isPartOf\":{\"@id\":\"https:\/\/cce.it\/fr\/#website\"},\"primaryImageOfPage\":{\"@id\":\"https:\/\/cce.it\/fr\/division-plinthes-automatiques\/categories\/threshold\/ulisse-drip\/#primaryimage\"},\"datePublished\":\"2015-04-27T07:03:32+00:00\",\"dateModified\":\"2020-06-12T12:28:32+00:00\",\"breadcrumb\":{\"@id\":\"https:\/\/cce.it\/fr\/division-plinthes-automatiques\/categories\/threshold\/ulisse-drip\/#breadcrumb\"},\"inLanguage\":\"it-IT\",\"potentialAction\":[{\"@type\":\"ReadAction\",\"target\":[\"https:\/\/cce.it\/fr\/division-plinthes-automatiques\/categories\/threshold\/ulisse-drip\/\"]}]},{\"@type\":\"BreadcrumbList\",\"@id\":\"https:\/\/cce.it\/fr\/division-plinthes-automatiques\/categories\/threshold\/ulisse-drip\/#breadcrumb\",\"itemListElement\":[{\"@type\":\"ListItem\",\"position\":1,\"item\":{\"@type\":\"WebPage\",\"@id\":\"https:\/\/cce.it\/\",\"url\":\"https:\/\/cce.it\/\",\"name\":\"Home\"}},{\"@type\":\"ListItem\",\"position\":2,\"item\":{\"@type\":\"WebPage\",\"@id\":\"https:\/\/cce.it\/fr\/division-plinthes-automatiques\/\",\"url\":\"https:\/\/cce.it\/fr\/division-plinthes-automatiques\/\",\"name\":\"Division Plinthes Automatiques\"}},{\"@type\":\"ListItem\",\"position\":3,\"item\":{\"@type\":\"WebPage\",\"@id\":\"https:\/\/cce.it\/fr\/division-plinthes-automatiques\/categories\/\",\"url\":\"https:\/\/cce.it\/fr\/division-plinthes-automatiques\/categories\/\",\"name\":\"Cat\\u00e9gories\"}},{\"@type\":\"ListItem\",\"position\":4,\"item\":{\"@type\":\"WebPage\",\"@id\":\"https:\/\/cce.it\/fr\/division-plinthes-automatiques\/categories\/threshold\/\",\"url\":\"https:\/\/cce.it\/fr\/division-plinthes-automatiques\/categories\/threshold\/\",\"name\":\"Threshold\"}},{\"@type\":\"ListItem\",\"position\":5,\"item\":{\"@type\":\"WebPage\",\"@id\":\"https:\/\/cce.it\/fr\/division-plinthes-automatiques\/categories\/threshold\/ulisse-drip\/\",\"url\":\"https:\/\/cce.it\/fr\/division-plinthes-automatiques\/categories\/threshold\/ulisse-drip\/\",\"name\":\"Ulisse Drip\"}}]}]}<\/script>\n<!-- \/ Yoast SEO plugin. -->","_links":{"self":[{"href":"https:\/\/cce.it\/fr\/wp-json\/wp\/v2\/pages\/14160"}],"collection":[{"href":"https:\/\/cce.it\/fr\/wp-json\/wp\/v2\/pages"}],"about":[{"href":"https:\/\/cce.it\/fr\/wp-json\/wp\/v2\/types\/page"}],"author":[{"embeddable":true,"href":"https:\/\/cce.it\/fr\/wp-json\/wp\/v2\/users\/12"}],"replies":[{"embeddable":true,"href":"https:\/\/cce.it\/fr\/wp-json\/wp\/v2\/comments?post=14160"}],"version-history":[{"count":12,"href":"https:\/\/cce.it\/fr\/wp-json\/wp\/v2\/pages\/14160\/revisions"}],"predecessor-version":[{"id":18365,"href":"https:\/\/cce.it\/fr\/wp-json\/wp\/v2\/pages\/14160\/revisions\/18365"}],"up":[{"embeddable":true,"href":"https:\/\/cce.it\/fr\/wp-json\/wp\/v2\/pages\/3401"}],"wp:featuredmedia":[{"embeddable":true,"href":"https:\/\/cce.it\/fr\/wp-json\/wp\/v2\/media\/17685"}],"wp:attachment":[{"href":"https:\/\/cce.it\/fr\/wp-json\/wp\/v2\/media?parent=14160"}],"curies":[{"name":"wp","href":"https:\/\/api.w.org\/{rel}","templated":true}]}}