{"id":14116,"date":"2018-04-19T14:45:02","date_gmt":"2018-04-19T12:45:02","guid":{"rendered":"https:\/\/cce.it\/\/unitermo-pvc\/"},"modified":"2018-07-31T14:46:33","modified_gmt":"2018-07-31T12:46:33","slug":"unitermo-pvc","status":"publish","type":"page","link":"https:\/\/cce.it\/fr\/division-plinthes-automatiques\/categories\/threshold\/unitermo-pvc\/","title":{"rendered":"Unitermo PVC"},"content":{"rendered":"<h5><span>INFORMATION<\/span><\/h5>\n<hr \/>\n<p>Unitermo PVC est un seuil extensible avec rupture de pont thermique pour porte battante en PVC. Le seuil est \u00e9quip\u00e9 d&#8217;un profil\u00e9 de renforcement antieffraction et d&#8217;un couvercle de protection qui sert de but\u00e9e pour le joint de la porte. Le syst\u00e8me de seuil comprend trois mod\u00e8les de l\u00e8che-goutte diff\u00e9rents qui reposent sur le joint du seuil. Gr\u00e2ce aux \u00e9l\u00e9ments personnalisables, Unitermo PVC peut \u00eatre utilis\u00e9 avec tous les mod\u00e8les de profil\u00e9s en PVC et garantit une haute tenue AEV (air \/ eau \/ vent). Unitermo PVC peut \u00eatre facilement install\u00e9 et dispose de cinq kits de fixation diff\u00e9rents.<\/p>\n","protected":false},"excerpt":{"rendered":"<p>INFORMATION Unitermo PVC est un seuil extensible avec rupture de pont thermique pour porte battante en PVC. Le seuil est \u00e9quip\u00e9 d&#8217;un profil\u00e9 de renforcement antieffraction et d&#8217;un couvercle de protection qui sert de but\u00e9e pour le joint de la porte. Le syst\u00e8me de seuil comprend trois mod\u00e8les de l\u00e8che-goutte diff\u00e9rents qui reposent sur le &hellip; <a href=\"https:\/\/cce.it\/fr\/division-plinthes-automatiques\/categories\/threshold\/unitermo-pvc\/\">Continua<\/a><\/p>\n","protected":false},"author":12,"featured_media":17712,"parent":3401,"menu_order":1317,"comment_status":"closed","ping_status":"closed","template":"template-antis-product.php","meta":[],"acf":[],"yoast_head":"<!-- This site is optimized with the Yoast SEO plugin v15.0 - https:\/\/yoast.com\/wordpress\/plugins\/seo\/ -->\n<title>Unitermo PVC - CCE<\/title>\n<meta name=\"robots\" content=\"index, follow, max-snippet:-1, max-image-preview:large, max-video-preview:-1\" \/>\n<link rel=\"canonical\" href=\"https:\/\/cce.it\/fr\/division-plinthes-automatiques\/categories\/threshold\/unitermo-pvc\/\" \/>\n<meta property=\"og:locale\" content=\"it_IT\" \/>\n<meta property=\"og:type\" content=\"article\" \/>\n<meta property=\"og:title\" content=\"Unitermo PVC - CCE\" \/>\n<meta property=\"og:description\" content=\"INFORMATION Unitermo PVC est un seuil extensible avec rupture de pont thermique pour porte battante en PVC. Le seuil est \u00e9quip\u00e9 d&#8217;un profil\u00e9 de renforcement antieffraction et d&#8217;un couvercle de protection qui sert de but\u00e9e pour le joint de la porte. Le syst\u00e8me de seuil comprend trois mod\u00e8les de l\u00e8che-goutte diff\u00e9rents qui reposent sur le &hellip; Continua\" \/>\n<meta property=\"og:url\" content=\"https:\/\/cce.it\/fr\/division-plinthes-automatiques\/categories\/threshold\/unitermo-pvc\/\" \/>\n<meta property=\"og:site_name\" content=\"CCE\" \/>\n<meta property=\"article:modified_time\" content=\"2018-07-31T12:46:33+00:00\" \/>\n<meta property=\"og:image\" content=\"https:\/\/cce.it\/wp-content\/uploads\/unitermo_pvc_testata.jpg\" \/>\n\t<meta property=\"og:image:width\" content=\"1920\" \/>\n\t<meta property=\"og:image:height\" content=\"726\" \/>\n<script type=\"application\/ld+json\" class=\"yoast-schema-graph\">{\"@context\":\"https:\/\/schema.org\",\"@graph\":[{\"@type\":\"WebSite\",\"@id\":\"https:\/\/cce.it\/fr\/#website\",\"url\":\"https:\/\/cce.it\/fr\/\",\"name\":\"CCE\",\"description\":\"\",\"potentialAction\":[{\"@type\":\"SearchAction\",\"target\":\"https:\/\/cce.it\/fr\/?s={search_term_string}\",\"query-input\":\"required name=search_term_string\"}],\"inLanguage\":\"it-IT\"},{\"@type\":\"ImageObject\",\"@id\":\"https:\/\/cce.it\/fr\/division-plinthes-automatiques\/categories\/threshold\/unitermo-pvc\/#primaryimage\",\"inLanguage\":\"it-IT\",\"url\":\"https:\/\/cce.it\/wp-content\/uploads\/unitermo_pvc_testata.jpg\",\"width\":1920,\"height\":726},{\"@type\":\"WebPage\",\"@id\":\"https:\/\/cce.it\/fr\/division-plinthes-automatiques\/categories\/threshold\/unitermo-pvc\/#webpage\",\"url\":\"https:\/\/cce.it\/fr\/division-plinthes-automatiques\/categories\/threshold\/unitermo-pvc\/\",\"name\":\"Unitermo PVC - CCE\",\"isPartOf\":{\"@id\":\"https:\/\/cce.it\/fr\/#website\"},\"primaryImageOfPage\":{\"@id\":\"https:\/\/cce.it\/fr\/division-plinthes-automatiques\/categories\/threshold\/unitermo-pvc\/#primaryimage\"},\"datePublished\":\"2018-04-19T12:45:02+00:00\",\"dateModified\":\"2018-07-31T12:46:33+00:00\",\"breadcrumb\":{\"@id\":\"https:\/\/cce.it\/fr\/division-plinthes-automatiques\/categories\/threshold\/unitermo-pvc\/#breadcrumb\"},\"inLanguage\":\"it-IT\",\"potentialAction\":[{\"@type\":\"ReadAction\",\"target\":[\"https:\/\/cce.it\/fr\/division-plinthes-automatiques\/categories\/threshold\/unitermo-pvc\/\"]}]},{\"@type\":\"BreadcrumbList\",\"@id\":\"https:\/\/cce.it\/fr\/division-plinthes-automatiques\/categories\/threshold\/unitermo-pvc\/#breadcrumb\",\"itemListElement\":[{\"@type\":\"ListItem\",\"position\":1,\"item\":{\"@type\":\"WebPage\",\"@id\":\"https:\/\/cce.it\/\",\"url\":\"https:\/\/cce.it\/\",\"name\":\"Home\"}},{\"@type\":\"ListItem\",\"position\":2,\"item\":{\"@type\":\"WebPage\",\"@id\":\"https:\/\/cce.it\/fr\/division-plinthes-automatiques\/\",\"url\":\"https:\/\/cce.it\/fr\/division-plinthes-automatiques\/\",\"name\":\"Division Plinthes Automatiques\"}},{\"@type\":\"ListItem\",\"position\":3,\"item\":{\"@type\":\"WebPage\",\"@id\":\"https:\/\/cce.it\/fr\/division-plinthes-automatiques\/categories\/\",\"url\":\"https:\/\/cce.it\/fr\/division-plinthes-automatiques\/categories\/\",\"name\":\"Cat\\u00e9gories\"}},{\"@type\":\"ListItem\",\"position\":4,\"item\":{\"@type\":\"WebPage\",\"@id\":\"https:\/\/cce.it\/fr\/division-plinthes-automatiques\/categories\/threshold\/\",\"url\":\"https:\/\/cce.it\/fr\/division-plinthes-automatiques\/categories\/threshold\/\",\"name\":\"Threshold\"}},{\"@type\":\"ListItem\",\"position\":5,\"item\":{\"@type\":\"WebPage\",\"@id\":\"https:\/\/cce.it\/fr\/division-plinthes-automatiques\/categories\/threshold\/unitermo-pvc\/\",\"url\":\"https:\/\/cce.it\/fr\/division-plinthes-automatiques\/categories\/threshold\/unitermo-pvc\/\",\"name\":\"Unitermo PVC\"}}]}]}<\/script>\n<!-- \/ Yoast SEO plugin. -->","_links":{"self":[{"href":"https:\/\/cce.it\/fr\/wp-json\/wp\/v2\/pages\/14116"}],"collection":[{"href":"https:\/\/cce.it\/fr\/wp-json\/wp\/v2\/pages"}],"about":[{"href":"https:\/\/cce.it\/fr\/wp-json\/wp\/v2\/types\/page"}],"author":[{"embeddable":true,"href":"https:\/\/cce.it\/fr\/wp-json\/wp\/v2\/users\/12"}],"replies":[{"embeddable":true,"href":"https:\/\/cce.it\/fr\/wp-json\/wp\/v2\/comments?post=14116"}],"version-history":[{"count":4,"href":"https:\/\/cce.it\/fr\/wp-json\/wp\/v2\/pages\/14116\/revisions"}],"predecessor-version":[{"id":18716,"href":"https:\/\/cce.it\/fr\/wp-json\/wp\/v2\/pages\/14116\/revisions\/18716"}],"up":[{"embeddable":true,"href":"https:\/\/cce.it\/fr\/wp-json\/wp\/v2\/pages\/3401"}],"wp:featuredmedia":[{"embeddable":true,"href":"https:\/\/cce.it\/fr\/wp-json\/wp\/v2\/media\/17712"}],"wp:attachment":[{"href":"https:\/\/cce.it\/fr\/wp-json\/wp\/v2\/media?parent=14116"}],"curies":[{"name":"wp","href":"https:\/\/api.w.org\/{rel}","templated":true}]}}