{"id":13712,"date":"2018-04-19T14:22:04","date_gmt":"2018-04-19T12:22:04","guid":{"rendered":"https:\/\/cce.it\/\/division-securite\/produits\/one-size\/applique-acoustic\/"},"modified":"2018-07-19T09:45:56","modified_gmt":"2018-07-19T07:45:56","slug":"applique-acoustic","status":"publish","type":"page","link":"https:\/\/cce.it\/fr\/division-plinthes-automatiques\/categories\/brico\/applique-acoustic\/","title":{"rendered":"Applique acoustic"},"content":{"rendered":"<h5><span>INFORMATION<\/span><\/h5>\n<hr \/>\n<p>Mod\u00e8le pens\u00e9 pour les applications en surface sur les portes neuves et existantes. Elle permet un haut niveau de performance acoustique et est disponible dans diff\u00e9rents coloris. Fournie avec un kit d\u2019activation pour usage avec le bouton poussoir c\u00f4t\u00e9 poign\u00e9e.<\/p>\n","protected":false},"excerpt":{"rendered":"<p>INFORMATION Mod\u00e8le pens\u00e9 pour les applications en surface sur les portes neuves et existantes. Elle permet un haut niveau de performance acoustique et est disponible dans diff\u00e9rents coloris. Fournie avec un kit d\u2019activation pour usage avec le bouton poussoir c\u00f4t\u00e9 poign\u00e9e.<\/p>\n","protected":false},"author":12,"featured_media":21702,"parent":3481,"menu_order":339,"comment_status":"closed","ping_status":"closed","template":"template-antis-product.php","meta":[],"acf":[],"yoast_head":"<!-- This site is optimized with the Yoast SEO plugin v15.0 - https:\/\/yoast.com\/wordpress\/plugins\/seo\/ -->\n<title>Applique acoustic - CCE<\/title>\n<meta name=\"robots\" content=\"index, follow, max-snippet:-1, max-image-preview:large, max-video-preview:-1\" \/>\n<link rel=\"canonical\" href=\"https:\/\/cce.it\/fr\/division-plinthes-automatiques\/categories\/brico\/applique-acoustic\/\" \/>\n<meta property=\"og:locale\" content=\"fr_FR\" \/>\n<meta property=\"og:type\" content=\"article\" \/>\n<meta property=\"og:title\" content=\"Applique acoustic - CCE\" \/>\n<meta property=\"og:description\" content=\"INFORMATION Mod\u00e8le pens\u00e9 pour les applications en surface sur les portes neuves et existantes. Elle permet un haut niveau de performance acoustique et est disponible dans diff\u00e9rents coloris. Fournie avec un kit d\u2019activation pour usage avec le bouton poussoir c\u00f4t\u00e9 poign\u00e9e.\" \/>\n<meta property=\"og:url\" content=\"https:\/\/cce.it\/fr\/division-plinthes-automatiques\/categories\/brico\/applique-acoustic\/\" \/>\n<meta property=\"og:site_name\" content=\"CCE\" \/>\n<meta property=\"article:modified_time\" content=\"2018-07-19T07:45:56+00:00\" \/>\n<meta property=\"og:image\" content=\"https:\/\/cce.it\/wp-content\/uploads\/asappacu_solo_rev2_cat.jpg\" \/>\n\t<meta property=\"og:image:width\" content=\"1920\" \/>\n\t<meta property=\"og:image:height\" content=\"726\" \/>\n<script type=\"application\/ld+json\" class=\"yoast-schema-graph\">{\"@context\":\"https:\/\/schema.org\",\"@graph\":[{\"@type\":\"WebSite\",\"@id\":\"https:\/\/cce.it\/fr\/#website\",\"url\":\"https:\/\/cce.it\/fr\/\",\"name\":\"CCE\",\"description\":\"\",\"potentialAction\":[{\"@type\":\"SearchAction\",\"target\":\"https:\/\/cce.it\/fr\/?s={search_term_string}\",\"query-input\":\"required name=search_term_string\"}],\"inLanguage\":\"fr-FR\"},{\"@type\":\"ImageObject\",\"@id\":\"https:\/\/cce.it\/fr\/division-plinthes-automatiques\/categories\/brico\/applique-acoustic\/#primaryimage\",\"inLanguage\":\"fr-FR\",\"url\":\"https:\/\/cce.it\/wp-content\/uploads\/Applique-acoustic-CCE.jpg\",\"width\":1920,\"height\":726,\"caption\":\"Applique acoustic - CCE\"},{\"@type\":\"WebPage\",\"@id\":\"https:\/\/cce.it\/fr\/division-plinthes-automatiques\/categories\/brico\/applique-acoustic\/#webpage\",\"url\":\"https:\/\/cce.it\/fr\/division-plinthes-automatiques\/categories\/brico\/applique-acoustic\/\",\"name\":\"Applique acoustic - CCE\",\"isPartOf\":{\"@id\":\"https:\/\/cce.it\/fr\/#website\"},\"primaryImageOfPage\":{\"@id\":\"https:\/\/cce.it\/fr\/division-plinthes-automatiques\/categories\/brico\/applique-acoustic\/#primaryimage\"},\"datePublished\":\"2018-04-19T12:22:04+00:00\",\"dateModified\":\"2018-07-19T07:45:56+00:00\",\"breadcrumb\":{\"@id\":\"https:\/\/cce.it\/fr\/division-plinthes-automatiques\/categories\/brico\/applique-acoustic\/#breadcrumb\"},\"inLanguage\":\"fr-FR\",\"potentialAction\":[{\"@type\":\"ReadAction\",\"target\":[\"https:\/\/cce.it\/fr\/division-plinthes-automatiques\/categories\/brico\/applique-acoustic\/\"]}]},{\"@type\":\"BreadcrumbList\",\"@id\":\"https:\/\/cce.it\/fr\/division-plinthes-automatiques\/categories\/brico\/applique-acoustic\/#breadcrumb\",\"itemListElement\":[{\"@type\":\"ListItem\",\"position\":1,\"item\":{\"@type\":\"WebPage\",\"@id\":\"https:\/\/cce.it\/fr\/\",\"url\":\"https:\/\/cce.it\/fr\/\",\"name\":\"Home\"}},{\"@type\":\"ListItem\",\"position\":2,\"item\":{\"@type\":\"WebPage\",\"@id\":\"https:\/\/cce.it\/fr\/division-plinthes-automatiques\/\",\"url\":\"https:\/\/cce.it\/fr\/division-plinthes-automatiques\/\",\"name\":\"Division Plinthes Automatiques\"}},{\"@type\":\"ListItem\",\"position\":3,\"item\":{\"@type\":\"WebPage\",\"@id\":\"https:\/\/cce.it\/fr\/division-plinthes-automatiques\/categories\/\",\"url\":\"https:\/\/cce.it\/fr\/division-plinthes-automatiques\/categories\/\",\"name\":\"Cat\\u00e9gories\"}},{\"@type\":\"ListItem\",\"position\":4,\"item\":{\"@type\":\"WebPage\",\"@id\":\"https:\/\/cce.it\/fr\/division-plinthes-automatiques\/categories\/brico\/\",\"url\":\"https:\/\/cce.it\/fr\/division-plinthes-automatiques\/categories\/brico\/\",\"name\":\"Brico\"}},{\"@type\":\"ListItem\",\"position\":5,\"item\":{\"@type\":\"WebPage\",\"@id\":\"https:\/\/cce.it\/fr\/division-plinthes-automatiques\/categories\/brico\/applique-acoustic\/\",\"url\":\"https:\/\/cce.it\/fr\/division-plinthes-automatiques\/categories\/brico\/applique-acoustic\/\",\"name\":\"Applique acoustic\"}}]}]}<\/script>\n<!-- \/ Yoast SEO plugin. -->","_links":{"self":[{"href":"https:\/\/cce.it\/fr\/wp-json\/wp\/v2\/pages\/13712"}],"collection":[{"href":"https:\/\/cce.it\/fr\/wp-json\/wp\/v2\/pages"}],"about":[{"href":"https:\/\/cce.it\/fr\/wp-json\/wp\/v2\/types\/page"}],"author":[{"embeddable":true,"href":"https:\/\/cce.it\/fr\/wp-json\/wp\/v2\/users\/12"}],"replies":[{"embeddable":true,"href":"https:\/\/cce.it\/fr\/wp-json\/wp\/v2\/comments?post=13712"}],"version-history":[{"count":5,"href":"https:\/\/cce.it\/fr\/wp-json\/wp\/v2\/pages\/13712\/revisions"}],"predecessor-version":[{"id":18325,"href":"https:\/\/cce.it\/fr\/wp-json\/wp\/v2\/pages\/13712\/revisions\/18325"}],"up":[{"embeddable":true,"href":"https:\/\/cce.it\/fr\/wp-json\/wp\/v2\/pages\/3481"}],"wp:featuredmedia":[{"embeddable":true,"href":"https:\/\/cce.it\/fr\/wp-json\/wp\/v2\/media\/21702"}],"wp:attachment":[{"href":"https:\/\/cce.it\/fr\/wp-json\/wp\/v2\/media?parent=13712"}],"curies":[{"name":"wp","href":"https:\/\/api.w.org\/{rel}","templated":true}]}}