{"id":13362,"date":"2018-04-26T10:08:39","date_gmt":"2018-04-26T08:08:39","guid":{"rendered":"https:\/\/cce.it\/\/division-plinthes-automatiques\/produits\/comfort\/idrozero\/"},"modified":"2018-11-26T16:22:19","modified_gmt":"2018-11-26T15:22:19","slug":"idrozero","status":"publish","type":"page","link":"https:\/\/cce.it\/fr\/division-plinthes-automatiques\/categories\/idrozero\/idrozero\/","title":{"rendered":"Idrozero 24&#215;20"},"content":{"rendered":"<h5><span>INFORMATION<\/span><\/h5>\n<hr \/>\n<p>IDROZERO est un syst\u00e8me brevet\u00e9 de tenue \u00e0 l\u2019eau pour porte PVC simple battant qui permet qui permet d&#8217;obtenir des performances d&#8217;\u00e9tanch\u00e9it\u00e9 \u00e9lev\u00e9es (jusqu&#8217;\u00e0 Classe 9A selon la norme UNI EN 12208), sur des ouvrants appropri\u00e9s et avec une installation ad\u00e9quate, sans l&#8217;utilisation d&#8217;un seuil, \u00e9liminant totalement les barri\u00e8res architecturales. Le syst\u00e8me, \u00e0 travers quelques personnalisations, peut \u00e9galement \u00eatre utilis\u00e9 sur des portes en bois ou en aluminium.<\/p>\n","protected":false},"excerpt":{"rendered":"<p>INFORMATION IDROZERO est un syst\u00e8me brevet\u00e9 de tenue \u00e0 l\u2019eau pour porte PVC simple battant qui permet qui permet d&#8217;obtenir des performances d&#8217;\u00e9tanch\u00e9it\u00e9 \u00e9lev\u00e9es (jusqu&#8217;\u00e0 Classe 9A selon la norme UNI EN 12208), sur des ouvrants appropri\u00e9s et avec une installation ad\u00e9quate, sans l&#8217;utilisation d&#8217;un seuil, \u00e9liminant totalement les barri\u00e8res architecturales. Le syst\u00e8me, \u00e0 travers &hellip; <a href=\"https:\/\/cce.it\/fr\/division-plinthes-automatiques\/categories\/idrozero\/idrozero\/\">Continua<\/a><\/p>\n","protected":false},"author":12,"featured_media":18423,"parent":19461,"menu_order":710,"comment_status":"closed","ping_status":"closed","template":"template-antis-product.php","meta":[],"acf":[],"yoast_head":"<!-- This site is optimized with the Yoast SEO plugin v15.0 - https:\/\/yoast.com\/wordpress\/plugins\/seo\/ -->\n<title>Idrozero 24x20 - CCE<\/title>\n<meta name=\"robots\" content=\"index, follow, max-snippet:-1, max-image-preview:large, max-video-preview:-1\" \/>\n<link rel=\"canonical\" href=\"https:\/\/cce.it\/fr\/division-plinthes-automatiques\/categories\/idrozero\/idrozero\/\" \/>\n<meta property=\"og:locale\" content=\"it_IT\" \/>\n<meta property=\"og:type\" content=\"article\" \/>\n<meta property=\"og:title\" content=\"Idrozero 24x20 - CCE\" \/>\n<meta property=\"og:description\" content=\"INFORMATION IDROZERO est un syst\u00e8me brevet\u00e9 de tenue \u00e0 l\u2019eau pour porte PVC simple battant qui permet qui permet d&#8217;obtenir des performances d&#8217;\u00e9tanch\u00e9it\u00e9 \u00e9lev\u00e9es (jusqu&#8217;\u00e0 Classe 9A selon la norme UNI EN 12208), sur des ouvrants appropri\u00e9s et avec une installation ad\u00e9quate, sans l&#8217;utilisation d&#8217;un seuil, \u00e9liminant totalement les barri\u00e8res architecturales. Le syst\u00e8me, \u00e0 travers &hellip; Continua\" \/>\n<meta property=\"og:url\" content=\"https:\/\/cce.it\/fr\/division-plinthes-automatiques\/categories\/idrozero\/idrozero\/\" \/>\n<meta property=\"og:site_name\" content=\"CCE\" \/>\n<meta property=\"article:modified_time\" content=\"2018-11-26T15:22:19+00:00\" \/>\n<meta property=\"og:image\" content=\"https:\/\/cce.it\/wp-content\/uploads\/AS2320IDZ_banner-sito.jpg\" \/>\n\t<meta property=\"og:image:width\" content=\"1920\" \/>\n\t<meta property=\"og:image:height\" content=\"726\" \/>\n<script type=\"application\/ld+json\" class=\"yoast-schema-graph\">{\"@context\":\"https:\/\/schema.org\",\"@graph\":[{\"@type\":\"WebSite\",\"@id\":\"https:\/\/cce.it\/fr\/#website\",\"url\":\"https:\/\/cce.it\/fr\/\",\"name\":\"CCE\",\"description\":\"\",\"potentialAction\":[{\"@type\":\"SearchAction\",\"target\":\"https:\/\/cce.it\/fr\/?s={search_term_string}\",\"query-input\":\"required name=search_term_string\"}],\"inLanguage\":\"it-IT\"},{\"@type\":\"ImageObject\",\"@id\":\"https:\/\/cce.it\/fr\/division-plinthes-automatiques\/categories\/idrozero\/idrozero\/#primaryimage\",\"inLanguage\":\"it-IT\",\"url\":\"https:\/\/cce.it\/wp-content\/uploads\/AS2320IDZ_banner-sito.jpg\",\"width\":1920,\"height\":726},{\"@type\":\"WebPage\",\"@id\":\"https:\/\/cce.it\/fr\/division-plinthes-automatiques\/categories\/idrozero\/idrozero\/#webpage\",\"url\":\"https:\/\/cce.it\/fr\/division-plinthes-automatiques\/categories\/idrozero\/idrozero\/\",\"name\":\"Idrozero 24x20 - CCE\",\"isPartOf\":{\"@id\":\"https:\/\/cce.it\/fr\/#website\"},\"primaryImageOfPage\":{\"@id\":\"https:\/\/cce.it\/fr\/division-plinthes-automatiques\/categories\/idrozero\/idrozero\/#primaryimage\"},\"datePublished\":\"2018-04-26T08:08:39+00:00\",\"dateModified\":\"2018-11-26T15:22:19+00:00\",\"breadcrumb\":{\"@id\":\"https:\/\/cce.it\/fr\/division-plinthes-automatiques\/categories\/idrozero\/idrozero\/#breadcrumb\"},\"inLanguage\":\"it-IT\",\"potentialAction\":[{\"@type\":\"ReadAction\",\"target\":[\"https:\/\/cce.it\/fr\/division-plinthes-automatiques\/categories\/idrozero\/idrozero\/\"]}]},{\"@type\":\"BreadcrumbList\",\"@id\":\"https:\/\/cce.it\/fr\/division-plinthes-automatiques\/categories\/idrozero\/idrozero\/#breadcrumb\",\"itemListElement\":[{\"@type\":\"ListItem\",\"position\":1,\"item\":{\"@type\":\"WebPage\",\"@id\":\"https:\/\/cce.it\/\",\"url\":\"https:\/\/cce.it\/\",\"name\":\"Home\"}},{\"@type\":\"ListItem\",\"position\":2,\"item\":{\"@type\":\"WebPage\",\"@id\":\"https:\/\/cce.it\/fr\/division-plinthes-automatiques\/\",\"url\":\"https:\/\/cce.it\/fr\/division-plinthes-automatiques\/\",\"name\":\"Division Plinthes Automatiques\"}},{\"@type\":\"ListItem\",\"position\":3,\"item\":{\"@type\":\"WebPage\",\"@id\":\"https:\/\/cce.it\/fr\/division-plinthes-automatiques\/categories\/\",\"url\":\"https:\/\/cce.it\/fr\/division-plinthes-automatiques\/categories\/\",\"name\":\"Cat\\u00e9gories\"}},{\"@type\":\"ListItem\",\"position\":4,\"item\":{\"@type\":\"WebPage\",\"@id\":\"https:\/\/cce.it\/fr\/division-plinthes-automatiques\/categories\/idrozero\/\",\"url\":\"https:\/\/cce.it\/fr\/division-plinthes-automatiques\/categories\/idrozero\/\",\"name\":\"Idrozero\"}},{\"@type\":\"ListItem\",\"position\":5,\"item\":{\"@type\":\"WebPage\",\"@id\":\"https:\/\/cce.it\/fr\/division-plinthes-automatiques\/categories\/idrozero\/idrozero\/\",\"url\":\"https:\/\/cce.it\/fr\/division-plinthes-automatiques\/categories\/idrozero\/idrozero\/\",\"name\":\"Idrozero 24&#215;20\"}}]}]}<\/script>\n<!-- \/ Yoast SEO plugin. -->","_links":{"self":[{"href":"https:\/\/cce.it\/fr\/wp-json\/wp\/v2\/pages\/13362"}],"collection":[{"href":"https:\/\/cce.it\/fr\/wp-json\/wp\/v2\/pages"}],"about":[{"href":"https:\/\/cce.it\/fr\/wp-json\/wp\/v2\/types\/page"}],"author":[{"embeddable":true,"href":"https:\/\/cce.it\/fr\/wp-json\/wp\/v2\/users\/12"}],"replies":[{"embeddable":true,"href":"https:\/\/cce.it\/fr\/wp-json\/wp\/v2\/comments?post=13362"}],"version-history":[{"count":13,"href":"https:\/\/cce.it\/fr\/wp-json\/wp\/v2\/pages\/13362\/revisions"}],"predecessor-version":[{"id":18954,"href":"https:\/\/cce.it\/fr\/wp-json\/wp\/v2\/pages\/13362\/revisions\/18954"}],"up":[{"embeddable":true,"href":"https:\/\/cce.it\/fr\/wp-json\/wp\/v2\/pages\/19461"}],"wp:featuredmedia":[{"embeddable":true,"href":"https:\/\/cce.it\/fr\/wp-json\/wp\/v2\/media\/18423"}],"wp:attachment":[{"href":"https:\/\/cce.it\/fr\/wp-json\/wp\/v2\/media?parent=13362"}],"curies":[{"name":"wp","href":"https:\/\/api.w.org\/{rel}","templated":true}]}}