{"id":12715,"date":"2018-04-26T11:07:32","date_gmt":"2018-04-26T09:07:32","guid":{"rendered":"https:\/\/cce.it\/\/division-plinthes-automatiques\/produits\/comfort\/quadra-20x20\/"},"modified":"2018-07-19T09:07:41","modified_gmt":"2018-07-19T07:07:41","slug":"quadra-20x20","status":"publish","type":"page","link":"https:\/\/cce.it\/fr\/division-plinthes-automatiques\/categories\/comfort-fire\/quadra-20x20\/","title":{"rendered":"Quadra 20&#215;20"},"content":{"rendered":"<h5><span style=\"color: #000;\"> INFORMAZIONI<\/span><\/h5>\n<hr \/>\n<p>Plinthe automatique de faibles dimensions mais avec d\u2019excellentes propri\u00e9t\u00e9s acoustiques. Id\u00e9ale pour l\u2019installation sur des syst\u00e8mes de pro l\u00e9s en aluminium et en PVC. Elle s\u2019installe rapidement gr\u00e2ce \u00e0 la fixation par \u00e9querres.<\/p>\n","protected":false},"excerpt":{"rendered":"<p>INFORMAZIONI Plinthe automatique de faibles dimensions mais avec d\u2019excellentes propri\u00e9t\u00e9s acoustiques. Id\u00e9ale pour l\u2019installation sur des syst\u00e8mes de pro l\u00e9s en aluminium et en PVC. Elle s\u2019installe rapidement gr\u00e2ce \u00e0 la fixation par \u00e9querres.<\/p>\n","protected":false},"author":12,"featured_media":15642,"parent":3497,"menu_order":1022,"comment_status":"closed","ping_status":"closed","template":"template-antis-product.php","meta":[],"acf":[],"yoast_head":"<!-- This site is optimized with the Yoast SEO plugin v15.0 - https:\/\/yoast.com\/wordpress\/plugins\/seo\/ -->\n<title>Quadra 20x20 - CCE<\/title>\n<meta name=\"robots\" content=\"index, follow, max-snippet:-1, max-image-preview:large, max-video-preview:-1\" \/>\n<link rel=\"canonical\" href=\"https:\/\/cce.it\/fr\/division-plinthes-automatiques\/categories\/comfort\/quadra-20x20\/\" \/>\n<meta property=\"og:locale\" content=\"it_IT\" \/>\n<meta property=\"og:type\" content=\"article\" \/>\n<meta property=\"og:title\" content=\"Quadra 20x20 - CCE\" \/>\n<meta property=\"og:description\" content=\"INFORMAZIONI Plinthe automatique de faibles dimensions mais avec d\u2019excellentes propri\u00e9t\u00e9s acoustiques. Id\u00e9ale pour l\u2019installation sur des syst\u00e8mes de pro l\u00e9s en aluminium et en PVC. Elle s\u2019installe rapidement gr\u00e2ce \u00e0 la fixation par \u00e9querres.\" \/>\n<meta property=\"og:url\" content=\"https:\/\/cce.it\/fr\/division-plinthes-automatiques\/categories\/comfort\/quadra-20x20\/\" \/>\n<meta property=\"og:site_name\" content=\"CCE\" \/>\n<meta property=\"article:modified_time\" content=\"2018-07-19T07:07:41+00:00\" \/>\n<meta property=\"og:image\" content=\"https:\/\/cce.it\/wp-content\/uploads\/as2020q_solo_cat.jpg\" \/>\n\t<meta property=\"og:image:width\" content=\"1920\" \/>\n\t<meta property=\"og:image:height\" content=\"726\" \/>\n<script type=\"application\/ld+json\" class=\"yoast-schema-graph\">{\"@context\":\"https:\/\/schema.org\",\"@graph\":[{\"@type\":\"WebSite\",\"@id\":\"https:\/\/cce.it\/fr\/#website\",\"url\":\"https:\/\/cce.it\/fr\/\",\"name\":\"CCE\",\"description\":\"\",\"potentialAction\":[{\"@type\":\"SearchAction\",\"target\":\"https:\/\/cce.it\/fr\/?s={search_term_string}\",\"query-input\":\"required name=search_term_string\"}],\"inLanguage\":\"it-IT\"},{\"@type\":\"ImageObject\",\"@id\":\"https:\/\/cce.it\/fr\/division-plinthes-automatiques\/categories\/comfort\/quadra-20x20\/#primaryimage\",\"inLanguage\":\"it-IT\",\"url\":\"https:\/\/cce.it\/wp-content\/uploads\/as2020q_solo_cat.jpg\",\"width\":1920,\"height\":726},{\"@type\":\"WebPage\",\"@id\":\"https:\/\/cce.it\/fr\/division-plinthes-automatiques\/categories\/comfort\/quadra-20x20\/#webpage\",\"url\":\"https:\/\/cce.it\/fr\/division-plinthes-automatiques\/categories\/comfort\/quadra-20x20\/\",\"name\":\"Quadra 20x20 - CCE\",\"isPartOf\":{\"@id\":\"https:\/\/cce.it\/fr\/#website\"},\"primaryImageOfPage\":{\"@id\":\"https:\/\/cce.it\/fr\/division-plinthes-automatiques\/categories\/comfort\/quadra-20x20\/#primaryimage\"},\"datePublished\":\"2018-04-26T09:07:32+00:00\",\"dateModified\":\"2018-07-19T07:07:41+00:00\",\"breadcrumb\":{\"@id\":\"https:\/\/cce.it\/fr\/division-plinthes-automatiques\/categories\/comfort\/quadra-20x20\/#breadcrumb\"},\"inLanguage\":\"it-IT\",\"potentialAction\":[{\"@type\":\"ReadAction\",\"target\":[\"https:\/\/cce.it\/fr\/division-plinthes-automatiques\/categories\/comfort\/quadra-20x20\/\"]}]},{\"@type\":\"BreadcrumbList\",\"@id\":\"https:\/\/cce.it\/fr\/division-plinthes-automatiques\/categories\/comfort\/quadra-20x20\/#breadcrumb\",\"itemListElement\":[{\"@type\":\"ListItem\",\"position\":1,\"item\":{\"@type\":\"WebPage\",\"@id\":\"https:\/\/cce.it\/\",\"url\":\"https:\/\/cce.it\/\",\"name\":\"Home\"}},{\"@type\":\"ListItem\",\"position\":2,\"item\":{\"@type\":\"WebPage\",\"@id\":\"https:\/\/cce.it\/fr\/division-plinthes-automatiques\/\",\"url\":\"https:\/\/cce.it\/fr\/division-plinthes-automatiques\/\",\"name\":\"Division Plinthes Automatiques\"}},{\"@type\":\"ListItem\",\"position\":3,\"item\":{\"@type\":\"WebPage\",\"@id\":\"https:\/\/cce.it\/fr\/division-plinthes-automatiques\/categories\/\",\"url\":\"https:\/\/cce.it\/fr\/division-plinthes-automatiques\/categories\/\",\"name\":\"Cat\\u00e9gories\"}},{\"@type\":\"ListItem\",\"position\":4,\"item\":{\"@type\":\"WebPage\",\"@id\":\"https:\/\/cce.it\/fr\/division-plinthes-automatiques\/categories\/comfort\/\",\"url\":\"https:\/\/cce.it\/fr\/division-plinthes-automatiques\/categories\/comfort\/\",\"name\":\"Comfort\"}},{\"@type\":\"ListItem\",\"position\":5,\"item\":{\"@type\":\"WebPage\",\"@id\":\"https:\/\/cce.it\/fr\/division-plinthes-automatiques\/categories\/comfort\/quadra-20x20\/\",\"url\":\"https:\/\/cce.it\/fr\/division-plinthes-automatiques\/categories\/comfort\/quadra-20x20\/\",\"name\":\"Quadra 20&#215;20\"}}]}]}<\/script>\n<!-- \/ Yoast SEO plugin. -->","_links":{"self":[{"href":"https:\/\/cce.it\/fr\/wp-json\/wp\/v2\/pages\/12715"}],"collection":[{"href":"https:\/\/cce.it\/fr\/wp-json\/wp\/v2\/pages"}],"about":[{"href":"https:\/\/cce.it\/fr\/wp-json\/wp\/v2\/types\/page"}],"author":[{"embeddable":true,"href":"https:\/\/cce.it\/fr\/wp-json\/wp\/v2\/users\/12"}],"replies":[{"embeddable":true,"href":"https:\/\/cce.it\/fr\/wp-json\/wp\/v2\/comments?post=12715"}],"version-history":[{"count":4,"href":"https:\/\/cce.it\/fr\/wp-json\/wp\/v2\/pages\/12715\/revisions"}],"predecessor-version":[{"id":18236,"href":"https:\/\/cce.it\/fr\/wp-json\/wp\/v2\/pages\/12715\/revisions\/18236"}],"up":[{"embeddable":true,"href":"https:\/\/cce.it\/fr\/wp-json\/wp\/v2\/pages\/3497"}],"wp:featuredmedia":[{"embeddable":true,"href":"https:\/\/cce.it\/fr\/wp-json\/wp\/v2\/media\/15642"}],"wp:attachment":[{"href":"https:\/\/cce.it\/fr\/wp-json\/wp\/v2\/media?parent=12715"}],"curies":[{"name":"wp","href":"https:\/\/api.w.org\/{rel}","templated":true}]}}