{"id":12424,"date":"2017-05-30T16:07:54","date_gmt":"2017-05-30T14:07:54","guid":{"rendered":"https:\/\/cce.it\/\/division-plinthes-automatiques\/produits\/glass\/glass-lip-slide-2\/"},"modified":"2018-07-19T09:59:05","modified_gmt":"2018-07-19T07:59:05","slug":"glass-lip-slide","status":"publish","type":"page","link":"https:\/\/cce.it\/fr\/division-plinthes-automatiques\/categories\/glass\/glass-lip-slide\/","title":{"rendered":"Glass Lip Slide"},"content":{"rendered":"<h5><span style=\"color: #000;\"> INFORMATION<\/span><\/h5>\n<hr \/>\n<p>GLASS LIP SLIDE est un joint pour portes coulissantes en verre qui s\u2019installe rapidement et facilement avec un adh\u00e9sif \u00e0 haute tenue. La l\u00e8vre d&#8217;\u00e9tanch\u00e9it\u00e9, qui peut \u00eatre retaill\u00e9 chaque millim\u00e8tre, permet le calfeutrage de fentes allant de 12 jusqu&#8217;\u00e0 30 mm, sur des vitrages d\u2019\u00e9paisseur de 8 mm \u00e0 14 mm.<\/p>\n","protected":false},"excerpt":{"rendered":"<p>INFORMATION GLASS LIP SLIDE est un joint pour portes coulissantes en verre qui s\u2019installe rapidement et facilement avec un adh\u00e9sif \u00e0 haute tenue. La l\u00e8vre d&#8217;\u00e9tanch\u00e9it\u00e9, qui peut \u00eatre retaill\u00e9 chaque millim\u00e8tre, permet le calfeutrage de fentes allant de 12 jusqu&#8217;\u00e0 30 mm, sur des vitrages d\u2019\u00e9paisseur de 8 mm \u00e0 14 mm.<\/p>\n","protected":false},"author":12,"featured_media":17759,"parent":3422,"menu_order":668,"comment_status":"closed","ping_status":"closed","template":"template-antis-product.php","meta":[],"acf":[],"yoast_head":"<!-- This site is optimized with the Yoast SEO plugin v15.0 - https:\/\/yoast.com\/wordpress\/plugins\/seo\/ -->\n<title>Glass Lip Slide - CCE<\/title>\n<meta name=\"robots\" content=\"index, follow, max-snippet:-1, max-image-preview:large, max-video-preview:-1\" \/>\n<link rel=\"canonical\" href=\"https:\/\/cce.it\/fr\/division-plinthes-automatiques\/categories\/glass\/glass-lip-slide\/\" \/>\n<meta property=\"og:locale\" content=\"it_IT\" \/>\n<meta property=\"og:type\" content=\"article\" \/>\n<meta property=\"og:title\" content=\"Glass Lip Slide - CCE\" \/>\n<meta property=\"og:description\" content=\"INFORMATION GLASS LIP SLIDE est un joint pour portes coulissantes en verre qui s\u2019installe rapidement et facilement avec un adh\u00e9sif \u00e0 haute tenue. La l\u00e8vre d&#8217;\u00e9tanch\u00e9it\u00e9, qui peut \u00eatre retaill\u00e9 chaque millim\u00e8tre, permet le calfeutrage de fentes allant de 12 jusqu&#8217;\u00e0 30 mm, sur des vitrages d\u2019\u00e9paisseur de 8 mm \u00e0 14 mm.\" \/>\n<meta property=\"og:url\" content=\"https:\/\/cce.it\/fr\/division-plinthes-automatiques\/categories\/glass\/glass-lip-slide\/\" \/>\n<meta property=\"og:site_name\" content=\"CCE\" \/>\n<meta property=\"article:modified_time\" content=\"2018-07-19T07:59:05+00:00\" \/>\n<meta property=\"og:image\" content=\"https:\/\/cce.it\/wp-content\/uploads\/glasslips.png\" \/>\n\t<meta property=\"og:image:width\" content=\"1920\" \/>\n\t<meta property=\"og:image:height\" content=\"726\" \/>\n<script type=\"application\/ld+json\" class=\"yoast-schema-graph\">{\"@context\":\"https:\/\/schema.org\",\"@graph\":[{\"@type\":\"WebSite\",\"@id\":\"https:\/\/cce.it\/fr\/#website\",\"url\":\"https:\/\/cce.it\/fr\/\",\"name\":\"CCE\",\"description\":\"\",\"potentialAction\":[{\"@type\":\"SearchAction\",\"target\":\"https:\/\/cce.it\/fr\/?s={search_term_string}\",\"query-input\":\"required name=search_term_string\"}],\"inLanguage\":\"it-IT\"},{\"@type\":\"ImageObject\",\"@id\":\"https:\/\/cce.it\/fr\/division-plinthes-automatiques\/categories\/glass\/glass-lip-slide\/#primaryimage\",\"inLanguage\":\"it-IT\",\"url\":\"https:\/\/cce.it\/wp-content\/uploads\/glasslips.png\",\"width\":1920,\"height\":726},{\"@type\":\"WebPage\",\"@id\":\"https:\/\/cce.it\/fr\/division-plinthes-automatiques\/categories\/glass\/glass-lip-slide\/#webpage\",\"url\":\"https:\/\/cce.it\/fr\/division-plinthes-automatiques\/categories\/glass\/glass-lip-slide\/\",\"name\":\"Glass Lip Slide - CCE\",\"isPartOf\":{\"@id\":\"https:\/\/cce.it\/fr\/#website\"},\"primaryImageOfPage\":{\"@id\":\"https:\/\/cce.it\/fr\/division-plinthes-automatiques\/categories\/glass\/glass-lip-slide\/#primaryimage\"},\"datePublished\":\"2017-05-30T14:07:54+00:00\",\"dateModified\":\"2018-07-19T07:59:05+00:00\",\"breadcrumb\":{\"@id\":\"https:\/\/cce.it\/fr\/division-plinthes-automatiques\/categories\/glass\/glass-lip-slide\/#breadcrumb\"},\"inLanguage\":\"it-IT\",\"potentialAction\":[{\"@type\":\"ReadAction\",\"target\":[\"https:\/\/cce.it\/fr\/division-plinthes-automatiques\/categories\/glass\/glass-lip-slide\/\"]}]},{\"@type\":\"BreadcrumbList\",\"@id\":\"https:\/\/cce.it\/fr\/division-plinthes-automatiques\/categories\/glass\/glass-lip-slide\/#breadcrumb\",\"itemListElement\":[{\"@type\":\"ListItem\",\"position\":1,\"item\":{\"@type\":\"WebPage\",\"@id\":\"https:\/\/cce.it\/\",\"url\":\"https:\/\/cce.it\/\",\"name\":\"Home\"}},{\"@type\":\"ListItem\",\"position\":2,\"item\":{\"@type\":\"WebPage\",\"@id\":\"https:\/\/cce.it\/fr\/division-plinthes-automatiques\/\",\"url\":\"https:\/\/cce.it\/fr\/division-plinthes-automatiques\/\",\"name\":\"Division Plinthes Automatiques\"}},{\"@type\":\"ListItem\",\"position\":3,\"item\":{\"@type\":\"WebPage\",\"@id\":\"https:\/\/cce.it\/fr\/division-plinthes-automatiques\/categories\/\",\"url\":\"https:\/\/cce.it\/fr\/division-plinthes-automatiques\/categories\/\",\"name\":\"Cat\\u00e9gories\"}},{\"@type\":\"ListItem\",\"position\":4,\"item\":{\"@type\":\"WebPage\",\"@id\":\"https:\/\/cce.it\/fr\/division-plinthes-automatiques\/categories\/glass\/\",\"url\":\"https:\/\/cce.it\/fr\/division-plinthes-automatiques\/categories\/glass\/\",\"name\":\"Glass\"}},{\"@type\":\"ListItem\",\"position\":5,\"item\":{\"@type\":\"WebPage\",\"@id\":\"https:\/\/cce.it\/fr\/division-plinthes-automatiques\/categories\/glass\/glass-lip-slide\/\",\"url\":\"https:\/\/cce.it\/fr\/division-plinthes-automatiques\/categories\/glass\/glass-lip-slide\/\",\"name\":\"Glass Lip Slide\"}}]}]}<\/script>\n<!-- \/ Yoast SEO plugin. -->","_links":{"self":[{"href":"https:\/\/cce.it\/fr\/wp-json\/wp\/v2\/pages\/12424"}],"collection":[{"href":"https:\/\/cce.it\/fr\/wp-json\/wp\/v2\/pages"}],"about":[{"href":"https:\/\/cce.it\/fr\/wp-json\/wp\/v2\/types\/page"}],"author":[{"embeddable":true,"href":"https:\/\/cce.it\/fr\/wp-json\/wp\/v2\/users\/12"}],"replies":[{"embeddable":true,"href":"https:\/\/cce.it\/fr\/wp-json\/wp\/v2\/comments?post=12424"}],"version-history":[{"count":7,"href":"https:\/\/cce.it\/fr\/wp-json\/wp\/v2\/pages\/12424\/revisions"}],"predecessor-version":[{"id":18356,"href":"https:\/\/cce.it\/fr\/wp-json\/wp\/v2\/pages\/12424\/revisions\/18356"}],"up":[{"embeddable":true,"href":"https:\/\/cce.it\/fr\/wp-json\/wp\/v2\/pages\/3422"}],"wp:featuredmedia":[{"embeddable":true,"href":"https:\/\/cce.it\/fr\/wp-json\/wp\/v2\/media\/17759"}],"wp:attachment":[{"href":"https:\/\/cce.it\/fr\/wp-json\/wp\/v2\/media?parent=12424"}],"curies":[{"name":"wp","href":"https:\/\/api.w.org\/{rel}","templated":true}]}}