{"id":12341,"date":"2018-04-19T14:10:29","date_gmt":"2018-04-19T12:10:29","guid":{"rendered":"https:\/\/cce.it\/\/drop-20-maxi-one-size\/"},"modified":"2018-07-19T08:51:20","modified_gmt":"2018-07-19T06:51:20","slug":"drop-20-maxi-one-size","status":"publish","type":"page","link":"https:\/\/cce.it\/fr\/division-plinthes-automatiques\/categories\/one-size\/drop-20-maxi-one-size\/","title":{"rendered":"Drop 20 Maxi one size"},"content":{"rendered":"<h5><span>INFORMATION<\/span><\/h5>\n<hr \/>\n<p>Certi \u00e9 pour une tenue de 60 minutes au feu, 52dB d\u2019abattement acoustique, course de 20mm et trois types de fixation possible, d\u00e9finitivement un produit haut de gamme. Disponible en hauteur de 28 mm et 30 mm, il peut \u00eatre associ\u00e9 \u00e0 de nombreux accessoires, pour porte \u00e0 double vantail ou pour porte pivot.<\/p>\n","protected":false},"excerpt":{"rendered":"<p>INFORMATION Certi \u00e9 pour une tenue de 60 minutes au feu, 52dB d\u2019abattement acoustique, course de 20mm et trois types de fixation possible, d\u00e9finitivement un produit haut de gamme. Disponible en hauteur de 28 mm et 30 mm, il peut \u00eatre associ\u00e9 \u00e0 de nombreux accessoires, pour porte \u00e0 double vantail ou pour porte pivot.<\/p>\n","protected":false},"author":12,"featured_media":15622,"parent":12599,"menu_order":761,"comment_status":"closed","ping_status":"closed","template":"template-antis-product.php","meta":[],"acf":[],"yoast_head":"<!-- This site is optimized with the Yoast SEO plugin v15.0 - https:\/\/yoast.com\/wordpress\/plugins\/seo\/ -->\n<title>Drop 20 Maxi one size - CCE<\/title>\n<meta name=\"robots\" content=\"index, follow, max-snippet:-1, max-image-preview:large, max-video-preview:-1\" \/>\n<link rel=\"canonical\" href=\"https:\/\/cce.it\/fr\/division-plinthes-automatiques\/categories\/one-size\/drop-20-maxi-one-size\/\" \/>\n<meta property=\"og:locale\" content=\"it_IT\" \/>\n<meta property=\"og:type\" content=\"article\" \/>\n<meta property=\"og:title\" content=\"Drop 20 Maxi one size - CCE\" \/>\n<meta property=\"og:description\" content=\"INFORMATION Certi \u00e9 pour une tenue de 60 minutes au feu, 52dB d\u2019abattement acoustique, course de 20mm et trois types de fixation possible, d\u00e9finitivement un produit haut de gamme. Disponible en hauteur de 28 mm et 30 mm, il peut \u00eatre associ\u00e9 \u00e0 de nombreux accessoires, pour porte \u00e0 double vantail ou pour porte pivot.\" \/>\n<meta property=\"og:url\" content=\"https:\/\/cce.it\/fr\/division-plinthes-automatiques\/categories\/one-size\/drop-20-maxi-one-size\/\" \/>\n<meta property=\"og:site_name\" content=\"CCE\" \/>\n<meta property=\"article:modified_time\" content=\"2018-07-19T06:51:20+00:00\" \/>\n<meta property=\"og:image\" content=\"https:\/\/cce.it\/wp-content\/uploads\/as1528dr6m_solo_rev2_cat.jpg\" \/>\n\t<meta property=\"og:image:width\" content=\"1920\" \/>\n\t<meta property=\"og:image:height\" content=\"726\" \/>\n<script type=\"application\/ld+json\" class=\"yoast-schema-graph\">{\"@context\":\"https:\/\/schema.org\",\"@graph\":[{\"@type\":\"WebSite\",\"@id\":\"https:\/\/cce.it\/fr\/#website\",\"url\":\"https:\/\/cce.it\/fr\/\",\"name\":\"CCE\",\"description\":\"\",\"potentialAction\":[{\"@type\":\"SearchAction\",\"target\":\"https:\/\/cce.it\/fr\/?s={search_term_string}\",\"query-input\":\"required name=search_term_string\"}],\"inLanguage\":\"it-IT\"},{\"@type\":\"ImageObject\",\"@id\":\"https:\/\/cce.it\/fr\/division-plinthes-automatiques\/categories\/one-size\/drop-20-maxi-one-size\/#primaryimage\",\"inLanguage\":\"it-IT\",\"url\":\"https:\/\/cce.it\/wp-content\/uploads\/as1528dr6m_solo_rev2_cat.jpg\",\"width\":1920,\"height\":726},{\"@type\":\"WebPage\",\"@id\":\"https:\/\/cce.it\/fr\/division-plinthes-automatiques\/categories\/one-size\/drop-20-maxi-one-size\/#webpage\",\"url\":\"https:\/\/cce.it\/fr\/division-plinthes-automatiques\/categories\/one-size\/drop-20-maxi-one-size\/\",\"name\":\"Drop 20 Maxi one size - CCE\",\"isPartOf\":{\"@id\":\"https:\/\/cce.it\/fr\/#website\"},\"primaryImageOfPage\":{\"@id\":\"https:\/\/cce.it\/fr\/division-plinthes-automatiques\/categories\/one-size\/drop-20-maxi-one-size\/#primaryimage\"},\"datePublished\":\"2018-04-19T12:10:29+00:00\",\"dateModified\":\"2018-07-19T06:51:20+00:00\",\"breadcrumb\":{\"@id\":\"https:\/\/cce.it\/fr\/division-plinthes-automatiques\/categories\/one-size\/drop-20-maxi-one-size\/#breadcrumb\"},\"inLanguage\":\"it-IT\",\"potentialAction\":[{\"@type\":\"ReadAction\",\"target\":[\"https:\/\/cce.it\/fr\/division-plinthes-automatiques\/categories\/one-size\/drop-20-maxi-one-size\/\"]}]},{\"@type\":\"BreadcrumbList\",\"@id\":\"https:\/\/cce.it\/fr\/division-plinthes-automatiques\/categories\/one-size\/drop-20-maxi-one-size\/#breadcrumb\",\"itemListElement\":[{\"@type\":\"ListItem\",\"position\":1,\"item\":{\"@type\":\"WebPage\",\"@id\":\"https:\/\/cce.it\/\",\"url\":\"https:\/\/cce.it\/\",\"name\":\"Home\"}},{\"@type\":\"ListItem\",\"position\":2,\"item\":{\"@type\":\"WebPage\",\"@id\":\"https:\/\/cce.it\/fr\/division-plinthes-automatiques\/\",\"url\":\"https:\/\/cce.it\/fr\/division-plinthes-automatiques\/\",\"name\":\"Division Plinthes Automatiques\"}},{\"@type\":\"ListItem\",\"position\":3,\"item\":{\"@type\":\"WebPage\",\"@id\":\"https:\/\/cce.it\/fr\/division-plinthes-automatiques\/categories\/\",\"url\":\"https:\/\/cce.it\/fr\/division-plinthes-automatiques\/categories\/\",\"name\":\"Cat\\u00e9gories\"}},{\"@type\":\"ListItem\",\"position\":4,\"item\":{\"@type\":\"WebPage\",\"@id\":\"https:\/\/cce.it\/fr\/division-plinthes-automatiques\/categories\/one-size\/\",\"url\":\"https:\/\/cce.it\/fr\/division-plinthes-automatiques\/categories\/one-size\/\",\"name\":\"One size\"}},{\"@type\":\"ListItem\",\"position\":5,\"item\":{\"@type\":\"WebPage\",\"@id\":\"https:\/\/cce.it\/fr\/division-plinthes-automatiques\/categories\/one-size\/drop-20-maxi-one-size\/\",\"url\":\"https:\/\/cce.it\/fr\/division-plinthes-automatiques\/categories\/one-size\/drop-20-maxi-one-size\/\",\"name\":\"Drop 20 Maxi one size\"}}]}]}<\/script>\n<!-- \/ Yoast SEO plugin. -->","_links":{"self":[{"href":"https:\/\/cce.it\/fr\/wp-json\/wp\/v2\/pages\/12341"}],"collection":[{"href":"https:\/\/cce.it\/fr\/wp-json\/wp\/v2\/pages"}],"about":[{"href":"https:\/\/cce.it\/fr\/wp-json\/wp\/v2\/types\/page"}],"author":[{"embeddable":true,"href":"https:\/\/cce.it\/fr\/wp-json\/wp\/v2\/users\/12"}],"replies":[{"embeddable":true,"href":"https:\/\/cce.it\/fr\/wp-json\/wp\/v2\/comments?post=12341"}],"version-history":[{"count":14,"href":"https:\/\/cce.it\/fr\/wp-json\/wp\/v2\/pages\/12341\/revisions"}],"predecessor-version":[{"id":18202,"href":"https:\/\/cce.it\/fr\/wp-json\/wp\/v2\/pages\/12341\/revisions\/18202"}],"up":[{"embeddable":true,"href":"https:\/\/cce.it\/fr\/wp-json\/wp\/v2\/pages\/12599"}],"wp:featuredmedia":[{"embeddable":true,"href":"https:\/\/cce.it\/fr\/wp-json\/wp\/v2\/media\/15622"}],"wp:attachment":[{"href":"https:\/\/cce.it\/fr\/wp-json\/wp\/v2\/media?parent=12341"}],"curies":[{"name":"wp","href":"https:\/\/api.w.org\/{rel}","templated":true}]}}