{"id":12303,"date":"2018-04-19T14:21:10","date_gmt":"2018-04-19T12:21:10","guid":{"rendered":"https:\/\/cce.it\/\/applique-13x39-one-size\/"},"modified":"2018-07-19T08:47:50","modified_gmt":"2018-07-19T06:47:50","slug":"applique-13x39-one-size","status":"publish","type":"page","link":"https:\/\/cce.it\/fr\/division-plinthes-automatiques\/categories\/one-size\/applique-13x39-one-size\/","title":{"rendered":"Applique 13X39 one size"},"content":{"rendered":"<h5><span>INFORMATION<\/span><\/h5>\n<hr \/>\n<p>Mod\u00e8le pens\u00e9 pour une application externe sur les portes neuves ou install\u00e9es. Solide et \u00e9l\u00e9gant, il est disponible dans diff\u00e9rents coloris et combinaisons de joints.<\/p>\n","protected":false},"excerpt":{"rendered":"<p>INFORMATION Mod\u00e8le pens\u00e9 pour une application externe sur les portes neuves ou install\u00e9es. Solide et \u00e9l\u00e9gant, il est disponible dans diff\u00e9rents coloris et combinaisons de joints.<\/p>\n","protected":false},"author":12,"featured_media":15702,"parent":12599,"menu_order":726,"comment_status":"closed","ping_status":"closed","template":"template-antis-product.php","meta":[],"acf":[],"yoast_head":"<!-- This site is optimized with the Yoast SEO plugin v15.0 - https:\/\/yoast.com\/wordpress\/plugins\/seo\/ -->\n<title>Applique 13X39 one size - CCE<\/title>\n<meta name=\"robots\" content=\"index, follow, max-snippet:-1, max-image-preview:large, max-video-preview:-1\" \/>\n<link rel=\"canonical\" href=\"https:\/\/cce.it\/fr\/division-plinthes-automatiques\/categories\/one-size\/applique-13x39-one-size\/\" \/>\n<meta property=\"og:locale\" content=\"it_IT\" \/>\n<meta property=\"og:type\" content=\"article\" \/>\n<meta property=\"og:title\" content=\"Applique 13X39 one size - CCE\" \/>\n<meta property=\"og:description\" content=\"INFORMATION Mod\u00e8le pens\u00e9 pour une application externe sur les portes neuves ou install\u00e9es. Solide et \u00e9l\u00e9gant, il est disponible dans diff\u00e9rents coloris et combinaisons de joints.\" \/>\n<meta property=\"og:url\" content=\"https:\/\/cce.it\/fr\/division-plinthes-automatiques\/categories\/one-size\/applique-13x39-one-size\/\" \/>\n<meta property=\"og:site_name\" content=\"CCE\" \/>\n<meta property=\"article:modified_time\" content=\"2018-07-19T06:47:50+00:00\" \/>\n<meta property=\"og:image\" content=\"https:\/\/cce.it\/wp-content\/uploads\/asapp_solo_rev2_cat.jpg\" \/>\n\t<meta property=\"og:image:width\" content=\"1920\" \/>\n\t<meta property=\"og:image:height\" content=\"726\" \/>\n<script type=\"application\/ld+json\" class=\"yoast-schema-graph\">{\"@context\":\"https:\/\/schema.org\",\"@graph\":[{\"@type\":\"WebSite\",\"@id\":\"https:\/\/cce.it\/fr\/#website\",\"url\":\"https:\/\/cce.it\/fr\/\",\"name\":\"CCE\",\"description\":\"\",\"potentialAction\":[{\"@type\":\"SearchAction\",\"target\":\"https:\/\/cce.it\/fr\/?s={search_term_string}\",\"query-input\":\"required name=search_term_string\"}],\"inLanguage\":\"it-IT\"},{\"@type\":\"ImageObject\",\"@id\":\"https:\/\/cce.it\/fr\/division-plinthes-automatiques\/categories\/one-size\/applique-13x39-one-size\/#primaryimage\",\"inLanguage\":\"it-IT\",\"url\":\"https:\/\/cce.it\/wp-content\/uploads\/asapp_solo_rev2_cat.jpg\",\"width\":1920,\"height\":726},{\"@type\":\"WebPage\",\"@id\":\"https:\/\/cce.it\/fr\/division-plinthes-automatiques\/categories\/one-size\/applique-13x39-one-size\/#webpage\",\"url\":\"https:\/\/cce.it\/fr\/division-plinthes-automatiques\/categories\/one-size\/applique-13x39-one-size\/\",\"name\":\"Applique 13X39 one size - CCE\",\"isPartOf\":{\"@id\":\"https:\/\/cce.it\/fr\/#website\"},\"primaryImageOfPage\":{\"@id\":\"https:\/\/cce.it\/fr\/division-plinthes-automatiques\/categories\/one-size\/applique-13x39-one-size\/#primaryimage\"},\"datePublished\":\"2018-04-19T12:21:10+00:00\",\"dateModified\":\"2018-07-19T06:47:50+00:00\",\"breadcrumb\":{\"@id\":\"https:\/\/cce.it\/fr\/division-plinthes-automatiques\/categories\/one-size\/applique-13x39-one-size\/#breadcrumb\"},\"inLanguage\":\"it-IT\",\"potentialAction\":[{\"@type\":\"ReadAction\",\"target\":[\"https:\/\/cce.it\/fr\/division-plinthes-automatiques\/categories\/one-size\/applique-13x39-one-size\/\"]}]},{\"@type\":\"BreadcrumbList\",\"@id\":\"https:\/\/cce.it\/fr\/division-plinthes-automatiques\/categories\/one-size\/applique-13x39-one-size\/#breadcrumb\",\"itemListElement\":[{\"@type\":\"ListItem\",\"position\":1,\"item\":{\"@type\":\"WebPage\",\"@id\":\"https:\/\/cce.it\/\",\"url\":\"https:\/\/cce.it\/\",\"name\":\"Home\"}},{\"@type\":\"ListItem\",\"position\":2,\"item\":{\"@type\":\"WebPage\",\"@id\":\"https:\/\/cce.it\/fr\/division-plinthes-automatiques\/\",\"url\":\"https:\/\/cce.it\/fr\/division-plinthes-automatiques\/\",\"name\":\"Division Plinthes Automatiques\"}},{\"@type\":\"ListItem\",\"position\":3,\"item\":{\"@type\":\"WebPage\",\"@id\":\"https:\/\/cce.it\/fr\/division-plinthes-automatiques\/categories\/\",\"url\":\"https:\/\/cce.it\/fr\/division-plinthes-automatiques\/categories\/\",\"name\":\"Cat\\u00e9gories\"}},{\"@type\":\"ListItem\",\"position\":4,\"item\":{\"@type\":\"WebPage\",\"@id\":\"https:\/\/cce.it\/fr\/division-plinthes-automatiques\/categories\/one-size\/\",\"url\":\"https:\/\/cce.it\/fr\/division-plinthes-automatiques\/categories\/one-size\/\",\"name\":\"One size\"}},{\"@type\":\"ListItem\",\"position\":5,\"item\":{\"@type\":\"WebPage\",\"@id\":\"https:\/\/cce.it\/fr\/division-plinthes-automatiques\/categories\/one-size\/applique-13x39-one-size\/\",\"url\":\"https:\/\/cce.it\/fr\/division-plinthes-automatiques\/categories\/one-size\/applique-13x39-one-size\/\",\"name\":\"Applique 13X39 one size\"}}]}]}<\/script>\n<!-- \/ Yoast SEO plugin. -->","_links":{"self":[{"href":"https:\/\/cce.it\/fr\/wp-json\/wp\/v2\/pages\/12303"}],"collection":[{"href":"https:\/\/cce.it\/fr\/wp-json\/wp\/v2\/pages"}],"about":[{"href":"https:\/\/cce.it\/fr\/wp-json\/wp\/v2\/types\/page"}],"author":[{"embeddable":true,"href":"https:\/\/cce.it\/fr\/wp-json\/wp\/v2\/users\/12"}],"replies":[{"embeddable":true,"href":"https:\/\/cce.it\/fr\/wp-json\/wp\/v2\/comments?post=12303"}],"version-history":[{"count":12,"href":"https:\/\/cce.it\/fr\/wp-json\/wp\/v2\/pages\/12303\/revisions"}],"predecessor-version":[{"id":18200,"href":"https:\/\/cce.it\/fr\/wp-json\/wp\/v2\/pages\/12303\/revisions\/18200"}],"up":[{"embeddable":true,"href":"https:\/\/cce.it\/fr\/wp-json\/wp\/v2\/pages\/12599"}],"wp:featuredmedia":[{"embeddable":true,"href":"https:\/\/cce.it\/fr\/wp-json\/wp\/v2\/media\/15702"}],"wp:attachment":[{"href":"https:\/\/cce.it\/fr\/wp-json\/wp\/v2\/media?parent=12303"}],"curies":[{"name":"wp","href":"https:\/\/api.w.org\/{rel}","templated":true}]}}