{"id":12237,"date":"2018-05-02T10:32:33","date_gmt":"2018-05-02T08:32:33","guid":{"rendered":"https:\/\/cce.it\/\/tecnostop-radio\/"},"modified":"2018-07-18T16:58:02","modified_gmt":"2018-07-18T14:58:02","slug":"tecnostop-radio","status":"publish","type":"page","link":"https:\/\/cce.it\/fr\/division-securite\/categories\/tecnostop\/tecnostop-radio\/","title":{"rendered":"Tecnostop Proto"},"content":{"rendered":"<h5><span style=\"color: #000;\"> INFORMATION <\/span><\/h5>\n<hr \/>\n<p><strong>TECNOSTOP<\/strong> est un bord sensible int\u00e9gralement en plastique co extrud\u00e9, adapt\u00e9 pour une utilisation sur les portes basculantes et les portillons. L\u00e9ger et facile \u00e0 installer, il utilise des micro interrupteurs \u00e9tanches et est particuli\u00e8rement indiqu\u00e9 pour un usage externe \u00e9tant donn\u00e9 sa grande r\u00e9sistance \u00e0 l\u2019eau.<\/p>\n","protected":false},"excerpt":{"rendered":"<p>INFORMATION TECNOSTOP est un bord sensible int\u00e9gralement en plastique co extrud\u00e9, adapt\u00e9 pour une utilisation sur les portes basculantes et les portillons. L\u00e9ger et facile \u00e0 installer, il utilise des micro interrupteurs \u00e9tanches et est particuli\u00e8rement indiqu\u00e9 pour un usage externe \u00e9tant donn\u00e9 sa grande r\u00e9sistance \u00e0 l\u2019eau.<\/p>\n","protected":false},"author":12,"featured_media":16200,"parent":3092,"menu_order":1221,"comment_status":"closed","ping_status":"closed","template":"template-sicurezza-product.php","meta":[],"acf":[],"yoast_head":"<!-- This site is optimized with the Yoast SEO plugin v15.0 - https:\/\/yoast.com\/wordpress\/plugins\/seo\/ -->\n<title>Tecnostop Proto - CCE<\/title>\n<meta name=\"robots\" content=\"index, follow, max-snippet:-1, max-image-preview:large, max-video-preview:-1\" \/>\n<link rel=\"canonical\" href=\"https:\/\/cce.it\/fr\/division-securite\/categories\/tecnostop\/tecnostop-radio\/\" \/>\n<meta property=\"og:locale\" content=\"it_IT\" \/>\n<meta property=\"og:type\" content=\"article\" \/>\n<meta property=\"og:title\" content=\"Tecnostop Proto - CCE\" \/>\n<meta property=\"og:description\" content=\"INFORMATION TECNOSTOP est un bord sensible int\u00e9gralement en plastique co extrud\u00e9, adapt\u00e9 pour une utilisation sur les portes basculantes et les portillons. L\u00e9ger et facile \u00e0 installer, il utilise des micro interrupteurs \u00e9tanches et est particuli\u00e8rement indiqu\u00e9 pour un usage externe \u00e9tant donn\u00e9 sa grande r\u00e9sistance \u00e0 l\u2019eau.\" \/>\n<meta property=\"og:url\" content=\"https:\/\/cce.it\/fr\/division-securite\/categories\/tecnostop\/tecnostop-radio\/\" \/>\n<meta property=\"og:site_name\" content=\"CCE\" \/>\n<meta property=\"article:modified_time\" content=\"2018-07-18T14:58:02+00:00\" \/>\n<meta property=\"og:image\" content=\"https:\/\/cce.it\/wp-content\/uploads\/tecnopr_testata.jpg\" \/>\n\t<meta property=\"og:image:width\" content=\"1920\" \/>\n\t<meta property=\"og:image:height\" content=\"726\" \/>\n<script type=\"application\/ld+json\" class=\"yoast-schema-graph\">{\"@context\":\"https:\/\/schema.org\",\"@graph\":[{\"@type\":\"WebSite\",\"@id\":\"https:\/\/cce.it\/fr\/#website\",\"url\":\"https:\/\/cce.it\/fr\/\",\"name\":\"CCE\",\"description\":\"\",\"potentialAction\":[{\"@type\":\"SearchAction\",\"target\":\"https:\/\/cce.it\/fr\/?s={search_term_string}\",\"query-input\":\"required name=search_term_string\"}],\"inLanguage\":\"it-IT\"},{\"@type\":\"ImageObject\",\"@id\":\"https:\/\/cce.it\/fr\/division-securite\/categories\/tecnostop\/tecnostop-radio\/#primaryimage\",\"inLanguage\":\"it-IT\",\"url\":\"https:\/\/cce.it\/wp-content\/uploads\/tecnopr_testata.jpg\",\"width\":1920,\"height\":726},{\"@type\":\"WebPage\",\"@id\":\"https:\/\/cce.it\/fr\/division-securite\/categories\/tecnostop\/tecnostop-radio\/#webpage\",\"url\":\"https:\/\/cce.it\/fr\/division-securite\/categories\/tecnostop\/tecnostop-radio\/\",\"name\":\"Tecnostop Proto - CCE\",\"isPartOf\":{\"@id\":\"https:\/\/cce.it\/fr\/#website\"},\"primaryImageOfPage\":{\"@id\":\"https:\/\/cce.it\/fr\/division-securite\/categories\/tecnostop\/tecnostop-radio\/#primaryimage\"},\"datePublished\":\"2018-05-02T08:32:33+00:00\",\"dateModified\":\"2018-07-18T14:58:02+00:00\",\"breadcrumb\":{\"@id\":\"https:\/\/cce.it\/fr\/division-securite\/categories\/tecnostop\/tecnostop-radio\/#breadcrumb\"},\"inLanguage\":\"it-IT\",\"potentialAction\":[{\"@type\":\"ReadAction\",\"target\":[\"https:\/\/cce.it\/fr\/division-securite\/categories\/tecnostop\/tecnostop-radio\/\"]}]},{\"@type\":\"BreadcrumbList\",\"@id\":\"https:\/\/cce.it\/fr\/division-securite\/categories\/tecnostop\/tecnostop-radio\/#breadcrumb\",\"itemListElement\":[{\"@type\":\"ListItem\",\"position\":1,\"item\":{\"@type\":\"WebPage\",\"@id\":\"https:\/\/cce.it\/\",\"url\":\"https:\/\/cce.it\/\",\"name\":\"Home\"}},{\"@type\":\"ListItem\",\"position\":2,\"item\":{\"@type\":\"WebPage\",\"@id\":\"https:\/\/cce.it\/fr\/division-securite\/\",\"url\":\"https:\/\/cce.it\/fr\/division-securite\/\",\"name\":\"Division S\\u00e9curit\\u00e9\"}},{\"@type\":\"ListItem\",\"position\":3,\"item\":{\"@type\":\"WebPage\",\"@id\":\"https:\/\/cce.it\/fr\/division-securite\/categories\/\",\"url\":\"https:\/\/cce.it\/fr\/division-securite\/categories\/\",\"name\":\"Cat\\u00e9gories\"}},{\"@type\":\"ListItem\",\"position\":4,\"item\":{\"@type\":\"WebPage\",\"@id\":\"https:\/\/cce.it\/fr\/division-securite\/categories\/tecnostop\/\",\"url\":\"https:\/\/cce.it\/fr\/division-securite\/categories\/tecnostop\/\",\"name\":\"Tecnostop\"}},{\"@type\":\"ListItem\",\"position\":5,\"item\":{\"@type\":\"WebPage\",\"@id\":\"https:\/\/cce.it\/fr\/division-securite\/categories\/tecnostop\/tecnostop-radio\/\",\"url\":\"https:\/\/cce.it\/fr\/division-securite\/categories\/tecnostop\/tecnostop-radio\/\",\"name\":\"Tecnostop Proto\"}}]}]}<\/script>\n<!-- \/ Yoast SEO plugin. -->","_links":{"self":[{"href":"https:\/\/cce.it\/fr\/wp-json\/wp\/v2\/pages\/12237"}],"collection":[{"href":"https:\/\/cce.it\/fr\/wp-json\/wp\/v2\/pages"}],"about":[{"href":"https:\/\/cce.it\/fr\/wp-json\/wp\/v2\/types\/page"}],"author":[{"embeddable":true,"href":"https:\/\/cce.it\/fr\/wp-json\/wp\/v2\/users\/12"}],"replies":[{"embeddable":true,"href":"https:\/\/cce.it\/fr\/wp-json\/wp\/v2\/comments?post=12237"}],"version-history":[{"count":8,"href":"https:\/\/cce.it\/fr\/wp-json\/wp\/v2\/pages\/12237\/revisions"}],"predecessor-version":[{"id":18124,"href":"https:\/\/cce.it\/fr\/wp-json\/wp\/v2\/pages\/12237\/revisions\/18124"}],"up":[{"embeddable":true,"href":"https:\/\/cce.it\/fr\/wp-json\/wp\/v2\/pages\/3092"}],"wp:featuredmedia":[{"embeddable":true,"href":"https:\/\/cce.it\/fr\/wp-json\/wp\/v2\/media\/16200"}],"wp:attachment":[{"href":"https:\/\/cce.it\/fr\/wp-json\/wp\/v2\/media?parent=12237"}],"curies":[{"name":"wp","href":"https:\/\/api.w.org\/{rel}","templated":true}]}}