{"id":12232,"date":"2018-04-18T15:54:53","date_gmt":"2018-04-18T13:54:53","guid":{"rendered":"https:\/\/cce.it\/\/stop-control\/"},"modified":"2018-07-25T14:42:42","modified_gmt":"2018-07-25T12:42:42","slug":"stop-control","status":"publish","type":"page","link":"https:\/\/cce.it\/fr\/division-securite\/categories\/stop\/stop-control\/","title":{"rendered":"Stop control"},"content":{"rendered":"<h5><span style=\"color: #000;\"> INFORMATION <\/span><\/h5>\n<hr \/>\n<p>Grand classique dans le secteur de la s\u00e9curit\u00e9, <strong>STOP<\/strong> est un bord sensible en aluminium tr\u00e8s polyvalent, il peut \u00eatre appliqu\u00e9 sur les portes basculantes, les rideaux et dans le champs industriel. Il utilise des micro interrupteurs \u00e9tanches et peut recevoir une s\u00e9rie d\u2019accessoires, incluant un caoutchouc major\u00e9 &#8220;Tartaruga&#8221;, qui permettent diff\u00e9rentes combinaisons et utilisations.<\/p>\n","protected":false},"excerpt":{"rendered":"<p>INFORMATION Grand classique dans le secteur de la s\u00e9curit\u00e9, STOP est un bord sensible en aluminium tr\u00e8s polyvalent, il peut \u00eatre appliqu\u00e9 sur les portes basculantes, les rideaux et dans le champs industriel. Il utilise des micro interrupteurs \u00e9tanches et peut recevoir une s\u00e9rie d\u2019accessoires, incluant un caoutchouc major\u00e9 &#8220;Tartaruga&#8221;, qui permettent diff\u00e9rentes combinaisons et &hellip; <a href=\"https:\/\/cce.it\/fr\/division-securite\/categories\/stop\/stop-control\/\">Continua<\/a><\/p>\n","protected":false},"author":12,"featured_media":16167,"parent":3083,"menu_order":1179,"comment_status":"closed","ping_status":"closed","template":"template-sicurezza-product.php","meta":[],"acf":[],"yoast_head":"<!-- This site is optimized with the Yoast SEO plugin v15.0 - https:\/\/yoast.com\/wordpress\/plugins\/seo\/ -->\n<title>Stop control - CCE<\/title>\n<meta name=\"robots\" content=\"index, follow, max-snippet:-1, max-image-preview:large, max-video-preview:-1\" \/>\n<link rel=\"canonical\" href=\"https:\/\/cce.it\/fr\/division-securite\/categories\/stop\/stop-control\/\" \/>\n<meta property=\"og:locale\" content=\"it_IT\" \/>\n<meta property=\"og:type\" content=\"article\" \/>\n<meta property=\"og:title\" content=\"Stop control - CCE\" \/>\n<meta property=\"og:description\" content=\"INFORMATION Grand classique dans le secteur de la s\u00e9curit\u00e9, STOP est un bord sensible en aluminium tr\u00e8s polyvalent, il peut \u00eatre appliqu\u00e9 sur les portes basculantes, les rideaux et dans le champs industriel. Il utilise des micro interrupteurs \u00e9tanches et peut recevoir une s\u00e9rie d\u2019accessoires, incluant un caoutchouc major\u00e9 &#8220;Tartaruga&#8221;, qui permettent diff\u00e9rentes combinaisons et &hellip; Continua\" \/>\n<meta property=\"og:url\" content=\"https:\/\/cce.it\/fr\/division-securite\/categories\/stop\/stop-control\/\" \/>\n<meta property=\"og:site_name\" content=\"CCE\" \/>\n<meta property=\"article:modified_time\" content=\"2018-07-25T12:42:42+00:00\" \/>\n<meta property=\"og:image\" content=\"https:\/\/cce.it\/wp-content\/uploads\/stopcontrol_testata.jpg\" \/>\n\t<meta property=\"og:image:width\" content=\"1920\" \/>\n\t<meta property=\"og:image:height\" content=\"726\" \/>\n<script type=\"application\/ld+json\" class=\"yoast-schema-graph\">{\"@context\":\"https:\/\/schema.org\",\"@graph\":[{\"@type\":\"WebSite\",\"@id\":\"https:\/\/cce.it\/fr\/#website\",\"url\":\"https:\/\/cce.it\/fr\/\",\"name\":\"CCE\",\"description\":\"\",\"potentialAction\":[{\"@type\":\"SearchAction\",\"target\":\"https:\/\/cce.it\/fr\/?s={search_term_string}\",\"query-input\":\"required name=search_term_string\"}],\"inLanguage\":\"it-IT\"},{\"@type\":\"ImageObject\",\"@id\":\"https:\/\/cce.it\/fr\/division-securite\/categories\/stop\/stop-control\/#primaryimage\",\"inLanguage\":\"it-IT\",\"url\":\"https:\/\/cce.it\/wp-content\/uploads\/stopcontrol_testata.jpg\",\"width\":1920,\"height\":726},{\"@type\":\"WebPage\",\"@id\":\"https:\/\/cce.it\/fr\/division-securite\/categories\/stop\/stop-control\/#webpage\",\"url\":\"https:\/\/cce.it\/fr\/division-securite\/categories\/stop\/stop-control\/\",\"name\":\"Stop control - CCE\",\"isPartOf\":{\"@id\":\"https:\/\/cce.it\/fr\/#website\"},\"primaryImageOfPage\":{\"@id\":\"https:\/\/cce.it\/fr\/division-securite\/categories\/stop\/stop-control\/#primaryimage\"},\"datePublished\":\"2018-04-18T13:54:53+00:00\",\"dateModified\":\"2018-07-25T12:42:42+00:00\",\"breadcrumb\":{\"@id\":\"https:\/\/cce.it\/fr\/division-securite\/categories\/stop\/stop-control\/#breadcrumb\"},\"inLanguage\":\"it-IT\",\"potentialAction\":[{\"@type\":\"ReadAction\",\"target\":[\"https:\/\/cce.it\/fr\/division-securite\/categories\/stop\/stop-control\/\"]}]},{\"@type\":\"BreadcrumbList\",\"@id\":\"https:\/\/cce.it\/fr\/division-securite\/categories\/stop\/stop-control\/#breadcrumb\",\"itemListElement\":[{\"@type\":\"ListItem\",\"position\":1,\"item\":{\"@type\":\"WebPage\",\"@id\":\"https:\/\/cce.it\/\",\"url\":\"https:\/\/cce.it\/\",\"name\":\"Home\"}},{\"@type\":\"ListItem\",\"position\":2,\"item\":{\"@type\":\"WebPage\",\"@id\":\"https:\/\/cce.it\/fr\/division-securite\/\",\"url\":\"https:\/\/cce.it\/fr\/division-securite\/\",\"name\":\"Division S\\u00e9curit\\u00e9\"}},{\"@type\":\"ListItem\",\"position\":3,\"item\":{\"@type\":\"WebPage\",\"@id\":\"https:\/\/cce.it\/fr\/division-securite\/categories\/\",\"url\":\"https:\/\/cce.it\/fr\/division-securite\/categories\/\",\"name\":\"Cat\\u00e9gories\"}},{\"@type\":\"ListItem\",\"position\":4,\"item\":{\"@type\":\"WebPage\",\"@id\":\"https:\/\/cce.it\/fr\/division-securite\/categories\/stop\/\",\"url\":\"https:\/\/cce.it\/fr\/division-securite\/categories\/stop\/\",\"name\":\"Stop\"}},{\"@type\":\"ListItem\",\"position\":5,\"item\":{\"@type\":\"WebPage\",\"@id\":\"https:\/\/cce.it\/fr\/division-securite\/categories\/stop\/stop-control\/\",\"url\":\"https:\/\/cce.it\/fr\/division-securite\/categories\/stop\/stop-control\/\",\"name\":\"Stop control\"}}]}]}<\/script>\n<!-- \/ Yoast SEO plugin. -->","_links":{"self":[{"href":"https:\/\/cce.it\/fr\/wp-json\/wp\/v2\/pages\/12232"}],"collection":[{"href":"https:\/\/cce.it\/fr\/wp-json\/wp\/v2\/pages"}],"about":[{"href":"https:\/\/cce.it\/fr\/wp-json\/wp\/v2\/types\/page"}],"author":[{"embeddable":true,"href":"https:\/\/cce.it\/fr\/wp-json\/wp\/v2\/users\/12"}],"replies":[{"embeddable":true,"href":"https:\/\/cce.it\/fr\/wp-json\/wp\/v2\/comments?post=12232"}],"version-history":[{"count":7,"href":"https:\/\/cce.it\/fr\/wp-json\/wp\/v2\/pages\/12232\/revisions"}],"predecessor-version":[{"id":18521,"href":"https:\/\/cce.it\/fr\/wp-json\/wp\/v2\/pages\/12232\/revisions\/18521"}],"up":[{"embeddable":true,"href":"https:\/\/cce.it\/fr\/wp-json\/wp\/v2\/pages\/3083"}],"wp:featuredmedia":[{"embeddable":true,"href":"https:\/\/cce.it\/fr\/wp-json\/wp\/v2\/media\/16167"}],"wp:attachment":[{"href":"https:\/\/cce.it\/fr\/wp-json\/wp\/v2\/media?parent=12232"}],"curies":[{"name":"wp","href":"https:\/\/api.w.org\/{rel}","templated":true}]}}