{"id":12118,"date":"2018-04-18T14:43:00","date_gmt":"2018-04-18T12:43:00","guid":{"rendered":"https:\/\/cce.it\/\/sicurstop-proto-radio\/"},"modified":"2018-07-25T14:36:04","modified_gmt":"2018-07-25T12:36:04","slug":"sicurstop-proto-radio","status":"publish","type":"page","link":"https:\/\/cce.it\/fr\/division-securite\/categories\/sicurstop\/sicurstop-proto-radio\/","title":{"rendered":"Sicurstop Proto radio"},"content":{"rendered":"<h5><span style=\"color: #000;\"> INFORMATION <\/span><\/h5>\n<hr \/>\n<p><strong>SICURSTOP<\/strong> est le plus classique des bords sensibles pour portails coulissants et portes sectionnelles et un des plus utilis\u00e9s. Dot\u00e9 d\u2019une structure en aluminium et caoutchouc tri extrud\u00e9, il utilise un syst\u00e8me \u00e0 micro interrupteurs \u00e9tanches. Il est \u00e9galement disponible avec transmetteur sans fil int\u00e9gr\u00e9 et dans une version pour portes sectionnelles (KITSEZ).<\/p>\n","protected":false},"excerpt":{"rendered":"<p>INFORMATION SICURSTOP est le plus classique des bords sensibles pour portails coulissants et portes sectionnelles et un des plus utilis\u00e9s. Dot\u00e9 d\u2019une structure en aluminium et caoutchouc tri extrud\u00e9, il utilise un syst\u00e8me \u00e0 micro interrupteurs \u00e9tanches. Il est \u00e9galement disponible avec transmetteur sans fil int\u00e9gr\u00e9 et dans une version pour portes sectionnelles (KITSEZ).<\/p>\n","protected":false},"author":12,"featured_media":16138,"parent":3080,"menu_order":1148,"comment_status":"closed","ping_status":"closed","template":"template-sicurezza-product.php","meta":[],"acf":[],"yoast_head":"<!-- This site is optimized with the Yoast SEO plugin v15.0 - https:\/\/yoast.com\/wordpress\/plugins\/seo\/ -->\n<title>Sicurstop Proto radio - CCE<\/title>\n<meta name=\"robots\" content=\"index, follow, max-snippet:-1, max-image-preview:large, max-video-preview:-1\" \/>\n<link rel=\"canonical\" href=\"https:\/\/cce.it\/fr\/division-securite\/categories\/sicurstop\/sicurstop-proto-radio\/\" \/>\n<meta property=\"og:locale\" content=\"it_IT\" \/>\n<meta property=\"og:type\" content=\"article\" \/>\n<meta property=\"og:title\" content=\"Sicurstop Proto radio - CCE\" \/>\n<meta property=\"og:description\" content=\"INFORMATION SICURSTOP est le plus classique des bords sensibles pour portails coulissants et portes sectionnelles et un des plus utilis\u00e9s. Dot\u00e9 d\u2019une structure en aluminium et caoutchouc tri extrud\u00e9, il utilise un syst\u00e8me \u00e0 micro interrupteurs \u00e9tanches. Il est \u00e9galement disponible avec transmetteur sans fil int\u00e9gr\u00e9 et dans une version pour portes sectionnelles (KITSEZ).\" \/>\n<meta property=\"og:url\" content=\"https:\/\/cce.it\/fr\/division-securite\/categories\/sicurstop\/sicurstop-proto-radio\/\" \/>\n<meta property=\"og:site_name\" content=\"CCE\" \/>\n<meta property=\"article:modified_time\" content=\"2018-07-25T12:36:04+00:00\" \/>\n<meta property=\"og:image\" content=\"https:\/\/cce.it\/wp-content\/uploads\/sicurprotoradio_testata.jpg\" \/>\n\t<meta property=\"og:image:width\" content=\"1920\" \/>\n\t<meta property=\"og:image:height\" content=\"726\" \/>\n<script type=\"application\/ld+json\" class=\"yoast-schema-graph\">{\"@context\":\"https:\/\/schema.org\",\"@graph\":[{\"@type\":\"WebSite\",\"@id\":\"https:\/\/cce.it\/fr\/#website\",\"url\":\"https:\/\/cce.it\/fr\/\",\"name\":\"CCE\",\"description\":\"\",\"potentialAction\":[{\"@type\":\"SearchAction\",\"target\":\"https:\/\/cce.it\/fr\/?s={search_term_string}\",\"query-input\":\"required name=search_term_string\"}],\"inLanguage\":\"it-IT\"},{\"@type\":\"ImageObject\",\"@id\":\"https:\/\/cce.it\/fr\/division-securite\/categories\/sicurstop\/sicurstop-proto-radio\/#primaryimage\",\"inLanguage\":\"it-IT\",\"url\":\"https:\/\/cce.it\/wp-content\/uploads\/sicurprotoradio_testata.jpg\",\"width\":1920,\"height\":726},{\"@type\":\"WebPage\",\"@id\":\"https:\/\/cce.it\/fr\/division-securite\/categories\/sicurstop\/sicurstop-proto-radio\/#webpage\",\"url\":\"https:\/\/cce.it\/fr\/division-securite\/categories\/sicurstop\/sicurstop-proto-radio\/\",\"name\":\"Sicurstop Proto radio - CCE\",\"isPartOf\":{\"@id\":\"https:\/\/cce.it\/fr\/#website\"},\"primaryImageOfPage\":{\"@id\":\"https:\/\/cce.it\/fr\/division-securite\/categories\/sicurstop\/sicurstop-proto-radio\/#primaryimage\"},\"datePublished\":\"2018-04-18T12:43:00+00:00\",\"dateModified\":\"2018-07-25T12:36:04+00:00\",\"breadcrumb\":{\"@id\":\"https:\/\/cce.it\/fr\/division-securite\/categories\/sicurstop\/sicurstop-proto-radio\/#breadcrumb\"},\"inLanguage\":\"it-IT\",\"potentialAction\":[{\"@type\":\"ReadAction\",\"target\":[\"https:\/\/cce.it\/fr\/division-securite\/categories\/sicurstop\/sicurstop-proto-radio\/\"]}]},{\"@type\":\"BreadcrumbList\",\"@id\":\"https:\/\/cce.it\/fr\/division-securite\/categories\/sicurstop\/sicurstop-proto-radio\/#breadcrumb\",\"itemListElement\":[{\"@type\":\"ListItem\",\"position\":1,\"item\":{\"@type\":\"WebPage\",\"@id\":\"https:\/\/cce.it\/\",\"url\":\"https:\/\/cce.it\/\",\"name\":\"Home\"}},{\"@type\":\"ListItem\",\"position\":2,\"item\":{\"@type\":\"WebPage\",\"@id\":\"https:\/\/cce.it\/fr\/division-securite\/\",\"url\":\"https:\/\/cce.it\/fr\/division-securite\/\",\"name\":\"Division S\\u00e9curit\\u00e9\"}},{\"@type\":\"ListItem\",\"position\":3,\"item\":{\"@type\":\"WebPage\",\"@id\":\"https:\/\/cce.it\/fr\/division-securite\/categories\/\",\"url\":\"https:\/\/cce.it\/fr\/division-securite\/categories\/\",\"name\":\"Cat\\u00e9gories\"}},{\"@type\":\"ListItem\",\"position\":4,\"item\":{\"@type\":\"WebPage\",\"@id\":\"https:\/\/cce.it\/fr\/division-securite\/categories\/sicurstop\/\",\"url\":\"https:\/\/cce.it\/fr\/division-securite\/categories\/sicurstop\/\",\"name\":\"Sicurstop\"}},{\"@type\":\"ListItem\",\"position\":5,\"item\":{\"@type\":\"WebPage\",\"@id\":\"https:\/\/cce.it\/fr\/division-securite\/categories\/sicurstop\/sicurstop-proto-radio\/\",\"url\":\"https:\/\/cce.it\/fr\/division-securite\/categories\/sicurstop\/sicurstop-proto-radio\/\",\"name\":\"Sicurstop Proto radio\"}}]}]}<\/script>\n<!-- \/ Yoast SEO plugin. -->","_links":{"self":[{"href":"https:\/\/cce.it\/fr\/wp-json\/wp\/v2\/pages\/12118"}],"collection":[{"href":"https:\/\/cce.it\/fr\/wp-json\/wp\/v2\/pages"}],"about":[{"href":"https:\/\/cce.it\/fr\/wp-json\/wp\/v2\/types\/page"}],"author":[{"embeddable":true,"href":"https:\/\/cce.it\/fr\/wp-json\/wp\/v2\/users\/12"}],"replies":[{"embeddable":true,"href":"https:\/\/cce.it\/fr\/wp-json\/wp\/v2\/comments?post=12118"}],"version-history":[{"count":6,"href":"https:\/\/cce.it\/fr\/wp-json\/wp\/v2\/pages\/12118\/revisions"}],"predecessor-version":[{"id":18498,"href":"https:\/\/cce.it\/fr\/wp-json\/wp\/v2\/pages\/12118\/revisions\/18498"}],"up":[{"embeddable":true,"href":"https:\/\/cce.it\/fr\/wp-json\/wp\/v2\/pages\/3080"}],"wp:featuredmedia":[{"embeddable":true,"href":"https:\/\/cce.it\/fr\/wp-json\/wp\/v2\/media\/16138"}],"wp:attachment":[{"href":"https:\/\/cce.it\/fr\/wp-json\/wp\/v2\/media?parent=12118"}],"curies":[{"name":"wp","href":"https:\/\/api.w.org\/{rel}","templated":true}]}}