{"id":12014,"date":"2018-04-18T14:11:33","date_gmt":"2018-04-18T12:11:33","guid":{"rendered":"https:\/\/cce.it\/\/piccola-cnd-kit\/"},"modified":"2018-07-18T16:35:39","modified_gmt":"2018-07-18T14:35:39","slug":"piccola-cnd-kit","status":"publish","type":"page","link":"https:\/\/cce.it\/fr\/division-securite\/categories\/piccola-cnd\/piccola-cnd-kit\/","title":{"rendered":"Piccola CND kit"},"content":{"rendered":"<h5><span style=\"color: #000;\"> INFORMATION <\/span><\/h5>\n<hr \/>\n<p>Le mod\u00e8le <strong>PICCOLA CND<\/strong> peut \u00eatre utilis\u00e9 aussi bien sur les portails battants pour prot\u00e9ger le point de cisaillement entre le vantail et le pilier que dans un environnement industriel en tant que bord de s\u00e9curit\u00e9 pour machines. Il est disponible soit en longueurs \u00e0 mesure soit en kit con\u00e7u pour la r\u00e9alisation de plusieurs palpeurs de longueurs vari\u00e9es.<\/p>\n","protected":false},"excerpt":{"rendered":"<p>INFORMATION Le mod\u00e8le PICCOLA CND peut \u00eatre utilis\u00e9 aussi bien sur les portails battants pour prot\u00e9ger le point de cisaillement entre le vantail et le pilier que dans un environnement industriel en tant que bord de s\u00e9curit\u00e9 pour machines. Il est disponible soit en longueurs \u00e0 mesure soit en kit con\u00e7u pour la r\u00e9alisation de &hellip; <a href=\"https:\/\/cce.it\/fr\/division-securite\/categories\/piccola-cnd\/piccola-cnd-kit\/\">Continua<\/a><\/p>\n","protected":false},"author":12,"featured_media":16122,"parent":12013,"menu_order":987,"comment_status":"closed","ping_status":"closed","template":"template-sicurezza-product.php","meta":[],"acf":[],"yoast_head":"<!-- This site is optimized with the Yoast SEO plugin v15.0 - https:\/\/yoast.com\/wordpress\/plugins\/seo\/ -->\n<title>Piccola CND kit - CCE<\/title>\n<meta name=\"robots\" content=\"index, follow, max-snippet:-1, max-image-preview:large, max-video-preview:-1\" \/>\n<link rel=\"canonical\" href=\"https:\/\/cce.it\/fr\/division-securite\/categories\/piccola-cnd\/piccola-cnd-kit\/\" \/>\n<meta property=\"og:locale\" content=\"it_IT\" \/>\n<meta property=\"og:type\" content=\"article\" \/>\n<meta property=\"og:title\" content=\"Piccola CND kit - CCE\" \/>\n<meta property=\"og:description\" content=\"INFORMATION Le mod\u00e8le PICCOLA CND peut \u00eatre utilis\u00e9 aussi bien sur les portails battants pour prot\u00e9ger le point de cisaillement entre le vantail et le pilier que dans un environnement industriel en tant que bord de s\u00e9curit\u00e9 pour machines. Il est disponible soit en longueurs \u00e0 mesure soit en kit con\u00e7u pour la r\u00e9alisation de &hellip; Continua\" \/>\n<meta property=\"og:url\" content=\"https:\/\/cce.it\/fr\/division-securite\/categories\/piccola-cnd\/piccola-cnd-kit\/\" \/>\n<meta property=\"og:site_name\" content=\"CCE\" \/>\n<meta property=\"article:modified_time\" content=\"2018-07-18T14:35:39+00:00\" \/>\n<meta property=\"og:image\" content=\"https:\/\/cce.it\/wp-content\/uploads\/piccolakit_testata.jpg\" \/>\n\t<meta property=\"og:image:width\" content=\"1920\" \/>\n\t<meta property=\"og:image:height\" content=\"726\" \/>\n<script type=\"application\/ld+json\" class=\"yoast-schema-graph\">{\"@context\":\"https:\/\/schema.org\",\"@graph\":[{\"@type\":\"WebSite\",\"@id\":\"https:\/\/cce.it\/fr\/#website\",\"url\":\"https:\/\/cce.it\/fr\/\",\"name\":\"CCE\",\"description\":\"\",\"potentialAction\":[{\"@type\":\"SearchAction\",\"target\":\"https:\/\/cce.it\/fr\/?s={search_term_string}\",\"query-input\":\"required name=search_term_string\"}],\"inLanguage\":\"it-IT\"},{\"@type\":\"ImageObject\",\"@id\":\"https:\/\/cce.it\/fr\/division-securite\/categories\/piccola-cnd\/piccola-cnd-kit\/#primaryimage\",\"inLanguage\":\"it-IT\",\"url\":\"https:\/\/cce.it\/wp-content\/uploads\/piccolakit_testata.jpg\",\"width\":1920,\"height\":726},{\"@type\":\"WebPage\",\"@id\":\"https:\/\/cce.it\/fr\/division-securite\/categories\/piccola-cnd\/piccola-cnd-kit\/#webpage\",\"url\":\"https:\/\/cce.it\/fr\/division-securite\/categories\/piccola-cnd\/piccola-cnd-kit\/\",\"name\":\"Piccola CND kit - CCE\",\"isPartOf\":{\"@id\":\"https:\/\/cce.it\/fr\/#website\"},\"primaryImageOfPage\":{\"@id\":\"https:\/\/cce.it\/fr\/division-securite\/categories\/piccola-cnd\/piccola-cnd-kit\/#primaryimage\"},\"datePublished\":\"2018-04-18T12:11:33+00:00\",\"dateModified\":\"2018-07-18T14:35:39+00:00\",\"breadcrumb\":{\"@id\":\"https:\/\/cce.it\/fr\/division-securite\/categories\/piccola-cnd\/piccola-cnd-kit\/#breadcrumb\"},\"inLanguage\":\"it-IT\",\"potentialAction\":[{\"@type\":\"ReadAction\",\"target\":[\"https:\/\/cce.it\/fr\/division-securite\/categories\/piccola-cnd\/piccola-cnd-kit\/\"]}]},{\"@type\":\"BreadcrumbList\",\"@id\":\"https:\/\/cce.it\/fr\/division-securite\/categories\/piccola-cnd\/piccola-cnd-kit\/#breadcrumb\",\"itemListElement\":[{\"@type\":\"ListItem\",\"position\":1,\"item\":{\"@type\":\"WebPage\",\"@id\":\"https:\/\/cce.it\/\",\"url\":\"https:\/\/cce.it\/\",\"name\":\"Home\"}},{\"@type\":\"ListItem\",\"position\":2,\"item\":{\"@type\":\"WebPage\",\"@id\":\"https:\/\/cce.it\/fr\/division-securite\/\",\"url\":\"https:\/\/cce.it\/fr\/division-securite\/\",\"name\":\"Division S\\u00e9curit\\u00e9\"}},{\"@type\":\"ListItem\",\"position\":3,\"item\":{\"@type\":\"WebPage\",\"@id\":\"https:\/\/cce.it\/fr\/division-securite\/categories\/\",\"url\":\"https:\/\/cce.it\/fr\/division-securite\/categories\/\",\"name\":\"Cat\\u00e9gories\"}},{\"@type\":\"ListItem\",\"position\":4,\"item\":{\"@type\":\"WebPage\",\"@id\":\"https:\/\/cce.it\/fr\/division-securite\/categories\/piccola-cnd\/\",\"url\":\"https:\/\/cce.it\/fr\/division-securite\/categories\/piccola-cnd\/\",\"name\":\"Piccola CND\"}},{\"@type\":\"ListItem\",\"position\":5,\"item\":{\"@type\":\"WebPage\",\"@id\":\"https:\/\/cce.it\/fr\/division-securite\/categories\/piccola-cnd\/piccola-cnd-kit\/\",\"url\":\"https:\/\/cce.it\/fr\/division-securite\/categories\/piccola-cnd\/piccola-cnd-kit\/\",\"name\":\"Piccola CND kit\"}}]}]}<\/script>\n<!-- \/ Yoast SEO plugin. -->","_links":{"self":[{"href":"https:\/\/cce.it\/fr\/wp-json\/wp\/v2\/pages\/12014"}],"collection":[{"href":"https:\/\/cce.it\/fr\/wp-json\/wp\/v2\/pages"}],"about":[{"href":"https:\/\/cce.it\/fr\/wp-json\/wp\/v2\/types\/page"}],"author":[{"embeddable":true,"href":"https:\/\/cce.it\/fr\/wp-json\/wp\/v2\/users\/12"}],"replies":[{"embeddable":true,"href":"https:\/\/cce.it\/fr\/wp-json\/wp\/v2\/comments?post=12014"}],"version-history":[{"count":4,"href":"https:\/\/cce.it\/fr\/wp-json\/wp\/v2\/pages\/12014\/revisions"}],"predecessor-version":[{"id":18105,"href":"https:\/\/cce.it\/fr\/wp-json\/wp\/v2\/pages\/12014\/revisions\/18105"}],"up":[{"embeddable":true,"href":"https:\/\/cce.it\/fr\/wp-json\/wp\/v2\/pages\/12013"}],"wp:featuredmedia":[{"embeddable":true,"href":"https:\/\/cce.it\/fr\/wp-json\/wp\/v2\/media\/16122"}],"wp:attachment":[{"href":"https:\/\/cce.it\/fr\/wp-json\/wp\/v2\/media?parent=12014"}],"curies":[{"name":"wp","href":"https:\/\/api.w.org\/{rel}","templated":true}]}}