{"id":11952,"date":"2018-04-18T16:01:25","date_gmt":"2018-04-18T14:01:25","guid":{"rendered":"https:\/\/cce.it\/\/compatta-passiva\/"},"modified":"2018-07-25T14:11:14","modified_gmt":"2018-07-25T12:11:14","slug":"compatta-passiva","status":"publish","type":"page","link":"https:\/\/cce.it\/fr\/division-securite\/categories\/passiva\/compatta-passiva\/","title":{"rendered":"Compatta passiva"},"content":{"rendered":"<h5>INFORMATION<\/h5>\n<hr \/>\n<p>Les bords sensibles CCE pour portails coulissants sont \u00e9galement disponibles en version sans \u00e9lectronique. <strong>PASSIVA<\/strong> est une ligne de pare-chocs de diff\u00e9rentes tailles pour une utilisation sur les portails coulissants comme accessoire servant \u00e0 amortir les impacts.<\/p>\n","protected":false},"excerpt":{"rendered":"<p>INFORMATION Les bords sensibles CCE pour portails coulissants sont \u00e9galement disponibles en version sans \u00e9lectronique. PASSIVA est une ligne de pare-chocs de diff\u00e9rentes tailles pour une utilisation sur les portails coulissants comme accessoire servant \u00e0 amortir les impacts.<\/p>\n","protected":false},"author":12,"featured_media":15978,"parent":3088,"menu_order":374,"comment_status":"closed","ping_status":"closed","template":"template-sicurezza-product.php","meta":[],"acf":[],"yoast_head":"<!-- This site is optimized with the Yoast SEO plugin v15.0 - https:\/\/yoast.com\/wordpress\/plugins\/seo\/ -->\n<title>Compatta passiva - CCE<\/title>\n<meta name=\"robots\" content=\"index, follow, max-snippet:-1, max-image-preview:large, max-video-preview:-1\" \/>\n<link rel=\"canonical\" href=\"https:\/\/cce.it\/fr\/division-securite\/categories\/passiva\/compatta-passiva\/\" \/>\n<meta property=\"og:locale\" content=\"it_IT\" \/>\n<meta property=\"og:type\" content=\"article\" \/>\n<meta property=\"og:title\" content=\"Compatta passiva - CCE\" \/>\n<meta property=\"og:description\" content=\"INFORMATION Les bords sensibles CCE pour portails coulissants sont \u00e9galement disponibles en version sans \u00e9lectronique. PASSIVA est une ligne de pare-chocs de diff\u00e9rentes tailles pour une utilisation sur les portails coulissants comme accessoire servant \u00e0 amortir les impacts.\" \/>\n<meta property=\"og:url\" content=\"https:\/\/cce.it\/fr\/division-securite\/categories\/passiva\/compatta-passiva\/\" \/>\n<meta property=\"og:site_name\" content=\"CCE\" \/>\n<meta property=\"article:modified_time\" content=\"2018-07-25T12:11:14+00:00\" \/>\n<meta property=\"og:image\" content=\"https:\/\/cce.it\/wp-content\/uploads\/compapassiva_testata.jpg\" \/>\n\t<meta property=\"og:image:width\" content=\"1920\" \/>\n\t<meta property=\"og:image:height\" content=\"726\" \/>\n<script type=\"application\/ld+json\" class=\"yoast-schema-graph\">{\"@context\":\"https:\/\/schema.org\",\"@graph\":[{\"@type\":\"WebSite\",\"@id\":\"https:\/\/cce.it\/fr\/#website\",\"url\":\"https:\/\/cce.it\/fr\/\",\"name\":\"CCE\",\"description\":\"\",\"potentialAction\":[{\"@type\":\"SearchAction\",\"target\":\"https:\/\/cce.it\/fr\/?s={search_term_string}\",\"query-input\":\"required name=search_term_string\"}],\"inLanguage\":\"it-IT\"},{\"@type\":\"ImageObject\",\"@id\":\"https:\/\/cce.it\/fr\/division-securite\/categories\/passiva\/compatta-passiva\/#primaryimage\",\"inLanguage\":\"it-IT\",\"url\":\"https:\/\/cce.it\/wp-content\/uploads\/compapassiva_testata.jpg\",\"width\":1920,\"height\":726},{\"@type\":\"WebPage\",\"@id\":\"https:\/\/cce.it\/fr\/division-securite\/categories\/passiva\/compatta-passiva\/#webpage\",\"url\":\"https:\/\/cce.it\/fr\/division-securite\/categories\/passiva\/compatta-passiva\/\",\"name\":\"Compatta passiva - CCE\",\"isPartOf\":{\"@id\":\"https:\/\/cce.it\/fr\/#website\"},\"primaryImageOfPage\":{\"@id\":\"https:\/\/cce.it\/fr\/division-securite\/categories\/passiva\/compatta-passiva\/#primaryimage\"},\"datePublished\":\"2018-04-18T14:01:25+00:00\",\"dateModified\":\"2018-07-25T12:11:14+00:00\",\"breadcrumb\":{\"@id\":\"https:\/\/cce.it\/fr\/division-securite\/categories\/passiva\/compatta-passiva\/#breadcrumb\"},\"inLanguage\":\"it-IT\",\"potentialAction\":[{\"@type\":\"ReadAction\",\"target\":[\"https:\/\/cce.it\/fr\/division-securite\/categories\/passiva\/compatta-passiva\/\"]}]},{\"@type\":\"BreadcrumbList\",\"@id\":\"https:\/\/cce.it\/fr\/division-securite\/categories\/passiva\/compatta-passiva\/#breadcrumb\",\"itemListElement\":[{\"@type\":\"ListItem\",\"position\":1,\"item\":{\"@type\":\"WebPage\",\"@id\":\"https:\/\/cce.it\/\",\"url\":\"https:\/\/cce.it\/\",\"name\":\"Home\"}},{\"@type\":\"ListItem\",\"position\":2,\"item\":{\"@type\":\"WebPage\",\"@id\":\"https:\/\/cce.it\/fr\/division-securite\/\",\"url\":\"https:\/\/cce.it\/fr\/division-securite\/\",\"name\":\"Division S\\u00e9curit\\u00e9\"}},{\"@type\":\"ListItem\",\"position\":3,\"item\":{\"@type\":\"WebPage\",\"@id\":\"https:\/\/cce.it\/fr\/division-securite\/categories\/\",\"url\":\"https:\/\/cce.it\/fr\/division-securite\/categories\/\",\"name\":\"Cat\\u00e9gories\"}},{\"@type\":\"ListItem\",\"position\":4,\"item\":{\"@type\":\"WebPage\",\"@id\":\"https:\/\/cce.it\/fr\/division-securite\/categories\/passiva\/\",\"url\":\"https:\/\/cce.it\/fr\/division-securite\/categories\/passiva\/\",\"name\":\"Passiva\"}},{\"@type\":\"ListItem\",\"position\":5,\"item\":{\"@type\":\"WebPage\",\"@id\":\"https:\/\/cce.it\/fr\/division-securite\/categories\/passiva\/compatta-passiva\/\",\"url\":\"https:\/\/cce.it\/fr\/division-securite\/categories\/passiva\/compatta-passiva\/\",\"name\":\"Compatta passiva\"}}]}]}<\/script>\n<!-- \/ Yoast SEO plugin. -->","_links":{"self":[{"href":"https:\/\/cce.it\/fr\/wp-json\/wp\/v2\/pages\/11952"}],"collection":[{"href":"https:\/\/cce.it\/fr\/wp-json\/wp\/v2\/pages"}],"about":[{"href":"https:\/\/cce.it\/fr\/wp-json\/wp\/v2\/types\/page"}],"author":[{"embeddable":true,"href":"https:\/\/cce.it\/fr\/wp-json\/wp\/v2\/users\/12"}],"replies":[{"embeddable":true,"href":"https:\/\/cce.it\/fr\/wp-json\/wp\/v2\/comments?post=11952"}],"version-history":[{"count":8,"href":"https:\/\/cce.it\/fr\/wp-json\/wp\/v2\/pages\/11952\/revisions"}],"predecessor-version":[{"id":18453,"href":"https:\/\/cce.it\/fr\/wp-json\/wp\/v2\/pages\/11952\/revisions\/18453"}],"up":[{"embeddable":true,"href":"https:\/\/cce.it\/fr\/wp-json\/wp\/v2\/pages\/3088"}],"wp:featuredmedia":[{"embeddable":true,"href":"https:\/\/cce.it\/fr\/wp-json\/wp\/v2\/media\/15978"}],"wp:attachment":[{"href":"https:\/\/cce.it\/fr\/wp-json\/wp\/v2\/media?parent=11952"}],"curies":[{"name":"wp","href":"https:\/\/api.w.org\/{rel}","templated":true}]}}