{"id":11836,"date":"2018-04-18T12:14:51","date_gmt":"2018-04-18T10:14:51","guid":{"rendered":"https:\/\/cce.it\/\/maxxi-cnd-radio\/"},"modified":"2018-07-18T17:18:36","modified_gmt":"2018-07-18T15:18:36","slug":"maxxi-cnd-radio","status":"publish","type":"page","link":"https:\/\/cce.it\/fr\/division-securite\/categories\/maxxi-cnd\/maxxi-cnd-radio\/","title":{"rendered":"Maxxi CND radio"},"content":{"rendered":"<h5><span style=\"color: #000;\"> INFORMATION <\/span><\/h5>\n<hr \/>\n<p>Au sommet de la famille des bords sensibles avec technologie conductive, <strong>MAXXI CND<\/strong> est con\u00e7ue pour une utilisation sur les portails coulissants tr\u00e8s lourds. Elle utilise \u00e0 l\u2019int\u00e9rieur un profil conducteur coextrud\u00e9 en TPE qui garantit des r\u00e9ponses rapides \u00e0 chaque impact, elle est raccourcissable infiniment et est \u00e9galement disponible avec<br \/>\n\u00e9metteur sans fil int\u00e9gr\u00e9.<\/p>\n<p><strong><a href=\"https:\/\/vimeo.com\/141065814\" target=\"_blank\" rel=\"noopener\"><i class=\"glyphicon glyphicon-play-circle\"><\/i> VOIR LA VIDEO<\/a><\/strong><\/p>\n","protected":false},"excerpt":{"rendered":"<p>INFORMATION Au sommet de la famille des bords sensibles avec technologie conductive, MAXXI CND est con\u00e7ue pour une utilisation sur les portails coulissants tr\u00e8s lourds. Elle utilise \u00e0 l\u2019int\u00e9rieur un profil conducteur coextrud\u00e9 en TPE qui garantit des r\u00e9ponses rapides \u00e0 chaque impact, elle est raccourcissable infiniment et est \u00e9galement disponible avec \u00e9metteur sans fil &hellip; <a href=\"https:\/\/cce.it\/fr\/division-securite\/categories\/maxxi-cnd\/maxxi-cnd-radio\/\">Continua<\/a><\/p>\n","protected":false},"author":12,"featured_media":16020,"parent":3071,"menu_order":796,"comment_status":"closed","ping_status":"closed","template":"template-sicurezza-product.php","meta":[],"acf":[],"yoast_head":"<!-- This site is optimized with the Yoast SEO plugin v15.0 - https:\/\/yoast.com\/wordpress\/plugins\/seo\/ -->\n<title>Maxxi CND radio - CCE<\/title>\n<meta name=\"robots\" content=\"index, follow, max-snippet:-1, max-image-preview:large, max-video-preview:-1\" \/>\n<link rel=\"canonical\" href=\"https:\/\/cce.it\/fr\/division-securite\/categories\/maxxi-cnd\/maxxi-cnd-radio\/\" \/>\n<meta property=\"og:locale\" content=\"it_IT\" \/>\n<meta property=\"og:type\" content=\"article\" \/>\n<meta property=\"og:title\" content=\"Maxxi CND radio - CCE\" \/>\n<meta property=\"og:description\" content=\"INFORMATION Au sommet de la famille des bords sensibles avec technologie conductive, MAXXI CND est con\u00e7ue pour une utilisation sur les portails coulissants tr\u00e8s lourds. Elle utilise \u00e0 l\u2019int\u00e9rieur un profil conducteur coextrud\u00e9 en TPE qui garantit des r\u00e9ponses rapides \u00e0 chaque impact, elle est raccourcissable infiniment et est \u00e9galement disponible avec \u00e9metteur sans fil &hellip; Continua\" \/>\n<meta property=\"og:url\" content=\"https:\/\/cce.it\/fr\/division-securite\/categories\/maxxi-cnd\/maxxi-cnd-radio\/\" \/>\n<meta property=\"og:site_name\" content=\"CCE\" \/>\n<meta property=\"article:modified_time\" content=\"2018-07-18T15:18:36+00:00\" \/>\n<meta property=\"og:image\" content=\"https:\/\/cce.it\/wp-content\/uploads\/maxxiradio_testata.jpg\" \/>\n\t<meta property=\"og:image:width\" content=\"1920\" \/>\n\t<meta property=\"og:image:height\" content=\"726\" \/>\n<script type=\"application\/ld+json\" class=\"yoast-schema-graph\">{\"@context\":\"https:\/\/schema.org\",\"@graph\":[{\"@type\":\"WebSite\",\"@id\":\"https:\/\/cce.it\/fr\/#website\",\"url\":\"https:\/\/cce.it\/fr\/\",\"name\":\"CCE\",\"description\":\"\",\"potentialAction\":[{\"@type\":\"SearchAction\",\"target\":\"https:\/\/cce.it\/fr\/?s={search_term_string}\",\"query-input\":\"required name=search_term_string\"}],\"inLanguage\":\"it-IT\"},{\"@type\":\"ImageObject\",\"@id\":\"https:\/\/cce.it\/fr\/division-securite\/categories\/maxxi-cnd\/maxxi-cnd-radio\/#primaryimage\",\"inLanguage\":\"it-IT\",\"url\":\"https:\/\/cce.it\/wp-content\/uploads\/maxxiradio_testata.jpg\",\"width\":1920,\"height\":726},{\"@type\":\"WebPage\",\"@id\":\"https:\/\/cce.it\/fr\/division-securite\/categories\/maxxi-cnd\/maxxi-cnd-radio\/#webpage\",\"url\":\"https:\/\/cce.it\/fr\/division-securite\/categories\/maxxi-cnd\/maxxi-cnd-radio\/\",\"name\":\"Maxxi CND radio - CCE\",\"isPartOf\":{\"@id\":\"https:\/\/cce.it\/fr\/#website\"},\"primaryImageOfPage\":{\"@id\":\"https:\/\/cce.it\/fr\/division-securite\/categories\/maxxi-cnd\/maxxi-cnd-radio\/#primaryimage\"},\"datePublished\":\"2018-04-18T10:14:51+00:00\",\"dateModified\":\"2018-07-18T15:18:36+00:00\",\"breadcrumb\":{\"@id\":\"https:\/\/cce.it\/fr\/division-securite\/categories\/maxxi-cnd\/maxxi-cnd-radio\/#breadcrumb\"},\"inLanguage\":\"it-IT\",\"potentialAction\":[{\"@type\":\"ReadAction\",\"target\":[\"https:\/\/cce.it\/fr\/division-securite\/categories\/maxxi-cnd\/maxxi-cnd-radio\/\"]}]},{\"@type\":\"BreadcrumbList\",\"@id\":\"https:\/\/cce.it\/fr\/division-securite\/categories\/maxxi-cnd\/maxxi-cnd-radio\/#breadcrumb\",\"itemListElement\":[{\"@type\":\"ListItem\",\"position\":1,\"item\":{\"@type\":\"WebPage\",\"@id\":\"https:\/\/cce.it\/\",\"url\":\"https:\/\/cce.it\/\",\"name\":\"Home\"}},{\"@type\":\"ListItem\",\"position\":2,\"item\":{\"@type\":\"WebPage\",\"@id\":\"https:\/\/cce.it\/fr\/division-securite\/\",\"url\":\"https:\/\/cce.it\/fr\/division-securite\/\",\"name\":\"Division S\\u00e9curit\\u00e9\"}},{\"@type\":\"ListItem\",\"position\":3,\"item\":{\"@type\":\"WebPage\",\"@id\":\"https:\/\/cce.it\/fr\/division-securite\/categories\/\",\"url\":\"https:\/\/cce.it\/fr\/division-securite\/categories\/\",\"name\":\"Cat\\u00e9gories\"}},{\"@type\":\"ListItem\",\"position\":4,\"item\":{\"@type\":\"WebPage\",\"@id\":\"https:\/\/cce.it\/fr\/division-securite\/categories\/maxxi-cnd\/\",\"url\":\"https:\/\/cce.it\/fr\/division-securite\/categories\/maxxi-cnd\/\",\"name\":\"Maxxi CND\"}},{\"@type\":\"ListItem\",\"position\":5,\"item\":{\"@type\":\"WebPage\",\"@id\":\"https:\/\/cce.it\/fr\/division-securite\/categories\/maxxi-cnd\/maxxi-cnd-radio\/\",\"url\":\"https:\/\/cce.it\/fr\/division-securite\/categories\/maxxi-cnd\/maxxi-cnd-radio\/\",\"name\":\"Maxxi CND radio\"}}]}]}<\/script>\n<!-- \/ Yoast SEO plugin. -->","_links":{"self":[{"href":"https:\/\/cce.it\/fr\/wp-json\/wp\/v2\/pages\/11836"}],"collection":[{"href":"https:\/\/cce.it\/fr\/wp-json\/wp\/v2\/pages"}],"about":[{"href":"https:\/\/cce.it\/fr\/wp-json\/wp\/v2\/types\/page"}],"author":[{"embeddable":true,"href":"https:\/\/cce.it\/fr\/wp-json\/wp\/v2\/users\/12"}],"replies":[{"embeddable":true,"href":"https:\/\/cce.it\/fr\/wp-json\/wp\/v2\/comments?post=11836"}],"version-history":[{"count":7,"href":"https:\/\/cce.it\/fr\/wp-json\/wp\/v2\/pages\/11836\/revisions"}],"predecessor-version":[{"id":18159,"href":"https:\/\/cce.it\/fr\/wp-json\/wp\/v2\/pages\/11836\/revisions\/18159"}],"up":[{"embeddable":true,"href":"https:\/\/cce.it\/fr\/wp-json\/wp\/v2\/pages\/3071"}],"wp:featuredmedia":[{"embeddable":true,"href":"https:\/\/cce.it\/fr\/wp-json\/wp\/v2\/media\/16020"}],"wp:attachment":[{"href":"https:\/\/cce.it\/fr\/wp-json\/wp\/v2\/media?parent=11836"}],"curies":[{"name":"wp","href":"https:\/\/api.w.org\/{rel}","templated":true}]}}