{"id":11818,"date":"2018-05-04T14:37:41","date_gmt":"2018-05-04T12:37:41","guid":{"rendered":"https:\/\/cce.it\/\/maxxi-cnd\/"},"modified":"2018-11-21T10:07:38","modified_gmt":"2018-11-21T09:07:38","slug":"maxxi-cnd","status":"publish","type":"page","link":"https:\/\/cce.it\/fr\/division-securite\/categories\/maxxi-cnd\/maxxi-cnd\/","title":{"rendered":"Maxxi CND"},"content":{"rendered":"<h5><span style=\"color: #000;\"> INFORMAZIONI<\/span><\/h5>\n<hr \/>\n<p>Au sommet de la famille des bords sensibles avec technologie conductive, <strong>MAXXI CND<\/strong> est con\u00e7ue pour une utilisation sur les portails coulissants tr\u00e8s lourds. Elle utilise \u00e0 l\u2019int\u00e9rieur un profil conducteur coextrud\u00e9 en TPE qui garantit des r\u00e9ponses rapides \u00e0 chaque impact, elle est raccourcissable infiniment et est \u00e9galement disponible avec<br \/>\n\u00e9metteur sans fil int\u00e9gr\u00e9.<\/p>\n","protected":false},"excerpt":{"rendered":"<p>INFORMAZIONI Au sommet de la famille des bords sensibles avec technologie conductive, MAXXI CND est con\u00e7ue pour une utilisation sur les portails coulissants tr\u00e8s lourds. Elle utilise \u00e0 l\u2019int\u00e9rieur un profil conducteur coextrud\u00e9 en TPE qui garantit des r\u00e9ponses rapides \u00e0 chaque impact, elle est raccourcissable infiniment et est \u00e9galement disponible avec \u00e9metteur sans fil &hellip; <a href=\"https:\/\/cce.it\/fr\/division-securite\/categories\/maxxi-cnd\/maxxi-cnd\/\">Continua<\/a><\/p>\n","protected":false},"author":12,"featured_media":16014,"parent":3071,"menu_order":781,"comment_status":"closed","ping_status":"closed","template":"template-sicurezza-product.php","meta":[],"acf":[],"yoast_head":"<!-- This site is optimized with the Yoast SEO plugin v15.0 - https:\/\/yoast.com\/wordpress\/plugins\/seo\/ -->\n<title>Maxxi CND - CCE<\/title>\n<meta name=\"robots\" content=\"index, follow, max-snippet:-1, max-image-preview:large, max-video-preview:-1\" \/>\n<link rel=\"canonical\" href=\"https:\/\/cce.it\/fr\/division-securite\/categories\/maxxi-cnd\/maxxi-cnd\/\" \/>\n<meta property=\"og:locale\" content=\"it_IT\" \/>\n<meta property=\"og:type\" content=\"article\" \/>\n<meta property=\"og:title\" content=\"Maxxi CND - CCE\" \/>\n<meta property=\"og:description\" content=\"INFORMAZIONI Au sommet de la famille des bords sensibles avec technologie conductive, MAXXI CND est con\u00e7ue pour une utilisation sur les portails coulissants tr\u00e8s lourds. Elle utilise \u00e0 l\u2019int\u00e9rieur un profil conducteur coextrud\u00e9 en TPE qui garantit des r\u00e9ponses rapides \u00e0 chaque impact, elle est raccourcissable infiniment et est \u00e9galement disponible avec \u00e9metteur sans fil &hellip; Continua\" \/>\n<meta property=\"og:url\" content=\"https:\/\/cce.it\/fr\/division-securite\/categories\/maxxi-cnd\/maxxi-cnd\/\" \/>\n<meta property=\"og:site_name\" content=\"CCE\" \/>\n<meta property=\"article:modified_time\" content=\"2018-11-21T09:07:38+00:00\" \/>\n<meta property=\"og:image\" content=\"https:\/\/cce.it\/wp-content\/uploads\/maxxicnd_testata.jpg\" \/>\n\t<meta property=\"og:image:width\" content=\"1920\" \/>\n\t<meta property=\"og:image:height\" content=\"726\" \/>\n<script type=\"application\/ld+json\" class=\"yoast-schema-graph\">{\"@context\":\"https:\/\/schema.org\",\"@graph\":[{\"@type\":\"WebSite\",\"@id\":\"https:\/\/cce.it\/fr\/#website\",\"url\":\"https:\/\/cce.it\/fr\/\",\"name\":\"CCE\",\"description\":\"\",\"potentialAction\":[{\"@type\":\"SearchAction\",\"target\":\"https:\/\/cce.it\/fr\/?s={search_term_string}\",\"query-input\":\"required name=search_term_string\"}],\"inLanguage\":\"it-IT\"},{\"@type\":\"ImageObject\",\"@id\":\"https:\/\/cce.it\/fr\/division-securite\/categories\/maxxi-cnd\/maxxi-cnd\/#primaryimage\",\"inLanguage\":\"it-IT\",\"url\":\"https:\/\/cce.it\/wp-content\/uploads\/maxxicnd_testata.jpg\",\"width\":1920,\"height\":726},{\"@type\":\"WebPage\",\"@id\":\"https:\/\/cce.it\/fr\/division-securite\/categories\/maxxi-cnd\/maxxi-cnd\/#webpage\",\"url\":\"https:\/\/cce.it\/fr\/division-securite\/categories\/maxxi-cnd\/maxxi-cnd\/\",\"name\":\"Maxxi CND - CCE\",\"isPartOf\":{\"@id\":\"https:\/\/cce.it\/fr\/#website\"},\"primaryImageOfPage\":{\"@id\":\"https:\/\/cce.it\/fr\/division-securite\/categories\/maxxi-cnd\/maxxi-cnd\/#primaryimage\"},\"datePublished\":\"2018-05-04T12:37:41+00:00\",\"dateModified\":\"2018-11-21T09:07:38+00:00\",\"breadcrumb\":{\"@id\":\"https:\/\/cce.it\/fr\/division-securite\/categories\/maxxi-cnd\/maxxi-cnd\/#breadcrumb\"},\"inLanguage\":\"it-IT\",\"potentialAction\":[{\"@type\":\"ReadAction\",\"target\":[\"https:\/\/cce.it\/fr\/division-securite\/categories\/maxxi-cnd\/maxxi-cnd\/\"]}]},{\"@type\":\"BreadcrumbList\",\"@id\":\"https:\/\/cce.it\/fr\/division-securite\/categories\/maxxi-cnd\/maxxi-cnd\/#breadcrumb\",\"itemListElement\":[{\"@type\":\"ListItem\",\"position\":1,\"item\":{\"@type\":\"WebPage\",\"@id\":\"https:\/\/cce.it\/\",\"url\":\"https:\/\/cce.it\/\",\"name\":\"Home\"}},{\"@type\":\"ListItem\",\"position\":2,\"item\":{\"@type\":\"WebPage\",\"@id\":\"https:\/\/cce.it\/fr\/division-securite\/\",\"url\":\"https:\/\/cce.it\/fr\/division-securite\/\",\"name\":\"Division S\\u00e9curit\\u00e9\"}},{\"@type\":\"ListItem\",\"position\":3,\"item\":{\"@type\":\"WebPage\",\"@id\":\"https:\/\/cce.it\/fr\/division-securite\/categories\/\",\"url\":\"https:\/\/cce.it\/fr\/division-securite\/categories\/\",\"name\":\"Cat\\u00e9gories\"}},{\"@type\":\"ListItem\",\"position\":4,\"item\":{\"@type\":\"WebPage\",\"@id\":\"https:\/\/cce.it\/fr\/division-securite\/categories\/maxxi-cnd\/\",\"url\":\"https:\/\/cce.it\/fr\/division-securite\/categories\/maxxi-cnd\/\",\"name\":\"Maxxi CND\"}},{\"@type\":\"ListItem\",\"position\":5,\"item\":{\"@type\":\"WebPage\",\"@id\":\"https:\/\/cce.it\/fr\/division-securite\/categories\/maxxi-cnd\/maxxi-cnd\/\",\"url\":\"https:\/\/cce.it\/fr\/division-securite\/categories\/maxxi-cnd\/maxxi-cnd\/\",\"name\":\"Maxxi CND\"}}]}]}<\/script>\n<!-- \/ Yoast SEO plugin. -->","_links":{"self":[{"href":"https:\/\/cce.it\/fr\/wp-json\/wp\/v2\/pages\/11818"}],"collection":[{"href":"https:\/\/cce.it\/fr\/wp-json\/wp\/v2\/pages"}],"about":[{"href":"https:\/\/cce.it\/fr\/wp-json\/wp\/v2\/types\/page"}],"author":[{"embeddable":true,"href":"https:\/\/cce.it\/fr\/wp-json\/wp\/v2\/users\/12"}],"replies":[{"embeddable":true,"href":"https:\/\/cce.it\/fr\/wp-json\/wp\/v2\/comments?post=11818"}],"version-history":[{"count":4,"href":"https:\/\/cce.it\/fr\/wp-json\/wp\/v2\/pages\/11818\/revisions"}],"predecessor-version":[{"id":18923,"href":"https:\/\/cce.it\/fr\/wp-json\/wp\/v2\/pages\/11818\/revisions\/18923"}],"up":[{"embeddable":true,"href":"https:\/\/cce.it\/fr\/wp-json\/wp\/v2\/pages\/3071"}],"wp:featuredmedia":[{"embeddable":true,"href":"https:\/\/cce.it\/fr\/wp-json\/wp\/v2\/media\/16014"}],"wp:attachment":[{"href":"https:\/\/cce.it\/fr\/wp-json\/wp\/v2\/media?parent=11818"}],"curies":[{"name":"wp","href":"https:\/\/api.w.org\/{rel}","templated":true}]}}