{"id":11798,"date":"2018-04-18T14:26:14","date_gmt":"2018-04-18T12:26:14","guid":{"rendered":"https:\/\/cce.it\/\/compatta-pro\/"},"modified":"2018-07-25T14:15:43","modified_gmt":"2018-07-25T12:15:43","slug":"compatta-pro","status":"publish","type":"page","link":"https:\/\/cce.it\/fr\/division-securite\/categories\/compatta\/compatta-pro\/","title":{"rendered":"Compatta proto"},"content":{"rendered":"<h5><span style=\"color: #000;\"> INFORMATION <\/span><\/h5>\n<hr \/>\n<p>Id\u00e9ale pour les portails coulissants l\u00e9gers ou battants, <strong>COMPATTA<\/strong> est un bord sensible petit et discret, facile \u00e0 installer et \u00e0 raccourcir. Il utilise un syst\u00e8me \u00e0 micro interrupteurs \u00e9tanches avec une r\u00e9ponse rapide aux impacts sur toute la longueur de la structure.<\/p>\n","protected":false},"excerpt":{"rendered":"<p>INFORMATION Id\u00e9ale pour les portails coulissants l\u00e9gers ou battants, COMPATTA est un bord sensible petit et discret, facile \u00e0 installer et \u00e0 raccourcir. Il utilise un syst\u00e8me \u00e0 micro interrupteurs \u00e9tanches avec une r\u00e9ponse rapide aux impacts sur toute la longueur de la structure.<\/p>\n","protected":false},"author":12,"featured_media":15986,"parent":3074,"menu_order":377,"comment_status":"closed","ping_status":"closed","template":"template-sicurezza-product.php","meta":[],"acf":[],"yoast_head":"<!-- This site is optimized with the Yoast SEO plugin v15.0 - https:\/\/yoast.com\/wordpress\/plugins\/seo\/ -->\n<title>Compatta proto - CCE<\/title>\n<meta name=\"robots\" content=\"index, follow, max-snippet:-1, max-image-preview:large, max-video-preview:-1\" \/>\n<link rel=\"canonical\" href=\"https:\/\/cce.it\/fr\/division-securite\/categories\/compatta\/compatta-pro\/\" \/>\n<meta property=\"og:locale\" content=\"it_IT\" \/>\n<meta property=\"og:type\" content=\"article\" \/>\n<meta property=\"og:title\" content=\"Compatta proto - CCE\" \/>\n<meta property=\"og:description\" content=\"INFORMATION Id\u00e9ale pour les portails coulissants l\u00e9gers ou battants, COMPATTA est un bord sensible petit et discret, facile \u00e0 installer et \u00e0 raccourcir. Il utilise un syst\u00e8me \u00e0 micro interrupteurs \u00e9tanches avec une r\u00e9ponse rapide aux impacts sur toute la longueur de la structure.\" \/>\n<meta property=\"og:url\" content=\"https:\/\/cce.it\/fr\/division-securite\/categories\/compatta\/compatta-pro\/\" \/>\n<meta property=\"og:site_name\" content=\"CCE\" \/>\n<meta property=\"article:modified_time\" content=\"2018-07-25T12:15:43+00:00\" \/>\n<meta property=\"og:image\" content=\"https:\/\/cce.it\/wp-content\/uploads\/compaproto_testata.jpg\" \/>\n\t<meta property=\"og:image:width\" content=\"1920\" \/>\n\t<meta property=\"og:image:height\" content=\"726\" \/>\n<script type=\"application\/ld+json\" class=\"yoast-schema-graph\">{\"@context\":\"https:\/\/schema.org\",\"@graph\":[{\"@type\":\"WebSite\",\"@id\":\"https:\/\/cce.it\/fr\/#website\",\"url\":\"https:\/\/cce.it\/fr\/\",\"name\":\"CCE\",\"description\":\"\",\"potentialAction\":[{\"@type\":\"SearchAction\",\"target\":\"https:\/\/cce.it\/fr\/?s={search_term_string}\",\"query-input\":\"required name=search_term_string\"}],\"inLanguage\":\"it-IT\"},{\"@type\":\"ImageObject\",\"@id\":\"https:\/\/cce.it\/fr\/division-securite\/categories\/compatta\/compatta-pro\/#primaryimage\",\"inLanguage\":\"it-IT\",\"url\":\"https:\/\/cce.it\/wp-content\/uploads\/compaproto_testata.jpg\",\"width\":1920,\"height\":726},{\"@type\":\"WebPage\",\"@id\":\"https:\/\/cce.it\/fr\/division-securite\/categories\/compatta\/compatta-pro\/#webpage\",\"url\":\"https:\/\/cce.it\/fr\/division-securite\/categories\/compatta\/compatta-pro\/\",\"name\":\"Compatta proto - CCE\",\"isPartOf\":{\"@id\":\"https:\/\/cce.it\/fr\/#website\"},\"primaryImageOfPage\":{\"@id\":\"https:\/\/cce.it\/fr\/division-securite\/categories\/compatta\/compatta-pro\/#primaryimage\"},\"datePublished\":\"2018-04-18T12:26:14+00:00\",\"dateModified\":\"2018-07-25T12:15:43+00:00\",\"breadcrumb\":{\"@id\":\"https:\/\/cce.it\/fr\/division-securite\/categories\/compatta\/compatta-pro\/#breadcrumb\"},\"inLanguage\":\"it-IT\",\"potentialAction\":[{\"@type\":\"ReadAction\",\"target\":[\"https:\/\/cce.it\/fr\/division-securite\/categories\/compatta\/compatta-pro\/\"]}]},{\"@type\":\"BreadcrumbList\",\"@id\":\"https:\/\/cce.it\/fr\/division-securite\/categories\/compatta\/compatta-pro\/#breadcrumb\",\"itemListElement\":[{\"@type\":\"ListItem\",\"position\":1,\"item\":{\"@type\":\"WebPage\",\"@id\":\"https:\/\/cce.it\/\",\"url\":\"https:\/\/cce.it\/\",\"name\":\"Home\"}},{\"@type\":\"ListItem\",\"position\":2,\"item\":{\"@type\":\"WebPage\",\"@id\":\"https:\/\/cce.it\/fr\/division-securite\/\",\"url\":\"https:\/\/cce.it\/fr\/division-securite\/\",\"name\":\"Division S\\u00e9curit\\u00e9\"}},{\"@type\":\"ListItem\",\"position\":3,\"item\":{\"@type\":\"WebPage\",\"@id\":\"https:\/\/cce.it\/fr\/division-securite\/categories\/\",\"url\":\"https:\/\/cce.it\/fr\/division-securite\/categories\/\",\"name\":\"Cat\\u00e9gories\"}},{\"@type\":\"ListItem\",\"position\":4,\"item\":{\"@type\":\"WebPage\",\"@id\":\"https:\/\/cce.it\/fr\/division-securite\/categories\/compatta\/\",\"url\":\"https:\/\/cce.it\/fr\/division-securite\/categories\/compatta\/\",\"name\":\"Compatta\"}},{\"@type\":\"ListItem\",\"position\":5,\"item\":{\"@type\":\"WebPage\",\"@id\":\"https:\/\/cce.it\/fr\/division-securite\/categories\/compatta\/compatta-pro\/\",\"url\":\"https:\/\/cce.it\/fr\/division-securite\/categories\/compatta\/compatta-pro\/\",\"name\":\"Compatta proto\"}}]}]}<\/script>\n<!-- \/ Yoast SEO plugin. -->","_links":{"self":[{"href":"https:\/\/cce.it\/fr\/wp-json\/wp\/v2\/pages\/11798"}],"collection":[{"href":"https:\/\/cce.it\/fr\/wp-json\/wp\/v2\/pages"}],"about":[{"href":"https:\/\/cce.it\/fr\/wp-json\/wp\/v2\/types\/page"}],"author":[{"embeddable":true,"href":"https:\/\/cce.it\/fr\/wp-json\/wp\/v2\/users\/12"}],"replies":[{"embeddable":true,"href":"https:\/\/cce.it\/fr\/wp-json\/wp\/v2\/comments?post=11798"}],"version-history":[{"count":6,"href":"https:\/\/cce.it\/fr\/wp-json\/wp\/v2\/pages\/11798\/revisions"}],"predecessor-version":[{"id":18458,"href":"https:\/\/cce.it\/fr\/wp-json\/wp\/v2\/pages\/11798\/revisions\/18458"}],"up":[{"embeddable":true,"href":"https:\/\/cce.it\/fr\/wp-json\/wp\/v2\/pages\/3074"}],"wp:featuredmedia":[{"embeddable":true,"href":"https:\/\/cce.it\/fr\/wp-json\/wp\/v2\/media\/15986"}],"wp:attachment":[{"href":"https:\/\/cce.it\/fr\/wp-json\/wp\/v2\/media?parent=11798"}],"curies":[{"name":"wp","href":"https:\/\/api.w.org\/{rel}","templated":true}]}}