{"id":11761,"date":"2018-04-18T12:24:33","date_gmt":"2018-04-18T10:24:33","guid":{"rendered":"https:\/\/cce.it\/\/compatta-cnd-radio\/"},"modified":"2018-07-18T17:16:14","modified_gmt":"2018-07-18T15:16:14","slug":"compatta-cnd-radio","status":"publish","type":"page","link":"https:\/\/cce.it\/fr\/division-securite\/categories\/compatta-cnd\/compatta-cnd-radio\/","title":{"rendered":"Compatta CND radio"},"content":{"rendered":"<h5><span style=\"color: #000;\"> INFORMATION <\/span><\/h5>\n<hr \/>\n<p>Facile \u00e0 installer et raccourcissable infiniment, <strong>COMPATTA CND<\/strong> exploite la technologie conductive dans un format de bord sensible petit et discret.<br \/>\nLe dispositif de s\u00e9curit\u00e9 assure une r\u00e9ponse rapide aux impacts sur toute la longueur de sa structure.<\/p>\n","protected":false},"excerpt":{"rendered":"<p>INFORMATION Facile \u00e0 installer et raccourcissable infiniment, COMPATTA CND exploite la technologie conductive dans un format de bord sensible petit et discret. Le dispositif de s\u00e9curit\u00e9 assure une r\u00e9ponse rapide aux impacts sur toute la longueur de sa structure.<\/p>\n","protected":false},"author":12,"featured_media":15999,"parent":3076,"menu_order":371,"comment_status":"closed","ping_status":"closed","template":"template-sicurezza-product.php","meta":[],"acf":[],"yoast_head":"<!-- This site is optimized with the Yoast SEO plugin v15.0 - https:\/\/yoast.com\/wordpress\/plugins\/seo\/ -->\n<title>Compatta CND radio - CCE<\/title>\n<meta name=\"robots\" content=\"index, follow, max-snippet:-1, max-image-preview:large, max-video-preview:-1\" \/>\n<link rel=\"canonical\" href=\"https:\/\/cce.it\/fr\/division-securite\/categories\/compatta-cnd\/compatta-cnd-radio\/\" \/>\n<meta property=\"og:locale\" content=\"it_IT\" \/>\n<meta property=\"og:type\" content=\"article\" \/>\n<meta property=\"og:title\" content=\"Compatta CND radio - CCE\" \/>\n<meta property=\"og:description\" content=\"INFORMATION Facile \u00e0 installer et raccourcissable infiniment, COMPATTA CND exploite la technologie conductive dans un format de bord sensible petit et discret. Le dispositif de s\u00e9curit\u00e9 assure une r\u00e9ponse rapide aux impacts sur toute la longueur de sa structure.\" \/>\n<meta property=\"og:url\" content=\"https:\/\/cce.it\/fr\/division-securite\/categories\/compatta-cnd\/compatta-cnd-radio\/\" \/>\n<meta property=\"og:site_name\" content=\"CCE\" \/>\n<meta property=\"article:modified_time\" content=\"2018-07-18T15:16:14+00:00\" \/>\n<meta property=\"og:image\" content=\"https:\/\/cce.it\/wp-content\/uploads\/compattacndradio_testata.jpg\" \/>\n\t<meta property=\"og:image:width\" content=\"1920\" \/>\n\t<meta property=\"og:image:height\" content=\"726\" \/>\n<script type=\"application\/ld+json\" class=\"yoast-schema-graph\">{\"@context\":\"https:\/\/schema.org\",\"@graph\":[{\"@type\":\"WebSite\",\"@id\":\"https:\/\/cce.it\/fr\/#website\",\"url\":\"https:\/\/cce.it\/fr\/\",\"name\":\"CCE\",\"description\":\"\",\"potentialAction\":[{\"@type\":\"SearchAction\",\"target\":\"https:\/\/cce.it\/fr\/?s={search_term_string}\",\"query-input\":\"required name=search_term_string\"}],\"inLanguage\":\"it-IT\"},{\"@type\":\"ImageObject\",\"@id\":\"https:\/\/cce.it\/fr\/division-securite\/categories\/compatta-cnd\/compatta-cnd-radio\/#primaryimage\",\"inLanguage\":\"it-IT\",\"url\":\"https:\/\/cce.it\/wp-content\/uploads\/compattacndradio_testata.jpg\",\"width\":1920,\"height\":726},{\"@type\":\"WebPage\",\"@id\":\"https:\/\/cce.it\/fr\/division-securite\/categories\/compatta-cnd\/compatta-cnd-radio\/#webpage\",\"url\":\"https:\/\/cce.it\/fr\/division-securite\/categories\/compatta-cnd\/compatta-cnd-radio\/\",\"name\":\"Compatta CND radio - CCE\",\"isPartOf\":{\"@id\":\"https:\/\/cce.it\/fr\/#website\"},\"primaryImageOfPage\":{\"@id\":\"https:\/\/cce.it\/fr\/division-securite\/categories\/compatta-cnd\/compatta-cnd-radio\/#primaryimage\"},\"datePublished\":\"2018-04-18T10:24:33+00:00\",\"dateModified\":\"2018-07-18T15:16:14+00:00\",\"breadcrumb\":{\"@id\":\"https:\/\/cce.it\/fr\/division-securite\/categories\/compatta-cnd\/compatta-cnd-radio\/#breadcrumb\"},\"inLanguage\":\"it-IT\",\"potentialAction\":[{\"@type\":\"ReadAction\",\"target\":[\"https:\/\/cce.it\/fr\/division-securite\/categories\/compatta-cnd\/compatta-cnd-radio\/\"]}]},{\"@type\":\"BreadcrumbList\",\"@id\":\"https:\/\/cce.it\/fr\/division-securite\/categories\/compatta-cnd\/compatta-cnd-radio\/#breadcrumb\",\"itemListElement\":[{\"@type\":\"ListItem\",\"position\":1,\"item\":{\"@type\":\"WebPage\",\"@id\":\"https:\/\/cce.it\/\",\"url\":\"https:\/\/cce.it\/\",\"name\":\"Home\"}},{\"@type\":\"ListItem\",\"position\":2,\"item\":{\"@type\":\"WebPage\",\"@id\":\"https:\/\/cce.it\/fr\/division-securite\/\",\"url\":\"https:\/\/cce.it\/fr\/division-securite\/\",\"name\":\"Division S\\u00e9curit\\u00e9\"}},{\"@type\":\"ListItem\",\"position\":3,\"item\":{\"@type\":\"WebPage\",\"@id\":\"https:\/\/cce.it\/fr\/division-securite\/categories\/\",\"url\":\"https:\/\/cce.it\/fr\/division-securite\/categories\/\",\"name\":\"Cat\\u00e9gories\"}},{\"@type\":\"ListItem\",\"position\":4,\"item\":{\"@type\":\"WebPage\",\"@id\":\"https:\/\/cce.it\/fr\/division-securite\/categories\/compatta-cnd\/\",\"url\":\"https:\/\/cce.it\/fr\/division-securite\/categories\/compatta-cnd\/\",\"name\":\"Compatta CND\"}},{\"@type\":\"ListItem\",\"position\":5,\"item\":{\"@type\":\"WebPage\",\"@id\":\"https:\/\/cce.it\/fr\/division-securite\/categories\/compatta-cnd\/compatta-cnd-radio\/\",\"url\":\"https:\/\/cce.it\/fr\/division-securite\/categories\/compatta-cnd\/compatta-cnd-radio\/\",\"name\":\"Compatta CND radio\"}}]}]}<\/script>\n<!-- \/ Yoast SEO plugin. -->","_links":{"self":[{"href":"https:\/\/cce.it\/fr\/wp-json\/wp\/v2\/pages\/11761"}],"collection":[{"href":"https:\/\/cce.it\/fr\/wp-json\/wp\/v2\/pages"}],"about":[{"href":"https:\/\/cce.it\/fr\/wp-json\/wp\/v2\/types\/page"}],"author":[{"embeddable":true,"href":"https:\/\/cce.it\/fr\/wp-json\/wp\/v2\/users\/12"}],"replies":[{"embeddable":true,"href":"https:\/\/cce.it\/fr\/wp-json\/wp\/v2\/comments?post=11761"}],"version-history":[{"count":5,"href":"https:\/\/cce.it\/fr\/wp-json\/wp\/v2\/pages\/11761\/revisions"}],"predecessor-version":[{"id":18155,"href":"https:\/\/cce.it\/fr\/wp-json\/wp\/v2\/pages\/11761\/revisions\/18155"}],"up":[{"embeddable":true,"href":"https:\/\/cce.it\/fr\/wp-json\/wp\/v2\/pages\/3076"}],"wp:featuredmedia":[{"embeddable":true,"href":"https:\/\/cce.it\/fr\/wp-json\/wp\/v2\/media\/15999"}],"wp:attachment":[{"href":"https:\/\/cce.it\/fr\/wp-json\/wp\/v2\/media?parent=11761"}],"curies":[{"name":"wp","href":"https:\/\/api.w.org\/{rel}","templated":true}]}}