{"id":11713,"date":"2018-04-18T14:32:15","date_gmt":"2018-04-18T12:32:15","guid":{"rendered":"https:\/\/cce.it\/\/multi-proto\/"},"modified":"2018-07-18T17:23:04","modified_gmt":"2018-07-18T15:23:04","slug":"multi-proto","status":"publish","type":"page","link":"https:\/\/cce.it\/fr\/division-securite\/categories\/multi\/multi-proto\/","title":{"rendered":"Multi proto"},"content":{"rendered":"<h5><span style=\"color: #000;\"> INFORMATION <\/span><\/h5>\n<hr \/>\n<p><strong>MULTI<\/strong> est un bord sensible de forme attrayante et aux grandes performances. Il utilise un syst\u00e8me \u00e0 micro interrupteurs \u00e9tanches et est id\u00e9al pour les portails coulissants. Il est \u00e9galement disponible avec transmetteur sans fil int\u00e9gr\u00e9 et avec un manchon pour connecter plusieurs bords sensibles ensemble.<\/p>\n","protected":false},"excerpt":{"rendered":"<p>INFORMATION MULTI est un bord sensible de forme attrayante et aux grandes performances. Il utilise un syst\u00e8me \u00e0 micro interrupteurs \u00e9tanches et est id\u00e9al pour les portails coulissants. Il est \u00e9galement disponible avec transmetteur sans fil int\u00e9gr\u00e9 et avec un manchon pour connecter plusieurs bords sensibles ensemble.<\/p>\n","protected":false},"author":12,"featured_media":16101,"parent":3078,"menu_order":911,"comment_status":"closed","ping_status":"closed","template":"template-sicurezza-product.php","meta":[],"acf":[],"yoast_head":"<!-- This site is optimized with the Yoast SEO plugin v15.0 - https:\/\/yoast.com\/wordpress\/plugins\/seo\/ -->\n<title>Multi proto - CCE<\/title>\n<meta name=\"robots\" content=\"index, follow, max-snippet:-1, max-image-preview:large, max-video-preview:-1\" \/>\n<link rel=\"canonical\" href=\"https:\/\/cce.it\/fr\/division-securite\/categories\/multi\/multi-proto\/\" \/>\n<meta property=\"og:locale\" content=\"it_IT\" \/>\n<meta property=\"og:type\" content=\"article\" \/>\n<meta property=\"og:title\" content=\"Multi proto - CCE\" \/>\n<meta property=\"og:description\" content=\"INFORMATION MULTI est un bord sensible de forme attrayante et aux grandes performances. Il utilise un syst\u00e8me \u00e0 micro interrupteurs \u00e9tanches et est id\u00e9al pour les portails coulissants. Il est \u00e9galement disponible avec transmetteur sans fil int\u00e9gr\u00e9 et avec un manchon pour connecter plusieurs bords sensibles ensemble.\" \/>\n<meta property=\"og:url\" content=\"https:\/\/cce.it\/fr\/division-securite\/categories\/multi\/multi-proto\/\" \/>\n<meta property=\"og:site_name\" content=\"CCE\" \/>\n<meta property=\"article:modified_time\" content=\"2018-07-18T15:23:04+00:00\" \/>\n<meta property=\"og:image\" content=\"https:\/\/cce.it\/wp-content\/uploads\/multiproto_testata.jpg\" \/>\n\t<meta property=\"og:image:width\" content=\"1920\" \/>\n\t<meta property=\"og:image:height\" content=\"726\" \/>\n<script type=\"application\/ld+json\" class=\"yoast-schema-graph\">{\"@context\":\"https:\/\/schema.org\",\"@graph\":[{\"@type\":\"WebSite\",\"@id\":\"https:\/\/cce.it\/fr\/#website\",\"url\":\"https:\/\/cce.it\/fr\/\",\"name\":\"CCE\",\"description\":\"\",\"potentialAction\":[{\"@type\":\"SearchAction\",\"target\":\"https:\/\/cce.it\/fr\/?s={search_term_string}\",\"query-input\":\"required name=search_term_string\"}],\"inLanguage\":\"it-IT\"},{\"@type\":\"ImageObject\",\"@id\":\"https:\/\/cce.it\/fr\/division-securite\/categories\/multi\/multi-proto\/#primaryimage\",\"inLanguage\":\"it-IT\",\"url\":\"https:\/\/cce.it\/wp-content\/uploads\/multiproto_testata.jpg\",\"width\":1920,\"height\":726},{\"@type\":\"WebPage\",\"@id\":\"https:\/\/cce.it\/fr\/division-securite\/categories\/multi\/multi-proto\/#webpage\",\"url\":\"https:\/\/cce.it\/fr\/division-securite\/categories\/multi\/multi-proto\/\",\"name\":\"Multi proto - CCE\",\"isPartOf\":{\"@id\":\"https:\/\/cce.it\/fr\/#website\"},\"primaryImageOfPage\":{\"@id\":\"https:\/\/cce.it\/fr\/division-securite\/categories\/multi\/multi-proto\/#primaryimage\"},\"datePublished\":\"2018-04-18T12:32:15+00:00\",\"dateModified\":\"2018-07-18T15:23:04+00:00\",\"breadcrumb\":{\"@id\":\"https:\/\/cce.it\/fr\/division-securite\/categories\/multi\/multi-proto\/#breadcrumb\"},\"inLanguage\":\"it-IT\",\"potentialAction\":[{\"@type\":\"ReadAction\",\"target\":[\"https:\/\/cce.it\/fr\/division-securite\/categories\/multi\/multi-proto\/\"]}]},{\"@type\":\"BreadcrumbList\",\"@id\":\"https:\/\/cce.it\/fr\/division-securite\/categories\/multi\/multi-proto\/#breadcrumb\",\"itemListElement\":[{\"@type\":\"ListItem\",\"position\":1,\"item\":{\"@type\":\"WebPage\",\"@id\":\"https:\/\/cce.it\/\",\"url\":\"https:\/\/cce.it\/\",\"name\":\"Home\"}},{\"@type\":\"ListItem\",\"position\":2,\"item\":{\"@type\":\"WebPage\",\"@id\":\"https:\/\/cce.it\/fr\/division-securite\/\",\"url\":\"https:\/\/cce.it\/fr\/division-securite\/\",\"name\":\"Division S\\u00e9curit\\u00e9\"}},{\"@type\":\"ListItem\",\"position\":3,\"item\":{\"@type\":\"WebPage\",\"@id\":\"https:\/\/cce.it\/fr\/division-securite\/categories\/\",\"url\":\"https:\/\/cce.it\/fr\/division-securite\/categories\/\",\"name\":\"Cat\\u00e9gories\"}},{\"@type\":\"ListItem\",\"position\":4,\"item\":{\"@type\":\"WebPage\",\"@id\":\"https:\/\/cce.it\/fr\/division-securite\/categories\/multi\/\",\"url\":\"https:\/\/cce.it\/fr\/division-securite\/categories\/multi\/\",\"name\":\"Multi\"}},{\"@type\":\"ListItem\",\"position\":5,\"item\":{\"@type\":\"WebPage\",\"@id\":\"https:\/\/cce.it\/fr\/division-securite\/categories\/multi\/multi-proto\/\",\"url\":\"https:\/\/cce.it\/fr\/division-securite\/categories\/multi\/multi-proto\/\",\"name\":\"Multi proto\"}}]}]}<\/script>\n<!-- \/ Yoast SEO plugin. -->","_links":{"self":[{"href":"https:\/\/cce.it\/fr\/wp-json\/wp\/v2\/pages\/11713"}],"collection":[{"href":"https:\/\/cce.it\/fr\/wp-json\/wp\/v2\/pages"}],"about":[{"href":"https:\/\/cce.it\/fr\/wp-json\/wp\/v2\/types\/page"}],"author":[{"embeddable":true,"href":"https:\/\/cce.it\/fr\/wp-json\/wp\/v2\/users\/12"}],"replies":[{"embeddable":true,"href":"https:\/\/cce.it\/fr\/wp-json\/wp\/v2\/comments?post=11713"}],"version-history":[{"count":4,"href":"https:\/\/cce.it\/fr\/wp-json\/wp\/v2\/pages\/11713\/revisions"}],"predecessor-version":[{"id":18168,"href":"https:\/\/cce.it\/fr\/wp-json\/wp\/v2\/pages\/11713\/revisions\/18168"}],"up":[{"embeddable":true,"href":"https:\/\/cce.it\/fr\/wp-json\/wp\/v2\/pages\/3078"}],"wp:featuredmedia":[{"embeddable":true,"href":"https:\/\/cce.it\/fr\/wp-json\/wp\/v2\/media\/16101"}],"wp:attachment":[{"href":"https:\/\/cce.it\/fr\/wp-json\/wp\/v2\/media?parent=11713"}],"curies":[{"name":"wp","href":"https:\/\/api.w.org\/{rel}","templated":true}]}}